{"id":10732,"date":"2020-09-24T17:09:29","date_gmt":"2020-09-24T22:09:29","guid":{"rendered":"https:\/\/icaschool.com\/?page_id=10732"},"modified":"2025-03-28T16:11:04","modified_gmt":"2025-03-28T21:11:04","slug":"payplan","status":"publish","type":"page","link":"https:\/\/icaschool.com\/es\/payplan\/","title":{"rendered":"Financie su curso de inspecci\u00f3n de viviendas"},"content":{"rendered":"<div data-elementor-type=\"wp-page\" data-elementor-id=\"10732\" class=\"elementor elementor-10732\" data-elementor-post-type=\"page\">\n\t\t\t\t<div class=\"elementor-element elementor-element-c53ae3b e-flex e-con-boxed e-con e-parent\" data-id=\"c53ae3b\" data-element_type=\"container\" data-e-type=\"container\" data-settings=\"{&quot;background_background&quot;:&quot;classic&quot;}\">\n\t\t\t\t\t<div class=\"e-con-inner\">\n\t\t\t\t<div class=\"elementor-element elementor-element-d174922 elementor-widget elementor-widget-text-editor\" data-id=\"d174922\" data-element_type=\"widget\" data-e-type=\"widget\" data-widget_type=\"text-editor.default\">\n\t\t\t\t<div class=\"elementor-widget-container\">\n\t\t\t\t\t\t\t\t\t<p><div class=\"aioseo-breadcrumbs\"><span class=\"aioseo-breadcrumb\">\n\t<a href=\"https:\/\/icaschool.com\/es\" title=\"Inicio\">Inicio<\/a>\n<\/span><span class=\"aioseo-breadcrumb-separator\">\"<\/span><span class=\"aioseo-breadcrumb\">\n\tFinancie su curso de inspecci\u00f3n de viviendas\n<\/span><\/div><\/p>\t\t\t\t\t\t\t\t<\/div>\n\t\t\t\t<\/div>\n\t\t<div class=\"elementor-element elementor-element-ef7973f e-flex e-con-boxed e-con e-child\" data-id=\"ef7973f\" data-element_type=\"container\" data-e-type=\"container\">\n\t\t\t\t\t<div class=\"e-con-inner\">\n\t\t\t\t<div class=\"elementor-element elementor-element-cbfe79e elementor-widget elementor-widget-text-editor\" data-id=\"cbfe79e\" data-element_type=\"widget\" data-e-type=\"widget\" data-widget_type=\"text-editor.default\">\n\t\t\t\t<div class=\"elementor-widget-container\">\n\t\t\t\t\t\t\t\t\t<h1><span style=\"color: #0064dc;\">Financie su <\/span>Curso de inspecci\u00f3n de viviendas<\/h1>\t\t\t\t\t\t\t\t<\/div>\n\t\t\t\t<\/div>\n\t\t\t\t\t<\/div>\n\t\t\t\t<\/div>\n\t\t\t\t\t<\/div>\n\t\t\t\t<\/div>\n\t\t<div class=\"elementor-element elementor-element-d1ab660 e-flex e-con-boxed e-con e-parent\" data-id=\"d1ab660\" data-element_type=\"container\" data-e-type=\"container\">\n\t\t\t\t\t<div class=\"e-con-inner\">\n\t\t\t\t<div class=\"elementor-element elementor-element-cc96256 elementor-widget elementor-widget-text-editor\" data-id=\"cc96256\" data-element_type=\"widget\" data-e-type=\"widget\" data-widget_type=\"text-editor.default\">\n\t\t\t\t<div class=\"elementor-widget-container\">\n\t\t\t\t\t\t\t\t\t<h3><strong>Tenemos un plan de pago que se adapta a sus necesidades.<\/strong><\/h3><p>Si usted est\u00e1 explorando la financiaci\u00f3n de los cursos de formaci\u00f3n de Inspecci\u00f3n de Viviendas de ICA, tenemos varias opciones disponibles. Consulte a continuaci\u00f3n para conocer cada una de ellas y decidir cu\u00e1l es la m\u00e1s adecuada para usted. Si necesita m\u00e1s ayuda, ll\u00e1menos al\u00a0<a href=\"tel:+18885762151\"><strong>(888) 576-2151<\/strong><\/a>.<\/p>\t\t\t\t\t\t\t\t<\/div>\n\t\t\t\t<\/div>\n\t\t\t\t<div class=\"elementor-element elementor-element-d4ec939 elementor-widget-divider--view-line elementor-widget elementor-widget-divider\" data-id=\"d4ec939\" data-element_type=\"widget\" data-e-type=\"widget\" data-widget_type=\"divider.default\">\n\t\t\t\t<div class=\"elementor-widget-container\">\n\t\t\t\t\t\t\t<div class=\"elementor-divider\">\n\t\t\t<span class=\"elementor-divider-separator\">\n\t\t\t\t\t\t<\/span>\n\t\t<\/div>\n\t\t\t\t\t\t<\/div>\n\t\t\t\t<\/div>\n\t\t\t\t\t<\/div>\n\t\t\t\t<\/div>\n\t\t<div class=\"elementor-element elementor-element-be5db14 e-flex e-con-boxed e-con e-parent\" data-id=\"be5db14\" data-element_type=\"container\" data-e-type=\"container\">\n\t\t\t\t\t<div class=\"e-con-inner\">\n\t\t\t\t<div class=\"elementor-element elementor-element-7b4eb70 elementor-widget elementor-widget-heading\" data-id=\"7b4eb70\" data-element_type=\"widget\" data-e-type=\"widget\" data-widget_type=\"heading.default\">\n\t\t\t\t<div class=\"elementor-widget-container\">\n\t\t\t\t\t<h3 class=\"elementor-heading-title elementor-size-default\">Pague a plazos con Affirm<\/h3>\t\t\t\t<\/div>\n\t\t\t\t<\/div>\n\t\t\t\t<div class=\"elementor-element elementor-element-417a1e5 elementor-widget elementor-widget-text-editor\" data-id=\"417a1e5\" data-element_type=\"widget\" data-e-type=\"widget\" data-widget_type=\"text-editor.default\">\n\t\t\t\t<div class=\"elementor-widget-container\">\n\t\t\t\t\t\t\t\t\t<p>Todas las compras de cursos de inspector de viviendas de $499 o m\u00e1s son elegibles para financiaci\u00f3n con Affirm.<\/p><p>S\u00f3lo tiene que seleccionar Afirmar al pagar, o llamarnos al\u00a0<a href=\"tel:18885762151\"><strong>(888) 576-2151<\/strong><\/a>\u00a0y podemos ayudarle a presentar su solicitud por tel\u00e9fono.<\/p><ol><li><strong>R\u00e1pido y sencillo.<\/strong>\u00a0Introduzca unos pocos datos para tomar una decisi\u00f3n en tiempo real.<\/li><li><strong>Sin gastos ocultos.<\/strong>\u00a0Sepa de antemano exactamente lo que deber\u00e1, sin costes ocultos ni sorpresas.<\/li><li><strong>La comprobaci\u00f3n de su elegibilidad no afectar\u00e1 a su puntuaci\u00f3n de cr\u00e9dito.<\/strong><\/li><\/ol>\t\t\t\t\t\t\t\t<\/div>\n\t\t\t\t<\/div>\n\t\t\t\t<div class=\"elementor-element elementor-element-ef8a6a2 elementor-widget elementor-widget-image\" data-id=\"ef8a6a2\" data-element_type=\"widget\" data-e-type=\"widget\" data-widget_type=\"image.default\">\n\t\t\t\t<div class=\"elementor-widget-container\">\n\t\t\t\t\t\t\t\t\t\t\t\t\t\t\t<img fetchpriority=\"high\" decoding=\"async\" width=\"560\" height=\"325\" src=\"https:\/\/icaschool.com\/wp-content\/uploads\/2023\/04\/ica-affirm-promo-image-v3.webp\" class=\"attachment-large size-large wp-image-39936\" alt=\"\" srcset=\"https:\/\/icaschool.com\/wp-content\/uploads\/2023\/04\/ica-affirm-promo-image-v3.webp 560w, https:\/\/icaschool.com\/wp-content\/uploads\/2023\/04\/ica-affirm-promo-image-v3-300x174.webp 300w, https:\/\/icaschool.com\/wp-content\/uploads\/2023\/04\/ica-affirm-promo-image-v3-150x87.webp 150w\" sizes=\"(max-width: 560px) 100vw, 560px\" title=\"ica-affirm-promo-image-v3 | Formaci\u00f3n y Certificaci\u00f3n Online en Inspecci\u00f3n de Viviendas\" \/>\t\t\t\t\t\t\t\t\t\t\t\t\t\t\t<\/div>\n\t\t\t\t<\/div>\n\t\t\t\t\t<\/div>\n\t\t\t\t<\/div>\n\t\t<div class=\"elementor-element elementor-element-e35bbcb e-flex e-con-boxed e-con e-parent\" data-id=\"e35bbcb\" data-element_type=\"container\" data-e-type=\"container\">\n\t\t\t\t\t<div class=\"e-con-inner\">\n\t\t\t\t<div class=\"elementor-element elementor-element-089de4c elementor-widget elementor-widget-button\" data-id=\"089de4c\" data-element_type=\"widget\" data-e-type=\"widget\" data-widget_type=\"button.default\">\n\t\t\t\t<div class=\"elementor-widget-container\">\n\t\t\t\t\t\t\t\t\t<div class=\"elementor-button-wrapper\">\n\t\t\t\t\t<a class=\"elementor-button elementor-button-link elementor-size-sm\" href=\"\/es\/licencias-estatales\/\">\n\t\t\t\t\t\t<span class=\"elementor-button-content-wrapper\">\n\t\t\t\t\t\t\t\t\t<span class=\"elementor-button-text\">Inscr\u00edbase en una clase en directo<\/span>\n\t\t\t\t\t<\/span>\n\t\t\t\t\t<\/a>\n\t\t\t\t<\/div>\n\t\t\t\t\t\t\t\t<\/div>\n\t\t\t\t<\/div>\n\t\t\t\t\t<\/div>\n\t\t\t\t<\/div>\n\t\t<div class=\"elementor-element elementor-element-b68cb66 e-flex e-con-boxed e-con e-parent\" data-id=\"b68cb66\" data-element_type=\"container\" data-e-type=\"container\">\n\t\t\t\t\t<div class=\"e-con-inner\">\n\t\t\t\t<div class=\"elementor-element elementor-element-c772735 elementor-widget elementor-widget-text-editor\" data-id=\"c772735\" data-element_type=\"widget\" data-e-type=\"widget\" data-widget_type=\"text-editor.default\">\n\t\t\t\t<div class=\"elementor-widget-container\">\n\t\t\t\t\t\t\t\t\t<p><em>Su tipo ser\u00e1 de 0% TAE o 10-36% TAE en funci\u00f3n del cr\u00e9dito, y est\u00e1 sujeto a una comprobaci\u00f3n de elegibilidad. Por ejemplo, una compra de $800 podr\u00eda costar $72,21\/mes en 12 meses a 15% TAE. Las opciones de pago a trav\u00e9s de Affirm son proporcionadas por estos socios prestamistas:\u00a0<a href=\"https:\/\/affirm.com\/lenders\">affirm.com\/prestamistas<\/a>. Las opciones dependen del importe de su compra a<\/em><em>Puede ser necesario un pago inicial.<\/em><\/p>\t\t\t\t\t\t\t\t<\/div>\n\t\t\t\t<\/div>\n\t\t\t\t<div class=\"elementor-element elementor-element-be616a3 elementor-widget-divider--view-line elementor-widget elementor-widget-divider\" data-id=\"be616a3\" data-element_type=\"widget\" data-e-type=\"widget\" data-widget_type=\"divider.default\">\n\t\t\t\t<div class=\"elementor-widget-container\">\n\t\t\t\t\t\t\t<div class=\"elementor-divider\">\n\t\t\t<span class=\"elementor-divider-separator\">\n\t\t\t\t\t\t<\/span>\n\t\t<\/div>\n\t\t\t\t\t\t<\/div>\n\t\t\t\t<\/div>\n\t\t\t\t\t<\/div>\n\t\t\t\t<\/div>\n\t\t<div class=\"elementor-element elementor-element-1d09a18 e-flex e-con-boxed e-con e-parent\" data-id=\"1d09a18\" data-element_type=\"container\" data-e-type=\"container\">\n\t\t\t\t\t<div class=\"e-con-inner\">\n\t\t\t\t<div class=\"elementor-element elementor-element-73cd81a elementor-widget elementor-widget-heading\" data-id=\"73cd81a\" data-element_type=\"widget\" data-e-type=\"widget\" data-widget_type=\"heading.default\">\n\t\t\t\t<div class=\"elementor-widget-container\">\n\t\t\t\t\t<h3 class=\"elementor-heading-title elementor-size-default\">Utilizar PayPal y dividir en cuatro los pagos<\/h3>\t\t\t\t<\/div>\n\t\t\t\t<\/div>\n\t\t\t\t<div class=\"elementor-element elementor-element-63468a1 elementor-widget elementor-widget-text-editor\" data-id=\"63468a1\" data-element_type=\"widget\" data-e-type=\"widget\" data-widget_type=\"text-editor.default\">\n\t\t\t\t<div class=\"elementor-widget-container\">\n\t\t\t\t\t\t\t\t\t<p>Todas las compras de cursos de inspector de viviendas de $499 o m\u00e1s pueden optar a una financiaci\u00f3n a cuatro meses al 0% TAE con PayPal. Solo tiene que seleccionar PayPal al pagar y seguir las instrucciones.<\/p>\t\t\t\t\t\t\t\t<\/div>\n\t\t\t\t<\/div>\n\t\t\t\t<div class=\"elementor-element elementor-element-d6ff6d8 elementor-widget elementor-widget-image\" data-id=\"d6ff6d8\" data-element_type=\"widget\" data-e-type=\"widget\" data-widget_type=\"image.default\">\n\t\t\t\t<div class=\"elementor-widget-container\">\n\t\t\t\t\t\t\t\t\t\t\t\t\t\t\t<img decoding=\"async\" width=\"310\" height=\"163\" src=\"https:\/\/icaschool.com\/wp-content\/uploads\/2022\/12\/Paypal_accepted_here.png\" class=\"attachment-large size-large wp-image-36390\" alt=\"\" srcset=\"https:\/\/icaschool.com\/wp-content\/uploads\/2022\/12\/Paypal_accepted_here.png 310w, https:\/\/icaschool.com\/wp-content\/uploads\/2022\/12\/Paypal_accepted_here-300x158.png 300w, https:\/\/icaschool.com\/wp-content\/uploads\/2022\/12\/Paypal_accepted_here-150x79.png 150w\" sizes=\"(max-width: 310px) 100vw, 310px\" title=\"Paypal_accepted_here | Formaci\u00f3n y Certificaci\u00f3n Online en Inspecci\u00f3n de Viviendas\" \/>\t\t\t\t\t\t\t\t\t\t\t\t\t\t\t<\/div>\n\t\t\t\t<\/div>\n\t\t\t\t<div class=\"elementor-element elementor-element-0051d6e elementor-align-center elementor-widget elementor-widget-button\" data-id=\"0051d6e\" data-element_type=\"widget\" data-e-type=\"widget\" data-widget_type=\"button.default\">\n\t\t\t\t<div class=\"elementor-widget-container\">\n\t\t\t\t\t\t\t\t\t<div class=\"elementor-button-wrapper\">\n\t\t\t\t\t<a class=\"elementor-button elementor-button-link elementor-size-sm\" href=\"\/es\/licencias-estatales\/\">\n\t\t\t\t\t\t<span class=\"elementor-button-content-wrapper\">\n\t\t\t\t\t\t\t\t\t<span class=\"elementor-button-text\">Inscr\u00edbase en una clase en directo<\/span>\n\t\t\t\t\t<\/span>\n\t\t\t\t\t<\/a>\n\t\t\t\t<\/div>\n\t\t\t\t\t\t\t\t<\/div>\n\t\t\t\t<\/div>\n\t\t\t\t\t<\/div>\n\t\t\t\t<\/div>\n\t\t<div class=\"elementor-element elementor-element-66d25b5 e-flex e-con-boxed e-con e-parent\" data-id=\"66d25b5\" data-element_type=\"container\" data-e-type=\"container\">\n\t\t\t\t\t<div class=\"e-con-inner\">\n\t\t\t\t<div class=\"elementor-element elementor-element-bbc5c97 elementor-widget-divider--view-line elementor-widget elementor-widget-divider\" data-id=\"bbc5c97\" data-element_type=\"widget\" data-e-type=\"widget\" data-widget_type=\"divider.default\">\n\t\t\t\t<div class=\"elementor-widget-container\">\n\t\t\t\t\t\t\t<div class=\"elementor-divider\">\n\t\t\t<span class=\"elementor-divider-separator\">\n\t\t\t\t\t\t<\/span>\n\t\t<\/div>\n\t\t\t\t\t\t<\/div>\n\t\t\t\t<\/div>\n\t\t\t\t<div class=\"elementor-element elementor-element-6a88196 elementor-widget elementor-widget-text-editor\" data-id=\"6a88196\" data-element_type=\"widget\" data-e-type=\"widget\" data-widget_type=\"text-editor.default\">\n\t\t\t\t<div class=\"elementor-widget-container\">\n\t\t\t\t\t\t\t\t\t<h3><strong>Llame para estudiar sus opciones de financiaci\u00f3n<\/strong><\/h3><p>Ll\u00e1manos hoy mismo y uno de nuestros expertos asesores estudiantiles te orientar\u00e1 sobre nuestras opciones de financiaci\u00f3n.<\/p>\t\t\t\t\t\t\t\t<\/div>\n\t\t\t\t<\/div>\n\t\t\t\t\t<\/div>\n\t\t\t\t<\/div>\n\t\t<div class=\"elementor-element elementor-element-bfad332 e-flex e-con-boxed e-con e-parent\" data-id=\"bfad332\" data-element_type=\"container\" data-e-type=\"container\">\n\t\t\t\t\t<div class=\"e-con-inner\">\n\t\t\t\t<div class=\"elementor-element elementor-element-e4f02a3 elementor-widget elementor-widget-button\" data-id=\"e4f02a3\" data-element_type=\"widget\" data-e-type=\"widget\" data-widget_type=\"button.default\">\n\t\t\t\t<div class=\"elementor-widget-container\">\n\t\t\t\t\t\t\t\t\t<div class=\"elementor-button-wrapper\">\n\t\t\t\t\t<a class=\"elementor-button elementor-button-link elementor-size-sm\" href=\"tel:+18885762151\">\n\t\t\t\t\t\t<span class=\"elementor-button-content-wrapper\">\n\t\t\t\t\t\t\t\t\t<span class=\"elementor-button-text\">Llame ahora al 888-576-2151.<\/span>\n\t\t\t\t\t<\/span>\n\t\t\t\t\t<\/a>\n\t\t\t\t<\/div>\n\t\t\t\t\t\t\t\t<\/div>\n\t\t\t\t<\/div>\n\t\t\t\t\t<\/div>\n\t\t\t\t<\/div>\n\t\t\t\t<\/div>","protected":false},"excerpt":{"rendered":"<p>Financie su curso de inspecci\u00f3n de viviendas \u00a1Tenemos un plan de pago que se adapta a sus necesidades! Si usted est\u00e1 explorando la financiaci\u00f3n de los cursos de formaci\u00f3n de Inspecci\u00f3n de Viviendas de ICA, tenemos varias opciones disponibles. Consulte a continuaci\u00f3n para conocer cada una de ellas y decidir cu\u00e1l es la m\u00e1s adecuada para usted. Si necesita m\u00e1s ayuda, ll\u00e1menos al (888) 576-2151. Pague a plazos...<\/p>","protected":false},"author":88893,"featured_media":0,"parent":0,"menu_order":0,"comment_status":"closed","ping_status":"closed","template":"","meta":{"_angie_page":false,"content-type":"","footnotes":""},"class_list":["post-10732","page","type-page","status-publish","hentry"],"aioseo_notices":[],"jetpack_sharing_enabled":true,"_links":{"self":[{"href":"https:\/\/icaschool.com\/es\/wp-json\/wp\/v2\/pages\/10732","targetHints":{"allow":["GET"]}}],"collection":[{"href":"https:\/\/icaschool.com\/es\/wp-json\/wp\/v2\/pages"}],"about":[{"href":"https:\/\/icaschool.com\/es\/wp-json\/wp\/v2\/types\/page"}],"author":[{"embeddable":true,"href":"https:\/\/icaschool.com\/es\/wp-json\/wp\/v2\/users\/88893"}],"replies":[{"embeddable":true,"href":"https:\/\/icaschool.com\/es\/wp-json\/wp\/v2\/comments?post=10732"}],"version-history":[{"count":3,"href":"https:\/\/icaschool.com\/es\/wp-json\/wp\/v2\/pages\/10732\/revisions"}],"predecessor-version":[{"id":152712,"href":"https:\/\/icaschool.com\/es\/wp-json\/wp\/v2\/pages\/10732\/revisions\/152712"}],"wp:attachment":[{"href":"https:\/\/icaschool.com\/es\/wp-json\/wp\/v2\/media?parent=10732"}],"curies":[{"name":"wp","href":"https:\/\/api.w.org\/{rel}","templated":true}]}}