{"id":134757,"date":"2024-02-21T16:21:28","date_gmt":"2024-02-21T22:21:28","guid":{"rendered":"https:\/\/icaschool.com\/?page_id=134757"},"modified":"2025-02-19T13:10:07","modified_gmt":"2025-02-19T19:10:07","slug":"ventajas","status":"publish","type":"page","link":"https:\/\/icaschool.com\/es\/perks\/","title":{"rendered":"ICA Perks - Ofertas y descuentos exclusivos para estudiantes del ICA"},"content":{"rendered":"<div data-elementor-type=\"wp-page\" data-elementor-id=\"134757\" class=\"elementor elementor-134757\" data-elementor-post-type=\"page\">\n\t\t\t\t<div class=\"elementor-element elementor-element-9baa66a e-flex e-con-boxed e-con e-parent\" data-id=\"9baa66a\" data-element_type=\"container\" data-e-type=\"container\" data-settings=\"{&quot;background_background&quot;:&quot;classic&quot;}\">\n\t\t\t\t\t<div class=\"e-con-inner\">\n\t\t\t\t<div class=\"elementor-element elementor-element-9b3ba38 elementor-widget elementor-widget-text-editor\" data-id=\"9b3ba38\" data-element_type=\"widget\" data-e-type=\"widget\" data-widget_type=\"text-editor.default\">\n\t\t\t\t<div class=\"elementor-widget-container\">\n\t\t\t\t\t\t\t\t\t<p><div class=\"aioseo-breadcrumbs\"><span class=\"aioseo-breadcrumb\">\n\t<a href=\"https:\/\/icaschool.com\/es\" title=\"Inicio\">Inicio<\/a>\n<\/span><span class=\"aioseo-breadcrumb-separator\">\"<\/span><span class=\"aioseo-breadcrumb\">\n\tICA Perks - Ofertas y descuentos exclusivos para estudiantes del ICA\n<\/span><\/div><\/p>\t\t\t\t\t\t\t\t<\/div>\n\t\t\t\t<\/div>\n\t\t<div class=\"elementor-element elementor-element-fe82a1f e-con-full e-flex e-con e-child\" data-id=\"fe82a1f\" data-element_type=\"container\" data-e-type=\"container\">\n\t\t\t\t<div class=\"elementor-element elementor-element-cf06ad5 elementor-widget elementor-widget-text-editor\" data-id=\"cf06ad5\" data-element_type=\"widget\" data-e-type=\"widget\" data-widget_type=\"text-editor.default\">\n\t\t\t\t<div class=\"elementor-widget-container\">\n\t\t\t\t\t\t\t\t\t<h1><span style=\"color: #0064dc;\">Ventajas de la ACI <\/span>- Ofertas y descuentos exclusivos para estudiantes del ICA<\/h1>\t\t\t\t\t\t\t\t<\/div>\n\t\t\t\t<\/div>\n\t\t\t\t<\/div>\n\t\t\t\t\t<\/div>\n\t\t\t\t<\/div>\n\t\t<div class=\"elementor-element elementor-element-63d9aea e-flex e-con-boxed e-con e-parent\" data-id=\"63d9aea\" data-element_type=\"container\" data-e-type=\"container\">\n\t\t\t\t\t<div class=\"e-con-inner\">\n\t\t<div class=\"elementor-element elementor-element-ce1ea6c e-con-full e-flex e-con e-child\" data-id=\"ce1ea6c\" data-element_type=\"container\" data-e-type=\"container\">\n\t\t\t\t<div class=\"elementor-element elementor-element-d7920c2 elementor-widget elementor-widget-image\" data-id=\"d7920c2\" data-element_type=\"widget\" data-e-type=\"widget\" data-widget_type=\"image.default\">\n\t\t\t\t<div class=\"elementor-widget-container\">\n\t\t\t\t\t\t\t\t\t\t\t\t\t\t\t<img decoding=\"async\" src=\"https:\/\/icaschool.com\/wp-content\/uploads\/elementor\/thumbs\/Home-Inspector-Pro-Logo-qpbf1ye0f8oq6b5pumz04wae39ifxzr47eqvowicjk.jpg\" title=\"Home-Inspector-Pro-Logo\" alt=\"Home-Inspector-Pro-Logo\" loading=\"lazy\" \/>\t\t\t\t\t\t\t\t\t\t\t\t\t\t\t<\/div>\n\t\t\t\t<\/div>\n\t\t\t\t<div class=\"elementor-element elementor-element-b56f67f elementor-widget elementor-widget-heading\" data-id=\"b56f67f\" data-element_type=\"widget\" data-e-type=\"widget\" data-widget_type=\"heading.default\">\n\t\t\t\t<div class=\"elementor-widget-container\">\n\t\t\t\t\t<h5 class=\"elementor-heading-title elementor-size-default\">90 d\u00edas de prueba gratuita de Advanced Report Software<\/h5>\t\t\t\t<\/div>\n\t\t\t\t<\/div>\n\t\t\t\t<div class=\"elementor-element elementor-element-e1316ff elementor-widget elementor-widget-text-editor\" data-id=\"e1316ff\" data-element_type=\"widget\" data-e-type=\"widget\" data-widget_type=\"text-editor.default\">\n\t\t\t\t<div class=\"elementor-widget-container\">\n\t\t\t\t\t\t\t\t\t<p>Home Inspector Pro es un software de primera calidad para la redacci\u00f3n de informes que crece con usted y su negocio. Todos los estudiantes de ICA reciben una prueba gratuita de 90 d\u00edas del software.<\/p>\t\t\t\t\t\t\t\t<\/div>\n\t\t\t\t<\/div>\n\t\t\t\t<div class=\"elementor-element elementor-element-a626254 elementor-widget elementor-widget-button\" data-id=\"a626254\" data-element_type=\"widget\" data-e-type=\"widget\" data-widget_type=\"button.default\">\n\t\t\t\t<div class=\"elementor-widget-container\">\n\t\t\t\t\t\t\t\t\t<div class=\"elementor-button-wrapper\">\n\t\t\t\t\t<a class=\"elementor-button elementor-button-link elementor-size-sm\" href=\"https:\/\/www.homeinspectorpro.com\/ica-school\" target=\"_blank\">\n\t\t\t\t\t\t<span class=\"elementor-button-content-wrapper\">\n\t\t\t\t\t\t\t\t\t<span class=\"elementor-button-text\">M\u00e1s informaci\u00f3n<\/span>\n\t\t\t\t\t<\/span>\n\t\t\t\t\t<\/a>\n\t\t\t\t<\/div>\n\t\t\t\t\t\t\t\t<\/div>\n\t\t\t\t<\/div>\n\t\t\t\t<\/div>\n\t\t<div class=\"elementor-element elementor-element-64822f9 e-con-full e-flex e-con e-child\" data-id=\"64822f9\" data-element_type=\"container\" data-e-type=\"container\">\n\t\t\t\t<div class=\"elementor-element elementor-element-401e5fd elementor-widget elementor-widget-image\" data-id=\"401e5fd\" data-element_type=\"widget\" data-e-type=\"widget\" data-widget_type=\"image.default\">\n\t\t\t\t<div class=\"elementor-widget-container\">\n\t\t\t\t\t\t\t\t\t\t\t\t\t\t\t<img decoding=\"async\" src=\"https:\/\/icaschool.com\/wp-content\/uploads\/elementor\/thumbs\/orep-logo-q24fsm1vbvpxk87rj1p79z5pbd0p8qe5onffs8ej28.png\" title=\"orep-logo\" alt=\"Seguros Orep\" loading=\"lazy\" \/>\t\t\t\t\t\t\t\t\t\t\t\t\t\t\t<\/div>\n\t\t\t\t<\/div>\n\t\t\t\t<div class=\"elementor-element elementor-element-e4b2cca elementor-widget elementor-widget-heading\" data-id=\"e4b2cca\" data-element_type=\"widget\" data-e-type=\"widget\" data-widget_type=\"heading.default\">\n\t\t\t\t<div class=\"elementor-widget-container\">\n\t\t\t\t\t<h5 class=\"elementor-heading-title elementor-size-default\">10% Descuento en el seguro de responsabilidad civil<\/h5>\t\t\t\t<\/div>\n\t\t\t\t<\/div>\n\t\t\t\t<div class=\"elementor-element elementor-element-d78a633 elementor-widget elementor-widget-text-editor\" data-id=\"d78a633\" data-element_type=\"widget\" data-e-type=\"widget\" data-widget_type=\"text-editor.default\">\n\t\t\t\t<div class=\"elementor-widget-container\">\n\t\t\t\t\t\t\t\t\t<p>Especializada en seguros para inspectores de viviendas desde hace m\u00e1s de 20 a\u00f1os, OREP ofrece una cobertura de seguros adaptada a las necesidades de los inspectores e incluye cobertura GL y E&amp;O en una \u00fanica p\u00f3liza.<\/p><p>Los estudiantes del ICA disfrutan de un descuento 10% en su seguro con OREP.<\/p>\t\t\t\t\t\t\t\t<\/div>\n\t\t\t\t<\/div>\n\t\t\t\t<div class=\"elementor-element elementor-element-ef11a6d elementor-widget elementor-widget-button\" data-id=\"ef11a6d\" data-element_type=\"widget\" data-e-type=\"widget\" data-widget_type=\"button.default\">\n\t\t\t\t<div class=\"elementor-widget-container\">\n\t\t\t\t\t\t\t\t\t<div class=\"elementor-button-wrapper\">\n\t\t\t\t\t<a class=\"elementor-button elementor-button-link elementor-size-sm\" href=\"https:\/\/orep.org\/ica\/\">\n\t\t\t\t\t\t<span class=\"elementor-button-content-wrapper\">\n\t\t\t\t\t\t\t\t\t<span class=\"elementor-button-text\">Obtenga su descuento<\/span>\n\t\t\t\t\t<\/span>\n\t\t\t\t\t<\/a>\n\t\t\t\t<\/div>\n\t\t\t\t\t\t\t\t<\/div>\n\t\t\t\t<\/div>\n\t\t\t\t<\/div>\n\t\t<div class=\"elementor-element elementor-element-6b269b8 e-con-full e-flex e-con e-child\" data-id=\"6b269b8\" data-element_type=\"container\" data-e-type=\"container\">\n\t\t\t\t<div class=\"elementor-element elementor-element-906480d elementor-widget elementor-widget-image\" data-id=\"906480d\" data-element_type=\"widget\" data-e-type=\"widget\" data-widget_type=\"image.default\">\n\t\t\t\t<div class=\"elementor-widget-container\">\n\t\t\t\t\t\t\t\t\t\t\t\t\t\t\t<img decoding=\"async\" src=\"https:\/\/icaschool.com\/wp-content\/uploads\/elementor\/thumbs\/IEB-logo-qcpf5ox6f0gopubhc15ywlufd4xq2aw6rhsknxsglc.png\" title=\"Logotipo del IEB\" alt=\"Inspector de viviendas Empire Builder\" loading=\"lazy\" \/>\t\t\t\t\t\t\t\t\t\t\t\t\t\t\t<\/div>\n\t\t\t\t<\/div>\n\t\t\t\t<div class=\"elementor-element elementor-element-3aa60f3 elementor-widget elementor-widget-heading\" data-id=\"3aa60f3\" data-element_type=\"widget\" data-e-type=\"widget\" data-widget_type=\"heading.default\">\n\t\t\t\t<div class=\"elementor-widget-container\">\n\t\t\t\t\t<h5 class=\"elementor-heading-title elementor-size-default\">Afiliaci\u00f3n gratuita de un mes<\/h5>\t\t\t\t<\/div>\n\t\t\t\t<\/div>\n\t\t\t\t<div class=\"elementor-element elementor-element-1a95bf2 elementor-widget elementor-widget-text-editor\" data-id=\"1a95bf2\" data-element_type=\"widget\" data-e-type=\"widget\" data-widget_type=\"text-editor.default\">\n\t\t\t\t<div class=\"elementor-widget-container\">\n\t\t\t\t\t\t\t\t\t<p>Inspector Empire Builder (IEB) ofrece coaching de negocios para los inspectores de viviendas, para que pueda encontrar el crecimiento y el \u00e9xito en la industria.<\/p><p>Los estudiantes del ICA obtienen un mes de la Membres\u00eda On-Demand del IEB GRATIS con el c\u00f3digo\u00a0<strong>ICA1MOFREE<\/strong>\u00a0al pagar.<\/p>\t\t\t\t\t\t\t\t<\/div>\n\t\t\t\t<\/div>\n\t\t\t\t<div class=\"elementor-element elementor-element-9c32bd5 elementor-widget elementor-widget-button\" data-id=\"9c32bd5\" data-element_type=\"widget\" data-e-type=\"widget\" data-widget_type=\"button.default\">\n\t\t\t\t<div class=\"elementor-widget-container\">\n\t\t\t\t\t\t\t\t\t<div class=\"elementor-button-wrapper\">\n\t\t\t\t\t<a class=\"elementor-button elementor-button-link elementor-size-sm\" href=\"https:\/\/members.iebcoaching.com\/offers\/jokivviz\/checkout\">\n\t\t\t\t\t\t<span class=\"elementor-button-content-wrapper\">\n\t\t\t\t\t\t\t\t\t<span class=\"elementor-button-text\">Obtenga su afiliaci\u00f3n gratuita de un mes<\/span>\n\t\t\t\t\t<\/span>\n\t\t\t\t\t<\/a>\n\t\t\t\t<\/div>\n\t\t\t\t\t\t\t\t<\/div>\n\t\t\t\t<\/div>\n\t\t\t\t<\/div>\n\t\t\t\t\t<\/div>\n\t\t\t\t<\/div>\n\t\t<div class=\"elementor-element elementor-element-b57ea69 e-flex e-con-boxed e-con e-parent\" data-id=\"b57ea69\" data-element_type=\"container\" data-e-type=\"container\">\n\t\t\t\t\t<div class=\"e-con-inner\">\n\t\t<div class=\"elementor-element elementor-element-2a13e5f e-con-full e-flex e-con e-child\" data-id=\"2a13e5f\" data-element_type=\"container\" data-e-type=\"container\">\n\t\t\t\t<div class=\"elementor-element elementor-element-bf83484 elementor-widget elementor-widget-image\" data-id=\"bf83484\" data-element_type=\"widget\" data-e-type=\"widget\" data-widget_type=\"image.default\">\n\t\t\t\t<div class=\"elementor-widget-container\">\n\t\t\t\t\t\t\t\t\t\t\t\t\t\t\t<img decoding=\"async\" src=\"https:\/\/icaschool.com\/wp-content\/uploads\/elementor\/thumbs\/nhie-ebook-set-product-image-v2-qksauq6eez2wcsbyv5pptr7gztee0dgyudljt49340.webp\" title=\"nhie-ebook-set-product-image-v2\" alt=\"nhie-ebook-set-product-image-v2\" loading=\"lazy\" \/>\t\t\t\t\t\t\t\t\t\t\t\t\t\t\t<\/div>\n\t\t\t\t<\/div>\n\t\t\t\t<div class=\"elementor-element elementor-element-659874a elementor-widget elementor-widget-heading\" data-id=\"659874a\" data-element_type=\"widget\" data-e-type=\"widget\" data-widget_type=\"heading.default\">\n\t\t\t\t<div class=\"elementor-widget-container\">\n\t\t\t\t\t<h5 class=\"elementor-heading-title elementor-size-default\">$15 de descuento en Gu\u00edas de estudio del libro electr\u00f3nico NHIE<\/h5>\t\t\t\t<\/div>\n\t\t\t\t<\/div>\n\t\t\t\t<div class=\"elementor-element elementor-element-c8e4c2b elementor-widget elementor-widget-text-editor\" data-id=\"c8e4c2b\" data-element_type=\"widget\" data-e-type=\"widget\" data-widget_type=\"text-editor.default\">\n\t\t\t\t<div class=\"elementor-widget-container\">\n\t\t\t\t\t\t\t\t\t<p>ICA se enorgullece de asociarse con NHIE para proporcionar a nuestros estudiantes dos libros electr\u00f3nicos de alta calidad para ayudarle a estudiar para su examen, con un descuento exclusivo.<\/p>\t\t\t\t\t\t\t\t<\/div>\n\t\t\t\t<\/div>\n\t\t\t\t<div class=\"elementor-element elementor-element-01e8d6e elementor-widget elementor-widget-button\" data-id=\"01e8d6e\" data-element_type=\"widget\" data-e-type=\"widget\" data-widget_type=\"button.default\">\n\t\t\t\t<div class=\"elementor-widget-container\">\n\t\t\t\t\t\t\t\t\t<div class=\"elementor-button-wrapper\">\n\t\t\t\t\t<a class=\"elementor-button elementor-button-link elementor-size-sm\" href=\"\/es\/ebook\/\">\n\t\t\t\t\t\t<span class=\"elementor-button-content-wrapper\">\n\t\t\t\t\t\t\t\t\t<span class=\"elementor-button-text\">Obtenga su descuento<\/span>\n\t\t\t\t\t<\/span>\n\t\t\t\t\t<\/a>\n\t\t\t\t<\/div>\n\t\t\t\t\t\t\t\t<\/div>\n\t\t\t\t<\/div>\n\t\t\t\t<\/div>\n\t\t<div class=\"elementor-element elementor-element-c055dc1 e-con-full e-flex e-con e-child\" data-id=\"c055dc1\" data-element_type=\"container\" data-e-type=\"container\">\n\t\t\t\t<div class=\"elementor-element elementor-element-83cb9e8 elementor-widget elementor-widget-image\" data-id=\"83cb9e8\" data-element_type=\"widget\" data-e-type=\"widget\" data-widget_type=\"image.default\">\n\t\t\t\t<div class=\"elementor-widget-container\">\n\t\t\t\t\t\t\t\t\t\t\t\t\t\t\t<img decoding=\"async\" src=\"https:\/\/icaschool.com\/wp-content\/uploads\/elementor\/thumbs\/ecan-mold-radon-badges-qm2oegos7skbosav9buzgsc9dpqe9t4zo93g5fucxs.png\" title=\"ecan-mold-radon-badges\" alt=\"ecan-mold-radon-badges\" loading=\"lazy\" \/>\t\t\t\t\t\t\t\t\t\t\t\t\t\t\t<\/div>\n\t\t\t\t<\/div>\n\t\t\t\t<div class=\"elementor-element elementor-element-8add970 elementor-widget elementor-widget-heading\" data-id=\"8add970\" data-element_type=\"widget\" data-e-type=\"widget\" data-widget_type=\"heading.default\">\n\t\t\t\t<div class=\"elementor-widget-container\">\n\t\t\t\t\t<h5 class=\"elementor-heading-title elementor-size-default\">$55 de descuento en Certificaci\u00f3n de Moho y Rad\u00f3n<\/h5>\t\t\t\t<\/div>\n\t\t\t\t<\/div>\n\t\t\t\t<div class=\"elementor-element elementor-element-0fd0d69 elementor-widget elementor-widget-text-editor\" data-id=\"0fd0d69\" data-element_type=\"widget\" data-e-type=\"widget\" data-widget_type=\"text-editor.default\">\n\t\t\t\t<div class=\"elementor-widget-container\">\n\t\t\t\t\t\t\t\t\t<p>Los cursos de certificaci\u00f3n disponibles a trav\u00e9s de ECAN, LLC para determinados estados le permiten prestar servicios adicionales m\u00e1s all\u00e1 de las t\u00edpicas inspecciones de viviendas.<\/p><p>Los estudiantes de la ACI obtienen un descuento exclusivo al inscribirse tanto en la Certificaci\u00f3n de Moho como en la de Rad\u00f3n. \u00a1Normalmente $555, el precio del paquete est\u00e1 disponible para $500 que incluye m\u00e1s de 32 horas de formaci\u00f3n!<\/p>\t\t\t\t\t\t\t\t<\/div>\n\t\t\t\t<\/div>\n\t\t\t\t<div class=\"elementor-element elementor-element-1694913 elementor-widget elementor-widget-button\" data-id=\"1694913\" data-element_type=\"widget\" data-e-type=\"widget\" data-widget_type=\"button.default\">\n\t\t\t\t<div class=\"elementor-widget-container\">\n\t\t\t\t\t\t\t\t\t<div class=\"elementor-button-wrapper\">\n\t\t\t\t\t<a class=\"elementor-button elementor-button-link elementor-size-sm\" href=\"\/es\/certificacion-de-radon-del-moho\/\">\n\t\t\t\t\t\t<span class=\"elementor-button-content-wrapper\">\n\t\t\t\t\t\t\t\t\t<span class=\"elementor-button-text\">Obtenga su descuento<\/span>\n\t\t\t\t\t<\/span>\n\t\t\t\t\t<\/a>\n\t\t\t\t<\/div>\n\t\t\t\t\t\t\t\t<\/div>\n\t\t\t\t<\/div>\n\t\t\t\t<\/div>\n\t\t<div class=\"elementor-element elementor-element-ac44716 e-con-full e-flex e-con e-child\" data-id=\"ac44716\" data-element_type=\"container\" data-e-type=\"container\">\n\t\t\t\t<div class=\"elementor-element elementor-element-0bccd16 elementor-widget elementor-widget-image\" data-id=\"0bccd16\" data-element_type=\"widget\" data-e-type=\"widget\" data-widget_type=\"image.default\">\n\t\t\t\t<div class=\"elementor-widget-container\">\n\t\t\t\t\t\t\t\t\t\t\t\t\t\t\t<img decoding=\"async\" src=\"https:\/\/icaschool.com\/wp-content\/uploads\/elementor\/thumbs\/Ecosense-Radon-Testing-Equipment-for-Home-Inspectors-q0v364yyelw8s9f36ggmqidnbsx8a1sxm0f1ktwhz4.png\" title=\"Ecosense Equipo de prueba de rad\u00f3n para inspectores de viviendas\" alt=\"Monitor de rad\u00f3n\" loading=\"lazy\" \/>\t\t\t\t\t\t\t\t\t\t\t\t\t\t\t<\/div>\n\t\t\t\t<\/div>\n\t\t\t\t<div class=\"elementor-element elementor-element-9f177d9 elementor-widget elementor-widget-heading\" data-id=\"9f177d9\" data-element_type=\"widget\" data-e-type=\"widget\" data-widget_type=\"heading.default\">\n\t\t\t\t<div class=\"elementor-widget-container\">\n\t\t\t\t\t<h5 class=\"elementor-heading-title elementor-size-default\">Hasta $39 de descuento en software Radon<\/h5>\t\t\t\t<\/div>\n\t\t\t\t<\/div>\n\t\t\t\t<div class=\"elementor-element elementor-element-8f88cc5 elementor-widget elementor-widget-text-editor\" data-id=\"8f88cc5\" data-element_type=\"widget\" data-e-type=\"widget\" data-widget_type=\"text-editor.default\">\n\t\t\t\t<div class=\"elementor-widget-container\">\n\t\t\t\t\t\t\t\t\t<p>Ecosense es el proveedor inteligente de monitores de rad\u00f3n de calidad profesional. La aplicaci\u00f3n m\u00f3vil y el panel web RadonEye Pro de Ecosense permiten a los usuarios generar informes de pruebas que cumplen las normas ANSI\/AARST y los requisitos estatales.<\/p><p>Introduzca el c\u00f3digo de descuento\u00a0<strong>ACI\u00a0<\/strong>al pagar y ahorre hasta $39 en el coste del Radon Eye PRO.<\/p>\t\t\t\t\t\t\t\t<\/div>\n\t\t\t\t<\/div>\n\t\t\t\t<div class=\"elementor-element elementor-element-567259a elementor-widget elementor-widget-button\" data-id=\"567259a\" data-element_type=\"widget\" data-e-type=\"widget\" data-widget_type=\"button.default\">\n\t\t\t\t<div class=\"elementor-widget-container\">\n\t\t\t\t\t\t\t\t\t<div class=\"elementor-button-wrapper\">\n\t\t\t\t\t<a class=\"elementor-button elementor-button-link elementor-size-sm\" href=\"https:\/\/ecosense.io\/products\/radoneyepro?ghref=13054%3A565856\">\n\t\t\t\t\t\t<span class=\"elementor-button-content-wrapper\">\n\t\t\t\t\t\t\t\t\t<span class=\"elementor-button-text\">Obtenga su descuento<\/span>\n\t\t\t\t\t<\/span>\n\t\t\t\t\t<\/a>\n\t\t\t\t<\/div>\n\t\t\t\t\t\t\t\t<\/div>\n\t\t\t\t<\/div>\n\t\t\t\t<\/div>\n\t\t\t\t\t<\/div>\n\t\t\t\t<\/div>\n\t\t\t\t<\/div>","protected":false},"excerpt":{"rendered":"<p>ICA Perks - Ofertas y descuentos exclusivos para estudiantes de ICA 90 d\u00edas de prueba gratuita del software de informes avanzados Home Inspector Pro es un software de redacci\u00f3n de informes de primera calidad y con muchas funciones que crece con usted y su negocio. Todos los estudiantes de ICA reciben una prueba gratuita de 90 d\u00edas del software. M\u00e1s informaci\u00f3n 10% Descuento en el seguro de responsabilidad civil Especializado en...<\/p>","protected":false},"author":88927,"featured_media":0,"parent":0,"menu_order":0,"comment_status":"closed","ping_status":"closed","template":"","meta":{"_angie_page":false,"content-type":"","footnotes":""},"class_list":["post-134757","page","type-page","status-publish","hentry"],"aioseo_notices":[],"jetpack_sharing_enabled":true,"_links":{"self":[{"href":"https:\/\/icaschool.com\/es\/wp-json\/wp\/v2\/pages\/134757","targetHints":{"allow":["GET"]}}],"collection":[{"href":"https:\/\/icaschool.com\/es\/wp-json\/wp\/v2\/pages"}],"about":[{"href":"https:\/\/icaschool.com\/es\/wp-json\/wp\/v2\/types\/page"}],"author":[{"embeddable":true,"href":"https:\/\/icaschool.com\/es\/wp-json\/wp\/v2\/users\/88927"}],"replies":[{"embeddable":true,"href":"https:\/\/icaschool.com\/es\/wp-json\/wp\/v2\/comments?post=134757"}],"version-history":[{"count":3,"href":"https:\/\/icaschool.com\/es\/wp-json\/wp\/v2\/pages\/134757\/revisions"}],"predecessor-version":[{"id":148601,"href":"https:\/\/icaschool.com\/es\/wp-json\/wp\/v2\/pages\/134757\/revisions\/148601"}],"wp:attachment":[{"href":"https:\/\/icaschool.com\/es\/wp-json\/wp\/v2\/media?parent=134757"}],"curies":[{"name":"wp","href":"https:\/\/api.w.org\/{rel}","templated":true}]}}