{"id":149895,"date":"2025-02-28T16:30:21","date_gmt":"2025-02-28T22:30:21","guid":{"rendered":"https:\/\/icaschool.com\/?page_id=149895"},"modified":"2025-05-05T16:42:06","modified_gmt":"2025-05-05T21:42:06","slug":"texas-powerprep","status":"publish","type":"page","link":"https:\/\/icaschool.com\/es\/texas-powerprep\/","title":{"rendered":"Prep\u00e1rese para el examen con Texas PowerPrep de ICA."},"content":{"rendered":"<div data-elementor-type=\"wp-page\" data-elementor-id=\"149895\" class=\"elementor elementor-149895\" data-elementor-post-type=\"page\">\n\t\t\t\t<div class=\"elementor-element elementor-element-58507a44 e-flex e-con-boxed e-con e-parent\" data-id=\"58507a44\" data-element_type=\"container\" data-e-type=\"container\" data-settings=\"{&quot;background_background&quot;:&quot;classic&quot;}\">\n\t\t\t\t\t<div class=\"e-con-inner\">\n\t\t\t\t<div class=\"elementor-element elementor-element-5a894d7f elementor-widget elementor-widget-text-editor\" data-id=\"5a894d7f\" data-element_type=\"widget\" data-e-type=\"widget\" data-widget_type=\"text-editor.default\">\n\t\t\t\t<div class=\"elementor-widget-container\">\n\t\t\t\t\t\t\t\t\t<p><div class=\"aioseo-breadcrumbs\"><span class=\"aioseo-breadcrumb\">\n\tInicio\n<\/span><\/div><\/p>\t\t\t\t\t\t\t\t<\/div>\n\t\t\t\t<\/div>\n\t\t<div class=\"elementor-element elementor-element-4ed55e07 e-con-full e-flex e-con e-child\" data-id=\"4ed55e07\" data-element_type=\"container\" data-e-type=\"container\">\n\t\t\t\t<div class=\"elementor-element elementor-element-623c0d7e elementor-widget elementor-widget-text-editor\" data-id=\"623c0d7e\" data-element_type=\"widget\" data-e-type=\"widget\" data-widget_type=\"text-editor.default\">\n\t\t\t\t<div class=\"elementor-widget-container\">\n\t\t\t\t\t\t\t\t\t<h1>Prep\u00e1rese para los ex\u00e1menes con ICA <span style=\"color: #0064dc;\">Texas PowerPrep<\/span><\/h1>\t\t\t\t\t\t\t\t<\/div>\n\t\t\t\t<\/div>\n\t\t\t\t<div class=\"elementor-element elementor-element-ec90897 elementor-widget elementor-widget-image\" data-id=\"ec90897\" data-element_type=\"widget\" data-e-type=\"widget\" data-widget_type=\"image.default\">\n\t\t\t\t<div class=\"elementor-widget-container\">\n\t\t\t\t\t\t\t\t\t\t\t\t\t\t\t<img fetchpriority=\"high\" decoding=\"async\" width=\"1024\" height=\"140\" src=\"https:\/\/icaschool.com\/wp-content\/uploads\/2025\/02\/Texas-PowerPrep-new-1024x140.png\" class=\"attachment-large size-large wp-image-147134\" alt=\"\" srcset=\"https:\/\/icaschool.com\/wp-content\/uploads\/2025\/02\/Texas-PowerPrep-new-1024x140.png 1024w, https:\/\/icaschool.com\/wp-content\/uploads\/2025\/02\/Texas-PowerPrep-new-300x41.png 300w, https:\/\/icaschool.com\/wp-content\/uploads\/2025\/02\/Texas-PowerPrep-new-150x20.png 150w, https:\/\/icaschool.com\/wp-content\/uploads\/2025\/02\/Texas-PowerPrep-new-1536x210.png 1536w, https:\/\/icaschool.com\/wp-content\/uploads\/2025\/02\/Texas-PowerPrep-new-2048x280.png 2048w, https:\/\/icaschool.com\/wp-content\/uploads\/2025\/02\/Texas-PowerPrep-new-18x2.png 18w, https:\/\/icaschool.com\/wp-content\/uploads\/2025\/02\/Texas-PowerPrep-new-600x82.png 600w\" sizes=\"(max-width: 1024px) 100vw, 1024px\" title=\"Texas-PowerPrep-nuevo | Formaci\u00f3n y Certificaci\u00f3n Online en Inspecci\u00f3n de Viviendas\" \/>\t\t\t\t\t\t\t\t\t\t\t\t\t\t\t<\/div>\n\t\t\t\t<\/div>\n\t\t\t\t<\/div>\n\t\t\t\t\t<\/div>\n\t\t\t\t<\/div>\n\t\t<div class=\"elementor-element elementor-element-7272f9e5 e-flex e-con-boxed e-con e-parent\" data-id=\"7272f9e5\" data-element_type=\"container\" data-e-type=\"container\">\n\t\t\t\t\t<div class=\"e-con-inner\">\n\t\t<div class=\"elementor-element elementor-element-72090b e-con-full e-flex e-con e-child\" data-id=\"72090b\" data-element_type=\"container\" data-e-type=\"container\">\n\t\t\t\t<div class=\"elementor-element elementor-element-1eb2012 elementor-widget elementor-widget-text-editor\" data-id=\"1eb2012\" data-element_type=\"widget\" data-e-type=\"widget\" data-widget_type=\"text-editor.default\">\n\t\t\t\t<div class=\"elementor-widget-container\">\n\t\t\t\t\t\t\t\t\t<h3>Desbloquee su camino hacia el \u00e9xito en la inspecci\u00f3n de viviendas<\/h3>\t\t\t\t\t\t\t\t<\/div>\n\t\t\t\t<\/div>\n\t\t<div class=\"elementor-element elementor-element-50c9a10f e-con-full e-flex e-con e-child\" data-id=\"50c9a10f\" data-element_type=\"container\" data-e-type=\"container\">\n\t\t\t\t<div class=\"elementor-element elementor-element-3d17686f elementor-widget elementor-widget-text-editor\" data-id=\"3d17686f\" data-element_type=\"widget\" data-e-type=\"widget\" data-widget_type=\"text-editor.default\">\n\t\t\t\t<div class=\"elementor-widget-container\">\n\t\t\t\t\t\t\t\t\t<p>Ya sea que est\u00e9 comenzando su viaje de inspecci\u00f3n de viviendas o que ya se haya inscrito en el curso de Inspecci\u00f3n de Viviendas de Texas de ICA, PowerPrep es su pr\u00f3ximo paso hacia el \u00e9xito del examen.<\/p><p>Con instrucciones impartidas por expertos, aplicaciones en el mundo real y profundizaci\u00f3n en temas clave, este\u00a0<strong>Curso de 30 horas y 12 sesiones<\/strong>\u00a0est\u00e1 dise\u00f1ado para reforzar tus conocimientos y ayudarte a aprobar los ex\u00e1menes de NHIE y del estado de Texas con confianza.<\/p><p>C\u00f3mprelo como parte de sus paquetes Texas Premier o Elite, o por separado por $695.<\/p>\t\t\t\t\t\t\t\t<\/div>\n\t\t\t\t<\/div>\n\t\t\t\t<\/div>\n\t\t\t\t<\/div>\n\t\t\t\t\t<\/div>\n\t\t\t\t<\/div>\n\t\t<div class=\"elementor-element elementor-element-aa5c766 e-flex e-con-boxed e-con e-parent\" data-id=\"aa5c766\" data-element_type=\"container\" data-e-type=\"container\" data-settings=\"{&quot;background_background&quot;:&quot;classic&quot;}\">\n\t\t\t\t\t<div class=\"e-con-inner\">\n\t\t<div class=\"elementor-element elementor-element-54283ea e-con-full e-flex e-con e-child\" data-id=\"54283ea\" data-element_type=\"container\" data-e-type=\"container\">\n\t\t<div class=\"elementor-element elementor-element-4d5abd5 e-con-full e-flex e-con e-child\" data-id=\"4d5abd5\" data-element_type=\"container\" data-e-type=\"container\">\n\t\t\t\t<div class=\"elementor-element elementor-element-fa3eee4 elementor-widget elementor-widget-text-editor\" data-id=\"fa3eee4\" data-element_type=\"widget\" data-e-type=\"widget\" data-widget_type=\"text-editor.default\">\n\t\t\t\t<div class=\"elementor-widget-container\">\n\t\t\t\t\t\t\t\t\t<h4>PowerPrep est\u00e1 incluido en los paquetes Texas Premier y Elite.<\/h4>\t\t\t\t\t\t\t\t<\/div>\n\t\t\t\t<\/div>\n\t\t\t\t<\/div>\n\t\t<div class=\"elementor-element elementor-element-bb4c5a7 e-con-full e-flex e-con e-child\" data-id=\"bb4c5a7\" data-element_type=\"container\" data-e-type=\"container\">\n\t\t\t\t<div class=\"elementor-element elementor-element-f6e8a36 elementor-align-center elementor-widget elementor-widget-button\" data-id=\"f6e8a36\" data-element_type=\"widget\" data-e-type=\"widget\" data-widget_type=\"button.default\">\n\t\t\t\t<div class=\"elementor-widget-container\">\n\t\t\t\t\t\t\t\t\t<div class=\"elementor-button-wrapper\">\n\t\t\t\t\t<a class=\"elementor-button elementor-button-link elementor-size-sm\" href=\"\/es\/licencias-estatales\/texas\/\" target=\"_blank\">\n\t\t\t\t\t\t<span class=\"elementor-button-content-wrapper\">\n\t\t\t\t\t\t\t\t\t<span class=\"elementor-button-text\">Inscr\u00edbete hoy<\/span>\n\t\t\t\t\t<\/span>\n\t\t\t\t\t<\/a>\n\t\t\t\t<\/div>\n\t\t\t\t\t\t\t\t<\/div>\n\t\t\t\t<\/div>\n\t\t\t\t<\/div>\n\t\t\t\t<\/div>\n\t\t\t\t\t<\/div>\n\t\t\t\t<\/div>\n\t\t<div class=\"elementor-element elementor-element-1fc7b9d e-flex e-con-boxed e-con e-parent\" data-id=\"1fc7b9d\" data-element_type=\"container\" data-e-type=\"container\" data-settings=\"{&quot;background_background&quot;:&quot;classic&quot;}\">\n\t\t\t\t\t<div class=\"e-con-inner\">\n\t\t\t\t<div class=\"elementor-element elementor-element-9506ff6 elementor-widget elementor-widget-text-editor\" data-id=\"9506ff6\" data-element_type=\"widget\" data-e-type=\"widget\" data-widget_type=\"text-editor.default\">\n\t\t\t\t<div class=\"elementor-widget-container\">\n\t\t\t\t\t\t\t\t\t<p>Si ha adquirido un paquete Texas en el pasado y est\u00e1 interesado en\u00a0<strong>PowerPrep<\/strong>p\u00f3ngase en contacto con\u00a0<a class=\"css-1rn59kg\" title=\"mailto:admissions@icaschool.com\" href=\"mailto:admissions@icaschool.com\">admissions@icaschool.com<\/a>\u00a0o llame al\u00a0<a href=\"tel:8888363091\">888-836-3091<\/a>\u00a0para inscribirse en este curso. Este curso solo est\u00e1 disponible para nuestra Comunidad ACI.<\/p>\t\t\t\t\t\t\t\t<\/div>\n\t\t\t\t<\/div>\n\t\t\t\t<div class=\"elementor-element elementor-element-16ee2ee3 elementor-widget elementor-widget-text-editor\" data-id=\"16ee2ee3\" data-element_type=\"widget\" data-e-type=\"widget\" data-widget_type=\"text-editor.default\">\n\t\t\t\t<div class=\"elementor-widget-container\">\n\t\t\t\t\t\t\t\t\t<h3>\u00bfPor qu\u00e9 elegir PowerPrep?<\/h3>\n<ul>\n \t<li><strong>Seminarios web dirigidos por expertos<\/strong>\u00a0- Aprenda de profesionales con experiencia pr\u00e1ctica<\/li>\n \t<li><strong>12 m\u00f3dulos completos<\/strong>\u00a0- 30 horas de formaci\u00f3n en directo, dirigida por expertos y adaptada espec\u00edficamente a los requisitos de inspecci\u00f3n de viviendas de Texas, que abarca todos los temas cr\u00edticos del examen, desde los fundamentos hasta la creaci\u00f3n de empresas.<\/li>\n \t<li><strong>Flexible - Acceso en directo y grabado<\/strong>\u00a0- Asista en tiempo real o rep\u00e1selo cuando le convenga.<\/li>\n \t<li><strong>La opci\u00f3n m\u00e1s rentable<\/strong>\u00a0- Formaci\u00f3n flexible l\u00edder en el sector\u00a0<strong>por menos que nuestros competidores<\/strong><\/li>\n \t<li>Un complemento de confianza a nuestro curso completo de Inspecci\u00f3n de Viviendas en Texas<\/li>\n \t<li><strong>\u00bfHa faltado a clase?<\/strong>\u00a0No se preocupe: tiene acceso a los m\u00f3dulos en l\u00ednea\u00a0<strong>durante todo un a\u00f1o<\/strong>para que pueda repasar el material a su conveniencia.<\/li>\n \t<li><strong>C\u00f3modas clases nocturnas:<\/strong>\u00a0Sesiones en curso\u00a0<strong>De lunes a jueves por la tarde CST<\/strong>flexibilidad para aprender despu\u00e9s del trabajo<\/li>\n<\/ul>\t\t\t\t\t\t\t\t<\/div>\n\t\t\t\t<\/div>\n\t\t\t\t<div class=\"elementor-element elementor-element-14c53c77 elementor-widget elementor-widget-text-editor\" data-id=\"14c53c77\" data-element_type=\"widget\" data-e-type=\"widget\" data-widget_type=\"text-editor.default\">\n\t\t\t\t<div class=\"elementor-widget-container\">\n\t\t\t\t\t\t\t\t\t<h3>Lo que aprender\u00e1<\/h3><p><strong>PowerPrep est\u00e1 dise\u00f1ado para complementar, no sustituir, la formaci\u00f3n previa a la obtenci\u00f3n de la licencia.<\/strong><br \/>Mientras que su curso de pre-licencia proporciona la base, este programa espec\u00edfico de Texas mejora su conocimiento con la preparaci\u00f3n del examen enfocado, puntos de vista de expertos y aplicaciones del mundo real. Nuestro objetivo es equiparlo mejor con la confianza y las habilidades necesarias para aprobar los ex\u00e1menes estatales de NHIE y Texas en su primer intento.<\/p><ul><li><strong>Orientaci\u00f3n: C\u00f3mo utilizar PowerPrep y visi\u00f3n general del sector (2 horas)<\/strong><br \/>Aprovecha al m\u00e1ximo tu experiencia PowerPrep con una orientaci\u00f3n guiada. Inf\u00f3rmate sobre las expectativas del sector, el formato del examen y c\u00f3mo enfocar eficazmente tus estudios.<\/li><li><strong>Fundamentos: Comprensi\u00f3n de la integridad estructural (3 horas)<br \/><\/strong>Aprenda c\u00f3mo los tipos de cimentaci\u00f3n, las condiciones y el asentamiento afectan a la estructura de una casa. Identifique los defectos m\u00e1s comunes y sepa qu\u00e9 buscar durante una inspecci\u00f3n.<\/li><li><strong>Estructura y armaz\u00f3n: Muros de carga y sistemas de soporte (2 horas)<br \/><\/strong>Conozca los componentes estructurales clave de una casa, incluidas las t\u00e9cnicas de entramado, los sistemas de soporte y los problemas comunes de entramado que podr\u00edan indicar problemas importantes.<\/li><li><strong>Cerramientos de edificios - Revestimiento exterior de paredes (2 horas)<br \/><\/strong>Comprenda c\u00f3mo protegen la vivienda el revestimiento, el estuco, el ladrillo y otros materiales de revestimiento. Aprenda a identificar los defectos que pueden provocar la penetraci\u00f3n del agua y da\u00f1os.<\/li><li><strong>Cubiertas: Materiales, instalaci\u00f3n y problemas comunes (3 horas)<br \/><\/strong>Adquirir experiencia en diferentes materiales de techado y m\u00e9todos de instalaci\u00f3n. Detectar signos de desgaste, fugas y mano de obra deficiente que pueden dar lugar a costosas reparaciones.<\/li><li><strong>Fontaner\u00eda: Tuber\u00edas, Sistemas de Agua y Detecci\u00f3n de Problemas (3 Horas)<br \/><\/strong>Profundice en los sistemas de fontaner\u00eda, desde las tuber\u00edas de suministro hasta el desag\u00fce de residuos. Aprenda a identificar los materiales de las tuber\u00edas, los posibles fallos y las instalaciones incorrectas.<\/li><li><strong>Electricidad: cableado, seguridad y cumplimiento de la normativa (3 horas)<br \/><\/strong>Los problemas el\u00e9ctricos son una de las partes m\u00e1s cr\u00edticas de la inspecci\u00f3n de una vivienda. Comprenda las configuraciones de los cuadros, los requisitos de los circuitos y c\u00f3mo detectar pr\u00e1cticas de cableado inseguras.<\/li><li><strong>HVAC: Sistemas de calefacci\u00f3n, refrigeraci\u00f3n y ventilaci\u00f3n (4 horas)<br \/><\/strong>Una mirada en profundidad a los sistemas de calefacci\u00f3n y refrigeraci\u00f3n, incluyendo hornos, aires acondicionados y conductos. Aprenda a identificar los problemas de rendimiento y las instalaciones incorrectas.<\/li><li><strong>Electrodom\u00e9sticos y ebanister\u00eda: T\u00e9cnicas de inspecci\u00f3n (2 horas)<br \/><\/strong>Aseg\u00farese de que las viviendas cumplen las normas aprendiendo a evaluar los principales electrodom\u00e9sticos, armarios y otros componentes interiores para detectar problemas funcionales y de seguridad.<\/li><li><strong>Redacci\u00f3n de informes: C\u00f3mo crear informes de inspecci\u00f3n profesionales (2 horas)<br \/><\/strong>Aprenda a comunicar los resultados de forma clara y profesional. Domine las herramientas inform\u00e1ticas y los formatos de informe para elaborar informes de inspecci\u00f3n completos y conformes.<\/li><li><strong>Preparaci\u00f3n del examen\/Revisi\u00f3n del NHIE: Dominio del examen (2 horas)<br \/><\/strong>Desarrolle estrategias para realizar el examen y repase los temas m\u00e1s frecuentes. Gane confianza con preguntas de pr\u00e1ctica y gu\u00edas de examen guiadas por un instructor.<\/li><li><strong>Creaci\u00f3n de empresas: Lanzamiento de su carrera de inspecci\u00f3n (2 horas)<br \/><\/strong>Obtenga una ventaja inicial en su nueva carrera con orientaci\u00f3n sobre marketing, captaci\u00f3n de clientes y aspectos esenciales de la creaci\u00f3n de empresas para ayudarle a establecer un negocio de inspecci\u00f3n de viviendas con \u00e9xito.<\/li><\/ul>\t\t\t\t\t\t\t\t<\/div>\n\t\t\t\t<\/div>\n\t\t\t\t<div class=\"elementor-element elementor-element-376e1b15 elementor-widget elementor-widget-text-editor\" data-id=\"376e1b15\" data-element_type=\"widget\" data-e-type=\"widget\" data-widget_type=\"text-editor.default\">\n\t\t\t\t<div class=\"elementor-widget-container\">\n\t\t\t\t\t\t\t\t\t<h3>\u00bfA qui\u00e9n va dirigido PowerPrep?<\/h3>\n<ul>\n \t<li><strong>Estudiantes nuevos:<\/strong>Si usted est\u00e1 comenzando su viaje de inspecci\u00f3n de viviendas, PowerPrep le dar\u00e1 la preparaci\u00f3n del examen enfocado necesario para pasar con confianza.<\/li>\n \t<li><strong>Antiguos compradores del curso ACI Texas:<\/strong>\u00a0\u00bfYa ha tomado nuestro curso de Inspecci\u00f3n de Viviendas en Texas? PowerPrep es el complemento perfecto para reforzar sus conocimientos y asegurar el \u00e9xito del examen.<\/li>\n<\/ul>\t\t\t\t\t\t\t\t<\/div>\n\t\t\t\t<\/div>\n\t\t\t\t\t<\/div>\n\t\t\t\t<\/div>\n\t\t<div class=\"elementor-element elementor-element-8d87bcd e-flex e-con-boxed e-con e-parent\" data-id=\"8d87bcd\" data-element_type=\"container\" data-e-type=\"container\" data-settings=\"{&quot;background_background&quot;:&quot;classic&quot;}\">\n\t\t\t\t\t<div class=\"e-con-inner\">\n\t\t<div class=\"elementor-element elementor-element-764f100 e-con-full e-flex e-con e-child\" data-id=\"764f100\" data-element_type=\"container\" data-e-type=\"container\">\n\t\t<div class=\"elementor-element elementor-element-39ceeb8 e-con-full e-flex e-con e-child\" data-id=\"39ceeb8\" data-element_type=\"container\" data-e-type=\"container\">\n\t\t\t\t<div class=\"elementor-element elementor-element-c2488b1 elementor-widget elementor-widget-text-editor\" data-id=\"c2488b1\" data-element_type=\"widget\" data-e-type=\"widget\" data-widget_type=\"text-editor.default\">\n\t\t\t\t<div class=\"elementor-widget-container\">\n\t\t\t\t\t\t\t\t\t<h4>PowerPrep est\u00e1 incluido en los paquetes Texas Premier y Elite.<\/h4>\t\t\t\t\t\t\t\t<\/div>\n\t\t\t\t<\/div>\n\t\t\t\t<\/div>\n\t\t<div class=\"elementor-element elementor-element-87547af e-con-full e-flex e-con e-child\" data-id=\"87547af\" data-element_type=\"container\" data-e-type=\"container\">\n\t\t\t\t<div class=\"elementor-element elementor-element-9aa13fb elementor-align-center elementor-widget elementor-widget-button\" data-id=\"9aa13fb\" data-element_type=\"widget\" data-e-type=\"widget\" data-widget_type=\"button.default\">\n\t\t\t\t<div class=\"elementor-widget-container\">\n\t\t\t\t\t\t\t\t\t<div class=\"elementor-button-wrapper\">\n\t\t\t\t\t<a class=\"elementor-button elementor-button-link elementor-size-sm\" href=\"\/es\/licencias-estatales\/texas\/\" target=\"_blank\">\n\t\t\t\t\t\t<span class=\"elementor-button-content-wrapper\">\n\t\t\t\t\t\t\t\t\t<span class=\"elementor-button-text\">Inscr\u00edbete hoy<\/span>\n\t\t\t\t\t<\/span>\n\t\t\t\t\t<\/a>\n\t\t\t\t<\/div>\n\t\t\t\t\t\t\t\t<\/div>\n\t\t\t\t<\/div>\n\t\t\t\t<\/div>\n\t\t\t\t<\/div>\n\t\t\t\t\t<\/div>\n\t\t\t\t<\/div>\n\t\t<div class=\"elementor-element elementor-element-4cff053 e-flex e-con-boxed e-con e-parent\" data-id=\"4cff053\" data-element_type=\"container\" data-e-type=\"container\" data-settings=\"{&quot;background_background&quot;:&quot;classic&quot;}\">\n\t\t\t\t\t<div class=\"e-con-inner\">\n\t\t\t\t<div class=\"elementor-element elementor-element-9fdfb13 elementor-widget elementor-widget-text-editor\" data-id=\"9fdfb13\" data-element_type=\"widget\" data-e-type=\"widget\" data-widget_type=\"text-editor.default\">\n\t\t\t\t<div class=\"elementor-widget-container\">\n\t\t\t\t\t\t\t\t\tSi ha adquirido un paquete Texas en el pasado y est\u00e1 interesado en\u00a0<strong>PowerPrep<\/strong>p\u00f3ngase en contacto con\u00a0<a class=\"css-1rn59kg\" title=\"mailto:admissions@icaschool.com\" href=\"mailto:admissions@icaschool.com\">admissions@icaschool.com<\/a>\u00a0o llame al\u00a0<a class=\"css-1rn59kg\" title=\"tel:8888363091\" href=\"tel:8888363091\">888-836-3091<\/a>\u00a0para inscribirse en este curso. Este curso solo est\u00e1 disponible para nuestra Comunidad ACI.\t\t\t\t\t\t\t\t<\/div>\n\t\t\t\t<\/div>\n\t\t\t\t\t<\/div>\n\t\t\t\t<\/div>\n\t\t\t\t<\/div>","protected":false},"excerpt":{"rendered":"<p>Prep\u00e1rese para el examen con Texas PowerPrep de ICA Desbloquee su camino hacia el \u00e9xito en la inspecci\u00f3n de viviendas Ya sea que est\u00e9 comenzando su viaje de inspecci\u00f3n de viviendas o que ya se haya inscrito en el curso Texas Home Inspection de ICA, PowerPrep es su pr\u00f3ximo paso hacia el \u00e9xito en el examen. Con la instrucci\u00f3n dirigida por expertos, la aplicaci\u00f3n del mundo real, y las inmersiones profundas en temas clave, este curso de 30 horas, 12 sesiones est\u00e1 dise\u00f1ado para...<\/p>","protected":false},"author":88893,"featured_media":0,"parent":0,"menu_order":0,"comment_status":"closed","ping_status":"closed","template":"","meta":{"_angie_page":false,"content-type":"","footnotes":""},"class_list":["post-149895","page","type-page","status-publish","hentry"],"aioseo_notices":[],"jetpack_sharing_enabled":true,"_links":{"self":[{"href":"https:\/\/icaschool.com\/es\/wp-json\/wp\/v2\/pages\/149895","targetHints":{"allow":["GET"]}}],"collection":[{"href":"https:\/\/icaschool.com\/es\/wp-json\/wp\/v2\/pages"}],"about":[{"href":"https:\/\/icaschool.com\/es\/wp-json\/wp\/v2\/types\/page"}],"author":[{"embeddable":true,"href":"https:\/\/icaschool.com\/es\/wp-json\/wp\/v2\/users\/88893"}],"replies":[{"embeddable":true,"href":"https:\/\/icaschool.com\/es\/wp-json\/wp\/v2\/comments?post=149895"}],"version-history":[{"count":3,"href":"https:\/\/icaschool.com\/es\/wp-json\/wp\/v2\/pages\/149895\/revisions"}],"predecessor-version":[{"id":159468,"href":"https:\/\/icaschool.com\/es\/wp-json\/wp\/v2\/pages\/149895\/revisions\/159468"}],"wp:attachment":[{"href":"https:\/\/icaschool.com\/es\/wp-json\/wp\/v2\/media?parent=149895"}],"curies":[{"name":"wp","href":"https:\/\/api.w.org\/{rel}","templated":true}]}}