{"id":162544,"date":"2025-08-01T12:01:54","date_gmt":"2025-08-01T17:01:54","guid":{"rendered":"https:\/\/icaschool.com\/?page_id=162544"},"modified":"2025-08-25T16:58:09","modified_gmt":"2025-08-25T21:58:09","slug":"inicio-de-sesion","status":"publish","type":"page","link":"https:\/\/icaschool.com\/es\/login\/","title":{"rendered":"P\u00e1gina de acceso"},"content":{"rendered":"<div data-elementor-type=\"wp-page\" data-elementor-id=\"162544\" class=\"elementor elementor-162544\" data-elementor-post-type=\"page\">\n\t\t\t\t<div class=\"elementor-element elementor-element-41c2bc21 e-flex e-con-boxed e-con e-parent\" data-id=\"41c2bc21\" data-element_type=\"container\" data-e-type=\"container\" data-settings=\"{&quot;background_background&quot;:&quot;classic&quot;}\">\n\t\t\t\t\t<div class=\"e-con-inner\">\n\t\t<div class=\"elementor-element elementor-element-37778890 e-flex e-con-boxed e-con e-child\" data-id=\"37778890\" data-element_type=\"container\" data-e-type=\"container\">\n\t\t\t\t\t<div class=\"e-con-inner\">\n\t\t<div class=\"elementor-element elementor-element-32760987 e-con-full e-flex e-con e-child\" data-id=\"32760987\" data-element_type=\"container\" data-e-type=\"container\">\n\t\t\t\t<div class=\"elementor-element elementor-element-37786a77 elementor-widget elementor-widget-text-editor\" data-id=\"37786a77\" data-element_type=\"widget\" data-e-type=\"widget\" data-widget_type=\"text-editor.default\">\n\t\t\t\t<div class=\"elementor-widget-container\">\n\t\t\t\t\t\t\t\t\t<p><span style=\"color: #000000;\">Inicio de sesi\u00f3n<\/span><\/p>\t\t\t\t\t\t\t\t<\/div>\n\t\t\t\t<\/div>\n\t\t\t\t<\/div>\n\t\t\t\t\t<\/div>\n\t\t\t\t<\/div>\n\t\t\t\t\t<\/div>\n\t\t\t\t<\/div>\n\t\t<div class=\"elementor-element elementor-element-10e21e3 e-flex e-con-boxed e-con e-parent\" data-id=\"10e21e3\" data-element_type=\"container\" data-e-type=\"container\" data-settings=\"{&quot;background_background&quot;:&quot;classic&quot;}\">\n\t\t\t\t\t<div class=\"e-con-inner\">\n\t\t<div class=\"elementor-element elementor-element-bcc459c e-flex e-con-boxed e-con e-child\" data-id=\"bcc459c\" data-element_type=\"container\" data-e-type=\"container\">\n\t\t\t\t\t<div class=\"e-con-inner\">\n\t\t<div class=\"elementor-element elementor-element-255cb7a e-con-full e-flex e-con e-child\" data-id=\"255cb7a\" data-element_type=\"container\" data-e-type=\"container\">\n\t\t\t\t<div class=\"elementor-element elementor-element-73df8de elementor-widget elementor-widget-text-editor\" data-id=\"73df8de\" data-element_type=\"widget\" data-e-type=\"widget\" data-widget_type=\"text-editor.default\">\n\t\t\t\t<div class=\"elementor-widget-container\">\n\t\t\t\t\t\t\t\t\t<p class=\"p1\">Bienvenido Por favor, seleccione c\u00f3mo desea iniciar sesi\u00f3n:<\/p>\t\t\t\t\t\t\t\t<\/div>\n\t\t\t\t<\/div>\n\t\t\t\t<div class=\"elementor-element elementor-element-fa82dc5 elementor-widget elementor-widget-text-editor\" data-id=\"fa82dc5\" data-element_type=\"widget\" data-e-type=\"widget\" data-widget_type=\"text-editor.default\">\n\t\t\t\t<div class=\"elementor-widget-container\">\n\t\t\t\t\t\t\t\t\t<p><a href=\"https:\/\/icaschool.litmos.com\/account\/login\/?\" target=\"_blank\" rel=\"noopener\">Inicio de sesi\u00f3n para la prelicencia de inspector de viviendas (todos los estados excepto Texas)<\/a><\/p><p><a href=\"https:\/\/texas.icaschool.com\/\" target=\"_blank\" rel=\"noopener\"> Texas Home Inspector Pre-licencia Login<\/a><\/p><p><a href=\"https:\/\/pdhlms.com\/wp-login.php\" target=\"_blank\" rel=\"noopener\">Acceso a la formaci\u00f3n continua <i class=\"far fa-external-link-alt\"><\/i><\/a><\/p><p><a href=\"https:\/\/trades.edcelerate.com\/?from=logout\" target=\"_blank\" rel=\"noopener\">Inicio de sesi\u00f3n en la comunidad Edcelerate\u00a0 <i class=\"far fa-external-link-alt\"><\/i><\/a><\/p>\t\t\t\t\t\t\t\t<\/div>\n\t\t\t\t<\/div>\n\t\t\t\t<\/div>\n\t\t\t\t\t<\/div>\n\t\t\t\t<\/div>\n\t\t\t\t\t<\/div>\n\t\t\t\t<\/div>\n\t\t\t\t<\/div>","protected":false},"excerpt":{"rendered":"<p>Inicio de sesi\u00f3n \u00a1Bienvenido de nuevo! Por favor, seleccione c\u00f3mo desea iniciar sesi\u00f3n: Inicio de sesi\u00f3n de pre-licencia para inspectores de viviendas (todos los estados excepto Texas) Inicio de sesi\u00f3n de pre-licencia para inspectores de viviendas de Texas Inicio de sesi\u00f3n de educaci\u00f3n continua Inicio de sesi\u00f3n de la comunidad Edcelerate\u00a0<\/p>","protected":false},"author":88952,"featured_media":0,"parent":0,"menu_order":0,"comment_status":"closed","ping_status":"closed","template":"","meta":{"_angie_page":false,"content-type":"","footnotes":""},"class_list":["post-162544","page","type-page","status-publish","hentry"],"aioseo_notices":[],"jetpack_sharing_enabled":true,"_links":{"self":[{"href":"https:\/\/icaschool.com\/es\/wp-json\/wp\/v2\/pages\/162544","targetHints":{"allow":["GET"]}}],"collection":[{"href":"https:\/\/icaschool.com\/es\/wp-json\/wp\/v2\/pages"}],"about":[{"href":"https:\/\/icaschool.com\/es\/wp-json\/wp\/v2\/types\/page"}],"author":[{"embeddable":true,"href":"https:\/\/icaschool.com\/es\/wp-json\/wp\/v2\/users\/88952"}],"replies":[{"embeddable":true,"href":"https:\/\/icaschool.com\/es\/wp-json\/wp\/v2\/comments?post=162544"}],"version-history":[{"count":3,"href":"https:\/\/icaschool.com\/es\/wp-json\/wp\/v2\/pages\/162544\/revisions"}],"predecessor-version":[{"id":163401,"href":"https:\/\/icaschool.com\/es\/wp-json\/wp\/v2\/pages\/162544\/revisions\/163401"}],"wp:attachment":[{"href":"https:\/\/icaschool.com\/es\/wp-json\/wp\/v2\/media?parent=162544"}],"curies":[{"name":"wp","href":"https:\/\/api.w.org\/{rel}","templated":true}]}}