{"id":3367,"date":"2018-05-14T14:07:14","date_gmt":"2018-05-14T19:07:14","guid":{"rendered":"https:\/\/ica-school.xm0yhtel-liquidwebsites.com\/?page_id=3367"},"modified":"2025-02-21T13:40:38","modified_gmt":"2025-02-21T19:40:38","slug":"curso-de-inspeccion-de-moho","status":"publish","type":"page","link":"https:\/\/icaschool.com\/es\/mold-inspection-course\/","title":{"rendered":"Molde 101"},"content":{"rendered":"<div data-elementor-type=\"wp-page\" data-elementor-id=\"3367\" class=\"elementor elementor-3367\" data-elementor-post-type=\"page\">\n\t\t\t\t<div class=\"elementor-element elementor-element-394fd7e e-flex e-con-boxed e-con e-parent\" data-id=\"394fd7e\" data-element_type=\"container\" data-e-type=\"container\" data-settings=\"{&quot;background_background&quot;:&quot;classic&quot;}\">\n\t\t\t\t\t<div class=\"e-con-inner\">\n\t\t\t\t<div class=\"elementor-element elementor-element-9df6197 elementor-widget elementor-widget-text-editor\" data-id=\"9df6197\" data-element_type=\"widget\" data-e-type=\"widget\" data-widget_type=\"text-editor.default\">\n\t\t\t\t<div class=\"elementor-widget-container\">\n\t\t\t\t\t\t\t\t\t<p><div class=\"aioseo-breadcrumbs\"><span class=\"aioseo-breadcrumb\">\n\t<a href=\"https:\/\/icaschool.com\/es\" title=\"Inicio\">Inicio<\/a>\n<\/span><span class=\"aioseo-breadcrumb-separator\">\"<\/span><span class=\"aioseo-breadcrumb\">\n\tMolde 101\n<\/span><\/div><\/p>\t\t\t\t\t\t\t\t<\/div>\n\t\t\t\t<\/div>\n\t\t<div class=\"elementor-element elementor-element-00ccb54 e-flex e-con-boxed e-con e-child\" data-id=\"00ccb54\" data-element_type=\"container\" data-e-type=\"container\">\n\t\t\t\t\t<div class=\"e-con-inner\">\n\t\t\t\t<div class=\"elementor-element elementor-element-e94050e elementor-widget elementor-widget-text-editor\" data-id=\"e94050e\" data-element_type=\"widget\" data-e-type=\"widget\" data-widget_type=\"text-editor.default\">\n\t\t\t\t<div class=\"elementor-widget-container\">\n\t\t\t\t\t\t\t\t\t<h1><span style=\"color: #0064dc;\">Moho <\/span>101<\/h1>\t\t\t\t\t\t\t\t<\/div>\n\t\t\t\t<\/div>\n\t\t\t\t\t<\/div>\n\t\t\t\t<\/div>\n\t\t\t\t\t<\/div>\n\t\t\t\t<\/div>\n\t\t<div class=\"elementor-element elementor-element-080269b e-flex e-con-boxed e-con e-parent\" data-id=\"080269b\" data-element_type=\"container\" data-e-type=\"container\" data-settings=\"{&quot;background_background&quot;:&quot;classic&quot;}\">\n\t\t\t\t\t<div class=\"e-con-inner\">\n\t\t<div class=\"elementor-element elementor-element-26ba5a9 e-con-full e-flex e-con e-child\" data-id=\"26ba5a9\" data-element_type=\"container\" data-e-type=\"container\">\n\t\t\t\t<div class=\"elementor-element elementor-element-3ba1561 elementor-widget elementor-widget-text-editor\" data-id=\"3ba1561\" data-element_type=\"widget\" data-e-type=\"widget\" data-widget_type=\"text-editor.default\">\n\t\t\t\t<div class=\"elementor-widget-container\">\n\t\t\t\t\t\t\t\t\t<h3>Incluido en la matr\u00edcula de cualquier nuevo curso de inspector de viviendas en l\u00ednea o en directo.<\/h3>\t\t\t\t\t\t\t\t<\/div>\n\t\t\t\t<\/div>\n\t\t\t\t<\/div>\n\t\t\t\t\t<\/div>\n\t\t\t\t<\/div>\n\t\t<div class=\"elementor-element elementor-element-c3f003b e-flex e-con-boxed e-con e-parent\" data-id=\"c3f003b\" data-element_type=\"container\" data-e-type=\"container\">\n\t\t\t\t\t<div class=\"e-con-inner\">\n\t\t<div class=\"elementor-element elementor-element-f0aad7a e-con-full e-flex e-con e-child\" data-id=\"f0aad7a\" data-element_type=\"container\" data-e-type=\"container\">\n\t\t<div class=\"elementor-element elementor-element-202a580 e-con-full e-flex e-con e-child\" data-id=\"202a580\" data-element_type=\"container\" data-e-type=\"container\">\n\t\t\t\t<div class=\"elementor-element elementor-element-fe6d807 elementor-widget__width-initial elementor-widget elementor-widget-video\" data-id=\"fe6d807\" data-element_type=\"widget\" data-e-type=\"widget\" data-settings=\"{&quot;youtube_url&quot;:&quot;https:\\\/\\\/youtu.be\\\/oXlSlvnaDfw&quot;,&quot;video_type&quot;:&quot;youtube&quot;,&quot;controls&quot;:&quot;yes&quot;}\" data-widget_type=\"video.default\">\n\t\t\t\t<div class=\"elementor-widget-container\">\n\t\t\t\t\t\t\t<div class=\"elementor-wrapper elementor-open-inline\">\n\t\t\t<div class=\"elementor-video\"><\/div>\t\t<\/div>\n\t\t\t\t\t\t<\/div>\n\t\t\t\t<\/div>\n\t\t\t\t<div class=\"elementor-element elementor-element-95042b1 elementor-widget elementor-widget-text-editor\" data-id=\"95042b1\" data-element_type=\"widget\" data-e-type=\"widget\" data-widget_type=\"text-editor.default\">\n\t\t\t\t<div class=\"elementor-widget-container\">\n\t\t\t\t\t\t\t\t\t<p>V\u00eddeo de demostraci\u00f3n del curso de inspecci\u00f3n de moho<\/p>\t\t\t\t\t\t\t\t<\/div>\n\t\t\t\t<\/div>\n\t\t\t\t<\/div>\n\t\t<div class=\"elementor-element elementor-element-112115f e-con-full e-flex e-con e-child\" data-id=\"112115f\" data-element_type=\"container\" data-e-type=\"container\">\n\t\t\t\t<div class=\"elementor-element elementor-element-c824c52 elementor-widget elementor-widget-text-editor\" data-id=\"c824c52\" data-element_type=\"widget\" data-e-type=\"widget\" data-widget_type=\"text-editor.default\">\n\t\t\t\t<div class=\"elementor-widget-container\">\n\t\t\t\t\t\t\t\t\t<p>En mercados saturados, los nuevos inspectores de viviendas necesitan todas las ventajas posibles para superar a sus competidores. Aunque los cursos de formaci\u00f3n en termograf\u00eda no se consideran est\u00e1ndar, cada vez resultan m\u00e1s atractivos para quienes desean destacar entre la multitud. Las c\u00e1maras termogr\u00e1ficas pueden ser una gran ayuda para los inspectores de viviendas a la hora de detectar problemas de humedad, falta de aislamiento o cualquier otro problema relacionado con la envolvente de una propiedad.<\/p><p>Los alumnos que completen los cursos de termograf\u00eda para inspectores de viviendas aprender\u00e1n a utilizar la tecnolog\u00eda de termograf\u00eda para proporcionar una mayor perspectiva de las propiedades de sus clientes. Al igual que ocurre con otras t\u00e9cnicas mejoradas de inspecci\u00f3n de viviendas que van m\u00e1s all\u00e1 de las normas tradicionales de la pr\u00e1ctica, es probable que no utilice la termograf\u00eda en todas las inspecciones. En muchos casos, sin embargo, puede ser extremadamente \u00fatil.<\/p>\t\t\t\t\t\t\t\t<\/div>\n\t\t\t\t<\/div>\n\t\t\t\t<\/div>\n\t\t\t\t<\/div>\n\t\t\t\t\t<\/div>\n\t\t\t\t<\/div>\n\t\t<div class=\"elementor-element elementor-element-51393e4 e-flex e-con-boxed e-con e-parent\" data-id=\"51393e4\" data-element_type=\"container\" data-e-type=\"container\" data-settings=\"{&quot;background_background&quot;:&quot;classic&quot;}\">\n\t\t\t\t\t<div class=\"e-con-inner\">\n\t\t\t\t<div class=\"elementor-element elementor-element-0f7fb8d elementor-widget elementor-widget-text-editor\" data-id=\"0f7fb8d\" data-element_type=\"widget\" data-e-type=\"widget\" data-widget_type=\"text-editor.default\">\n\t\t\t\t<div class=\"elementor-widget-container\">\n\t\t\t\t\t\t\t\t\t<h3>Acerca de nuestro curso Moho 101<\/h3>\nEste curso es una inmersi\u00f3n profunda en por qu\u00e9 crece el moho, las se\u00f1ales de advertencia comunes de su desarrollo y las t\u00e9cnicas que debe utilizar para detectarlo. El curso de inspecci\u00f3n de moho es ideal para cualquiera que desee perfeccionar sus conocimientos sobre esta sustancia omnipresente.\n\nEn\u00a0<strong>Molde 101<\/strong>Con este curso, adquirir\u00e1 los conocimientos fundamentales necesarios para realizar inspecciones exhaustivas del moho para los clientes. Aprenda a identificar posibles infestaciones de moho y a reconocer las diferentes especies de hongos. Comprender\u00e1 mejor los riesgos para la salud asociados a las infestaciones de moho y recibir\u00e1 formaci\u00f3n sobre las herramientas que necesitar\u00e1 para llevar a cabo su inspecci\u00f3n. Le ense\u00f1aremos la forma correcta de tomar muestras de moho para su posterior an\u00e1lisis y c\u00f3mo interpretar los resultados que obtenga del laboratorio. Si desea a\u00f1adir las inspecciones de moho a su lista de servicios, no querr\u00e1 perderse esta valiosa oportunidad de aprendizaje.\n\nLos temas incluidos en nuestro curso de certificaci\u00f3n de inspecci\u00f3n de moho incluyen:\n<ul>\n \t<li>Caracter\u00edsticas del moho y los hongos<\/li>\n \t<li>Control de una infestaci\u00f3n de moho<\/li>\n \t<li>Equipamiento y herramientas<\/li>\n \t<li>Pruebas de buenas pr\u00e1cticas<\/li>\n \t<li>Sus obligaciones legales<\/li>\n \t<li>Interpretaci\u00f3n de los resultados de laboratorio<\/li>\n<\/ul>\t\t\t\t\t\t\t\t<\/div>\n\t\t\t\t<\/div>\n\t\t\t\t<div class=\"elementor-element elementor-element-7cdce78 elementor-widget elementor-widget-text-editor\" data-id=\"7cdce78\" data-element_type=\"widget\" data-e-type=\"widget\" data-widget_type=\"text-editor.default\">\n\t\t\t\t<div class=\"elementor-widget-container\">\n\t\t\t\t\t\t\t\t\t<h3>Preguntas frecuentes<\/h3><p><strong>\u00bfPor qu\u00e9 deber\u00eda hacer un curso de certificaci\u00f3n de inspecci\u00f3n de moho?<\/strong><br \/>La humedad suele penetrar en los paneles de yeso de ba\u00f1os, dormitorios y cocinas. Esta humedad conduce inevitablemente a la aparici\u00f3n de moho. Este desaf\u00edo incre\u00edblemente com\u00fan es una mala noticia para los compradores de viviendas, y la mera amenaza de hongos puede inspirar la llamada de un cliente para una inspecci\u00f3n de moho. Aprender sobre el moho es una forma inteligente de invertir en usted mismo y en su floreciente negocio de inspecci\u00f3n de viviendas.<\/p><p><strong>\u00bfCu\u00e1nto cuesta el curso de inspecci\u00f3n de moho de ICA?<\/strong><br \/>Si se ha inscrito en nuestro curso online de inspecci\u00f3n de viviendas, \u00a1el acceso a nuestro curso de inspecci\u00f3n de moho est\u00e1 incluido! Todos los miembros de la ACI reciben este\u00a0<a href=\"https:\/\/icaschool.com\/es\/cursos-adicionales-de-inspeccion\/\">curso extra<\/a>\u00a0en el momento de la inscripci\u00f3n.<\/p><p><strong>\u00bfCu\u00e1nto cobran los inspectores de viviendas por las inspecciones de moho?<\/strong><br \/>La respuesta a esta pregunta var\u00eda en funci\u00f3n de su ubicaci\u00f3n. Muchos inspectores de viviendas cobran un suplemento de $100 por inspecciones de moho cuando realizan una inspecci\u00f3n completa de la vivienda.<\/p>\t\t\t\t\t\t\t\t<\/div>\n\t\t\t\t<\/div>\n\t\t\t\t\t<\/div>\n\t\t\t\t<\/div>\n\t\t\t\t<\/div>","protected":false},"excerpt":{"rendered":"<p>Moho 101 \u00a1Incluido en la matr\u00edcula de cualquier nuevo curso de inspector de viviendas en l\u00ednea o en directo! https:\/\/youtu.be\/oXlSlvnaDfw V\u00eddeo de demostraci\u00f3n del curso de inspecci\u00f3n de moho En mercados saturados, los nuevos inspectores de viviendas necesitan todas las ventajas posibles para superar a sus competidores. Aunque los cursos de formaci\u00f3n en termograf\u00eda no se consideran est\u00e1ndar, cada vez resultan m\u00e1s atractivos para quienes desean destacar...<\/p>","protected":false},"author":88893,"featured_media":0,"parent":0,"menu_order":0,"comment_status":"closed","ping_status":"closed","template":"","meta":{"_angie_page":false,"content-type":"","footnotes":""},"class_list":["post-3367","page","type-page","status-publish","hentry"],"aioseo_notices":[],"jetpack_sharing_enabled":true,"_links":{"self":[{"href":"https:\/\/icaschool.com\/es\/wp-json\/wp\/v2\/pages\/3367","targetHints":{"allow":["GET"]}}],"collection":[{"href":"https:\/\/icaschool.com\/es\/wp-json\/wp\/v2\/pages"}],"about":[{"href":"https:\/\/icaschool.com\/es\/wp-json\/wp\/v2\/types\/page"}],"author":[{"embeddable":true,"href":"https:\/\/icaschool.com\/es\/wp-json\/wp\/v2\/users\/88893"}],"replies":[{"embeddable":true,"href":"https:\/\/icaschool.com\/es\/wp-json\/wp\/v2\/comments?post=3367"}],"version-history":[{"count":3,"href":"https:\/\/icaschool.com\/es\/wp-json\/wp\/v2\/pages\/3367\/revisions"}],"predecessor-version":[{"id":148970,"href":"https:\/\/icaschool.com\/es\/wp-json\/wp\/v2\/pages\/3367\/revisions\/148970"}],"wp:attachment":[{"href":"https:\/\/icaschool.com\/es\/wp-json\/wp\/v2\/media?parent=3367"}],"curies":[{"name":"wp","href":"https:\/\/api.w.org\/{rel}","templated":true}]}}