{"id":43,"date":"2012-06-11T20:36:35","date_gmt":"2012-06-11T20:36:35","guid":{"rendered":"https:\/\/icaschool.hxeycjd4-liquidwebsites.com\/?page_id=43"},"modified":"2025-12-16T12:15:55","modified_gmt":"2025-12-16T18:15:55","slug":"contacto","status":"publish","type":"page","link":"https:\/\/icaschool.com\/es\/contact-us\/","title":{"rendered":"Contacte con Home Inspection Certification Associates"},"content":{"rendered":"\t\t<div data-elementor-type=\"wp-page\" data-elementor-id=\"43\" class=\"elementor elementor-43\" data-elementor-post-type=\"page\">\n\t\t\t\t<div class=\"elementor-element elementor-element-7d831660 e-flex e-con-boxed e-con e-parent\" data-id=\"7d831660\" data-element_type=\"container\" data-e-type=\"container\" data-settings=\"{&quot;background_background&quot;:&quot;classic&quot;}\">\n\t\t\t\t\t<div class=\"e-con-inner\">\n\t\t\t\t<div class=\"elementor-element elementor-element-5c302f6b elementor-widget elementor-widget-text-editor\" data-id=\"5c302f6b\" data-element_type=\"widget\" data-e-type=\"widget\" data-widget_type=\"text-editor.default\">\n\t\t\t\t<div class=\"elementor-widget-container\">\n\t\t\t\t\t\t\t\t\t<p><div class=\"aioseo-breadcrumbs\"><span class=\"aioseo-breadcrumb\">\n\t<a href=\"https:\/\/icaschool.com\/es\" title=\"Home\">Home<\/a>\n<\/span><span class=\"aioseo-breadcrumb-separator\">\u00bb<\/span><span class=\"aioseo-breadcrumb\">\n\tContact Home Inspection Certification Associates\n<\/span><\/div><\/p>\t\t\t\t\t\t\t\t<\/div>\n\t\t\t\t<\/div>\n\t\t<div class=\"elementor-element elementor-element-37a79551 e-flex e-con-boxed e-con e-child\" data-id=\"37a79551\" data-element_type=\"container\" data-e-type=\"container\">\n\t\t\t\t\t<div class=\"e-con-inner\">\n\t\t\t\t<div class=\"elementor-element elementor-element-30e9bbb2 elementor-widget elementor-widget-text-editor\" data-id=\"30e9bbb2\" data-element_type=\"widget\" data-e-type=\"widget\" data-widget_type=\"text-editor.default\">\n\t\t\t\t<div class=\"elementor-widget-container\">\n\t\t\t\t\t\t\t\t\t<h1><span style=\"color: #0064dc;\">Contact <\/span>Us<\/h1>\t\t\t\t\t\t\t\t<\/div>\n\t\t\t\t<\/div>\n\t\t\t\t\t<\/div>\n\t\t\t\t<\/div>\n\t\t\t\t\t<\/div>\n\t\t\t\t<\/div>\n\t\t<div class=\"elementor-element elementor-element-e5c3af3 e-flex e-con-boxed e-con e-parent\" data-id=\"e5c3af3\" data-element_type=\"container\" data-e-type=\"container\">\n\t\t\t\t\t<div class=\"e-con-inner\">\n\t\t<div class=\"elementor-element elementor-element-aa0ab83 e-con-full e-flex e-con e-child\" data-id=\"aa0ab83\" data-element_type=\"container\" data-e-type=\"container\">\n\t\t\t\t<div class=\"elementor-element elementor-element-d7cf212 elementor-widget elementor-widget-text-editor\" data-id=\"d7cf212\" data-element_type=\"widget\" data-e-type=\"widget\" data-widget_type=\"text-editor.default\">\n\t\t\t\t<div class=\"elementor-widget-container\">\n\t\t\t\t\t\t\t\t\t<p>If you need assistance, simply use the contact information below or fill out our request form, and one of our home inspection experts will get in touch with you as soon as possible. \u00a0Whether you are a graduate of our home inspection course, a current student, or a future home inspector, we are here to help.<\/p>\t\t\t\t\t\t\t\t<\/div>\n\t\t\t\t<\/div>\n\t\t\t\t<div class=\"elementor-element elementor-element-99f3cc9 elementor-widget elementor-widget-html\" data-id=\"99f3cc9\" data-element_type=\"widget\" data-e-type=\"widget\" data-widget_type=\"html.default\">\n\t\t\t\t<div class=\"elementor-widget-container\">\n\t\t\t\t\t<!--[if lte IE 8]> <script charset=\"utf-8\" type=\"text\/javascript\" src=\"\/\/js.hsforms.net\/forms\/v2-legacy.js\"><\/script> <![endif]--> <script charset=\"utf-8\" type=\"text\/javascript\" src=\"\/\/js.hsforms.net\/forms\/v2.js\"><\/script> <script> hbspt.forms.create({ region: \"na1\", portalId: \"19531455\", formId: \"fc09ca55-8e53-4122-a917-4fec0e96dd98\" }); <\/script>\t\t\t\t<\/div>\n\t\t\t\t<\/div>\n\t\t\t\t<\/div>\n\t\t<div class=\"elementor-element elementor-element-d20fa13 e-con-full e-flex e-con e-child\" data-id=\"d20fa13\" data-element_type=\"container\" data-e-type=\"container\">\n\t\t\t\t<div class=\"elementor-element elementor-element-a9f1ef5 elementor-widget elementor-widget-image\" data-id=\"a9f1ef5\" data-element_type=\"widget\" data-e-type=\"widget\" data-widget_type=\"image.default\">\n\t\t\t\t<div class=\"elementor-widget-container\">\n\t\t\t\t\t\t\t\t\t\t\t\t\t\t\t<img fetchpriority=\"high\" decoding=\"async\" width=\"800\" height=\"448\" src=\"https:\/\/icaschool.com\/wp-content\/uploads\/2025\/03\/Customer-Service.webp\" class=\"attachment-large size-large wp-image-152686\" alt=\"ICA Support Rep\" srcset=\"https:\/\/icaschool.com\/wp-content\/uploads\/2025\/03\/Customer-Service.webp 800w, https:\/\/icaschool.com\/wp-content\/uploads\/2025\/03\/Customer-Service-300x168.webp 300w, https:\/\/icaschool.com\/wp-content\/uploads\/2025\/03\/Customer-Service-150x84.webp 150w, https:\/\/icaschool.com\/wp-content\/uploads\/2025\/03\/Customer-Service-18x10.webp 18w, https:\/\/icaschool.com\/wp-content\/uploads\/2025\/03\/Customer-Service-600x336.webp 600w\" sizes=\"(max-width: 800px) 100vw, 800px\" title=\"ICA Support Rep | Home Inspection Training &amp; Certification Online\" \/>\t\t\t\t\t\t\t\t\t\t\t\t\t\t\t<\/div>\n\t\t\t\t<\/div>\n\t\t\t\t<div class=\"elementor-element elementor-element-b7d80c3 elementor-widget elementor-widget-text-editor\" data-id=\"b7d80c3\" data-element_type=\"widget\" data-e-type=\"widget\" data-widget_type=\"text-editor.default\">\n\t\t\t\t<div class=\"elementor-widget-container\">\n\t\t\t\t\t\t\t\t\t<p><strong>Admissions Support<\/strong><br \/><a href=\"mailto:admissions@icaschool.com\">admissions@icaschool.com<\/a><br \/>or call\u00a0<a href=\"tel:+18888614410\">888-861-4410<\/a><\/p>\t\t\t\t\t\t\t\t<\/div>\n\t\t\t\t<\/div>\n\t\t\t\t<div class=\"elementor-element elementor-element-ca9e43e elementor-widget elementor-widget-text-editor\" data-id=\"ca9e43e\" data-element_type=\"widget\" data-e-type=\"widget\" data-widget_type=\"text-editor.default\">\n\t\t\t\t<div class=\"elementor-widget-container\">\n\t\t\t\t\t\t\t\t\t<p><strong>Existing Students Support<\/strong><br \/><a href=\"mailto:support@icaschool.com\">support@icaschool.com<\/a><br \/>or call\u00a0<a href=\"tel:+18883914359\">888-391-4359<\/a><\/p>\t\t\t\t\t\t\t\t<\/div>\n\t\t\t\t<\/div>\n\t\t\t\t<div class=\"elementor-element elementor-element-41a2b9d elementor-widget elementor-widget-text-editor\" data-id=\"41a2b9d\" data-element_type=\"widget\" data-e-type=\"widget\" data-widget_type=\"text-editor.default\">\n\t\t\t\t<div class=\"elementor-widget-container\">\n\t\t\t\t\t\t\t\t\t<p><strong>Mailing Address<\/strong><br \/>N16W23217 Stone Ridge Drive<br \/>Suite 290<br \/>Waukesha, WI 53188<\/p>\t\t\t\t\t\t\t\t<\/div>\n\t\t\t\t<\/div>\n\t\t\t\t<\/div>\n\t\t\t\t\t<\/div>\n\t\t\t\t<\/div>\n\t\t<div class=\"elementor-element elementor-element-288e50f e-flex e-con-boxed e-con e-parent\" data-id=\"288e50f\" data-element_type=\"container\" data-e-type=\"container\">\n\t\t\t\t\t<div class=\"e-con-inner\">\n\t\t\t\t<div class=\"elementor-element elementor-element-6ec614c elementor-widget elementor-widget-spacer\" data-id=\"6ec614c\" data-element_type=\"widget\" data-e-type=\"widget\" data-widget_type=\"spacer.default\">\n\t\t\t\t<div class=\"elementor-widget-container\">\n\t\t\t\t\t\t\t<div class=\"elementor-spacer\">\n\t\t\t<div class=\"elementor-spacer-inner\"><\/div>\n\t\t<\/div>\n\t\t\t\t\t\t<\/div>\n\t\t\t\t<\/div>\n\t\t\t\t\t<\/div>\n\t\t\t\t<\/div>\n\t\t<div class=\"elementor-element elementor-element-f13df4b e-flex e-con-boxed e-con e-parent\" data-id=\"f13df4b\" data-element_type=\"container\" data-e-type=\"container\">\n\t\t\t\t\t<div class=\"e-con-inner\">\n\t\t\t\t\t<\/div>\n\t\t\t\t<\/div>\n\t\t\t\t<\/div>\n\t\t","protected":false},"excerpt":{"rendered":"<p>Cont\u00e1ctenos Si necesita ayuda, simplemente utilice la informaci\u00f3n de contacto a continuaci\u00f3n o rellene nuestro formulario de solicitud, y uno de nuestros expertos en inspecci\u00f3n de viviendas se pondr\u00e1 en contacto con usted lo antes posible.  Si usted es un graduado de nuestro curso de inspecci\u00f3n de viviendas, un estudiante actual, o un futuro inspector de viviendas, estamos...<\/p>","protected":false},"author":1,"featured_media":0,"parent":0,"menu_order":0,"comment_status":"closed","ping_status":"closed","template":"","meta":{"content-type":"","footnotes":""},"class_list":["post-43","page","type-page","status-publish","hentry"],"aioseo_notices":[],"jetpack_sharing_enabled":true,"_links":{"self":[{"href":"https:\/\/icaschool.com\/es\/wp-json\/wp\/v2\/pages\/43","targetHints":{"allow":["GET"]}}],"collection":[{"href":"https:\/\/icaschool.com\/es\/wp-json\/wp\/v2\/pages"}],"about":[{"href":"https:\/\/icaschool.com\/es\/wp-json\/wp\/v2\/types\/page"}],"author":[{"embeddable":true,"href":"https:\/\/icaschool.com\/es\/wp-json\/wp\/v2\/users\/1"}],"replies":[{"embeddable":true,"href":"https:\/\/icaschool.com\/es\/wp-json\/wp\/v2\/comments?post=43"}],"version-history":[{"count":3,"href":"https:\/\/icaschool.com\/es\/wp-json\/wp\/v2\/pages\/43\/revisions"}],"predecessor-version":[{"id":166767,"href":"https:\/\/icaschool.com\/es\/wp-json\/wp\/v2\/pages\/43\/revisions\/166767"}],"wp:attachment":[{"href":"https:\/\/icaschool.com\/es\/wp-json\/wp\/v2\/media?parent=43"}],"curies":[{"name":"wp","href":"https:\/\/api.w.org\/{rel}","templated":true}]}}