{"id":4428,"date":"2019-01-23T16:55:25","date_gmt":"2019-01-23T22:55:25","guid":{"rendered":"https:\/\/ica-school.xm0yhtel-liquidwebsites.com\/?page_id=4428"},"modified":"2025-02-21T17:10:16","modified_gmt":"2025-02-21T23:10:16","slug":"curso-de-inspeccion-de-piscinas-y-spas","status":"publish","type":"page","link":"https:\/\/icaschool.com\/es\/swimming-pool-and-spa-inspection-course\/","title":{"rendered":"Curso de inspecci\u00f3n de piscinas y spas"},"content":{"rendered":"<div data-elementor-type=\"wp-page\" data-elementor-id=\"4428\" class=\"elementor elementor-4428\" data-elementor-post-type=\"page\">\n\t\t\t\t<div class=\"elementor-element elementor-element-0fba275 e-flex e-con-boxed e-con e-parent\" data-id=\"0fba275\" data-element_type=\"container\" data-e-type=\"container\" data-settings=\"{&quot;background_background&quot;:&quot;classic&quot;}\">\n\t\t\t\t\t<div class=\"e-con-inner\">\n\t\t\t\t<div class=\"elementor-element elementor-element-bf14bb9 elementor-widget elementor-widget-text-editor\" data-id=\"bf14bb9\" data-element_type=\"widget\" data-e-type=\"widget\" data-widget_type=\"text-editor.default\">\n\t\t\t\t<div class=\"elementor-widget-container\">\n\t\t\t\t\t\t\t\t\t<p><div class=\"aioseo-breadcrumbs\"><span class=\"aioseo-breadcrumb\">\n\t<a href=\"https:\/\/icaschool.com\/es\" title=\"Inicio\">Inicio<\/a>\n<\/span><span class=\"aioseo-breadcrumb-separator\">\"<\/span><span class=\"aioseo-breadcrumb\">\n\tCurso de inspecci\u00f3n de piscinas y spas\n<\/span><\/div><\/p>\t\t\t\t\t\t\t\t<\/div>\n\t\t\t\t<\/div>\n\t\t<div class=\"elementor-element elementor-element-5a0c0fd e-flex e-con-boxed e-con e-child\" data-id=\"5a0c0fd\" data-element_type=\"container\" data-e-type=\"container\">\n\t\t\t\t\t<div class=\"e-con-inner\">\n\t\t\t\t<div class=\"elementor-element elementor-element-20262b8 elementor-widget elementor-widget-text-editor\" data-id=\"20262b8\" data-element_type=\"widget\" data-e-type=\"widget\" data-widget_type=\"text-editor.default\">\n\t\t\t\t<div class=\"elementor-widget-container\">\n\t\t\t\t\t\t\t\t\t<h1><span style=\"color: #0064dc;\">Piscina y spa <\/span>Curso de inspecci\u00f3n<\/h1>\t\t\t\t\t\t\t\t<\/div>\n\t\t\t\t<\/div>\n\t\t\t\t\t<\/div>\n\t\t\t\t<\/div>\n\t\t\t\t\t<\/div>\n\t\t\t\t<\/div>\n\t\t<div class=\"elementor-element elementor-element-3ac56a8 e-flex e-con-boxed e-con e-parent\" data-id=\"3ac56a8\" data-element_type=\"container\" data-e-type=\"container\" data-settings=\"{&quot;background_background&quot;:&quot;classic&quot;}\">\n\t\t\t\t\t<div class=\"e-con-inner\">\n\t\t<div class=\"elementor-element elementor-element-eebfeb9 e-con-full e-flex e-con e-child\" data-id=\"eebfeb9\" data-element_type=\"container\" data-e-type=\"container\">\n\t\t\t\t<div class=\"elementor-element elementor-element-c46e36f elementor-widget__width-initial elementor-widget elementor-widget-text-editor\" data-id=\"c46e36f\" data-element_type=\"widget\" data-e-type=\"widget\" data-widget_type=\"text-editor.default\">\n\t\t\t\t<div class=\"elementor-widget-container\">\n\t\t\t\t\t\t\t\t\t<h3>Incluido en la matr\u00edcula de cualquier nuevo curso de inspector de viviendas en l\u00ednea o en directo.<\/h3>\t\t\t\t\t\t\t\t<\/div>\n\t\t\t\t<\/div>\n\t\t\t\t<\/div>\n\t\t\t\t\t<\/div>\n\t\t\t\t<\/div>\n\t\t<div class=\"elementor-element elementor-element-280363d e-flex e-con-boxed e-con e-parent\" data-id=\"280363d\" data-element_type=\"container\" data-e-type=\"container\">\n\t\t\t\t\t<div class=\"e-con-inner\">\n\t\t<div class=\"elementor-element elementor-element-883e7e9 e-con-full e-flex e-con e-child\" data-id=\"883e7e9\" data-element_type=\"container\" data-e-type=\"container\">\n\t\t<div class=\"elementor-element elementor-element-eff709a e-con-full e-flex e-con e-child\" data-id=\"eff709a\" data-element_type=\"container\" data-e-type=\"container\">\n\t\t\t\t<div class=\"elementor-element elementor-element-8536b72 elementor-widget elementor-widget-text-editor\" data-id=\"8536b72\" data-element_type=\"widget\" data-e-type=\"widget\" data-widget_type=\"text-editor.default\">\n\t\t\t\t<div class=\"elementor-widget-container\">\n\t\t\t\t\t\t\t\t\t<p>No importa d\u00f3nde se encuentre, es muy probable que le llamen para inspeccionar una piscina o un spa en alg\u00fan momento de su carrera como inspector de viviendas. Cuando esto ocurra, se alegrar\u00e1 de haber recibido formaci\u00f3n en inspecci\u00f3n de piscinas con\u00a0<a href=\"https:\/\/icaschool.com\/es\/por-que-ica\/\">Asociados de certificaci\u00f3n de inspecciones<\/a>. Nuestro curso de inspecci\u00f3n de piscinas es una excelente manera de asegurarse de que est\u00e1 preparado para inspeccionar cualquier tipo de vivienda. Mientras que las piscinas y spas pueden ser m\u00e1s comunes en algunas zonas del pa\u00eds como California y Florida, no hay un estado en este pa\u00eds que no los tiene.<\/p><p>En la mayor\u00eda de los casos, las piscinas y los spas van m\u00e1s all\u00e1 de las normas de pr\u00e1ctica aceptadas y del alcance definido de una inspecci\u00f3n de viviendas. Los clientes que compran una vivienda que incluye una piscina o un spa prefieren (y en muchos casos esperan) que su inspector de viviendas realice al menos una inspecci\u00f3n superficial de esos componentes de la vivienda. La piscina o el spa pueden ser un importante factor de motivaci\u00f3n en la decisi\u00f3n del comprador de adquirir esa propiedad, y cuanto m\u00e1s importante sea la piscina para el cliente, m\u00e1s probable ser\u00e1 que desee informaci\u00f3n sobre el estado de la piscina.<\/p>\t\t\t\t\t\t\t\t<\/div>\n\t\t\t\t<\/div>\n\t\t\t\t<\/div>\n\t\t\t\t<\/div>\n\t\t\t\t\t<\/div>\n\t\t\t\t<\/div>\n\t\t<div class=\"elementor-element elementor-element-e99a9ee e-flex e-con-boxed e-con e-parent\" data-id=\"e99a9ee\" data-element_type=\"container\" data-e-type=\"container\" data-settings=\"{&quot;background_background&quot;:&quot;classic&quot;}\">\n\t\t\t\t\t<div class=\"e-con-inner\">\n\t\t<div class=\"elementor-element elementor-element-2daf7ba e-con-full e-flex e-con e-child\" data-id=\"2daf7ba\" data-element_type=\"container\" data-e-type=\"container\">\n\t\t<div class=\"elementor-element elementor-element-77f6072 e-con-full e-flex e-con e-child\" data-id=\"77f6072\" data-element_type=\"container\" data-e-type=\"container\">\n\t\t\t\t<div class=\"elementor-element elementor-element-cb3a652 elementor-widget__width-initial elementor-widget elementor-widget-video\" data-id=\"cb3a652\" data-element_type=\"widget\" data-e-type=\"widget\" data-settings=\"{&quot;youtube_url&quot;:&quot;https:\\\/\\\/youtu.be\\\/Ph7RkxyZjeM?&quot;,&quot;video_type&quot;:&quot;youtube&quot;,&quot;controls&quot;:&quot;yes&quot;}\" data-widget_type=\"video.default\">\n\t\t\t\t<div class=\"elementor-widget-container\">\n\t\t\t\t\t\t\t<div class=\"elementor-wrapper elementor-open-inline\">\n\t\t\t<div class=\"elementor-video\"><\/div>\t\t<\/div>\n\t\t\t\t\t\t<\/div>\n\t\t\t\t<\/div>\n\t\t\t\t<div class=\"elementor-element elementor-element-db4beac elementor-widget elementor-widget-text-editor\" data-id=\"db4beac\" data-element_type=\"widget\" data-e-type=\"widget\" data-widget_type=\"text-editor.default\">\n\t\t\t\t<div class=\"elementor-widget-container\">\n\t\t\t\t\t\t\t\t\t<p>V\u00eddeo de demostraci\u00f3n del curso de inspecci\u00f3n de piscinas y spas<\/p>\t\t\t\t\t\t\t\t<\/div>\n\t\t\t\t<\/div>\n\t\t\t\t<\/div>\n\t\t<div class=\"elementor-element elementor-element-36b7e04 e-con-full e-flex e-con e-child\" data-id=\"36b7e04\" data-element_type=\"container\" data-e-type=\"container\">\n\t\t\t\t<div class=\"elementor-element elementor-element-6d08ed0 elementor-widget elementor-widget-text-editor\" data-id=\"6d08ed0\" data-element_type=\"widget\" data-e-type=\"widget\" data-widget_type=\"text-editor.default\">\n\t\t\t\t<div class=\"elementor-widget-container\">\n\t\t\t\t\t\t\t\t\t<p>Aunque se podr\u00eda pensar que inspeccionar una piscina es bastante sencillo, hacerlo sin la formaci\u00f3n adecuada puede ser arriesgado. Los dise\u00f1os de piscinas y spas var\u00edan mucho y, sin una formaci\u00f3n exhaustiva sobre el tema, podr\u00eda pasar por alto un defecto o una caracter\u00edstica de seguridad importante. Afortunadamente, el curso de inspecci\u00f3n de piscinas de ICA le ofrece una introducci\u00f3n completa a las normas, pol\u00edticas y mejores pr\u00e1cticas del sector. No importa su formaci\u00f3n o nivel de experiencia, nuestra clase le prepara para cualquier cosa. Al finalizar, estar\u00e1 preparado para inspeccionar cualquier piscina o spa que encuentre.<\/p>\t\t\t\t\t\t\t\t<\/div>\n\t\t\t\t<\/div>\n\t\t\t\t<\/div>\n\t\t\t\t<\/div>\n\t\t\t\t\t<\/div>\n\t\t\t\t<\/div>\n\t\t<div class=\"elementor-element elementor-element-9c1fde6 e-flex e-con-boxed e-con e-parent\" data-id=\"9c1fde6\" data-element_type=\"container\" data-e-type=\"container\">\n\t\t\t\t\t<div class=\"e-con-inner\">\n\t\t\t\t<div class=\"elementor-element elementor-element-e69d626 elementor-widget elementor-widget-text-editor\" data-id=\"e69d626\" data-element_type=\"widget\" data-e-type=\"widget\" data-widget_type=\"text-editor.default\">\n\t\t\t\t<div class=\"elementor-widget-container\">\n\t\t\t\t\t\t\t\t\t<h3>Inscr\u00edbase en el curso de inspecci\u00f3n de piscinas de la ACI<\/h3><p>Nuestro curso de inspecci\u00f3n de piscinas est\u00e1 dise\u00f1ado para ense\u00f1ar a los inspectores de viviendas lo que necesitan saber para realizar inspecciones de piscinas y spas como parte de una inspecci\u00f3n t\u00edpica de viviendas. Los estudiantes aprender\u00e1n acerca de los componentes vitales de la piscina, tales como bombas, calentadores y filtros. Tambi\u00e9n cubrimos las normas de seguridad tales como vallas, cerraduras, cubiertas y cristales de seguridad. Lo m\u00e1s importante es que aprender\u00e1 a informar sobre cuestiones de seguridad de la piscina y educar a sus clientes sobre el estado de su piscina o spa y cualquier defecto asociado con ellos.<\/p><p>Los cursos de ICA est\u00e1n dirigidos por l\u00edderes del sector que se mantienen al d\u00eda de la evoluci\u00f3n de las normas y las mejores pr\u00e1cticas asociadas a los requisitos de certificaci\u00f3n de inspecci\u00f3n de piscinas y spas. Debido a que nuestra formaci\u00f3n en inspecci\u00f3n de piscinas est\u00e1 disponible en l\u00ednea, los estudiantes pueden acceder r\u00e1pida y f\u00e1cilmente a los materiales del curso en cualquier momento del d\u00eda o de la noche. \u00a1Nunca ha habido una manera m\u00e1s conveniente - o asequible - para ampliar sus conocimientos de inspecci\u00f3n de viviendas!<\/p>\t\t\t\t\t\t\t\t<\/div>\n\t\t\t\t<\/div>\n\t\t\t\t<div class=\"elementor-element elementor-element-d48ce28 elementor-widget elementor-widget-text-editor\" data-id=\"d48ce28\" data-element_type=\"widget\" data-e-type=\"widget\" data-widget_type=\"text-editor.default\">\n\t\t\t\t<div class=\"elementor-widget-container\">\n\t\t\t\t\t\t\t\t\t<h3>Temas tratados en el curso de inspecci\u00f3n de piscinas de ICA<\/h3><p>Al inscribirse en el curso en l\u00ednea de la ACI\u00a0<a href=\"https:\/\/icaschool.com\/es\/formacion\/\">Curso de inspecci\u00f3n de viviendas<\/a>obtendr\u00e1 acceso instant\u00e1neo a nuestra formaci\u00f3n en inspecci\u00f3n de piscinas. Esta clase cubre los fundamentos de la inspecci\u00f3n de piscinas y spas, incluyendo instrucciones detalladas sobre c\u00f3mo inspeccionar cubiertas, revestimientos, fontaner\u00eda, sistemas el\u00e9ctricos, sistemas mec\u00e1nicos y m\u00e1s. Cubriendo tanto las directrices federales de seguridad asociadas con las mejores pr\u00e1cticas de inspecci\u00f3n de piscinas, nuestro curso le ense\u00f1ar\u00e1 a reconocer los defectos y reportar sus hallazgos a los clientes.<\/p><p>Los temas tratados en nuestro curso de inspecci\u00f3n de piscinas incluyen:<\/p><ul><li>Directrices sobre barreras para spas y piscinas<\/li><li>Peligros para la seguridad<\/li><li>Circulaci\u00f3n de piscinas y spas<\/li><li>Sistemas de calefacci\u00f3n de spas<\/li><li>Filtros<\/li><li>Circulaci\u00f3n de la bomba<\/li><li>Sistemas el\u00e9ctricos<\/li><li>C\u00f3mo inspeccionar el revestimiento, la cumbrera, el nivel de agua y las cubiertas<\/li><li>Dispositivos de seguridad para prevenir ahogamientos<\/li><\/ul>\t\t\t\t\t\t\t\t<\/div>\n\t\t\t\t<\/div>\n\t\t\t\t<div class=\"elementor-element elementor-element-a1c4205 elementor-widget elementor-widget-text-editor\" data-id=\"a1c4205\" data-element_type=\"widget\" data-e-type=\"widget\" data-widget_type=\"text-editor.default\">\n\t\t\t\t<div class=\"elementor-widget-container\">\n\t\t\t\t\t\t\t\t\t<h3>Las ventajas de las clases de ACI<\/h3><p>La formaci\u00f3n en inspecci\u00f3n de piscinas es imprescindible para cualquiera que espere inspeccionar de forma rutinaria viviendas para clientes. La clase est\u00e1 incluida para los estudiantes que se inscriban en nuestra\u00a0<a href=\"https:\/\/icaschool.com\/es\/formacion\/\">curso online de inspecci\u00f3n de viviendas<\/a>\u00a0o cualquiera de nuestros\u00a0<a href=\"https:\/\/icaschool.com\/es\/formacion-presencial-sobre-el-terreno\/\">cursos presenciales de formaci\u00f3n en inspecci\u00f3n de viviendas<\/a>. La inscripci\u00f3n es f\u00e1cil, y se puede hacer con unos pocos datos y clics del rat\u00f3n. No s\u00f3lo obtendr\u00e1 acceso a nuestro curso de inspecci\u00f3n de piscinas, sino que tendr\u00e1 toda la biblioteca de recursos de la ACI al alcance de la mano.<\/p><p>Una vez registrado, puede sumergirse de lleno en la formaci\u00f3n. Debido a que nuestras clases en l\u00ednea son a su propio ritmo y de f\u00e1cil digesti\u00f3n, puede determinar la velocidad a la que completa cada curso. En muchos casos, las personas con poca o ninguna experiencia en la construcci\u00f3n pueden convertirse en inspectores de viviendas certificados en cuesti\u00f3n de semanas. Con profesores cualificados para ayudarle a trav\u00e9s del material, no hay l\u00edmite a la rapidez con que puede terminar la clase.<\/p><p>La flexibilidad es la principal ventaja de nuestro\u00a0<a href=\"https:\/\/icaschool.com\/es\/formacion-presencial-sobre-el-terreno\/\">cursos de inspecci\u00f3n de viviendas<\/a>. La formaci\u00f3n presencial suele requerir que asista a clase en un lugar y a una hora determinados. Con ICA, \u00a1el mundo es su aula! Siempre que tenga una conexi\u00f3n a Internet, puede empezar a aprender todo lo que hay que saber sobre la certificaci\u00f3n de inspecci\u00f3n de piscinas y spas. \u00bfQuieres dominar los fundamentos de la inspecci\u00f3n de viviendas antes de graduarse a nuestra\u00a0<a href=\"https:\/\/icaschool.com\/es\/cursos-adicionales-de-inspeccion\/\">material extra<\/a>? No hay problema. Nos enorgullecemos de nuestra comodidad sin sacrificar la calidad. Con la afiliaci\u00f3n de por vida a la ACI, puede volver a nuestro material cada vez que desee ampliar sus conocimientos o refrescar la memoria.<\/p><p>\u00bfYa ha recibido formaci\u00f3n certificada de inspector de viviendas pero desea acceder a la formaci\u00f3n de inspector de piscinas? No hay problema. ICA es reconocido como un l\u00edder en la industria de la inspecci\u00f3n, con profesionales que regresan a nuestro sitio para los esfuerzos de educaci\u00f3n continua a lo largo de su carrera. Las personas no inscritas en nuestro curso de inspecci\u00f3n de viviendas pueden inscribirse en el curso de inspecci\u00f3n de piscinas y spas por separado por $100 llam\u00e1ndonos al\u00a0<a href=\"tel:888-857-4307\">888-857-4307<\/a>.<\/p>\t\t\t\t\t\t\t\t<\/div>\n\t\t\t\t<\/div>\n\t\t\t\t<div class=\"elementor-element elementor-element-0f0b268 elementor-widget elementor-widget-text-editor\" data-id=\"0f0b268\" data-element_type=\"widget\" data-e-type=\"widget\" data-widget_type=\"text-editor.default\">\n\t\t\t\t<div class=\"elementor-widget-container\">\n\t\t\t\t\t\t\t\t\t<h3>Preguntas frecuentes sobre el curso de inspecci\u00f3n de piscinas y spas<\/h3><p><strong>\u00bfPor qu\u00e9 deber\u00eda tomar el curso de formaci\u00f3n de inspecci\u00f3n de piscinas de ICA?<\/strong><br \/>Nadie quiere comprar una casa con piscina o spa sin conocer antes su estado. Los compradores estar\u00e1n ansiosos por contratar a un inspector de viviendas con las habilidades y la experiencia necesarias para inspeccionar todos los aspectos de la propiedad. Si sigue nuestro curso, estar\u00e1 m\u00e1s preparado para atender a sus clientes.<\/p><p>Como todas las ofertas de ICA, nuestro curso de formaci\u00f3n en inspecci\u00f3n de piscinas est\u00e1 dirigido por instructores experimentados con d\u00e9cadas de inspecciones a sus espaldas. Apasionados por su sector, estos profesores son lo que diferencia a ICA de nuestros competidores.<\/p><p><strong>\u00bfCu\u00e1nto suelen costar las clases de inspecci\u00f3n de piscinas?<\/strong><br \/>La formaci\u00f3n en inspecci\u00f3n de piscinas suele costar cientos de d\u00f3lares. En ICA, usted tendr\u00e1 acceso a horas de material extra - junto con nuestro curso de inspecci\u00f3n de piscinas - incluido con la inscripci\u00f3n en nuestra clase de inspecci\u00f3n de viviendas en l\u00ednea.<\/p><p><strong>\u00bfCu\u00e1nto cobran los inspectores de viviendas por inspeccionar piscinas y spas?<\/strong><br \/>Los precios var\u00edan seg\u00fan el lugar, pero a\u00f1adir una inspecci\u00f3n de la piscina a un informe completo de inspecci\u00f3n de la vivienda puede costar m\u00e1s de $100.<\/p><p><strong>\u00bfCu\u00e1ndo comienza el pr\u00f3ximo curso de inspecci\u00f3n de piscinas de la ACI?<\/strong><br \/>Nuestros cursos de bonificaci\u00f3n son autodid\u00e1cticos. Empiece cuando m\u00e1s le convenga.<\/p>\t\t\t\t\t\t\t\t<\/div>\n\t\t\t\t<\/div>\n\t\t\t\t\t<\/div>\n\t\t\t\t<\/div>\n\t\t\t\t<\/div>","protected":false},"excerpt":{"rendered":"<p>Curso de inspecci\u00f3n de piscinas y spas \u00a1Incluido en la matr\u00edcula de cualquier nuevo curso de inspector de viviendas online o presencial! No importa d\u00f3nde se encuentre, es muy probable que le llamen para inspeccionar una piscina o un spa en alg\u00fan momento de su carrera como inspector de viviendas. Cuando se producen, se le alegra que fue a trav\u00e9s de la piscina ...<\/p>","protected":false},"author":88893,"featured_media":0,"parent":0,"menu_order":0,"comment_status":"closed","ping_status":"closed","template":"","meta":{"_angie_page":false,"content-type":"","footnotes":""},"class_list":["post-4428","page","type-page","status-publish","hentry"],"aioseo_notices":[],"jetpack_sharing_enabled":true,"_links":{"self":[{"href":"https:\/\/icaschool.com\/es\/wp-json\/wp\/v2\/pages\/4428","targetHints":{"allow":["GET"]}}],"collection":[{"href":"https:\/\/icaschool.com\/es\/wp-json\/wp\/v2\/pages"}],"about":[{"href":"https:\/\/icaschool.com\/es\/wp-json\/wp\/v2\/types\/page"}],"author":[{"embeddable":true,"href":"https:\/\/icaschool.com\/es\/wp-json\/wp\/v2\/users\/88893"}],"replies":[{"embeddable":true,"href":"https:\/\/icaschool.com\/es\/wp-json\/wp\/v2\/comments?post=4428"}],"version-history":[{"count":3,"href":"https:\/\/icaschool.com\/es\/wp-json\/wp\/v2\/pages\/4428\/revisions"}],"predecessor-version":[{"id":149047,"href":"https:\/\/icaschool.com\/es\/wp-json\/wp\/v2\/pages\/4428\/revisions\/149047"}],"wp:attachment":[{"href":"https:\/\/icaschool.com\/es\/wp-json\/wp\/v2\/media?parent=4428"}],"curies":[{"name":"wp","href":"https:\/\/api.w.org\/{rel}","templated":true}]}}