{"id":4431,"date":"2019-01-23T17:03:33","date_gmt":"2019-01-23T23:03:33","guid":{"rendered":"https:\/\/ica-school.xm0yhtel-liquidwebsites.com\/?page_id=4431"},"modified":"2025-02-21T18:17:39","modified_gmt":"2025-02-22T00:17:39","slug":"curso-de-inspeccion-de-sistemas-de-riego-y-aspersion","status":"publish","type":"page","link":"https:\/\/icaschool.com\/es\/irrigation-and-sprinkler-system-inspection-course\/","title":{"rendered":"Curso de inspecci\u00f3n de sistemas de riego y aspersi\u00f3n"},"content":{"rendered":"<div data-elementor-type=\"wp-page\" data-elementor-id=\"4431\" class=\"elementor elementor-4431\" data-elementor-post-type=\"page\">\n\t\t\t\t<div class=\"elementor-element elementor-element-e3e9a34 e-flex e-con-boxed e-con e-parent\" data-id=\"e3e9a34\" data-element_type=\"container\" data-e-type=\"container\" data-settings=\"{&quot;background_background&quot;:&quot;classic&quot;}\">\n\t\t\t\t\t<div class=\"e-con-inner\">\n\t\t\t\t<div class=\"elementor-element elementor-element-44a1f93 elementor-widget elementor-widget-text-editor\" data-id=\"44a1f93\" data-element_type=\"widget\" data-e-type=\"widget\" data-widget_type=\"text-editor.default\">\n\t\t\t\t<div class=\"elementor-widget-container\">\n\t\t\t\t\t\t\t\t\t<p><div class=\"aioseo-breadcrumbs\"><span class=\"aioseo-breadcrumb\">\n\tInicio\n<\/span><\/div><\/p>\t\t\t\t\t\t\t\t<\/div>\n\t\t\t\t<\/div>\n\t\t<div class=\"elementor-element elementor-element-c72284c e-con-full e-flex e-con e-child\" data-id=\"c72284c\" data-element_type=\"container\" data-e-type=\"container\">\n\t\t\t\t<div class=\"elementor-element elementor-element-3707156 elementor-widget elementor-widget-text-editor\" data-id=\"3707156\" data-element_type=\"widget\" data-e-type=\"widget\" data-widget_type=\"text-editor.default\">\n\t\t\t\t<div class=\"elementor-widget-container\">\n\t\t\t\t\t\t\t\t\t<h1><span style=\"color: #0064dc;\">Sistema de riego y aspersi\u00f3n <\/span>Curso de inspecci\u00f3n<\/h1>\t\t\t\t\t\t\t\t<\/div>\n\t\t\t\t<\/div>\n\t\t\t\t<\/div>\n\t\t\t\t\t<\/div>\n\t\t\t\t<\/div>\n\t\t<div class=\"elementor-element elementor-element-900f82c e-flex e-con-boxed e-con e-parent\" data-id=\"900f82c\" data-element_type=\"container\" data-e-type=\"container\" data-settings=\"{&quot;background_background&quot;:&quot;classic&quot;}\">\n\t\t\t\t\t<div class=\"e-con-inner\">\n\t\t\t\t<div class=\"elementor-element elementor-element-7c612e9 elementor-widget elementor-widget-text-editor\" data-id=\"7c612e9\" data-element_type=\"widget\" data-e-type=\"widget\" data-widget_type=\"text-editor.default\">\n\t\t\t\t<div class=\"elementor-widget-container\">\n\t\t\t\t\t\t\t\t\t<h3>Incluido en la matr\u00edcula de cualquier nuevo curso de inspector de viviendas en l\u00ednea o en directo.<\/h3>\t\t\t\t\t\t\t\t<\/div>\n\t\t\t\t<\/div>\n\t\t\t\t\t<\/div>\n\t\t\t\t<\/div>\n\t\t<div class=\"elementor-element elementor-element-c7ac07b e-flex e-con-boxed e-con e-parent\" data-id=\"c7ac07b\" data-element_type=\"container\" data-e-type=\"container\">\n\t\t\t\t\t<div class=\"e-con-inner\">\n\t\t<div class=\"elementor-element elementor-element-acc081f e-con-full e-flex e-con e-child\" data-id=\"acc081f\" data-element_type=\"container\" data-e-type=\"container\">\n\t\t\t\t<div class=\"elementor-element elementor-element-f8d5c40 elementor-widget__width-initial elementor-widget elementor-widget-video\" data-id=\"f8d5c40\" data-element_type=\"widget\" data-e-type=\"widget\" data-settings=\"{&quot;youtube_url&quot;:&quot;https:\\\/\\\/youtu.be\\\/ts46MwDzOVo?&quot;,&quot;video_type&quot;:&quot;youtube&quot;,&quot;controls&quot;:&quot;yes&quot;}\" data-widget_type=\"video.default\">\n\t\t\t\t<div class=\"elementor-widget-container\">\n\t\t\t\t\t\t\t<div class=\"elementor-wrapper elementor-open-inline\">\n\t\t\t<div class=\"elementor-video\"><\/div>\t\t<\/div>\n\t\t\t\t\t\t<\/div>\n\t\t\t\t<\/div>\n\t\t\t\t<div class=\"elementor-element elementor-element-e85762b elementor-widget elementor-widget-text-editor\" data-id=\"e85762b\" data-element_type=\"widget\" data-e-type=\"widget\" data-widget_type=\"text-editor.default\">\n\t\t\t\t<div class=\"elementor-widget-container\">\n\t\t\t\t\t\t\t\t\t<p>V\u00eddeo de demostraci\u00f3n del curso de inspecci\u00f3n de sistemas de riego y aspersi\u00f3n<\/p>\t\t\t\t\t\t\t\t<\/div>\n\t\t\t\t<\/div>\n\t\t\t\t<\/div>\n\t\t<div class=\"elementor-element elementor-element-8f4af6e e-con-full e-flex e-con e-child\" data-id=\"8f4af6e\" data-element_type=\"container\" data-e-type=\"container\">\n\t\t\t\t<div class=\"elementor-element elementor-element-f7d5828 elementor-widget elementor-widget-text-editor\" data-id=\"f7d5828\" data-element_type=\"widget\" data-e-type=\"widget\" data-widget_type=\"text-editor.default\">\n\t\t\t\t<div class=\"elementor-widget-container\">\n\t\t\t\t\t\t\t\t\t<p>Los c\u00e9spedes residenciales exigen mucha atenci\u00f3n, y los propietarios hacen todo lo posible para asegurarse de que su hierba est\u00e9 siempre verde. Los aspirantes a inspectores de viviendas ganar\u00e1n mucho dinero cuando sus inspecciones incluyan un examen exhaustivo de los sistemas de riego y aspersi\u00f3n de las propiedades de los clientes. Nuestra clase de riego se desarroll\u00f3 para ense\u00f1ar a los inspectores de viviendas a inspeccionar los sistemas de riego y aspersi\u00f3n del c\u00e9sped como parte del proceso general de inspecci\u00f3n de viviendas. Aquellos que completen las clases de formaci\u00f3n de riego aprender\u00e1n acerca de los componentes cr\u00edticos de los sistemas de riego de c\u00e9sped y c\u00f3mo informar sobre el estado de dichos componentes.<\/p><p>Los sistemas de riego y aspersi\u00f3n suelen quedar fuera de las normas de pr\u00e1ctica de la inspecci\u00f3n de viviendas media. Dicho esto, hay preguntas en el Examen Nacional de Inspectores de Viviendas que tratan de los sistemas de aspersi\u00f3n. Los cursos de formaci\u00f3n sobre riego pueden prepararle para cualquier pregunta que pueda encontrar en el examen. Adem\u00e1s, tendr\u00e1 clientes de inspecci\u00f3n de viviendas que le har\u00e1n preguntas sobre el funcionamiento de sus sistemas de riego y aspersi\u00f3n, por lo que es una buena idea tener un conocimiento pr\u00e1ctico de estos sistemas. Los cursos de formaci\u00f3n en riego en l\u00ednea son una forma f\u00e1cil y asequible de familiarizarse con estos conceptos.<\/p>\t\t\t\t\t\t\t\t<\/div>\n\t\t\t\t<\/div>\n\t\t\t\t<\/div>\n\t\t\t\t\t<\/div>\n\t\t\t\t<\/div>\n\t\t<div class=\"elementor-element elementor-element-3aedde4 e-flex e-con-boxed e-con e-parent\" data-id=\"3aedde4\" data-element_type=\"container\" data-e-type=\"container\" data-settings=\"{&quot;background_background&quot;:&quot;classic&quot;}\">\n\t\t\t\t\t<div class=\"e-con-inner\">\n\t\t\t\t<div class=\"elementor-element elementor-element-55cc9c4 elementor-widget elementor-widget-text-editor\" data-id=\"55cc9c4\" data-element_type=\"widget\" data-e-type=\"widget\" data-widget_type=\"text-editor.default\">\n\t\t\t\t<div class=\"elementor-widget-container\">\n\t\t\t\t\t\t\t\t\t<h3>C\u00f3mo funciona nuestra formaci\u00f3n<\/h3><p>Para impartir nuestros cursos de formaci\u00f3n sobre rociadores contamos con l\u00edderes de opini\u00f3n del sector. Experimentados y respetados en sus campos de especialidad, estos educadores aportan estrategias y t\u00e9cnicas del mundo real al aula virtual. Dado que conocen bien los consejos, trucos y herramientas del oficio, nuestros profesores ofrecen una visi\u00f3n \u00fanica de los entresijos de la clase de riego. Al mantenerse al d\u00eda de los cambios en las normas y las mejores pr\u00e1cticas, los profesores proporcionan una perspectiva autorizada que los inspectores nuevos y experimentados pueden apreciar.<\/p><p>Los estudiantes que completen nuestro curso de Inspecci\u00f3n de Sistemas de Riego y Aspersores aprender\u00e1n acerca de la funcionalidad de los sistemas de riego de c\u00e9sped m\u00e1s comunes junto con la forma de identificar defectos en esos sistemas. Comprender los diversos componentes de un sistema de este tipo es fundamental para realizar inspecciones minuciosas. Con nuestras clases de formaci\u00f3n en riego, podr\u00e1 alertar r\u00e1pida y f\u00e1cilmente a los propietarios de viviendas sobre posibles problemas.<\/p>\t\t\t\t\t\t\t\t<\/div>\n\t\t\t\t<\/div>\n\t\t\t\t<div class=\"elementor-element elementor-element-9591a4b elementor-widget elementor-widget-text-editor\" data-id=\"9591a4b\" data-element_type=\"widget\" data-e-type=\"widget\" data-widget_type=\"text-editor.default\">\n\t\t\t\t<div class=\"elementor-widget-container\">\n\t\t\t\t\t\t\t\t\t<h3>\u00bfPor qu\u00e9 registrarse en la ACI?<\/h3><p>El desarrollo profesional se considera con demasiada frecuencia un mal necesario. Para los apasionados de la inspecci\u00f3n de viviendas, tomarse tiempo libre para participar en una clase de riego puede resultar dif\u00edcil. Afortunadamente,\u00a0<a href=\"https:\/\/icaschool.com\/es\/formacion\/\">nuestros cursos est\u00e1n disponibles en l\u00ednea<\/a>\u00a0para terminar a cualquier hora del d\u00eda o de la noche. En lugar de faltar al trabajo para terminar la clase, puede relajarse y aprender desde la comodidad de su sal\u00f3n. Tanto si aprende mejor por la noche, los fines de semana o a primera hora de la ma\u00f1ana, nuestras clases son una forma asequible y f\u00e1cil de aprender.<\/p><p>El Curso de Inspecci\u00f3n de Sistemas de Riego y Aspersores est\u00e1 incluido para estudiantes que\u00a0<a href=\"https:\/\/icaschool.com\/es\/formulario-de-pedido\/\">inscr\u00edbase en\u00a0<\/a>en nuestro curso online de inspecci\u00f3n de viviendas o en cualquiera de nuestros cursos presenciales de formaci\u00f3n en inspecci\u00f3n de viviendas. Las personas no inscritas en nuestro curso de inspecci\u00f3n de viviendas pueden adquirir el curso de inspecci\u00f3n de sistemas de riego y aspersi\u00f3n por separado por $100 llam\u00e1ndonos al\u00a0<a href=\"tel:888-857-4307\">888-857-4307<\/a>.<\/p>\t\t\t\t\t\t\t\t<\/div>\n\t\t\t\t<\/div>\n\t\t\t\t\t<\/div>\n\t\t\t\t<\/div>\n\t\t\t\t<\/div>","protected":false},"excerpt":{"rendered":"<p>Curso de Inspecci\u00f3n de Sistemas de Riego y Aspersores \u00a1Incluido en la matr\u00edcula de cualquier nuevo curso de inspector de viviendas en l\u00ednea o en directo! https:\/\/youtu.be\/ts46MwDzOVo? Curso de Demostraci\u00f3n de Inspecci\u00f3n de Sistemas de Riego y Aspersores Los c\u00e9spedes residenciales exigen mucha atenci\u00f3n, y los propietarios de viviendas ir\u00e1n m\u00e1s all\u00e1 para asegurarse de que su hierba est\u00e9 siempre verde. Los aspirantes a inspectores de viviendas...<\/p>","protected":false},"author":88893,"featured_media":0,"parent":0,"menu_order":0,"comment_status":"closed","ping_status":"closed","template":"","meta":{"_angie_page":false,"content-type":"","footnotes":""},"class_list":["post-4431","page","type-page","status-publish","hentry"],"aioseo_notices":[],"jetpack_sharing_enabled":true,"_links":{"self":[{"href":"https:\/\/icaschool.com\/es\/wp-json\/wp\/v2\/pages\/4431","targetHints":{"allow":["GET"]}}],"collection":[{"href":"https:\/\/icaschool.com\/es\/wp-json\/wp\/v2\/pages"}],"about":[{"href":"https:\/\/icaschool.com\/es\/wp-json\/wp\/v2\/types\/page"}],"author":[{"embeddable":true,"href":"https:\/\/icaschool.com\/es\/wp-json\/wp\/v2\/users\/88893"}],"replies":[{"embeddable":true,"href":"https:\/\/icaschool.com\/es\/wp-json\/wp\/v2\/comments?post=4431"}],"version-history":[{"count":3,"href":"https:\/\/icaschool.com\/es\/wp-json\/wp\/v2\/pages\/4431\/revisions"}],"predecessor-version":[{"id":149051,"href":"https:\/\/icaschool.com\/es\/wp-json\/wp\/v2\/pages\/4431\/revisions\/149051"}],"wp:attachment":[{"href":"https:\/\/icaschool.com\/es\/wp-json\/wp\/v2\/media?parent=4431"}],"curies":[{"name":"wp","href":"https:\/\/api.w.org\/{rel}","templated":true}]}}