{"id":4435,"date":"2019-01-23T17:08:42","date_gmt":"2019-01-23T23:08:42","guid":{"rendered":"https:\/\/ica-school.xm0yhtel-liquidwebsites.com\/?page_id=4435"},"modified":"2025-04-15T10:35:07","modified_gmt":"2025-04-15T15:35:07","slug":"cursos-adicionales-de-inspeccion","status":"publish","type":"page","link":"https:\/\/icaschool.com\/es\/bonus-inspection-courses\/","title":{"rendered":"Cursos adicionales de inspecci\u00f3n de viviendas"},"content":{"rendered":"<div data-elementor-type=\"wp-page\" data-elementor-id=\"4435\" class=\"elementor elementor-4435\" data-elementor-post-type=\"page\">\n\t\t\t\t<div class=\"elementor-element elementor-element-40326d9 e-flex e-con-boxed e-con e-parent\" data-id=\"40326d9\" data-element_type=\"container\" data-e-type=\"container\" data-settings=\"{&quot;background_background&quot;:&quot;classic&quot;}\">\n\t\t\t\t\t<div class=\"e-con-inner\">\n\t\t\t\t<div class=\"elementor-element elementor-element-f1f0929 elementor-widget elementor-widget-text-editor\" data-id=\"f1f0929\" data-element_type=\"widget\" data-e-type=\"widget\" data-widget_type=\"text-editor.default\">\n\t\t\t\t<div class=\"elementor-widget-container\">\n\t\t\t\t\t\t\t\t\t<p><div class=\"aioseo-breadcrumbs\"><span class=\"aioseo-breadcrumb\">\n\tInicio\n<\/span><\/div><\/p>\t\t\t\t\t\t\t\t<\/div>\n\t\t\t\t<\/div>\n\t\t<div class=\"elementor-element elementor-element-2385c52 e-con-full e-flex e-con e-child\" data-id=\"2385c52\" data-element_type=\"container\" data-e-type=\"container\">\n\t\t\t\t<div class=\"elementor-element elementor-element-a61ec8e elementor-widget elementor-widget-text-editor\" data-id=\"a61ec8e\" data-element_type=\"widget\" data-e-type=\"widget\" data-widget_type=\"text-editor.default\">\n\t\t\t\t<div class=\"elementor-widget-container\">\n\t\t\t\t\t\t\t\t\t<h1><span style=\"color: #0064dc;\">Bonificaci\u00f3n por vivienda<\/span> Cursos de inspecci\u00f3n<\/h1>\t\t\t\t\t\t\t\t<\/div>\n\t\t\t\t<\/div>\n\t\t\t\t<\/div>\n\t\t\t\t\t<\/div>\n\t\t\t\t<\/div>\n\t\t<div class=\"elementor-element elementor-element-3a5a4bf e-flex e-con-boxed e-con e-parent\" data-id=\"3a5a4bf\" data-element_type=\"container\" data-e-type=\"container\">\n\t\t\t\t\t<div class=\"e-con-inner\">\n\t\t\t\t<div class=\"elementor-element elementor-element-433df1a elementor-widget elementor-widget-heading\" data-id=\"433df1a\" data-element_type=\"widget\" data-e-type=\"widget\" data-widget_type=\"heading.default\">\n\t\t\t\t<div class=\"elementor-widget-container\">\n\t\t\t\t\t<h2 class=\"elementor-heading-title elementor-size-default\">Cursos de formaci\u00f3n especializada en inspecci\u00f3n de viviendas<\/h2>\t\t\t\t<\/div>\n\t\t\t\t<\/div>\n\t\t\t\t<div class=\"elementor-element elementor-element-9baeca8 elementor-widget elementor-widget-text-editor\" data-id=\"9baeca8\" data-element_type=\"widget\" data-e-type=\"widget\" data-widget_type=\"text-editor.default\">\n\t\t\t\t<div class=\"elementor-widget-container\">\n\t\t\t\t\t\t\t\t\t<p>Los siguientes cursos de inspecci\u00f3n en l\u00ednea se incluyen con la inscripci\u00f3n al curso de inspecci\u00f3n de viviendas en l\u00ednea de ICA o a cualquiera de nuestros cursos presenciales de inspecci\u00f3n de viviendas. Al inscribirse, los estudiantes recibir\u00e1n un correo electr\u00f3nico con su informaci\u00f3n de inicio de sesi\u00f3n y tendr\u00e1n acceso inmediato a su curso de inspecci\u00f3n de viviendas, as\u00ed como a todos los cursos que se enumeran a continuaci\u00f3n.<\/p>\t\t\t\t\t\t\t\t<\/div>\n\t\t\t\t<\/div>\n\t\t\t\t\t<\/div>\n\t\t\t\t<\/div>\n\t\t<div class=\"elementor-element elementor-element-77e54d81 e-flex e-con-boxed e-con e-parent\" data-id=\"77e54d81\" data-element_type=\"container\" data-e-type=\"container\" data-settings=\"{&quot;background_background&quot;:&quot;classic&quot;}\">\n\t\t\t\t\t<div class=\"e-con-inner\">\n\t\t<div class=\"elementor-element elementor-element-d09ddfb e-con-full e-flex e-con e-child\" data-id=\"d09ddfb\" data-element_type=\"container\" data-e-type=\"container\">\n\t\t\t\t<div class=\"elementor-element elementor-element-c29251c elementor-widget elementor-widget-text-editor\" data-id=\"c29251c\" data-element_type=\"widget\" data-e-type=\"widget\" data-widget_type=\"text-editor.default\">\n\t\t\t\t<div class=\"elementor-widget-container\">\n\t\t\t\t\t\t\t\t\t<h3>Incluido en la matr\u00edcula de cualquier nuevo curso de inspector de viviendas en l\u00ednea o en directo.<\/h3>\t\t\t\t\t\t\t\t<\/div>\n\t\t\t\t<\/div>\n\t\t\t\t<\/div>\n\t\t\t\t\t<\/div>\n\t\t\t\t<\/div>\n\t\t<div class=\"elementor-element elementor-element-3110529 e-flex e-con-boxed e-con e-parent\" data-id=\"3110529\" data-element_type=\"container\" data-e-type=\"container\">\n\t\t\t\t\t<div class=\"e-con-inner\">\n\t\t\t\t<div class=\"elementor-element elementor-element-44e393a elementor-widget elementor-widget-text-editor\" data-id=\"44e393a\" data-element_type=\"widget\" data-e-type=\"widget\" data-widget_type=\"text-editor.default\">\n\t\t\t\t<div class=\"elementor-widget-container\">\n\t\t\t\t\t\t\t\t\t<h4><a href=\"https:\/\/icaschool.com\/es\/curso-de-inspeccion-de-propiedades-comerciales\/\">Inspecci\u00f3n de propiedades comerciales<\/a><\/h4>\nLos alumnos que completan el curso de formaci\u00f3n en inspecci\u00f3n de viviendas de la ACI reciben formaci\u00f3n y certificaci\u00f3n conforme a las normas de pr\u00e1ctica de la ASHI. Los alumnos que completan nuestro curso de inspecci\u00f3n comercial reciben formaci\u00f3n y certificaci\u00f3n conforme a las normas ASTM.\u00a0<a href=\"https:\/\/icaschool.com\/es\/curso-de-inspeccion-de-propiedades-comerciales\/\">Curso de inspecci\u00f3n de propiedades comerciales<\/a>\t\t\t\t\t\t\t\t<\/div>\n\t\t\t\t<\/div>\n\t\t\t\t<div class=\"elementor-element elementor-element-1ea772e elementor-widget elementor-widget-text-editor\" data-id=\"1ea772e\" data-element_type=\"widget\" data-e-type=\"widget\" data-widget_type=\"text-editor.default\">\n\t\t\t\t<div class=\"elementor-widget-container\">\n\t\t\t\t\t\t\t\t\t<h4><a href=\"https:\/\/icaschool.com\/es\/preparacion-para-el-examen-de-inspector-de-viviendas\/\">Curso de preparaci\u00f3n para el examen de inspector de viviendas<\/a><\/h4>\nEste curso en l\u00ednea le ayudar\u00e1 a aprobar el Examen Nacional de Inspectores de Viviendas en el primer intento. El curso contiene m\u00e1s de 700 preguntas de pr\u00e1ctica.\u00a0<a href=\"https:\/\/icaschool.com\/es\/preparacion-para-el-examen-de-inspector-de-viviendas\/\">Preparaci\u00f3n para el examen de inspector de viviendas<\/a>\t\t\t\t\t\t\t\t<\/div>\n\t\t\t\t<\/div>\n\t\t\t\t<div class=\"elementor-element elementor-element-33da5c5 elementor-widget elementor-widget-text-editor\" data-id=\"33da5c5\" data-element_type=\"widget\" data-e-type=\"widget\" data-widget_type=\"text-editor.default\">\n\t\t\t\t<div class=\"elementor-widget-container\">\n\t\t\t\t\t\t\t\t\t<h4><a href=\"https:\/\/icaschool.com\/es\/curso-de-marketing-de-inspeccion-de-viviendas\/\">Marketing para inspectores de viviendas<\/a><\/h4>\nAprenda a construir y comercializar con \u00e9xito su negocio de inspecci\u00f3n de viviendas. Este curso proporciona una base para los nuevos inspectores de viviendas para iniciar su negocio y t\u00e9cnicas avanzadas para permitir que los inspectores de viviendas con experiencia para hacer crecer su negocio en los a\u00f1os venideros.\u00a0<a href=\"https:\/\/icaschool.com\/es\/curso-de-marketing-de-inspeccion-de-viviendas\/\">Curso de marketing de inspecci\u00f3n de viviendas<\/a>\t\t\t\t\t\t\t\t<\/div>\n\t\t\t\t<\/div>\n\t\t\t\t<div class=\"elementor-element elementor-element-18b1ed9 elementor-widget elementor-widget-text-editor\" data-id=\"18b1ed9\" data-element_type=\"widget\" data-e-type=\"widget\" data-widget_type=\"text-editor.default\">\n\t\t\t\t<div class=\"elementor-widget-container\">\n\t\t\t\t\t\t\t\t\t<h4><a href=\"https:\/\/icaschool.com\/es\/certificacion-de-inspeccion-de-casas-moviles-prefabricadas-y-de-madera\/\">Inspecci\u00f3n de casas m\u00f3viles, prefabricadas, peque\u00f1as y de troncos<\/a><\/h4>\nEste curso en l\u00ednea le ense\u00f1ar\u00e1 a inspeccionar los aspectos exclusivos de las viviendas que no se construyen in situ. M\u00e1s de 25 millones de estadounidenses viven en viviendas alternativas como casas m\u00f3viles, de troncos, diminutas, manufacturadas y modulares. Para mantenerse al d\u00eda con los tiempos y la creciente necesidad de nuestros estudiantes para la formaci\u00f3n adecuada para inspeccionar este tipo de viviendas, se incluye este curso de inspecci\u00f3n de especialidad para todos nuestros estudiantes.\u00a0<a href=\"https:\/\/icaschool.com\/es\/certificacion-de-inspeccion-de-casas-moviles-prefabricadas-y-de-madera\/\">M\u00e1s informaci\u00f3n sobre la inspecci\u00f3n especializada de viviendas<\/a>\t\t\t\t\t\t\t\t<\/div>\n\t\t\t\t<\/div>\n\t\t\t\t<div class=\"elementor-element elementor-element-19d4b31 elementor-widget elementor-widget-text-editor\" data-id=\"19d4b31\" data-element_type=\"widget\" data-e-type=\"widget\" data-widget_type=\"text-editor.default\">\n\t\t\t\t<div class=\"elementor-widget-container\">\n\t\t\t\t\t\t\t\t\t<h4><a href=\"https:\/\/icaschool.com\/es\/curso-sobre-organismos-destructores-de-la-madera\/\">Organismos destructores de la madera<\/a><\/h4>\nEste curso est\u00e1 dise\u00f1ado para ense\u00f1ar a los inspectores de viviendas lo que necesitan saber para realizar la inspecci\u00f3n de organismos destructores de la madera como parte de una inspecci\u00f3n t\u00edpica de viviendas. Los estudiantes aprender\u00e1n sobre las diferentes variedades de organismos destructores de la madera, por qu\u00e9 la madera es susceptible de sufrir da\u00f1os y c\u00f3mo identificar esos da\u00f1os. Los estudiantes tambi\u00e9n aprender\u00e1n c\u00f3mo educar a sus clientes sobre la posible remediaci\u00f3n en caso de que el inspector encuentre evidencia de organismos destructores de la madera.\u00a0<a href=\"https:\/\/icaschool.com\/es\/curso-sobre-organismos-destructores-de-la-madera\/\">Conozca los organismos que destruyen la madera<\/a>\t\t\t\t\t\t\t\t<\/div>\n\t\t\t\t<\/div>\n\t\t\t\t<div class=\"elementor-element elementor-element-ca8db82 elementor-widget elementor-widget-text-editor\" data-id=\"ca8db82\" data-element_type=\"widget\" data-e-type=\"widget\" data-widget_type=\"text-editor.default\">\n\t\t\t\t<div class=\"elementor-widget-container\">\n\t\t\t\t\t\t\t\t\t<h4><a href=\"https:\/\/icaschool.com\/es\/curso-de-inspeccion-de-piscinas-y-spas\/\">Inspecci\u00f3n de piscinas y spas<\/a><\/h4>\nEste curso est\u00e1 dise\u00f1ado para ense\u00f1ar a los inspectores de viviendas lo que necesitan saber para realizar inspecciones de piscinas y spas como parte de una inspecci\u00f3n t\u00edpica de viviendas. Los estudiantes aprender\u00e1n acerca de los componentes vitales de la piscina, tales como bombas, calentadores y filtros. Tambi\u00e9n cubrimos las normas de seguridad tales como cercas, cerraduras, cubiertas y vidrio de seguridad.\u00a0<a href=\"https:\/\/icaschool.com\/es\/curso-de-inspeccion-de-piscinas-y-spas\/\">M\u00e1s informaci\u00f3n sobre la inspecci\u00f3n de piscinas y spas<\/a>\t\t\t\t\t\t\t\t<\/div>\n\t\t\t\t<\/div>\n\t\t\t\t<div class=\"elementor-element elementor-element-3a7423d elementor-widget elementor-widget-text-editor\" data-id=\"3a7423d\" data-element_type=\"widget\" data-e-type=\"widget\" data-widget_type=\"text-editor.default\">\n\t\t\t\t<div class=\"elementor-widget-container\">\n\t\t\t\t\t\t\t\t\t<h4><a href=\"https:\/\/icaschool.com\/es\/curso-de-inspeccion-de-fosas-septicas\/\">Inspecci\u00f3n s\u00e9ptica<\/a><\/h4>\nEl Curso de Inspecci\u00f3n de S\u00e9pticos de la ACI est\u00e1 dise\u00f1ado para ense\u00f1ar a los inspectores de viviendas a inspeccionar sistemas s\u00e9pticos como parte del proceso de inspecci\u00f3n de viviendas. Los sistemas s\u00e9pticos son muy comunes en las zonas rurales de Estados Unidos y Canad\u00e1, aunque pueden encontrarse en cualquier lugar. Los inspectores de viviendas que completen este curso aprender\u00e1n sobre los componentes cr\u00edticos que conforman los sistemas s\u00e9pticos tradicionales, c\u00f3mo funcionan esos componentes y c\u00f3mo informar sobre el estado de esos componentes.\u00a0<a href=\"https:\/\/icaschool.com\/es\/curso-de-inspeccion-de-fosas-septicas\/\">Inf\u00f3rmese sobre la inspecci\u00f3n de sistemas s\u00e9pticos<\/a>\t\t\t\t\t\t\t\t<\/div>\n\t\t\t\t<\/div>\n\t\t\t\t<div class=\"elementor-element elementor-element-6474212 elementor-widget elementor-widget-text-editor\" data-id=\"6474212\" data-element_type=\"widget\" data-e-type=\"widget\" data-widget_type=\"text-editor.default\">\n\t\t\t\t<div class=\"elementor-widget-container\">\n\t\t\t\t\t\t\t\t\t<h4><a href=\"https:\/\/icaschool.com\/es\/hogares-inteligentes\/\">Inspecci\u00f3n inteligente de viviendas<\/a><\/h4>\nEste curso en l\u00ednea le ense\u00f1ar\u00e1 c\u00f3mo inspeccionar los aspectos \u00fanicos de los hogares que incorporan la tecnolog\u00eda del hogar inteligente. En Inspection Certification Associates, siempre nos mantenemos al d\u00eda con los tiempos y la creciente necesidad de nuestros estudiantes para la formaci\u00f3n adecuada para inspeccionar los hogares de hoy y tambi\u00e9n ma\u00f1ana.\u00a0<a href=\"https:\/\/icaschool.com\/es\/hogares-inteligentes\/\">M\u00e1s informaci\u00f3n sobre la inspecci\u00f3n inteligente de viviendas<\/a>\t\t\t\t\t\t\t\t<\/div>\n\t\t\t\t<\/div>\n\t\t\t\t<div class=\"elementor-element elementor-element-1b5cd28 elementor-widget elementor-widget-text-editor\" data-id=\"1b5cd28\" data-element_type=\"widget\" data-e-type=\"widget\" data-widget_type=\"text-editor.default\">\n\t\t\t\t<div class=\"elementor-widget-container\">\n\t\t\t\t\t\t\t\t\t<h4><a href=\"https:\/\/icaschool.com\/es\/imagenes-termicas\/\">Im\u00e1genes t\u00e9rmicas<\/a><\/h4>\nLos alumnos que completen nuestro curso de termograf\u00eda para inspectores de viviendas aprender\u00e1n a utilizar la tecnolog\u00eda de termograf\u00eda para proporcionar a sus clientes una mejor perspectiva del estado de sus propiedades. Tambi\u00e9n presentamos a los estudiantes varios dispositivos diferentes que se pueden utilizar para la termograf\u00eda. Desde dispositivos aut\u00f3nomos hasta dispositivos de infrarrojos enchufables de empresas como FLIR y SEEK Thermal que se pueden utilizar con el tel\u00e9fono m\u00f3vil.\u00a0<a href=\"https:\/\/icaschool.com\/es\/imagenes-termicas\/\">M\u00e1s informaci\u00f3n sobre la termograf\u00eda<\/a>\t\t\t\t\t\t\t\t<\/div>\n\t\t\t\t<\/div>\n\t\t\t\t<div class=\"elementor-element elementor-element-1f50e71 elementor-widget elementor-widget-text-editor\" data-id=\"1f50e71\" data-element_type=\"widget\" data-e-type=\"widget\" data-widget_type=\"text-editor.default\">\n\t\t\t\t<div class=\"elementor-widget-container\">\n\t\t\t\t\t\t\t\t\t<h4><a href=\"https:\/\/icaschool.com\/es\/curso-de-inspeccion-de-sistemas-de-riego-y-aspersion\/\">Inspecci\u00f3n de sistemas de riego y aspersi\u00f3n<\/a><\/h4>\nEl Curso de Inspecci\u00f3n de Sistemas de Riego y Aspersores es un programa que hemos desarrollado para ense\u00f1ar a los inspectores de viviendas c\u00f3mo inspeccionar los sistemas de riego y aspersi\u00f3n del c\u00e9sped como parte del proceso de inspecci\u00f3n de viviendas. Los inspectores de viviendas que completen este curso aprender\u00e1n acerca de los componentes cr\u00edticos de los sistemas de riego de c\u00e9sped y c\u00f3mo informar sobre el estado de dichos componentes.\u00a0<a href=\"https:\/\/icaschool.com\/es\/curso-de-inspeccion-de-sistemas-de-riego-y-aspersion\/\">M\u00e1s informaci\u00f3n sobre la inspecci\u00f3n de riego y aspersores<\/a>\t\t\t\t\t\t\t\t<\/div>\n\t\t\t\t<\/div>\n\t\t\t\t<div class=\"elementor-element elementor-element-a2db886 elementor-widget elementor-widget-text-editor\" data-id=\"a2db886\" data-element_type=\"widget\" data-e-type=\"widget\" data-widget_type=\"text-editor.default\">\n\t\t\t\t<div class=\"elementor-widget-container\">\n\t\t\t\t\t\t\t\t\t<h4><a href=\"https:\/\/icaschool.com\/es\/curso-de-inspeccion-de-amianto\/\">Inspecci\u00f3n de amianto<\/a><\/h4>\nNuestro Curso de Inspecci\u00f3n de Amianto es un programa que hemos desarrollado para ense\u00f1ar a los inspectores de viviendas las cuestiones de salud, seguridad y bienestar relacionadas con el amianto como parte del proceso de inspecci\u00f3n de viviendas. Los inspectores de viviendas que completen este curso aprender\u00e1n a identificar el amianto durante una inspecci\u00f3n de la vivienda y tambi\u00e9n los detalles que rodean los procedimientos de mitigaci\u00f3n de amianto, junto con lo que debe hacer si sospecha la presencia de amianto durante una inspecci\u00f3n de la vivienda.\u00a0<a href=\"https:\/\/icaschool.com\/es\/curso-de-inspeccion-de-amianto\/\">M\u00e1s informaci\u00f3n sobre la inspecci\u00f3n de amianto<\/a>\t\t\t\t\t\t\t\t<\/div>\n\t\t\t\t<\/div>\n\t\t\t\t<div class=\"elementor-element elementor-element-50c5ffd elementor-widget elementor-widget-text-editor\" data-id=\"50c5ffd\" data-element_type=\"widget\" data-e-type=\"widget\" data-widget_type=\"text-editor.default\">\n\t\t\t\t<div class=\"elementor-widget-container\">\n\t\t\t\t\t\t\t\t\t<h4><a href=\"https:\/\/icaschool.com\/es\/curso-de-inspeccion-de-pintura-con-plomo\/\">Inspecci\u00f3n de pintura con plomo<\/a><\/h4>\nNuestro curso de inspecci\u00f3n de pintura con plomo es un programa que hemos desarrollado para ense\u00f1ar a los inspectores de viviendas las cuestiones de salud, seguridad y bienestar relacionadas con la pintura con plomo como parte del proceso de inspecci\u00f3n de viviendas. Los inspectores de viviendas que completen este curso aprender\u00e1n a identificar la pintura con plomo durante la inspecci\u00f3n de una vivienda y tambi\u00e9n los detalles relacionados con los procedimientos de prueba de la pintura con plomo, junto con la forma de informar sobre estas cuestiones.\u00a0<a href=\"https:\/\/icaschool.com\/es\/curso-de-inspeccion-de-pintura-con-plomo\/\">M\u00e1s informaci\u00f3n sobre la inspecci\u00f3n de pinturas con plomo<\/a>\t\t\t\t\t\t\t\t<\/div>\n\t\t\t\t<\/div>\n\t\t\t\t<div class=\"elementor-element elementor-element-59c1e31 elementor-widget elementor-widget-text-editor\" data-id=\"59c1e31\" data-element_type=\"widget\" data-e-type=\"widget\" data-widget_type=\"text-editor.default\">\n\t\t\t\t<div class=\"elementor-widget-container\">\n\t\t\t\t\t\t\t\t\t<h4><a href=\"https:\/\/icaschool.com\/es\/curso-de-construccion-de-un-negocio-multi-inspector\/\">Crear una empresa multiinspector<\/a><\/h4>\nNuestro Curso de Construcci\u00f3n de un Negocio Multi-Inspector es un programa que hemos desarrollado para ense\u00f1ar a los inspectores de viviendas c\u00f3mo construir y hacer crecer su negocio de un espect\u00e1culo de un solo hombre a una potencia local o regional que emplea a varios inspectores.\u00a0<a href=\"https:\/\/icaschool.com\/es\/curso-de-construccion-de-un-negocio-multi-inspector\/\">C\u00f3mo crear un negocio multiinspector<\/a>\t\t\t\t\t\t\t\t<\/div>\n\t\t\t\t<\/div>\n\t\t\t\t<div class=\"elementor-element elementor-element-78cde5a elementor-widget elementor-widget-text-editor\" data-id=\"78cde5a\" data-element_type=\"widget\" data-e-type=\"widget\" data-widget_type=\"text-editor.default\">\n\t\t\t\t<div class=\"elementor-widget-container\">\n\t\t\t\t\t\t\t\t\t<h4><a href=\"https:\/\/icaschool.com\/es\/curso-de-analisis-e-inspeccion-del-agua-de-pozo\/\">Curso de an\u00e1lisis e inspecci\u00f3n del agua de pozo<\/a><\/h4>\nNuestro curso de inspecci\u00f3n y an\u00e1lisis del agua de pozo es un programa de formaci\u00f3n en l\u00ednea que hemos desarrollado para ense\u00f1ar a los inspectores de viviendas las cuestiones de salud, seguridad y bienestar relacionadas con el an\u00e1lisis del agua de pozo como parte del proceso de inspecci\u00f3n de viviendas. Los inspectores de viviendas que completen este curso aprender\u00e1n c\u00f3mo realizar pruebas de agua de pozo, los detalles que rodean los procedimientos de prueba de agua de pozo, y qu\u00e9 hacer si detecta la presencia de bacterias o contaminantes, mientras que la realizaci\u00f3n de su prueba de agua de pozo como parte de una inspecci\u00f3n de la casa.\u00a0<a href=\"https:\/\/icaschool.com\/es\/curso-de-analisis-e-inspeccion-del-agua-de-pozo\/\">M\u00e1s informaci\u00f3n sobre la inspecci\u00f3n de agua y pozos<\/a>\t\t\t\t\t\t\t\t<\/div>\n\t\t\t\t<\/div>\n\t\t\t\t\t<\/div>\n\t\t\t\t<\/div>\n\t\t\t\t<\/div>","protected":false},"excerpt":{"rendered":"<p>Bonificaci\u00f3n Cursos de Inspecci\u00f3n de Viviendas Especialidad Cursos de Formaci\u00f3n de Inspecci\u00f3n de Viviendas Los siguientes cursos de inspecci\u00f3n en l\u00ednea se incluyen con la inscripci\u00f3n a la ICA en l\u00ednea curso de inspecci\u00f3n de viviendas o cualquiera de nuestros cursos de inspecci\u00f3n de viviendas aula. Al inscribirse los estudiantes recibir\u00e1n un correo electr\u00f3nico con su informaci\u00f3n de acceso y tendr\u00e1n acceso inmediato a su curso de inspecci\u00f3n de la casa como...<\/p>","protected":false},"author":88893,"featured_media":0,"parent":0,"menu_order":0,"comment_status":"closed","ping_status":"closed","template":"","meta":{"_angie_page":false,"content-type":"","footnotes":""},"class_list":["post-4435","page","type-page","status-publish","hentry"],"aioseo_notices":[],"jetpack_sharing_enabled":true,"_links":{"self":[{"href":"https:\/\/icaschool.com\/es\/wp-json\/wp\/v2\/pages\/4435","targetHints":{"allow":["GET"]}}],"collection":[{"href":"https:\/\/icaschool.com\/es\/wp-json\/wp\/v2\/pages"}],"about":[{"href":"https:\/\/icaschool.com\/es\/wp-json\/wp\/v2\/types\/page"}],"author":[{"embeddable":true,"href":"https:\/\/icaschool.com\/es\/wp-json\/wp\/v2\/users\/88893"}],"replies":[{"embeddable":true,"href":"https:\/\/icaschool.com\/es\/wp-json\/wp\/v2\/comments?post=4435"}],"version-history":[{"count":3,"href":"https:\/\/icaschool.com\/es\/wp-json\/wp\/v2\/pages\/4435\/revisions"}],"predecessor-version":[{"id":158420,"href":"https:\/\/icaschool.com\/es\/wp-json\/wp\/v2\/pages\/4435\/revisions\/158420"}],"wp:attachment":[{"href":"https:\/\/icaschool.com\/es\/wp-json\/wp\/v2\/media?parent=4435"}],"curies":[{"name":"wp","href":"https:\/\/api.w.org\/{rel}","templated":true}]}}