{"id":4928,"date":"2019-04-16T22:02:02","date_gmt":"2019-04-17T03:02:02","guid":{"rendered":"https:\/\/ica-school.xm0yhtel-liquidwebsites.com\/?page_id=4928"},"modified":"2025-03-19T11:20:24","modified_gmt":"2025-03-19T16:20:24","slug":"curso-de-construccion-de-un-negocio-multi-inspector","status":"publish","type":"page","link":"https:\/\/icaschool.com\/es\/building-a-multi-inspector-business-course\/","title":{"rendered":"Curso de construcci\u00f3n de un negocio multiinspector"},"content":{"rendered":"<div data-elementor-type=\"wp-page\" data-elementor-id=\"4928\" class=\"elementor elementor-4928\" data-elementor-post-type=\"page\">\n\t\t\t\t<div class=\"elementor-element elementor-element-1c8b743 e-flex e-con-boxed e-con e-parent\" data-id=\"1c8b743\" data-element_type=\"container\" data-e-type=\"container\" data-settings=\"{&quot;background_background&quot;:&quot;classic&quot;}\">\n\t\t\t\t\t<div class=\"e-con-inner\">\n\t\t\t\t<div class=\"elementor-element elementor-element-9031d68 elementor-widget elementor-widget-text-editor\" data-id=\"9031d68\" data-element_type=\"widget\" data-e-type=\"widget\" data-widget_type=\"text-editor.default\">\n\t\t\t\t<div class=\"elementor-widget-container\">\n\t\t\t\t\t\t\t\t\t<p><div class=\"aioseo-breadcrumbs\"><span class=\"aioseo-breadcrumb\">\n\t<a href=\"https:\/\/icaschool.com\/es\" title=\"Inicio\">Inicio<\/a>\n<\/span><span class=\"aioseo-breadcrumb-separator\">\"<\/span><span class=\"aioseo-breadcrumb\">\n\tCurso de construcci\u00f3n de un negocio multiinspector\n<\/span><\/div><\/p>\t\t\t\t\t\t\t\t<\/div>\n\t\t\t\t<\/div>\n\t\t<div class=\"elementor-element elementor-element-4024e59 e-flex e-con-boxed e-con e-child\" data-id=\"4024e59\" data-element_type=\"container\" data-e-type=\"container\">\n\t\t\t\t\t<div class=\"e-con-inner\">\n\t\t\t\t<div class=\"elementor-element elementor-element-a32c42e elementor-widget elementor-widget-text-editor\" data-id=\"a32c42e\" data-element_type=\"widget\" data-e-type=\"widget\" data-widget_type=\"text-editor.default\">\n\t\t\t\t<div class=\"elementor-widget-container\">\n\t\t\t\t\t\t\t\t\t<h1><span style=\"color: #0064dc;\">Construir un multiinspector <\/span>Curso de negocios<\/h1>\t\t\t\t\t\t\t\t<\/div>\n\t\t\t\t<\/div>\n\t\t\t\t\t<\/div>\n\t\t\t\t<\/div>\n\t\t\t\t\t<\/div>\n\t\t\t\t<\/div>\n\t\t<div class=\"elementor-element elementor-element-3985903 e-flex e-con-boxed e-con e-parent\" data-id=\"3985903\" data-element_type=\"container\" data-e-type=\"container\" data-settings=\"{&quot;background_background&quot;:&quot;classic&quot;}\">\n\t\t\t\t\t<div class=\"e-con-inner\">\n\t\t\t\t<div class=\"elementor-element elementor-element-61e231b elementor-widget elementor-widget-text-editor\" data-id=\"61e231b\" data-element_type=\"widget\" data-e-type=\"widget\" data-widget_type=\"text-editor.default\">\n\t\t\t\t<div class=\"elementor-widget-container\">\n\t\t\t\t\t\t\t\t\t<h3>Incluido en la matr\u00edcula de cualquier nuevo curso de inspector de viviendas en l\u00ednea o en directo.<\/h3>\t\t\t\t\t\t\t\t<\/div>\n\t\t\t\t<\/div>\n\t\t\t\t\t<\/div>\n\t\t\t\t<\/div>\n\t\t<div class=\"elementor-element elementor-element-3df17d3 e-flex e-con-boxed e-con e-parent\" data-id=\"3df17d3\" data-element_type=\"container\" data-e-type=\"container\">\n\t\t\t\t\t<div class=\"e-con-inner\">\n\t\t<div class=\"elementor-element elementor-element-bebc23a e-con-full e-flex e-con e-child\" data-id=\"bebc23a\" data-element_type=\"container\" data-e-type=\"container\">\n\t\t<div class=\"elementor-element elementor-element-7b9773f e-con-full e-flex e-con e-child\" data-id=\"7b9773f\" data-element_type=\"container\" data-e-type=\"container\">\n\t\t\t\t<div class=\"elementor-element elementor-element-297eafd elementor-widget elementor-widget-video\" data-id=\"297eafd\" data-element_type=\"widget\" data-e-type=\"widget\" data-settings=\"{&quot;youtube_url&quot;:&quot;https:\\\/\\\/youtu.be\\\/EEUPnl2dkXw&quot;,&quot;video_type&quot;:&quot;youtube&quot;,&quot;controls&quot;:&quot;yes&quot;}\" data-widget_type=\"video.default\">\n\t\t\t\t<div class=\"elementor-widget-container\">\n\t\t\t\t\t\t\t<div class=\"elementor-wrapper elementor-open-inline\">\n\t\t\t<div class=\"elementor-video\"><\/div>\t\t<\/div>\n\t\t\t\t\t\t<\/div>\n\t\t\t\t<\/div>\n\t\t\t\t<div class=\"elementor-element elementor-element-01dcc4a elementor-widget elementor-widget-text-editor\" data-id=\"01dcc4a\" data-element_type=\"widget\" data-e-type=\"widget\" data-widget_type=\"text-editor.default\">\n\t\t\t\t<div class=\"elementor-widget-container\">\n\t\t\t\t\t\t\t\t\t<p>V\u00eddeo de demostraci\u00f3n del curso C\u00f3mo crear un negocio multiinspector<\/p>\t\t\t\t\t\t\t\t<\/div>\n\t\t\t\t<\/div>\n\t\t\t\t<\/div>\n\t\t<div class=\"elementor-element elementor-element-7aad80a e-con-full e-flex e-con e-child\" data-id=\"7aad80a\" data-element_type=\"container\" data-e-type=\"container\">\n\t\t\t\t<div class=\"elementor-element elementor-element-12672ed elementor-widget elementor-widget-text-editor\" data-id=\"12672ed\" data-element_type=\"widget\" data-e-type=\"widget\" data-widget_type=\"text-editor.default\">\n\t\t\t\t<div class=\"elementor-widget-container\">\n\t\t\t\t\t\t\t\t\t<p>Nuestro Curso de Construcci\u00f3n de un Negocio Multi-Inspector es un programa que hemos desarrollado para ense\u00f1ar a los inspectores de viviendas c\u00f3mo construir y hacer crecer su negocio de un espect\u00e1culo de un solo hombre a una potencia local o regional que emplea a varios inspectores. Este curso le ense\u00f1ar\u00e1 paso a paso todo lo que necesita para hacer crecer su negocio y construir relaciones duraderas con sus inspectores empleados y profesionales de bienes ra\u00edces.<\/p><p>El negocio t\u00edpico de inspecci\u00f3n de viviendas en este pa\u00eds consiste en un inspector que trabaja por su cuenta, muchas veces desde una oficina en casa. Los 20% mejores inspectores de viviendas que trabajan por su cuenta pueden ganar m\u00e1s de $150.000 al a\u00f1o. En la mayor\u00eda de las zonas, esto equivale a unas 8-10 inspecciones por semana. Si usted decide dar el siguiente paso, sin embargo, y comenzar a agregar los inspectores de viviendas adicionales a su negocio de sus ingresos pueden superar con creces ese total. A continuaci\u00f3n podr\u00e1s ver un breve v\u00eddeo de vista previa del curso.<\/p>\t\t\t\t\t\t\t\t<\/div>\n\t\t\t\t<\/div>\n\t\t\t\t<\/div>\n\t\t\t\t<\/div>\n\t\t\t\t\t<\/div>\n\t\t\t\t<\/div>\n\t\t<div class=\"elementor-element elementor-element-0c05d2c e-flex e-con-boxed e-con e-parent\" data-id=\"0c05d2c\" data-element_type=\"container\" data-e-type=\"container\">\n\t\t\t\t\t<div class=\"e-con-inner\">\n\t\t\t\t<div class=\"elementor-element elementor-element-4b5e5ca elementor-widget elementor-widget-text-editor\" data-id=\"4b5e5ca\" data-element_type=\"widget\" data-e-type=\"widget\" data-widget_type=\"text-editor.default\">\n\t\t\t\t<div class=\"elementor-widget-container\">\n\t\t\t\t\t\t\t\t\t<p>Los estudiantes aprender\u00e1n directamente del experto en inspecci\u00f3n de viviendas e instructor del curso de la ACI Patrick Hardy, que ha sido propietario y ha dirigido su propia gran empresa multiinspector en Florida durante varios a\u00f1os.<\/p><p>El Curso de Creaci\u00f3n de un Negocio Multi-Inspector est\u00e1 incluido para los estudiantes que se inscriban en nuestro curso de inspecci\u00f3n de viviendas en l\u00ednea o en cualquiera de nuestros cursos presenciales de formaci\u00f3n de inspecci\u00f3n de viviendas. Las personas no inscritas en nuestro curso de inspecci\u00f3n de viviendas pueden comprar el Curso de Creaci\u00f3n de un Negocio Multi-Inspector por separado por $100 llam\u00e1ndonos al (888)540-7204.<\/p>\t\t\t\t\t\t\t\t<\/div>\n\t\t\t\t<\/div>\n\t\t\t\t\t<\/div>\n\t\t\t\t<\/div>\n\t\t\t\t<\/div>","protected":false},"excerpt":{"rendered":"<p>Curso de Construcci\u00f3n de un Negocio Multi-Inspector \u00a1Incluido con la matr\u00edcula para cualquier nuevo curso de inspector de viviendas en l\u00ednea o en vivo! https:\/\/youtu.be\/EEUPnl2dkXw Curso de Construcci\u00f3n de un Negocio Multi-Inspector Video de Demostraci\u00f3n Nuestro Curso de Construcci\u00f3n de un Negocio Multi-Inspector es un programa que hemos desarrollado para ense\u00f1ar a los inspectores de viviendas c\u00f3mo construir y hacer crecer su...<\/p>","protected":false},"author":88893,"featured_media":0,"parent":0,"menu_order":0,"comment_status":"closed","ping_status":"closed","template":"","meta":{"content-type":"","footnotes":""},"class_list":["post-4928","page","type-page","status-publish","hentry"],"aioseo_notices":[],"jetpack_sharing_enabled":true,"_links":{"self":[{"href":"https:\/\/icaschool.com\/es\/wp-json\/wp\/v2\/pages\/4928","targetHints":{"allow":["GET"]}}],"collection":[{"href":"https:\/\/icaschool.com\/es\/wp-json\/wp\/v2\/pages"}],"about":[{"href":"https:\/\/icaschool.com\/es\/wp-json\/wp\/v2\/types\/page"}],"author":[{"embeddable":true,"href":"https:\/\/icaschool.com\/es\/wp-json\/wp\/v2\/users\/88893"}],"replies":[{"embeddable":true,"href":"https:\/\/icaschool.com\/es\/wp-json\/wp\/v2\/comments?post=4928"}],"version-history":[{"count":3,"href":"https:\/\/icaschool.com\/es\/wp-json\/wp\/v2\/pages\/4928\/revisions"}],"predecessor-version":[{"id":151536,"href":"https:\/\/icaschool.com\/es\/wp-json\/wp\/v2\/pages\/4928\/revisions\/151536"}],"wp:attachment":[{"href":"https:\/\/icaschool.com\/es\/wp-json\/wp\/v2\/media?parent=4928"}],"curies":[{"name":"wp","href":"https:\/\/api.w.org\/{rel}","templated":true}]}}