{"id":495,"date":"2013-05-10T01:46:37","date_gmt":"2013-05-10T01:46:37","guid":{"rendered":"https:\/\/icaschool.hxeycjd4-liquidwebsites.com\/?page_id=495"},"modified":"2025-05-19T09:54:14","modified_gmt":"2025-05-19T14:54:14","slug":"resenas","status":"publish","type":"page","link":"https:\/\/icaschool.com\/es\/reviews\/","title":{"rendered":"Opiniones de estudiantes sobre inspecci\u00f3n de viviendas"},"content":{"rendered":"<div data-elementor-type=\"wp-page\" data-elementor-id=\"495\" class=\"elementor elementor-495\" data-elementor-post-type=\"page\">\n\t\t\t\t<div class=\"elementor-element elementor-element-8da1e2e e-flex e-con-boxed e-con e-parent\" data-id=\"8da1e2e\" data-element_type=\"container\" data-e-type=\"container\" data-settings=\"{&quot;background_background&quot;:&quot;classic&quot;}\">\n\t\t\t\t\t<div class=\"e-con-inner\">\n\t\t\t\t<div class=\"elementor-element elementor-element-341d978f elementor-widget elementor-widget-text-editor\" data-id=\"341d978f\" data-element_type=\"widget\" data-e-type=\"widget\" data-widget_type=\"text-editor.default\">\n\t\t\t\t<div class=\"elementor-widget-container\">\n\t\t\t\t\t\t\t\t\t<p><div class=\"aioseo-breadcrumbs\"><span class=\"aioseo-breadcrumb\">\n\tInicio\n<\/span><\/div><\/p>\t\t\t\t\t\t\t\t<\/div>\n\t\t\t\t<\/div>\n\t\t<div class=\"elementor-element elementor-element-45c3c0ed e-con-full e-flex e-con e-child\" data-id=\"45c3c0ed\" data-element_type=\"container\" data-e-type=\"container\">\n\t\t\t\t<div class=\"elementor-element elementor-element-70d3b84a elementor-widget elementor-widget-text-editor\" data-id=\"70d3b84a\" data-element_type=\"widget\" data-e-type=\"widget\" data-widget_type=\"text-editor.default\">\n\t\t\t\t<div class=\"elementor-widget-container\">\n\t\t\t\t\t\t\t\t\t<h1>Inspecci\u00f3n de viviendas <span style=\"color: #0064dc;\">Opiniones de estudiantes<\/span><\/h1>\t\t\t\t\t\t\t\t<\/div>\n\t\t\t\t<\/div>\n\t\t\t\t<\/div>\n\t\t\t\t\t<\/div>\n\t\t\t\t<\/div>\n\t\t<div class=\"elementor-element elementor-element-2f6985bd e-flex e-con-boxed e-con e-parent\" data-id=\"2f6985bd\" data-element_type=\"container\" data-e-type=\"container\">\n\t\t\t\t\t<div class=\"e-con-inner\">\n\t\t<div class=\"elementor-element elementor-element-a8b28c0 e-con-full e-flex e-con e-child\" data-id=\"a8b28c0\" data-element_type=\"container\" data-e-type=\"container\">\n\t\t\t\t<div class=\"elementor-element elementor-element-1ccd4c6 elementor-widget elementor-widget-text-editor\" data-id=\"1ccd4c6\" data-element_type=\"widget\" data-e-type=\"widget\" data-widget_type=\"text-editor.default\">\n\t\t\t\t<div class=\"elementor-widget-container\">\n\t\t\t\t\t\t\t\t\t<p>A continuaci\u00f3n encontrar\u00e1 las opiniones de los alumnos sobre nuestros cursos de inspecci\u00f3n de viviendas, o haga clic para leerlas\u00a0<a href=\"https:\/\/www.bbb.org\/us\/il\/chicago\/profile\/college-and-university\/inspection-certification-associates-0654-88538152\/customer-reviews\" target=\"_blank\" rel=\"noopener\">m\u00e1s de 200 rese\u00f1as del Better Business Bureau<\/a>\u00a0en el sitio web de BBB. Ver\u00e1 que tenemos una calificaci\u00f3n A+ y cero quejas. Tambi\u00e9n estamos orgullosos de haber recibido el\u00a0<a href=\"https:\/\/icaschool.com\/wp-content\/uploads\/2024\/02\/ICA-BBB-Complaint-Free-in-2023.pdf\">Premio BBB Libre de Quejas para 2023<\/a>!<\/p>\t\t\t\t\t\t\t\t<\/div>\n\t\t\t\t<\/div>\n\t\t\t\t<\/div>\n\t\t<div class=\"elementor-element elementor-element-df5269f e-con-full e-flex e-con e-child\" data-id=\"df5269f\" data-element_type=\"container\" data-e-type=\"container\">\n\t\t\t\t<div class=\"elementor-element elementor-element-3fd03c2 elementor-widget elementor-widget-image\" data-id=\"3fd03c2\" data-element_type=\"widget\" data-e-type=\"widget\" data-widget_type=\"image.default\">\n\t\t\t\t<div class=\"elementor-widget-container\">\n\t\t\t\t\t\t\t\t\t\t\t\t\t\t\t<img decoding=\"async\" width=\"246\" height=\"70\" src=\"https:\/\/icaschool.com\/wp-content\/uploads\/2021\/01\/bbb-accredited.png\" class=\"attachment-large size-large wp-image-13447\" alt=\"\" srcset=\"https:\/\/icaschool.com\/wp-content\/uploads\/2021\/01\/bbb-accredited.png 246w, https:\/\/icaschool.com\/wp-content\/uploads\/2021\/01\/bbb-accredited-150x43.png 150w\" sizes=\"(max-width: 246px) 100vw, 246px\" title=\"bbb-accredited | Formaci\u00f3n y Certificaci\u00f3n Online en Inspecci\u00f3n de Viviendas\" \/>\t\t\t\t\t\t\t\t\t\t\t\t\t\t\t<\/div>\n\t\t\t\t<\/div>\n\t\t\t\t<\/div>\n\t\t\t\t\t<\/div>\n\t\t\t\t<\/div>\n\t\t<div class=\"elementor-element elementor-element-3cdc353 e-flex e-con-boxed e-con e-parent\" data-id=\"3cdc353\" data-element_type=\"container\" data-e-type=\"container\" data-settings=\"{&quot;background_background&quot;:&quot;classic&quot;}\">\n\t\t\t\t\t<div class=\"e-con-inner\">\n\t\t<div class=\"elementor-element elementor-element-d33fd2f e-con-full e-flex e-con e-child\" data-id=\"d33fd2f\" data-element_type=\"container\" data-e-type=\"container\">\n\t\t\t\t<div class=\"elementor-element elementor-element-069ef7a elementor-widget elementor-widget-video\" data-id=\"069ef7a\" data-element_type=\"widget\" data-e-type=\"widget\" data-settings=\"{&quot;youtube_url&quot;:&quot;https:\\\/\\\/youtu.be\\\/alnNLWY-wK4&quot;,&quot;video_type&quot;:&quot;youtube&quot;,&quot;controls&quot;:&quot;yes&quot;}\" data-widget_type=\"video.default\">\n\t\t\t\t<div class=\"elementor-widget-container\">\n\t\t\t\t\t\t\t<div class=\"elementor-wrapper elementor-open-inline\">\n\t\t\t<div class=\"elementor-video\"><\/div>\t\t<\/div>\n\t\t\t\t\t\t<\/div>\n\t\t\t\t<\/div>\n\t\t\t\t<\/div>\n\t\t\t\t\t<\/div>\n\t\t\t\t<\/div>\n\t\t<div class=\"elementor-element elementor-element-f2b79e e-con-full e-flex e-con e-parent\" data-id=\"f2b79e\" data-element_type=\"container\" data-e-type=\"container\">\n\t\t<div class=\"elementor-element elementor-element-c03c963 e-con-full e-flex e-con e-child\" data-id=\"c03c963\" data-element_type=\"container\" data-e-type=\"container\">\n\t\t\t\t<div class=\"elementor-element elementor-element-b8986fa elementor-widget elementor-widget-text-editor\" data-id=\"b8986fa\" data-element_type=\"widget\" data-e-type=\"widget\" data-widget_type=\"text-editor.default\">\n\t\t\t\t<div class=\"elementor-widget-container\">\n\t\t\t\t\t\t\t\t\t<h3>Lo que dicen nuestros alumnos <\/h3>\t\t\t\t\t\t\t\t<\/div>\n\t\t\t\t<\/div>\n\t\t\t\t<div class=\"elementor-element elementor-element-c37a13c elementor-align-center elementor-widget elementor-widget-button\" data-id=\"c37a13c\" data-element_type=\"widget\" data-e-type=\"widget\" data-widget_type=\"button.default\">\n\t\t\t\t<div class=\"elementor-widget-container\">\n\t\t\t\t\t\t\t\t\t<div class=\"elementor-button-wrapper\">\n\t\t\t\t\t<a class=\"elementor-button elementor-button-link elementor-size-sm\" href=\"https:\/\/www.google.com\/search?hl=en-US&#038;gl=us&#038;q=Inspection+Certification+Associates,+332+S+Michigan+Ave+Ste+1032-C286,+Chicago,+IL+60604&#038;ludocid=4663631829808764697&#038;lsig=AB86z5UMGuXp5Pg-pmy6ZzjV-DOC\" target=\"_blank\">\n\t\t\t\t\t\t<span class=\"elementor-button-content-wrapper\">\n\t\t\t\t\t\t\t\t\t<span class=\"elementor-button-text\">Deja tu opini\u00f3n<\/span>\n\t\t\t\t\t<\/span>\n\t\t\t\t\t<\/a>\n\t\t\t\t<\/div>\n\t\t\t\t\t\t\t\t<\/div>\n\t\t\t\t<\/div>\n\t\t\t\t<\/div>\n\t\t<div class=\"elementor-element elementor-element-2c01e411 e-con-full e-flex e-con e-child\" data-id=\"2c01e411\" data-element_type=\"container\" data-e-type=\"container\">\n\t\t\t\t<div class=\"elementor-element elementor-element-ecc4d0d elementor-widget elementor-widget-html\" data-id=\"ecc4d0d\" data-element_type=\"widget\" data-e-type=\"widget\" data-widget_type=\"html.default\">\n\t\t\t\t<div class=\"elementor-widget-container\">\n\t\t\t\t\t<script type=\"text\/javascript\" src=\"https:\/\/testimonial.to\/js\/iframeResizer.min.js\"><\/script>\n<iframe  id='testimonialto-ica-home-inspector-school2-tag-all-light-animated' src=\"https:\/\/embed-v2.testimonial.to\/w\/ica-home-inspector-school2?animated=on&horizontal=on&theme=light&shadowColor=ffffff&speed=1&rows=1&tag=all&cc=off\" frameborder=\"0\" scrolling=\"no\" width=\"100%\"><\/iframe>\n<script type=\"text\/javascript\">iFrameResize({log: false, checkOrigin: false}, '#testimonialto-ica-home-inspector-school2-tag-all-light-animated');<\/script>\t\t\t\t<\/div>\n\t\t\t\t<\/div>\n\t\t\t\t<\/div>\n\t\t\t\t<\/div>\n\t\t<div class=\"elementor-element elementor-element-632f7d7a e-flex e-con-boxed e-con e-parent\" data-id=\"632f7d7a\" data-element_type=\"container\" data-e-type=\"container\" data-settings=\"{&quot;background_background&quot;:&quot;classic&quot;}\">\n\t\t\t\t\t<div class=\"e-con-inner\">\n\t\t<div class=\"elementor-element elementor-element-bf33caa e-con-full e-flex e-con e-child\" data-id=\"bf33caa\" data-element_type=\"container\" data-e-type=\"container\">\n\t\t\t\t<div class=\"elementor-element elementor-element-e2aa0c1 elementor-widget elementor-widget-text-editor\" data-id=\"e2aa0c1\" data-element_type=\"widget\" data-e-type=\"widget\" data-widget_type=\"text-editor.default\">\n\t\t\t\t<div class=\"elementor-widget-container\">\n\t\t\t\t\t\t\t\t\t<h3>M\u00e1s v\u00eddeos<\/h3>\t\t\t\t\t\t\t\t<\/div>\n\t\t\t\t<\/div>\n\t\t\t\t<\/div>\n\t\t<div class=\"elementor-element elementor-element-e77d248 e-con-full e-grid e-con e-child\" data-id=\"e77d248\" data-element_type=\"container\" data-e-type=\"container\">\n\t\t\t\t<div class=\"elementor-element elementor-element-c8597f9 elementor-widget elementor-widget-video\" data-id=\"c8597f9\" data-element_type=\"widget\" data-e-type=\"widget\" data-settings=\"{&quot;youtube_url&quot;:&quot;https:\\\/\\\/youtu.be\\\/exOalN0w4hk&quot;,&quot;video_type&quot;:&quot;youtube&quot;,&quot;controls&quot;:&quot;yes&quot;}\" data-widget_type=\"video.default\">\n\t\t\t\t<div class=\"elementor-widget-container\">\n\t\t\t\t\t\t\t<div class=\"elementor-wrapper elementor-open-inline\">\n\t\t\t<div class=\"elementor-video\"><\/div>\t\t<\/div>\n\t\t\t\t\t\t<\/div>\n\t\t\t\t<\/div>\n\t\t\t\t<div class=\"elementor-element elementor-element-2a2e13d elementor-widget elementor-widget-video\" data-id=\"2a2e13d\" data-element_type=\"widget\" data-e-type=\"widget\" data-settings=\"{&quot;youtube_url&quot;:&quot;https:\\\/\\\/youtu.be\\\/Cn4vUjpF3ho&quot;,&quot;video_type&quot;:&quot;youtube&quot;,&quot;controls&quot;:&quot;yes&quot;}\" data-widget_type=\"video.default\">\n\t\t\t\t<div class=\"elementor-widget-container\">\n\t\t\t\t\t\t\t<div class=\"elementor-wrapper elementor-open-inline\">\n\t\t\t<div class=\"elementor-video\"><\/div>\t\t<\/div>\n\t\t\t\t\t\t<\/div>\n\t\t\t\t<\/div>\n\t\t\t\t<div class=\"elementor-element elementor-element-c7a814c elementor-widget elementor-widget-video\" data-id=\"c7a814c\" data-element_type=\"widget\" data-e-type=\"widget\" data-settings=\"{&quot;youtube_url&quot;:&quot;https:\\\/\\\/youtu.be\\\/VTdCq4w0x9I&quot;,&quot;video_type&quot;:&quot;youtube&quot;,&quot;controls&quot;:&quot;yes&quot;}\" data-widget_type=\"video.default\">\n\t\t\t\t<div class=\"elementor-widget-container\">\n\t\t\t\t\t\t\t<div class=\"elementor-wrapper elementor-open-inline\">\n\t\t\t<div class=\"elementor-video\"><\/div>\t\t<\/div>\n\t\t\t\t\t\t<\/div>\n\t\t\t\t<\/div>\n\t\t\t\t<\/div>\n\t\t\t\t\t<\/div>\n\t\t\t\t<\/div>\n\t\t\t\t<\/div>","protected":false},"excerpt":{"rendered":"<p>A continuaci\u00f3n encontrar\u00e1 comentarios de los estudiantes con respecto a nuestros cursos de inspecci\u00f3n de viviendas, o haga clic para leer m\u00e1s de 200 comentarios de Better Business Bureau en el sitio web de BBB. Usted ver\u00e1 que tenemos una calificaci\u00f3n A + y cero quejas. Tambi\u00e9n estamos orgullosos de haber recibido el Premio BBB Complaint-Free para 2023! https:\/\/youtu.be\/alnNLWY-wK4 Lo que dicen nuestros estudiantes...<\/p>","protected":false},"author":1,"featured_media":0,"parent":0,"menu_order":0,"comment_status":"closed","ping_status":"closed","template":"","meta":{"_angie_page":false,"content-type":"","footnotes":""},"class_list":["post-495","page","type-page","status-publish","hentry"],"aioseo_notices":[],"jetpack_sharing_enabled":true,"_links":{"self":[{"href":"https:\/\/icaschool.com\/es\/wp-json\/wp\/v2\/pages\/495","targetHints":{"allow":["GET"]}}],"collection":[{"href":"https:\/\/icaschool.com\/es\/wp-json\/wp\/v2\/pages"}],"about":[{"href":"https:\/\/icaschool.com\/es\/wp-json\/wp\/v2\/types\/page"}],"author":[{"embeddable":true,"href":"https:\/\/icaschool.com\/es\/wp-json\/wp\/v2\/users\/1"}],"replies":[{"embeddable":true,"href":"https:\/\/icaschool.com\/es\/wp-json\/wp\/v2\/comments?post=495"}],"version-history":[{"count":3,"href":"https:\/\/icaschool.com\/es\/wp-json\/wp\/v2\/pages\/495\/revisions"}],"predecessor-version":[{"id":159799,"href":"https:\/\/icaschool.com\/es\/wp-json\/wp\/v2\/pages\/495\/revisions\/159799"}],"wp:attachment":[{"href":"https:\/\/icaschool.com\/es\/wp-json\/wp\/v2\/media?parent=495"}],"curies":[{"name":"wp","href":"https:\/\/api.w.org\/{rel}","templated":true}]}}