{"id":5926,"date":"2020-01-10T19:53:43","date_gmt":"2020-01-11T01:53:43","guid":{"rendered":"https:\/\/ica-school.xm0yhtel-liquidwebsites.com\/?page_id=5926"},"modified":"2025-03-21T14:55:23","modified_gmt":"2025-03-21T19:55:23","slug":"certificacion-de-inspeccion-de-casas-moviles-prefabricadas-y-de-madera","status":"publish","type":"page","link":"https:\/\/icaschool.com\/es\/mobile-manufactured-tiny-and-log-home-inspection-certification\/","title":{"rendered":"Certificaci\u00f3n para inspeccionar casas m\u00f3viles, casas prefabricadas, casas peque\u00f1as y casas de madera"},"content":{"rendered":"<div data-elementor-type=\"wp-page\" data-elementor-id=\"5926\" class=\"elementor elementor-5926\" data-elementor-post-type=\"page\">\n\t\t\t\t<div class=\"elementor-element elementor-element-78231a28 e-flex e-con-boxed e-con e-parent\" data-id=\"78231a28\" data-element_type=\"container\" data-e-type=\"container\" data-settings=\"{&quot;background_background&quot;:&quot;classic&quot;}\">\n\t\t\t\t\t<div class=\"e-con-inner\">\n\t\t\t\t<div class=\"elementor-element elementor-element-723eb0a8 elementor-widget elementor-widget-text-editor\" data-id=\"723eb0a8\" data-element_type=\"widget\" data-e-type=\"widget\" data-widget_type=\"text-editor.default\">\n\t\t\t\t<div class=\"elementor-widget-container\">\n\t\t\t\t\t\t\t\t\t<p><div class=\"aioseo-breadcrumbs\"><span class=\"aioseo-breadcrumb\">\n\t<a href=\"https:\/\/icaschool.com\/es\" title=\"Inicio\">Inicio<\/a>\n<\/span><span class=\"aioseo-breadcrumb-separator\">\"<\/span><span class=\"aioseo-breadcrumb\">\n\tCertificaci\u00f3n para inspeccionar casas m\u00f3viles, casas prefabricadas, casas peque\u00f1as y casas de madera\n<\/span><\/div><\/p>\t\t\t\t\t\t\t\t<\/div>\n\t\t\t\t<\/div>\n\t\t<div class=\"elementor-element elementor-element-517ac92d e-con-full e-flex e-con e-child\" data-id=\"517ac92d\" data-element_type=\"container\" data-e-type=\"container\">\n\t\t\t\t<div class=\"elementor-element elementor-element-2d6e1e27 elementor-widget elementor-widget-text-editor\" data-id=\"2d6e1e27\" data-element_type=\"widget\" data-e-type=\"widget\" data-widget_type=\"text-editor.default\">\n\t\t\t\t<div class=\"elementor-widget-container\">\n\t\t\t\t\t\t\t\t\t<h1><span style=\"color: #0064dc;\">Certificaci\u00f3n<\/span> inspeccionar casas m\u00f3viles, casas prefabricadas, casas peque\u00f1as y casas de madera<\/h1>\t\t\t\t\t\t\t\t<\/div>\n\t\t\t\t<\/div>\n\t\t\t\t<\/div>\n\t\t\t\t\t<\/div>\n\t\t\t\t<\/div>\n\t\t<div class=\"elementor-element elementor-element-4eb595a e-flex e-con-boxed e-con e-parent\" data-id=\"4eb595a\" data-element_type=\"container\" data-e-type=\"container\" data-settings=\"{&quot;background_background&quot;:&quot;classic&quot;}\">\n\t\t\t\t\t<div class=\"e-con-inner\">\n\t\t\t\t<div class=\"elementor-element elementor-element-6a4e740 elementor-widget elementor-widget-text-editor\" data-id=\"6a4e740\" data-element_type=\"widget\" data-e-type=\"widget\" data-widget_type=\"text-editor.default\">\n\t\t\t\t<div class=\"elementor-widget-container\">\n\t\t\t\t\t\t\t\t\t<h3>Incluido en la matr\u00edcula de cualquier nuevo curso de inspector de viviendas en l\u00ednea o en directo.<\/h3>\t\t\t\t\t\t\t\t<\/div>\n\t\t\t\t<\/div>\n\t\t\t\t\t<\/div>\n\t\t\t\t<\/div>\n\t\t<div class=\"elementor-element elementor-element-6e59c70 e-flex e-con-boxed e-con e-parent\" data-id=\"6e59c70\" data-element_type=\"container\" data-e-type=\"container\">\n\t\t\t\t\t<div class=\"e-con-inner\">\n\t\t<div class=\"elementor-element elementor-element-3be2fb7 e-con-full e-flex e-con e-child\" data-id=\"3be2fb7\" data-element_type=\"container\" data-e-type=\"container\">\n\t\t<div class=\"elementor-element elementor-element-1bdfd28 e-con-full e-flex e-con e-child\" data-id=\"1bdfd28\" data-element_type=\"container\" data-e-type=\"container\">\n\t\t\t\t<div class=\"elementor-element elementor-element-d3c933f elementor-widget__width-initial elementor-widget elementor-widget-video\" data-id=\"d3c933f\" data-element_type=\"widget\" data-e-type=\"widget\" data-settings=\"{&quot;youtube_url&quot;:&quot;https:\\\/\\\/www.youtube.com\\\/embed\\\/MTVQVIZcd3I&quot;,&quot;video_type&quot;:&quot;youtube&quot;,&quot;controls&quot;:&quot;yes&quot;}\" data-widget_type=\"video.default\">\n\t\t\t\t<div class=\"elementor-widget-container\">\n\t\t\t\t\t\t\t<div class=\"elementor-wrapper elementor-open-inline\">\n\t\t\t<div class=\"elementor-video\"><\/div>\t\t<\/div>\n\t\t\t\t\t\t<\/div>\n\t\t\t\t<\/div>\n\t\t\t\t<div class=\"elementor-element elementor-element-59870f2 elementor-widget elementor-widget-text-editor\" data-id=\"59870f2\" data-element_type=\"widget\" data-e-type=\"widget\" data-widget_type=\"text-editor.default\">\n\t\t\t\t<div class=\"elementor-widget-container\">\n\t\t\t\t\t\t\t\t\t<p>V\u00eddeo de demostraci\u00f3n del curso de casas prefabricadas y m\u00f3viles<\/p>\t\t\t\t\t\t\t\t<\/div>\n\t\t\t\t<\/div>\n\t\t\t\t<\/div>\n\t\t<div class=\"elementor-element elementor-element-5647980 e-con-full e-flex e-con e-child\" data-id=\"5647980\" data-element_type=\"container\" data-e-type=\"container\">\n\t\t\t\t<div class=\"elementor-element elementor-element-31ef561 elementor-widget elementor-widget-text-editor\" data-id=\"31ef561\" data-element_type=\"widget\" data-e-type=\"widget\" data-widget_type=\"text-editor.default\">\n\t\t\t\t<div class=\"elementor-widget-container\">\n\t\t\t\t\t\t\t\t\t<p>Este curso en l\u00ednea le ense\u00f1ar\u00e1 a inspeccionar los aspectos exclusivos de las viviendas que no se construyen in situ. M\u00e1s de 25 millones de estadounidenses viven en viviendas alternativas como casas m\u00f3viles, de troncos, diminutas, fabricadas y modulares. Para mantenerse al d\u00eda con los tiempos y la creciente necesidad de nuestros estudiantes para la formaci\u00f3n adecuada para inspeccionar este tipo de viviendas, hemos producido este curso de inspecci\u00f3n de la especialidad.<\/p>\t\t\t\t\t\t\t\t<\/div>\n\t\t\t\t<\/div>\n\t\t\t\t<\/div>\n\t\t\t\t<\/div>\n\t\t\t\t\t<\/div>\n\t\t\t\t<\/div>\n\t\t<div class=\"elementor-element elementor-element-2b751c4e e-flex e-con-boxed e-con e-parent\" data-id=\"2b751c4e\" data-element_type=\"container\" data-e-type=\"container\" data-settings=\"{&quot;background_background&quot;:&quot;classic&quot;}\">\n\t\t\t\t\t<div class=\"e-con-inner\">\n\t\t\t\t<div class=\"elementor-element elementor-element-2010f7aa elementor-widget elementor-widget-text-editor\" data-id=\"2010f7aa\" data-element_type=\"widget\" data-e-type=\"widget\" data-widget_type=\"text-editor.default\">\n\t\t\t\t<div class=\"elementor-widget-container\">\n\t\t\t\t\t\t\t\t\t<h3>C\u00f3mo funciona nuestra formaci\u00f3n<\/h3>\nInstructor\u00a0<a href=\"\/es\/instructores-de-formacion-en-inspeccion-de-viviendas\/\">Patrick Hardy<\/a>Hardy, muy respetado en la comunidad de inspecci\u00f3n, ofrece estrategias y t\u00e9cnicas del mundo real en este curso en l\u00ednea. Dentro de nuestra formaci\u00f3n, los estudiantes se convierten en bien versado en los consejos, trucos y herramientas del oficio, y Hardy ofrece una visi\u00f3n \u00fanica de las tuercas y los pernos de los m\u00e9todos necesarios para inspeccionar peque\u00f1as casas, casas m\u00f3viles, manufacturados, modulares, e incluso casas de madera. El curso incluye cinco detalladas lecciones en v\u00eddeo y tres evaluaciones.\n\nLos estudiantes que completen nuestro curso de casas m\u00f3viles, prefabricadas, modulares y de troncos aprender\u00e1n los m\u00e9todos de construcci\u00f3n e instalaci\u00f3n utilizados, as\u00ed como a identificar defectos en dichas estructuras. Comprender los diversos componentes de un sistema de este tipo es fundamental para realizar inspecciones exhaustivas. Con nuestras clases de formaci\u00f3n sobre casas m\u00f3viles, podr\u00e1 alertar r\u00e1pida y f\u00e1cilmente a los nuevos propietarios sobre posibles problemas. Cuando apruebe esta clase, se le proporcionar\u00e1 un certificado de finalizaci\u00f3n que podr\u00e1 utilizar como parte de su campa\u00f1a de marketing de inspecci\u00f3n de viviendas.\t\t\t\t\t\t\t\t<\/div>\n\t\t\t\t<\/div>\n\t\t\t\t<div class=\"elementor-element elementor-element-b0aa122 elementor-widget elementor-widget-text-editor\" data-id=\"b0aa122\" data-element_type=\"widget\" data-e-type=\"widget\" data-widget_type=\"text-editor.default\">\n\t\t\t\t<div class=\"elementor-widget-container\">\n\t\t\t\t\t\t\t\t\t<h3>\u00bfPor qu\u00e9 registrarse en la ACI?<\/h3>\nNuestros instructores trabajan muy duro para asegurarse de que la formaci\u00f3n disponible para los estudiantes ICA est\u00e1 por encima y m\u00e1s all\u00e1 del m\u00ednimo necesario para inspeccionar el hogar todos los d\u00edas. Los cursos en l\u00ednea de inspecci\u00f3n de viviendas de bonificaci\u00f3n como \u00e9ste est\u00e1n disponibles 24\/7 para que usted pueda completar en cualquier momento del d\u00eda o de la noche. En lugar de faltar al trabajo para terminar la clase, puede relajarse y aprender desde la comodidad de su sala de estar. Si usted aprende mejor en la noche, los fines de semana o primera hora de la ma\u00f1ana, nuestras clases son una manera asequible y f\u00e1cil de aprender. A todos nuestros alumnos de las clases presenciales de inspecci\u00f3n de viviendas se les proporciona acceso a la formaci\u00f3n en l\u00ednea de por vida.\n\nEl Curso de Inspecci\u00f3n de Viviendas M\u00f3viles est\u00e1 incluido para los estudiantes que\u00a0<a href=\"\/es\/licencias-estatales\/\">inscr\u00edbase en\u00a0<\/a>en nuestro curso online de inspecci\u00f3n de viviendas o en cualquiera de nuestros\u00a0<a href=\"\/es\/licencias-estatales\/\">cursos presenciales de formaci\u00f3n en inspecci\u00f3n de viviendas<\/a>. Las personas que necesiten ayuda para inscribirse pueden llamarnos los 7 d\u00edas de la semana al\u00a0<a href=\"tel:888-891-0892\">888-891-0892<\/a>.\t\t\t\t\t\t\t\t<\/div>\n\t\t\t\t<\/div>\n\t\t\t\t\t<\/div>\n\t\t\t\t<\/div>\n\t\t\t\t<\/div>","protected":false},"excerpt":{"rendered":"<p>Certificaci\u00f3n para inspeccionar casas m\u00f3viles, casas prefabricadas, casas peque\u00f1as y casas de troncos Incluido con la matr\u00edcula para cualquier nuevo curso de inspector de viviendas en l\u00ednea o en vivo! https:\/\/www.youtube.com\/embed\/MTVQVIZcd3I Manufactured and Mobile Home Course Demo Video Este curso en l\u00ednea le ense\u00f1ar\u00e1 c\u00f3mo inspeccionar los aspectos \u00fanicos de las casas que no son de marco construido en el sitio. M\u00e1s de 25...<\/p>","protected":false},"author":1,"featured_media":0,"parent":0,"menu_order":0,"comment_status":"closed","ping_status":"closed","template":"","meta":{"_angie_page":false,"content-type":"","footnotes":""},"class_list":["post-5926","page","type-page","status-publish","hentry"],"aioseo_notices":[],"jetpack_sharing_enabled":true,"_links":{"self":[{"href":"https:\/\/icaschool.com\/es\/wp-json\/wp\/v2\/pages\/5926","targetHints":{"allow":["GET"]}}],"collection":[{"href":"https:\/\/icaschool.com\/es\/wp-json\/wp\/v2\/pages"}],"about":[{"href":"https:\/\/icaschool.com\/es\/wp-json\/wp\/v2\/types\/page"}],"author":[{"embeddable":true,"href":"https:\/\/icaschool.com\/es\/wp-json\/wp\/v2\/users\/1"}],"replies":[{"embeddable":true,"href":"https:\/\/icaschool.com\/es\/wp-json\/wp\/v2\/comments?post=5926"}],"version-history":[{"count":3,"href":"https:\/\/icaschool.com\/es\/wp-json\/wp\/v2\/pages\/5926\/revisions"}],"predecessor-version":[{"id":151797,"href":"https:\/\/icaschool.com\/es\/wp-json\/wp\/v2\/pages\/5926\/revisions\/151797"}],"wp:attachment":[{"href":"https:\/\/icaschool.com\/es\/wp-json\/wp\/v2\/media?parent=5926"}],"curies":[{"name":"wp","href":"https:\/\/api.w.org\/{rel}","templated":true}]}}