{"id":6406,"date":"2020-03-25T10:09:08","date_gmt":"2020-03-25T15:09:08","guid":{"rendered":"https:\/\/ica-school.xm0yhtel-liquidwebsites.com\/?page_id=6406"},"modified":"2025-04-28T16:27:12","modified_gmt":"2025-04-28T21:27:12","slug":"formacion-continua","status":"publish","type":"page","link":"https:\/\/icaschool.com\/es\/continuing-education\/","title":{"rendered":"Formaci\u00f3n para inspectores de viviendas: Formaci\u00f3n continua"},"content":{"rendered":"\t\t<div data-elementor-type=\"wp-page\" data-elementor-id=\"6406\" class=\"elementor elementor-6406\" data-elementor-post-type=\"page\">\n\t\t\t\t<div class=\"elementor-element elementor-element-1d54f4f7 e-flex e-con-boxed e-con e-parent\" data-id=\"1d54f4f7\" data-element_type=\"container\" data-e-type=\"container\" data-settings=\"{&quot;background_background&quot;:&quot;classic&quot;}\">\n\t\t\t\t\t<div class=\"e-con-inner\">\n\t\t\t\t<div class=\"elementor-element elementor-element-1aaf23b2 elementor-widget elementor-widget-text-editor\" data-id=\"1aaf23b2\" data-element_type=\"widget\" data-e-type=\"widget\" data-widget_type=\"text-editor.default\">\n\t\t\t\t<div class=\"elementor-widget-container\">\n\t\t\t\t\t\t\t\t\t<p><div class=\"aioseo-breadcrumbs\"><span class=\"aioseo-breadcrumb\">\n\t<a href=\"https:\/\/icaschool.com\/es\" title=\"Home\">Home<\/a>\n<\/span><span class=\"aioseo-breadcrumb-separator\">\u00bb<\/span><span class=\"aioseo-breadcrumb\">\n\tHome Inspector Training: Continuing Education\n<\/span><\/div><\/p>\t\t\t\t\t\t\t\t<\/div>\n\t\t\t\t<\/div>\n\t\t<div class=\"elementor-element elementor-element-f9f6f65 e-con-full e-flex e-con e-child\" data-id=\"f9f6f65\" data-element_type=\"container\" data-e-type=\"container\">\n\t\t\t\t<div class=\"elementor-element elementor-element-6f2f2067 elementor-widget elementor-widget-text-editor\" data-id=\"6f2f2067\" data-element_type=\"widget\" data-e-type=\"widget\" data-widget_type=\"text-editor.default\">\n\t\t\t\t<div class=\"elementor-widget-container\">\n\t\t\t\t\t\t\t\t\t<h1>Home Inspection Training: <span style=\"color: #0064dc;\">Continuing Education<\/span><\/h1>\t\t\t\t\t\t\t\t<\/div>\n\t\t\t\t<\/div>\n\t\t\t\t<\/div>\n\t\t\t\t\t<\/div>\n\t\t\t\t<\/div>\n\t\t<div class=\"elementor-element elementor-element-7895e3b9 e-flex e-con-boxed e-con e-parent\" data-id=\"7895e3b9\" data-element_type=\"container\" data-e-type=\"container\">\n\t\t\t\t\t<div class=\"e-con-inner\">\n\t\t<div class=\"elementor-element elementor-element-547a4d02 e-con-full e-flex e-con e-child\" data-id=\"547a4d02\" data-element_type=\"container\" data-e-type=\"container\">\n\t\t\t\t<div class=\"elementor-element elementor-element-748dacb2 elementor-widget elementor-widget-text-editor\" data-id=\"748dacb2\" data-element_type=\"widget\" data-e-type=\"widget\" data-widget_type=\"text-editor.default\">\n\t\t\t\t<div class=\"elementor-widget-container\">\n\t\t\t\t\t\t\t\t\t<h2>Select Your State<\/h2>\t\t\t\t\t\t\t\t<\/div>\n\t\t\t\t<\/div>\n\t\t<div class=\"elementor-element elementor-element-a82d191 e-con-full e-flex e-con e-child\" data-id=\"a82d191\" data-element_type=\"container\" data-e-type=\"container\">\n\t\t<div class=\"elementor-element elementor-element-47443bd e-con-full e-flex e-con e-child\" data-id=\"47443bd\" data-element_type=\"container\" data-e-type=\"container\">\n\t\t\t\t<div class=\"elementor-element elementor-element-de472f8 elementor-widget elementor-widget-text-editor\" data-id=\"de472f8\" data-element_type=\"widget\" data-e-type=\"widget\" data-widget_type=\"text-editor.default\">\n\t\t\t\t<div class=\"elementor-widget-container\">\n\t\t\t\t\t\t\t\t\t<p>Inspection Certification Associates offers approved continuing education courses for Alabama, Arkansas, Florida, Illinois, Indiana, Maryland, Montana, New Hampshire, New York, North Carolina, Oregon, Tennessee, Virginia, West Virginia and Wisconsin home inspectors. More states are coming soon!<\/p><p>Home inspectors in other states can enroll in an\u00a0<a href=\"https:\/\/icaschool.com\/ica-memberships\/\">ICA 360<\/a>\u00a0membership, which can help you develop the business skills you need to succeed through live webinars, on-demand videos, downloadable PDFs, and more!<\/p>\t\t\t\t\t\t\t\t<\/div>\n\t\t\t\t<\/div>\n\t\t\t\t<\/div>\n\t\t<div class=\"elementor-element elementor-element-1bd96ca e-con-full e-flex e-con e-child\" data-id=\"1bd96ca\" data-element_type=\"container\" data-e-type=\"container\">\n\t\t\t\t<div class=\"elementor-element elementor-element-84c6bdc elementor-widget elementor-widget-image\" data-id=\"84c6bdc\" data-element_type=\"widget\" data-e-type=\"widget\" data-widget_type=\"image.default\">\n\t\t\t\t<div class=\"elementor-widget-container\">\n\t\t\t\t\t\t\t\t\t\t\t\t\t\t\t\t<a href=\"\/ica-memberships\/\">\n\t\t\t\t\t\t\t<img decoding=\"async\" width=\"86\" height=\"68\" src=\"https:\/\/icaschool.com\/wp-content\/uploads\/2021\/08\/Canada-Map-Button.png\" class=\"attachment-large size-large wp-image-20156\" alt=\"\" title=\"Canada-Map-Button | Home Inspection Training &amp; Certification Online\" \/>\t\t\t\t\t\t\t\t<\/a>\n\t\t\t\t\t\t\t\t\t\t\t\t\t\t\t<\/div>\n\t\t\t\t<\/div>\n\t\t\t\t<\/div>\n\t\t\t\t<\/div>\n\t\t\t\t<\/div>\n\t\t<div class=\"elementor-element elementor-element-d77346e e-con-full e-flex e-con e-child\" data-id=\"d77346e\" data-element_type=\"container\" data-e-type=\"container\">\n\t\t\t\t<div class=\"elementor-element elementor-element-8c50a56 elementor-widget elementor-widget-html\" data-id=\"8c50a56\" data-element_type=\"widget\" data-e-type=\"widget\" data-widget_type=\"html.default\">\n\t\t\t\t<div class=\"elementor-widget-container\">\n\t\t\t\t\t<mapplic-map id=\"mapplic-148288\" data-json=\"{&quot;target&quot;:null,&quot;settings&quot;:{&quot;mapWidth&quot;:800,&quot;mapHeight&quot;:438,&quot;padding&quot;:40,&quot;zoom&quot;:true,&quot;hoverTooltip&quot;:true,&quot;maxZoom&quot;:3,&quot;layer&quot;:&quot;us&quot;,&quot;layerSwitcher&quot;:&quot;top-right&quot;,&quot;resetButton&quot;:&quot;bottom-right&quot;,&quot;zoomButtons&quot;:&quot;bottom-right&quot;,&quot;extent&quot;:[-124.73460723799991,24.54254791900007,-66.9773249989999,49.36949412145651],&quot;geo&quot;:false,&quot;primaryColor&quot;:&quot;#FF5003&quot;,&quot;css&quot;:&quot;.mapplic-container { background-color: #ffffff; }\\n\\n\\n.mapplic-sidebar { background-color: #f3f3f3; z-index:90;}\\n\\n.mapplic-search&gt;input {background-color: #ffffff; border: 1px solid #666666; }&quot;,&quot;sidebar&quot;:true,&quot;ordered&quot;:true,&quot;filters&quot;:true,&quot;toggleSidebar&quot;:true,&quot;csvEnabled&quot;:true,&quot;moreText&quot;:&quot;View details&quot;},&quot;layers&quot;:[{&quot;id&quot;:&quot;us&quot;,&quot;name&quot;:&quot;United States&quot;,&quot;file&quot;:&quot;https:\/\/icaschool.com\/wp-content\/plugins\/mapplic-wp\/assets\/maps\/world\/US.svg&quot;}],&quot;locations&quot;:[{&quot;id&quot;:&quot;US-WA&quot;,&quot;title&quot;:&quot;Washington&quot;,&quot;type&quot;:&quot;hidden&quot;,&quot;coord&quot;:[0.0691,0.1001],&quot;zoom&quot;:3.9898,&quot;layer&quot;:&quot;us&quot;,&quot;action&quot;:&quot;none&quot;,&quot;hide&quot;:true,&quot;disable&quot;:true},{&quot;id&quot;:&quot;US-ID&quot;,&quot;title&quot;:&quot;Idaho&quot;,&quot;type&quot;:&quot;hidden&quot;,&quot;coord&quot;:[0.1844,0.178],&quot;zoom&quot;:2.4603,&quot;layer&quot;:&quot;us&quot;,&quot;disable&quot;:true},{&quot;id&quot;:&quot;US-MT&quot;,&quot;title&quot;:&quot;Montana&quot;,&quot;type&quot;:&quot;hidden&quot;,&quot;coord&quot;:[0.255,0.1266],&quot;zoom&quot;:3.2947,&quot;layer&quot;:&quot;us&quot;,&quot;link&quot;:&quot;\/continuing-education\/montana&quot;,&quot;target&quot;:&quot;_self&quot;,&quot;action&quot;:&quot;link&quot;},{&quot;id&quot;:&quot;US-ND&quot;,&quot;title&quot;:&quot;North Dakota&quot;,&quot;type&quot;:&quot;hidden&quot;,&quot;coord&quot;:[0.4232,0.0916],&quot;zoom&quot;:4.2794,&quot;layer&quot;:&quot;us&quot;,&quot;link&quot;:&quot;state-licensing\/north-dakota&quot;,&quot;disable&quot;:true},{&quot;id&quot;:&quot;US-MN&quot;,&quot;title&quot;:&quot;Minnesota&quot;,&quot;type&quot;:&quot;hidden&quot;,&quot;coord&quot;:[0.543,0.1367],&quot;zoom&quot;:2.7762,&quot;layer&quot;:&quot;us&quot;,&quot;link&quot;:&quot;state-licensing\/minnesota&quot;,&quot;disable&quot;:true},{&quot;id&quot;:&quot;US-MI&quot;,&quot;title&quot;:&quot;Michigan&quot;,&quot;type&quot;:&quot;hidden&quot;,&quot;coord&quot;:[0.6654,0.2009],&quot;zoom&quot;:2.5879,&quot;layer&quot;:&quot;us&quot;,&quot;link&quot;:&quot;state-licensing\/michigan&quot;,&quot;disable&quot;:true},{&quot;id&quot;:&quot;US-OH&quot;,&quot;title&quot;:&quot;Ohio&quot;,&quot;type&quot;:&quot;hidden&quot;,&quot;coord&quot;:[0.7277,0.4029],&quot;zoom&quot;:3.9445,&quot;layer&quot;:&quot;us&quot;,&quot;link&quot;:&quot;state-licensing\/ohio&quot;,&quot;disable&quot;:true},{&quot;id&quot;:&quot;US-PA&quot;,&quot;title&quot;:&quot;Pennsylvania&quot;,&quot;type&quot;:&quot;hidden&quot;,&quot;coord&quot;:[0.8151,0.3716],&quot;zoom&quot;:4.7796,&quot;layer&quot;:&quot;us&quot;,&quot;link&quot;:&quot;state-licensing\/pennsylvania&quot;,&quot;disable&quot;:true},{&quot;id&quot;:&quot;US-NY&quot;,&quot;title&quot;:&quot;New York&quot;,&quot;type&quot;:&quot;hidden&quot;,&quot;coord&quot;:[0.8462,0.3016],&quot;zoom&quot;:3.5071,&quot;layer&quot;:&quot;us&quot;,&quot;link&quot;:&quot;\/continuing-education\/new-york&quot;,&quot;target&quot;:&quot;_self&quot;,&quot;action&quot;:&quot;link&quot;},{&quot;id&quot;:&quot;US-VT&quot;,&quot;title&quot;:&quot;Vermont&quot;,&quot;type&quot;:&quot;hidden&quot;,&quot;coord&quot;:[0.9038,0.2545],&quot;zoom&quot;:5.2286,&quot;layer&quot;:&quot;us&quot;,&quot;link&quot;:&quot;state-licensing\/vermont&quot;,&quot;disable&quot;:true},{&quot;id&quot;:&quot;US-NH&quot;,&quot;title&quot;:&quot;New Hampshire&quot;,&quot;type&quot;:&quot;hidden&quot;,&quot;coord&quot;:[0.9183,0.2486],&quot;zoom&quot;:4.8672,&quot;layer&quot;:&quot;us&quot;,&quot;link&quot;:&quot;\/continuing-education\/new-hampshire&quot;,&quot;target&quot;:&quot;_self&quot;,&quot;action&quot;:&quot;link&quot;},{&quot;id&quot;:&quot;US-ME&quot;,&quot;title&quot;:&quot;Maine&quot;,&quot;type&quot;:&quot;hidden&quot;,&quot;coord&quot;:[0.9633,0.1911],&quot;zoom&quot;:3.4781,&quot;layer&quot;:&quot;us&quot;,&quot;link&quot;:&quot;state-licensing\/maine&quot;,&quot;disable&quot;:true},{&quot;id&quot;:&quot;US-AZ&quot;,&quot;title&quot;:&quot;Arizona&quot;,&quot;type&quot;:&quot;hidden&quot;,&quot;coord&quot;:[0.2223,0.6481],&quot;zoom&quot;:3.2493,&quot;layer&quot;:&quot;us&quot;,&quot;link&quot;:&quot;\/state-licensing\/arizona\/&quot;,&quot;disable&quot;:true},{&quot;id&quot;:&quot;US-CA&quot;,&quot;title&quot;:&quot;California&quot;,&quot;type&quot;:&quot;hidden&quot;,&quot;coord&quot;:[0.0957,0.5236],&quot;zoom&quot;:2.1398,&quot;layer&quot;:&quot;us&quot;,&quot;link&quot;:&quot;\/state-licensing\/california\/&quot;,&quot;disable&quot;:true},{&quot;id&quot;:&quot;US-NM&quot;,&quot;title&quot;:&quot;New Mexico&quot;,&quot;type&quot;:&quot;hidden&quot;,&quot;coord&quot;:[0.3244,0.6482],&quot;zoom&quot;:3.2507,&quot;layer&quot;:&quot;us&quot;,&quot;link&quot;:&quot;state-licensing\/new-mexico&quot;,&quot;disable&quot;:true},{&quot;id&quot;:&quot;US-TX&quot;,&quot;title&quot;:&quot;Texas&quot;,&quot;type&quot;:&quot;hidden&quot;,&quot;coord&quot;:[0.4269,0.7564],&quot;zoom&quot;:2.0632,&quot;layer&quot;:&quot;us&quot;,&quot;link&quot;:&quot;state-licensing\/texas&quot;,&quot;disable&quot;:true},{&quot;id&quot;:&quot;US-LA&quot;,&quot;title&quot;:&quot;Louisiana&quot;,&quot;type&quot;:&quot;hidden&quot;,&quot;coord&quot;:[0.5748,0.7686],&quot;zoom&quot;:4.1387,&quot;layer&quot;:&quot;us&quot;,&quot;link&quot;:&quot;state-licensing\/louisiana&quot;,&quot;disable&quot;:true},{&quot;id&quot;:&quot;US-MS&quot;,&quot;title&quot;:&quot;Mississippi&quot;,&quot;type&quot;:&quot;hidden&quot;,&quot;coord&quot;:[0.6033,0.708],&quot;zoom&quot;:3.6838,&quot;layer&quot;:&quot;us&quot;,&quot;link&quot;:&quot;state-licensing\/mississippi&quot;,&quot;disable&quot;:true},{&quot;id&quot;:&quot;US-AL&quot;,&quot;title&quot;:&quot;Alabama&quot;,&quot;type&quot;:&quot;hidden&quot;,&quot;coord&quot;:[0.6582,0.7072],&quot;zoom&quot;:3.6959,&quot;layer&quot;:&quot;us&quot;,&quot;link&quot;:&quot;\/continuing-education\/alabama\/&quot;,&quot;target&quot;:&quot;_self&quot;,&quot;action&quot;:&quot;link&quot;},{&quot;id&quot;:&quot;US-FL&quot;,&quot;title&quot;:&quot;Florida&quot;,&quot;type&quot;:&quot;hidden&quot;,&quot;coord&quot;:[0.7077,0.883],&quot;zoom&quot;:3.1185,&quot;layer&quot;:&quot;us&quot;,&quot;link&quot;:&quot;\/continuing-education\/florida\/&quot;,&quot;target&quot;:&quot;_self&quot;,&quot;action&quot;:&quot;link&quot;},{&quot;id&quot;:&quot;US-GA&quot;,&quot;title&quot;:&quot;Georgia&quot;,&quot;type&quot;:&quot;hidden&quot;,&quot;coord&quot;:[0.7182,0.7049],&quot;zoom&quot;:3.7716,&quot;layer&quot;:&quot;us&quot;,&quot;link&quot;:&quot;\/state-licensing\/georgia\/&quot;,&quot;disable&quot;:true},{&quot;id&quot;:&quot;US-SC&quot;,&quot;title&quot;:&quot;South Carolina&quot;,&quot;type&quot;:&quot;hidden&quot;,&quot;coord&quot;:[0.7572,0.6699],&quot;zoom&quot;:4.7178,&quot;layer&quot;:&quot;us&quot;,&quot;link&quot;:&quot;state-licensing\/south-carolina&quot;,&quot;disable&quot;:true},{&quot;id&quot;:&quot;US-NC&quot;,&quot;title&quot;:&quot;North Carolina&quot;,&quot;type&quot;:&quot;hidden&quot;,&quot;coord&quot;:[0.7758,0.6087],&quot;zoom&quot;:4.9204,&quot;layer&quot;:&quot;us&quot;,&quot;link&quot;:&quot;\/continuing-education\/north-carolina&quot;,&quot;target&quot;:&quot;_self&quot;,&quot;action&quot;:&quot;link&quot;},{&quot;id&quot;:&quot;US-VA&quot;,&quot;title&quot;:&quot;Virginia&quot;,&quot;type&quot;:&quot;hidden&quot;,&quot;coord&quot;:[0.7832,0.4999],&quot;zoom&quot;:4.8121,&quot;layer&quot;:&quot;us&quot;,&quot;link&quot;:&quot;\/continuing-education\/virginia&quot;,&quot;target&quot;:&quot;_self&quot;,&quot;action&quot;:&quot;link&quot;},{&quot;id&quot;:&quot;US-DC&quot;,&quot;title&quot;:&quot;District of Columbia&quot;,&quot;type&quot;:&quot;hidden&quot;,&quot;coord&quot;:[0.8254,0.4641],&quot;zoom&quot;:10.0829,&quot;layer&quot;:&quot;us&quot;,&quot;link&quot;:&quot;state-licensing\/washington-dc&quot;,&quot;disable&quot;:true},{&quot;id&quot;:&quot;US-MD&quot;,&quot;title&quot;:&quot;Maryland&quot;,&quot;type&quot;:&quot;hidden&quot;,&quot;coord&quot;:[0.8207,0.4668],&quot;zoom&quot;:6.1045,&quot;layer&quot;:&quot;us&quot;,&quot;link&quot;:&quot;\/continuing-education\/maryland&quot;,&quot;target&quot;:&quot;_self&quot;},{&quot;id&quot;:&quot;US-DE&quot;,&quot;title&quot;:&quot;Delaware&quot;,&quot;type&quot;:&quot;hidden&quot;,&quot;coord&quot;:[0.853,0.4539],&quot;zoom&quot;:6.7749,&quot;layer&quot;:&quot;us&quot;,&quot;link&quot;:&quot;\/state-licensing\/delaware\/&quot;,&quot;disable&quot;:true},{&quot;id&quot;:&quot;US-NJ&quot;,&quot;title&quot;:&quot;New Jersey&quot;,&quot;type&quot;:&quot;hidden&quot;,&quot;coord&quot;:[0.8648,0.4129],&quot;zoom&quot;:5.2205,&quot;layer&quot;:&quot;us&quot;,&quot;link&quot;:&quot;state-licensing\/new-jersey&quot;,&quot;disable&quot;:true},{&quot;id&quot;:&quot;US-CT&quot;,&quot;title&quot;:&quot;Connecticut&quot;,&quot;type&quot;:&quot;hidden&quot;,&quot;coord&quot;:[0.8989,0.3554],&quot;zoom&quot;:7.37,&quot;layer&quot;:&quot;us&quot;,&quot;link&quot;:&quot;\/state-licensing\/connecticut\/&quot;,&quot;disable&quot;:true},{&quot;id&quot;:&quot;US-RI&quot;,&quot;title&quot;:&quot;Rhode Island&quot;,&quot;type&quot;:&quot;hidden&quot;,&quot;coord&quot;:[0.9208,0.3532],&quot;zoom&quot;:7.8131,&quot;layer&quot;:&quot;us&quot;,&quot;link&quot;:&quot;state-licensing\/rhode-island&quot;,&quot;disable&quot;:true},{&quot;id&quot;:&quot;US-MA&quot;,&quot;title&quot;:&quot;Massachusetts&quot;,&quot;type&quot;:&quot;hidden&quot;,&quot;coord&quot;:[0.9168,0.3327],&quot;zoom&quot;:6.2005,&quot;layer&quot;:&quot;us&quot;,&quot;link&quot;:&quot;state-licensing\/massachusetts&quot;,&quot;disable&quot;:true},{&quot;id&quot;:&quot;US-OR&quot;,&quot;title&quot;:&quot;Oregon&quot;,&quot;type&quot;:&quot;hidden&quot;,&quot;coord&quot;:[0.0743,0.2425],&quot;zoom&quot;:3.604,&quot;layer&quot;:&quot;us&quot;,&quot;link&quot;:&quot;\/continuing-education\/oregon\/&quot;,&quot;target&quot;:&quot;_self&quot;,&quot;action&quot;:&quot;link&quot;},{&quot;id&quot;:&quot;US-UT&quot;,&quot;title&quot;:&quot;Utah&quot;,&quot;type&quot;:&quot;hidden&quot;,&quot;coord&quot;:[0.2291,0.4378],&quot;zoom&quot;:3.3809,&quot;layer&quot;:&quot;us&quot;,&quot;link&quot;:&quot;state-licensing\/utah&quot;,&quot;disable&quot;:true},{&quot;id&quot;:&quot;US-WY&quot;,&quot;title&quot;:&quot;Wyoming&quot;,&quot;type&quot;:&quot;hidden&quot;,&quot;coord&quot;:[0.298,0.2914],&quot;zoom&quot;:3.7899,&quot;layer&quot;:&quot;us&quot;,&quot;link&quot;:&quot;\/state-licensing\/wyoming&quot;,&quot;disable&quot;:true},{&quot;id&quot;:&quot;US-NV&quot;,&quot;title&quot;:&quot;Nevada&quot;,&quot;type&quot;:&quot;hidden&quot;,&quot;coord&quot;:[0.1345,0.4767],&quot;zoom&quot;:2.6768,&quot;layer&quot;:&quot;us&quot;,&quot;link&quot;:&quot;\/state-licensing\/nevada\/&quot;,&quot;disable&quot;:true},{&quot;id&quot;:&quot;US-CO&quot;,&quot;title&quot;:&quot;Colorado&quot;,&quot;type&quot;:&quot;hidden&quot;,&quot;coord&quot;:[0.3327,0.4588],&quot;zoom&quot;:3.942,&quot;layer&quot;:&quot;us&quot;,&quot;link&quot;:&quot;\/state-licensing\/colorado\/&quot;,&quot;disable&quot;:true},{&quot;id&quot;:&quot;US-SD&quot;,&quot;title&quot;:&quot;South Dakota&quot;,&quot;type&quot;:&quot;hidden&quot;,&quot;coord&quot;:[0.424,0.2381],&quot;zoom&quot;:4.1317,&quot;layer&quot;:&quot;us&quot;,&quot;link&quot;:&quot;state-licensing\/south-dakota&quot;,&quot;disable&quot;:true},{&quot;id&quot;:&quot;US-NE&quot;,&quot;title&quot;:&quot;Nebraska&quot;,&quot;type&quot;:&quot;hidden&quot;,&quot;coord&quot;:[0.4339,0.356],&quot;zoom&quot;:4.5941,&quot;layer&quot;:&quot;us&quot;,&quot;link&quot;:&quot;state-licensing\/nebraska&quot;,&quot;disable&quot;:true},{&quot;id&quot;:&quot;US-KS&quot;,&quot;title&quot;:&quot;Kansas&quot;,&quot;type&quot;:&quot;hidden&quot;,&quot;coord&quot;:[0.4572,0.4796],&quot;zoom&quot;:4.7122,&quot;layer&quot;:&quot;us&quot;,&quot;link&quot;:&quot;state-licensing\/kansas&quot;,&quot;disable&quot;:true},{&quot;id&quot;:&quot;US-OK&quot;,&quot;title&quot;:&quot;Oklahoma&quot;,&quot;type&quot;:&quot;hidden&quot;,&quot;coord&quot;:[0.4505,0.6048],&quot;zoom&quot;:4.5267,&quot;layer&quot;:&quot;us&quot;,&quot;link&quot;:&quot;state-licensing\/oklahoma&quot;,&quot;disable&quot;:true},{&quot;id&quot;:&quot;US-IA&quot;,&quot;title&quot;:&quot;Iowa&quot;,&quot;type&quot;:&quot;hidden&quot;,&quot;coord&quot;:[0.5426,0.3373],&quot;zoom&quot;:4.4708,&quot;layer&quot;:&quot;us&quot;,&quot;link&quot;:&quot;state-licensing\/iowa&quot;,&quot;disable&quot;:true},{&quot;id&quot;:&quot;US-MO&quot;,&quot;title&quot;:&quot;Missouri&quot;,&quot;type&quot;:&quot;hidden&quot;,&quot;coord&quot;:[0.5589,0.4867],&quot;zoom&quot;:3.6029,&quot;layer&quot;:&quot;us&quot;,&quot;link&quot;:&quot;state-licensing\/missouri&quot;,&quot;disable&quot;:true},{&quot;id&quot;:&quot;US-WI&quot;,&quot;title&quot;:&quot;Wisconsin&quot;,&quot;type&quot;:&quot;hidden&quot;,&quot;coord&quot;:[0.6085,0.2074],&quot;zoom&quot;:3.2691,&quot;layer&quot;:&quot;us&quot;,&quot;link&quot;:&quot;\/continuing-education\/wisconsin&quot;,&quot;target&quot;:&quot;_self&quot;,&quot;action&quot;:&quot;link&quot;},{&quot;id&quot;:&quot;US-IL&quot;,&quot;title&quot;:&quot;Illinois&quot;,&quot;type&quot;:&quot;hidden&quot;,&quot;coord&quot;:[0.6138,0.4273],&quot;zoom&quot;:3.1405,&quot;layer&quot;:&quot;us&quot;,&quot;link&quot;:&quot;\/continuing-education\/illinois&quot;,&quot;target&quot;:&quot;_self&quot;,&quot;action&quot;:&quot;link&quot;},{&quot;id&quot;:&quot;US-KY&quot;,&quot;title&quot;:&quot;Kentucky&quot;,&quot;type&quot;:&quot;hidden&quot;,&quot;coord&quot;:[0.6742,0.507],&quot;zoom&quot;:5.0794,&quot;layer&quot;:&quot;us&quot;,&quot;link&quot;:&quot;state-licensing\/kentucky&quot;,&quot;disable&quot;:true},{&quot;id&quot;:&quot;US-AR&quot;,&quot;title&quot;:&quot;Arkansas&quot;,&quot;type&quot;:&quot;hidden&quot;,&quot;coord&quot;:[0.5641,0.6267],&quot;zoom&quot;:4.4399,&quot;layer&quot;:&quot;us&quot;,&quot;link&quot;:&quot;\/continuing-education\/arkansas\/&quot;,&quot;target&quot;:&quot;_self&quot;,&quot;action&quot;:&quot;link&quot;},{&quot;id&quot;:&quot;US-TN&quot;,&quot;title&quot;:&quot;Tennessee&quot;,&quot;type&quot;:&quot;hidden&quot;,&quot;coord&quot;:[0.6705,0.5854],&quot;zoom&quot;:5.0176,&quot;layer&quot;:&quot;us&quot;,&quot;link&quot;:&quot;\/continuing-education\/tennessee&quot;,&quot;target&quot;:&quot;_self&quot;,&quot;action&quot;:&quot;link&quot;},{&quot;id&quot;:&quot;US-WV&quot;,&quot;title&quot;:&quot;West Virginia&quot;,&quot;type&quot;:&quot;hidden&quot;,&quot;coord&quot;:[0.7706,0.4621],&quot;zoom&quot;:4.3315,&quot;layer&quot;:&quot;us&quot;,&quot;link&quot;:&quot;\/continuing-education\/west-virginia&quot;,&quot;target&quot;:&quot;_self&quot;,&quot;action&quot;:&quot;link&quot;},{&quot;id&quot;:&quot;US-IN&quot;,&quot;title&quot;:&quot;Indiana&quot;,&quot;type&quot;:&quot;hidden&quot;,&quot;coord&quot;:[0.6625,0.4273],&quot;zoom&quot;:3.9307,&quot;layer&quot;:&quot;us&quot;,&quot;link&quot;:&quot;\/continuing-education\/indiana&quot;,&quot;target&quot;:&quot;_self&quot;,&quot;action&quot;:&quot;link&quot;}],&quot;breakpoints&quot;:[{&quot;name&quot;:&quot;all-screens&quot;,&quot;below&quot;:9000,&quot;container&quot;:600},{&quot;name&quot;:&quot;mobile&quot;,&quot;below&quot;:480,&quot;portrait&quot;:true}],&quot;styles&quot;:[{&quot;class&quot;:&quot;mloc1&quot;,&quot;svg&quot;:true,&quot;marker&quot;:true,&quot;base-color&quot;:&quot;#0064DC&quot;,&quot;base-stroke&quot;:&quot;#ffffff&quot;,&quot;stroke-width&quot;:2,&quot;hover-color&quot;:&quot;#003366&quot;,&quot;active-color&quot;:&quot;#003366&quot;}],&quot;samples&quot;:[{&quot;id&quot;:&quot;def&quot;,&quot;title&quot;:&quot;Default&quot;,&quot;group&quot;:[],&quot;color&quot;:&quot;#852b2b&quot;,&quot;style&quot;:&quot;mloc1&quot;}],&quot;groups&quot;:[],&quot;filters&quot;:[],&quot;routes&quot;:[],&quot;legend&quot;:[{&quot;id&quot;:&quot;item1&quot;,&quot;text&quot;:&quot;Item text&quot;,&quot;chosen&quot;:false,&quot;selected&quot;:false}]}\" data-path=\"https:\/\/icaschool.com\/wp-content\/plugins\/mapplic-wp\/\/core\/\"><\/mapplic-map>\t\t\t\t<\/div>\n\t\t\t\t<\/div>\n\t\t\t\t<\/div>\n\t\t\t\t\t<\/div>\n\t\t\t\t<\/div>\n\t\t<div class=\"elementor-element elementor-element-6b1385a9 e-flex e-con-boxed e-con e-parent\" data-id=\"6b1385a9\" data-element_type=\"container\" data-e-type=\"container\" data-settings=\"{&quot;background_background&quot;:&quot;classic&quot;}\">\n\t\t\t\t\t<div class=\"e-con-inner\">\n\t\t\t\t<div class=\"elementor-element elementor-element-78e03d22 elementor-widget elementor-widget-text-editor\" data-id=\"78e03d22\" data-element_type=\"widget\" data-e-type=\"widget\" data-widget_type=\"text-editor.default\">\n\t\t\t\t<div class=\"elementor-widget-container\">\n\t\t\t\t\t\t\t\t\t<h3>Do all home inspectors need continuing education?<\/h3><p>If the inspector lives in a state where home inspections are regulated, CE (continuing education) is required. Most home inspector licensing boards require continuing education to stay up to date with changes and developments in the industry.\u00a0 The majority of home inspection boards will require CE to maintain a home inspection certification or license. The specific requirements for continuing education aka CE may vary depending on the inspector\u2019s state or province.\u00a0 Continuing education should be completed with an approved school to ensure the proper credit is earned and awarded to the student upon completion of the training.<\/p><p>Many states require home inspectors to complete a predetermined number of hours of CE (continuing education) each year to three years. These courses may cover topics such as construction standards, new technologies, safety regulations, and home inspection techniques. Home inspectors in some states can do CE online and self-paced while other states require live in-person or webinar training to stay current with home inspection trends and best practices.<\/p><p>Continuing education provides a way for home inspectors to ensure that they are providing the highest level of service to their clients and maintaining their professional standards. By keeping skills up to date, home inspectors can provide more accurate and detailed inspections.\u00a0 \u00a0Ultimately continuing education can help home inspectors to help home-buyers make informed decisions about their future home purchase.<\/p><p>If you are not yet a certified or licensed home inspector and would like to pursue a career in home inspection, start here on our new home inspector\u00a0<a href=\"https:\/\/icaschool.com\/state-licensing\/\">state\/province licensing page<\/a>.<\/p>\t\t\t\t\t\t\t\t<\/div>\n\t\t\t\t<\/div>\n\t\t\t\t\t<\/div>\n\t\t\t\t<\/div>\n\t\t\t\t<\/div>\n\t\t","protected":false},"excerpt":{"rendered":"<p>Formaci\u00f3n en Inspecci\u00f3n de Viviendas: Educaci\u00f3n Continua Seleccione su Estado Inspection Certification Associates ofrece cursos aprobados de educaci\u00f3n continua para Alabama, Arkansas, Florida, Illinois, Indiana, Maryland, Montana, New Hampshire, Nueva York, Carolina del Norte, Oregon, Tennessee, Virginia, West Virginia y Wisconsin inspectores de viviendas. Pronto habr\u00e1 m\u00e1s estados. Los inspectores de viviendas de otros estados pueden...<\/p>","protected":false},"author":88893,"featured_media":0,"parent":0,"menu_order":0,"comment_status":"closed","ping_status":"closed","template":"","meta":{"_angie_page":false,"content-type":"","footnotes":""},"class_list":["post-6406","page","type-page","status-publish","hentry"],"aioseo_notices":[],"jetpack_sharing_enabled":true,"_links":{"self":[{"href":"https:\/\/icaschool.com\/es\/wp-json\/wp\/v2\/pages\/6406","targetHints":{"allow":["GET"]}}],"collection":[{"href":"https:\/\/icaschool.com\/es\/wp-json\/wp\/v2\/pages"}],"about":[{"href":"https:\/\/icaschool.com\/es\/wp-json\/wp\/v2\/types\/page"}],"author":[{"embeddable":true,"href":"https:\/\/icaschool.com\/es\/wp-json\/wp\/v2\/users\/88893"}],"replies":[{"embeddable":true,"href":"https:\/\/icaschool.com\/es\/wp-json\/wp\/v2\/comments?post=6406"}],"version-history":[{"count":3,"href":"https:\/\/icaschool.com\/es\/wp-json\/wp\/v2\/pages\/6406\/revisions"}],"predecessor-version":[{"id":159112,"href":"https:\/\/icaschool.com\/es\/wp-json\/wp\/v2\/pages\/6406\/revisions\/159112"}],"wp:attachment":[{"href":"https:\/\/icaschool.com\/es\/wp-json\/wp\/v2\/media?parent=6406"}],"curies":[{"name":"wp","href":"https:\/\/api.w.org\/{rel}","templated":true}]}}