{"id":6738,"date":"2020-04-14T10:30:19","date_gmt":"2020-04-14T15:30:19","guid":{"rendered":"https:\/\/ica-school.xm0yhtel-liquidwebsites.com\/?page_id=6738"},"modified":"2025-02-24T11:35:16","modified_gmt":"2025-02-24T17:35:16","slug":"hogares-inteligentes","status":"publish","type":"page","link":"https:\/\/icaschool.com\/es\/smart-homes\/","title":{"rendered":"Formaci\u00f3n en inspecci\u00f3n inteligente de viviendas"},"content":{"rendered":"<div data-elementor-type=\"wp-page\" data-elementor-id=\"6738\" class=\"elementor elementor-6738\" data-elementor-post-type=\"page\">\n\t\t\t\t<div class=\"elementor-element elementor-element-d7791e2 e-flex e-con-boxed e-con e-parent\" data-id=\"d7791e2\" data-element_type=\"container\" data-e-type=\"container\" data-settings=\"{&quot;background_background&quot;:&quot;classic&quot;}\">\n\t\t\t\t\t<div class=\"e-con-inner\">\n\t\t\t\t<div class=\"elementor-element elementor-element-fc74f15 elementor-widget elementor-widget-text-editor\" data-id=\"fc74f15\" data-element_type=\"widget\" data-e-type=\"widget\" data-widget_type=\"text-editor.default\">\n\t\t\t\t<div class=\"elementor-widget-container\">\n\t\t\t\t\t\t\t\t\t<p><div class=\"aioseo-breadcrumbs\"><span class=\"aioseo-breadcrumb\">\n\t<a href=\"https:\/\/icaschool.com\/es\" title=\"Inicio\">Inicio<\/a>\n<\/span><span class=\"aioseo-breadcrumb-separator\">\"<\/span><span class=\"aioseo-breadcrumb\">\n\tFormaci\u00f3n en inspecci\u00f3n inteligente de viviendas\n<\/span><\/div><\/p>\t\t\t\t\t\t\t\t<\/div>\n\t\t\t\t<\/div>\n\t\t<div class=\"elementor-element elementor-element-e9077b8 e-flex e-con-boxed e-con e-child\" data-id=\"e9077b8\" data-element_type=\"container\" data-e-type=\"container\">\n\t\t\t\t\t<div class=\"e-con-inner\">\n\t\t\t\t<div class=\"elementor-element elementor-element-8fca493 elementor-widget elementor-widget-text-editor\" data-id=\"8fca493\" data-element_type=\"widget\" data-e-type=\"widget\" data-widget_type=\"text-editor.default\">\n\t\t\t\t<div class=\"elementor-widget-container\">\n\t\t\t\t\t\t\t\t\t<h1><span style=\"color: #0064dc;\">Hogar inteligente <\/span>Formaci\u00f3n en inspecci\u00f3n<\/h1>\t\t\t\t\t\t\t\t<\/div>\n\t\t\t\t<\/div>\n\t\t\t\t\t<\/div>\n\t\t\t\t<\/div>\n\t\t\t\t\t<\/div>\n\t\t\t\t<\/div>\n\t\t<div class=\"elementor-element elementor-element-9869fdf e-flex e-con-boxed e-con e-parent\" data-id=\"9869fdf\" data-element_type=\"container\" data-e-type=\"container\" data-settings=\"{&quot;background_background&quot;:&quot;classic&quot;}\">\n\t\t\t\t\t<div class=\"e-con-inner\">\n\t\t\t\t<div class=\"elementor-element elementor-element-a49f569 elementor-widget elementor-widget-text-editor\" data-id=\"a49f569\" data-element_type=\"widget\" data-e-type=\"widget\" data-widget_type=\"text-editor.default\">\n\t\t\t\t<div class=\"elementor-widget-container\">\n\t\t\t\t\t\t\t\t\t<h3>Incluido en la matr\u00edcula de cualquier nuevo curso de inspector de viviendas en l\u00ednea o en directo.<\/h3>\t\t\t\t\t\t\t\t<\/div>\n\t\t\t\t<\/div>\n\t\t\t\t\t<\/div>\n\t\t\t\t<\/div>\n\t\t<div class=\"elementor-element elementor-element-dbf59fa e-flex e-con-boxed e-con e-parent\" data-id=\"dbf59fa\" data-element_type=\"container\" data-e-type=\"container\" data-settings=\"{&quot;background_background&quot;:&quot;classic&quot;}\">\n\t\t\t\t\t<div class=\"e-con-inner\">\n\t\t<div class=\"elementor-element elementor-element-f6aa505 e-con-full e-flex e-con e-child\" data-id=\"f6aa505\" data-element_type=\"container\" data-e-type=\"container\">\n\t\t<div class=\"elementor-element elementor-element-7f7a5cf e-con-full e-flex e-con e-child\" data-id=\"7f7a5cf\" data-element_type=\"container\" data-e-type=\"container\">\n\t\t\t\t<div class=\"elementor-element elementor-element-348218b elementor-widget elementor-widget-video\" data-id=\"348218b\" data-element_type=\"widget\" data-e-type=\"widget\" data-settings=\"{&quot;youtube_url&quot;:&quot;https:\\\/\\\/youtu.be\\\/3YKkTNjK9KE&quot;,&quot;video_type&quot;:&quot;youtube&quot;,&quot;controls&quot;:&quot;yes&quot;}\" data-widget_type=\"video.default\">\n\t\t\t\t<div class=\"elementor-widget-container\">\n\t\t\t\t\t\t\t<div class=\"elementor-wrapper elementor-open-inline\">\n\t\t\t<div class=\"elementor-video\"><\/div>\t\t<\/div>\n\t\t\t\t\t\t<\/div>\n\t\t\t\t<\/div>\n\t\t\t\t<div class=\"elementor-element elementor-element-922f4ab elementor-widget elementor-widget-text-editor\" data-id=\"922f4ab\" data-element_type=\"widget\" data-e-type=\"widget\" data-widget_type=\"text-editor.default\">\n\t\t\t\t<div class=\"elementor-widget-container\">\n\t\t\t\t\t\t\t\t\t<p style=\"text-align: center;\">V\u00eddeo de demostraci\u00f3n del curso Inspecci\u00f3n de viviendas inteligentes<\/p>\t\t\t\t\t\t\t\t<\/div>\n\t\t\t\t<\/div>\n\t\t\t\t<\/div>\n\t\t<div class=\"elementor-element elementor-element-184d31b e-con-full e-flex e-con e-child\" data-id=\"184d31b\" data-element_type=\"container\" data-e-type=\"container\">\n\t\t\t\t<div class=\"elementor-element elementor-element-b3c9de3 elementor-widget elementor-widget-text-editor\" data-id=\"b3c9de3\" data-element_type=\"widget\" data-e-type=\"widget\" data-widget_type=\"text-editor.default\">\n\t\t\t\t<div class=\"elementor-widget-container\">\n\t\t\t\t\t\t\t\t\t<p>Este curso en l\u00ednea le ense\u00f1ar\u00e1 c\u00f3mo inspeccionar los aspectos \u00fanicos de los hogares que incorporan la tecnolog\u00eda del hogar inteligente. En Inspection Certification Associates, siempre nos mantenemos al d\u00eda con los tiempos y la creciente necesidad de nuestros estudiantes para la formaci\u00f3n adecuada para inspeccionar los hogares de hoy y tambi\u00e9n ma\u00f1ana.<\/p>\t\t\t\t\t\t\t\t<\/div>\n\t\t\t\t<\/div>\n\t\t\t\t<\/div>\n\t\t\t\t<\/div>\n\t\t\t\t\t<\/div>\n\t\t\t\t<\/div>\n\t\t<div class=\"elementor-element elementor-element-2fe1bd7 e-flex e-con-boxed e-con e-parent\" data-id=\"2fe1bd7\" data-element_type=\"container\" data-e-type=\"container\" data-settings=\"{&quot;background_background&quot;:&quot;classic&quot;}\">\n\t\t\t\t\t<div class=\"e-con-inner\">\n\t\t\t\t<div class=\"elementor-element elementor-element-c0db0b5 elementor-widget elementor-widget-text-editor\" data-id=\"c0db0b5\" data-element_type=\"widget\" data-e-type=\"widget\" data-widget_type=\"text-editor.default\">\n\t\t\t\t<div class=\"elementor-widget-container\">\n\t\t\t\t\t\t\t\t\t<h3>C\u00f3mo funciona nuestra formaci\u00f3n<\/h3><p>Instructor\u00a0<a href=\"https:\/\/icaschool.com\/es\/instructores-de-formacion-en-inspeccion-de-viviendas\/\">Patrick Hardy<\/a>aporta estrategias y t\u00e9cnicas del mundo real a este curso en l\u00ednea. Los estudiantes se familiarizan con los consejos, trucos y herramientas para inspeccionar casas de alta tecnolog\u00eda. Hardy ofrece una visi\u00f3n \u00fanica de los m\u00e9todos necesarios para inspeccionar casas inteligentes, sus componentes y su funcionamiento. El curso incluye cuatro detalladas lecciones en v\u00eddeo y cuatro evaluaciones. Los estudiantes que completen nuestro curso Smart Home, recibir\u00e1n un certificado de finalizaci\u00f3n que puede utilizar como parte de su campa\u00f1a de marketing de inspecci\u00f3n de viviendas.<\/p>\t\t\t\t\t\t\t\t<\/div>\n\t\t\t\t<\/div>\n\t\t\t\t<div class=\"elementor-element elementor-element-2675eed elementor-widget elementor-widget-text-editor\" data-id=\"2675eed\" data-element_type=\"widget\" data-e-type=\"widget\" data-widget_type=\"text-editor.default\">\n\t\t\t\t<div class=\"elementor-widget-container\">\n\t\t\t\t\t\t\t\t\t<h3>\u00bfPor qu\u00e9 registrarse en la ACI?<\/h3>\nNuestros instructores trabajan muy duro para asegurarse de que la formaci\u00f3n disponible para los estudiantes de ICA est\u00e1 por encima y m\u00e1s all\u00e1 del m\u00ednimo necesario para inspeccionar el hogar todos los d\u00edas.\u00a0<a href=\"https:\/\/icaschool.com\/es\/cursos-adicionales-de-inspeccion\/\">Todos los cursos en l\u00ednea Bonus de inspecci\u00f3n de viviendas<\/a>\u00a0est\u00e1n disponibles 24 horas al d\u00eda, 7 d\u00edas a la semana. Puede acceder a esta formaci\u00f3n a cualquier hora del d\u00eda o de la noche. En lugar de faltar al trabajo para terminar la clase, puede relajarse y aprender desde la comodidad de su sal\u00f3n. Si usted aprende mejor por la noche, los fines de semana o primera hora de la ma\u00f1ana, nuestras clases son una manera asequible y f\u00e1cil de aprender. A todos nuestros alumnos de las clases presenciales de inspecci\u00f3n de viviendas se les proporciona acceso a la formaci\u00f3n en l\u00ednea de por vida.\n\nEl curso Smart Home Inspection est\u00e1 incluido para los estudiantes que\u00a0<a href=\"https:\/\/icaschool.com\/es\/formulario-de-pedido\/\">inscr\u00edbase en\u00a0<\/a>en nuestro curso online de inspecci\u00f3n de viviendas o en cualquiera de nuestros\u00a0<a href=\"https:\/\/icaschool.com\/es\/formacion-presencial-sobre-el-terreno\/\">cursos presenciales de formaci\u00f3n en inspecci\u00f3n de viviendas<\/a>. Las personas que necesiten ayuda para inscribirse pueden llamarnos los 7 d\u00edas de la semana al\u00a0<a href=\"tel:888-857-4307\">888-857-4307<\/a>. Tambi\u00e9n puede enviarnos un correo electr\u00f3nico a\u00a0<a href=\"mailto:admissions@icaschool.com\">admissions@icaschool.com<\/a>\t\t\t\t\t\t\t\t<\/div>\n\t\t\t\t<\/div>\n\t\t\t\t\t<\/div>\n\t\t\t\t<\/div>\n\t\t\t\t<\/div>","protected":false},"excerpt":{"rendered":"<p>Smart Home Formaci\u00f3n Inspecci\u00f3n Incluido con la matr\u00edcula para cualquier nuevo curso de inspector de casa en l\u00ednea o en vivo! https:\/\/youtu.be\/3YKkTNjK9KE Inspecci\u00f3n de Casas Inteligentes Curso Demo Video Este curso en l\u00ednea le ense\u00f1ar\u00e1 c\u00f3mo inspeccionar los aspectos \u00fanicos de los hogares que incorporan la tecnolog\u00eda de casa inteligente. En Inspection Certification Associates, siempre nos mantenemos al d\u00eda con los...<\/p>","protected":false},"author":88893,"featured_media":0,"parent":0,"menu_order":0,"comment_status":"closed","ping_status":"closed","template":"","meta":{"_angie_page":false,"content-type":"","footnotes":""},"class_list":["post-6738","page","type-page","status-publish","hentry"],"aioseo_notices":[],"jetpack_sharing_enabled":true,"_links":{"self":[{"href":"https:\/\/icaschool.com\/es\/wp-json\/wp\/v2\/pages\/6738","targetHints":{"allow":["GET"]}}],"collection":[{"href":"https:\/\/icaschool.com\/es\/wp-json\/wp\/v2\/pages"}],"about":[{"href":"https:\/\/icaschool.com\/es\/wp-json\/wp\/v2\/types\/page"}],"author":[{"embeddable":true,"href":"https:\/\/icaschool.com\/es\/wp-json\/wp\/v2\/users\/88893"}],"replies":[{"embeddable":true,"href":"https:\/\/icaschool.com\/es\/wp-json\/wp\/v2\/comments?post=6738"}],"version-history":[{"count":3,"href":"https:\/\/icaschool.com\/es\/wp-json\/wp\/v2\/pages\/6738\/revisions"}],"predecessor-version":[{"id":149130,"href":"https:\/\/icaschool.com\/es\/wp-json\/wp\/v2\/pages\/6738\/revisions\/149130"}],"wp:attachment":[{"href":"https:\/\/icaschool.com\/es\/wp-json\/wp\/v2\/media?parent=6738"}],"curies":[{"name":"wp","href":"https:\/\/api.w.org\/{rel}","templated":true}]}}