{"id":138233,"date":"2024-05-10T14:48:55","date_gmt":"2024-05-10T19:48:55","guid":{"rendered":"https:\/\/icaschool.com\/?post_type=product&#038;p=138233"},"modified":"2026-01-15T15:49:19","modified_gmt":"2026-01-15T21:49:19","slug":"paquete-foundation-plus-3","status":"publish","type":"product","link":"https:\/\/icaschool.com\/es\/producto\/paquete-foundation-plus-3\/","title":{"rendered":"Premier Package Add-On &#8211; Florida Online"},"content":{"rendered":"<p>Incluye todo lo del paquete Fundaci\u00f3n, <strong>PLUS:<\/strong><\/p>\n<ul>\n<li><i class=\"fa fa-check\" aria-hidden=\"true\"><\/i>\u00a0Curso de mitigaci\u00f3n del viento<\/li>\n<li><i class=\"fa fa-check\" aria-hidden=\"true\"><\/i>\u00a0Curso de inspecci\u00f3n en cuatro puntos<\/li>\n<li><i class=\"fa fa-check\" aria-hidden=\"true\"><\/i>\u00a0Acceso de 1 a\u00f1o a ICA 360: \u00a140 horas de v\u00eddeos de inspecci\u00f3n de viviendas, podcasts, seminarios web y mucho m\u00e1s!<\/li>\n<li><i class=\"fa fa-check\" aria-hidden=\"true\"><\/i>\u00a0Gu\u00edas de estudio de libros electr\u00f3nicos NHIE<\/li>\n<li><i class=\"fa fa-check\" aria-hidden=\"true\"><\/i>\u00a0Curso de certificaci\u00f3n de inspecci\u00f3n comercial<\/li>\n<\/ul>","protected":false},"excerpt":{"rendered":"<p>Incluye todo lo del paquete Foundation, M\u00c1S: Curso de mitigaci\u00f3n del viento Curso de inspecci\u00f3n de cuatro puntos ICA 360 Acceso durante 1 a\u00f1o - \u00a140 horas de v\u00eddeos de inspecci\u00f3n de viviendas, podcasts, seminarios web y mucho m\u00e1s!  NHIE e-Book Gu\u00edas de Estudio Curso de Certificaci\u00f3n de Inspecci\u00f3n Comercial<\/p>","protected":false},"featured_media":0,"template":"","meta":{"_angie_page":false,"content-type":""},"product_brand":[],"product_cat":[197,204],"product_tag":[],"class_list":{"0":"post-138233","1":"product","2":"type-product","3":"status-publish","5":"product_cat-package","6":"product_cat-premier","7":"description-off","9":"first","10":"instock","11":"sale","12":"virtual","13":"sold-individually","14":"taxable","15":"purchasable","16":"product-type-bundle"},"bundled_by":[],"bundle_stock_status":"instock","bundle_stock_quantity":"","bundle_virtual":false,"bundle_layout":"default","bundle_add_to_cart_form_location":"default","bundle_editable_in_cart":false,"bundle_sold_individually_context":"product","bundle_item_grouping":"parent","bundle_min_size":"","bundle_max_size":"","bundle_price":{"price":{"min":{"incl_tax":"400","excl_tax":"400"},"max":{"incl_tax":"400","excl_tax":"400"}},"regular_price":{"min":{"incl_tax":"964","excl_tax":"964"},"max":{"incl_tax":"964","excl_tax":"964"}}},"bundled_items":[{"bundled_item_id":1399,"product_id":135449,"menu_order":0,"quantity_min":1,"quantity_max":1,"quantity_default":1,"priced_individually":true,"shipped_individually":true,"override_title":false,"title":"NHIE eBooks Volumen 1 y Volumen 2 Conjunto completo de referencia","override_description":false,"description":"","optional":false,"hide_thumbnail":true,"discount":"","override_variations":false,"allowed_variations":[],"override_default_variation_attributes":false,"default_variation_attributes":[],"single_product_visibility":"visible","cart_visibility":"hidden","order_visibility":"visible","single_product_price_visibility":"hidden","cart_price_visibility":"hidden","order_price_visibility":"visible","stock_status":"in_stock"},{"bundled_item_id":1401,"product_id":12814,"menu_order":1,"quantity_min":1,"quantity_max":1,"quantity_default":1,"priced_individually":true,"shipped_individually":false,"override_title":false,"title":"Curso de inspecci\u00f3n de 4 puntos - Florida","override_description":false,"description":"","optional":false,"hide_thumbnail":true,"discount":"41.25","override_variations":false,"allowed_variations":[],"override_default_variation_attributes":false,"default_variation_attributes":[],"single_product_visibility":"visible","cart_visibility":"hidden","order_visibility":"visible","single_product_price_visibility":"hidden","cart_price_visibility":"hidden","order_price_visibility":"visible","stock_status":"in_stock"},{"bundled_item_id":1400,"product_id":12815,"menu_order":2,"quantity_min":1,"quantity_max":1,"quantity_default":1,"priced_individually":true,"shipped_individually":false,"override_title":false,"title":"Curso de mitigaci\u00f3n del viento - Florida","override_description":false,"description":"","optional":false,"hide_thumbnail":true,"discount":"41.25","override_variations":false,"allowed_variations":[],"override_default_variation_attributes":false,"default_variation_attributes":[],"single_product_visibility":"visible","cart_visibility":"hidden","order_visibility":"visible","single_product_price_visibility":"hidden","cart_price_visibility":"hidden","order_price_visibility":"visible","stock_status":"in_stock"},{"bundled_item_id":1610,"product_id":138174,"menu_order":3,"quantity_min":1,"quantity_max":1,"quantity_default":1,"priced_individually":true,"shipped_individually":false,"override_title":false,"title":"Home Inspector Pro 3 meses de prueba","override_description":false,"description":"","optional":false,"hide_thumbnail":true,"discount":"","override_variations":false,"allowed_variations":[],"override_default_variation_attributes":false,"default_variation_attributes":[],"single_product_visibility":"visible","cart_visibility":"hidden","order_visibility":"visible","single_product_price_visibility":"hidden","cart_price_visibility":"hidden","order_price_visibility":"visible","stock_status":"in_stock"},{"bundled_item_id":1397,"product_id":138175,"menu_order":4,"quantity_min":1,"quantity_max":1,"quantity_default":1,"priced_individually":true,"shipped_individually":false,"override_title":false,"title":"Afiliaci\u00f3n anual a la ACI 360","override_description":false,"description":"","optional":false,"hide_thumbnail":true,"discount":"","override_variations":false,"allowed_variations":[],"override_default_variation_attributes":false,"default_variation_attributes":[],"single_product_visibility":"visible","cart_visibility":"hidden","order_visibility":"visible","single_product_price_visibility":"hidden","cart_price_visibility":"hidden","order_price_visibility":"visible","stock_status":"in_stock"},{"bundled_item_id":3116,"product_id":160164,"menu_order":5,"quantity_min":1,"quantity_max":1,"quantity_default":1,"priced_individually":true,"shipped_individually":true,"override_title":false,"title":"Curso de certificaci\u00f3n comercial","override_description":false,"description":"","optional":false,"hide_thumbnail":true,"discount":"100","override_variations":false,"allowed_variations":[],"override_default_variation_attributes":false,"default_variation_attributes":[],"single_product_visibility":"visible","cart_visibility":"hidden","order_visibility":"visible","single_product_price_visibility":"hidden","cart_price_visibility":"hidden","order_price_visibility":"visible","stock_status":"in_stock"}],"bundle_sell_ids":[],"aioseo_notices":[],"jetpack_sharing_enabled":true,"_links":{"self":[{"href":"https:\/\/icaschool.com\/es\/wp-json\/wp\/v2\/product\/138233","targetHints":{"allow":["GET"]}}],"collection":[{"href":"https:\/\/icaschool.com\/es\/wp-json\/wp\/v2\/product"}],"about":[{"href":"https:\/\/icaschool.com\/es\/wp-json\/wp\/v2\/types\/product"}],"wp:attachment":[{"href":"https:\/\/icaschool.com\/es\/wp-json\/wp\/v2\/media?parent=138233"}],"wp:term":[{"taxonomy":"product_brand","embeddable":true,"href":"https:\/\/icaschool.com\/es\/wp-json\/wp\/v2\/product_brand?post=138233"},{"taxonomy":"product_cat","embeddable":true,"href":"https:\/\/icaschool.com\/es\/wp-json\/wp\/v2\/product_cat?post=138233"},{"taxonomy":"product_tag","embeddable":true,"href":"https:\/\/icaschool.com\/es\/wp-json\/wp\/v2\/product_tag?post=138233"}],"curies":[{"name":"wp","href":"https:\/\/api.w.org\/{rel}","templated":true}]}}