{"id":143402,"date":"2024-10-04T10:21:48","date_gmt":"2024-10-04T15:21:48","guid":{"rendered":"https:\/\/icaschool.com\/?post_type=product&#038;p=143402"},"modified":"2026-01-28T08:31:54","modified_gmt":"2026-01-28T14:31:54","slug":"curso-combinado-19-22-2024-septiembre-dallas-tx-11","status":"publish","type":"product","link":"https:\/\/icaschool.com\/es\/product\/bundled-course-march-20-23-2025-houston-tx\/","title":{"rendered":"Curso combinado | 20-23 marzo 2025 | Houston TX"},"content":{"rendered":"<ul>\n<li><i class=\"fa fa-check\" aria-hidden=\"true\"><\/i> Curso presencial de 40 horas y formaci\u00f3n sobre el terreno<\/li>\n<li><i class=\"fa fa-check\" aria-hidden=\"true\"><\/i> Curso de certificaci\u00f3n de inspecci\u00f3n de viviendas de 154 horas en l\u00ednea<\/li>\n<li><i class=\"fa fa-check\" aria-hidden=\"true\"><\/i> Cursos de preparaci\u00f3n para ex\u00e1menes estatales y nacionales<\/li>\n<li><i class=\"fa fa-check\" aria-hidden=\"true\"><\/i> <a href=\"\/es\/politicas\/#LifetimeAccess\" target=\"_new\">Acceso y asistencia de por vida<\/a><\/li>\n<li><i class=\"fa fa-check\" aria-hidden=\"true\"><\/i> <a title=\"Ver cursos de bonificaci\u00f3n\" href=\"#bonuscourses_popup\">14 cursos adicionales<\/a> incluyendo Marketing, Desarrollo de Negocio e Inspecci\u00f3n Avanzada<\/li>\n<li><i class=\"fa fa-check\" aria-hidden=\"true\"><\/i> Curso de certificaci\u00f3n de inspecci\u00f3n comercial<\/li>\n<li><i class=\"fa fa-check\" aria-hidden=\"true\"><\/i> Software de informes Pro Nitro (gratuito de por vida)<\/li>\n<\/ul>","protected":false},"excerpt":{"rendered":"<p>Curso presencial de 40 horas y formaci\u00f3n sobre el terreno Curso de certificaci\u00f3n de inspecci\u00f3n de viviendas en l\u00ednea de 154 horas Cursos de preparaci\u00f3n de ex\u00e1menes estatales y nacionales Acceso y asistencia de por vida 14 cursos adicionales, incluidos Marketing, Desarrollo empresarial e Inspecci\u00f3n avanzada Curso de certificaci\u00f3n de inspecci\u00f3n comercial Software de generaci\u00f3n de informes Pro Nitro (gratuito de por vida)<\/p>","protected":false},"featured_media":0,"template":"","meta":{"_angie_page":false,"content-type":""},"product_brand":[],"product_cat":[213],"product_tag":[],"class_list":{"0":"post-143402","1":"product","2":"type-product","3":"status-publish","5":"product_cat-texas","6":"description-off","8":"first","9":"instock","10":"sale","11":"virtual","12":"taxable","13":"purchasable","14":"product-type-bundle"},"bundled_by":[],"bundle_stock_status":"instock","bundle_stock_quantity":"","bundle_virtual":false,"bundle_layout":"default","bundle_add_to_cart_form_location":"default","bundle_editable_in_cart":false,"bundle_sold_individually_context":"product","bundle_item_grouping":"parent","bundle_min_size":"","bundle_max_size":"","bundle_price":{"price":{"min":{"incl_tax":"2495","excl_tax":"2495"},"max":{"incl_tax":"2495","excl_tax":"2495"}},"regular_price":{"min":{"incl_tax":"2835","excl_tax":"2835"},"max":{"incl_tax":"2835","excl_tax":"2835"}}},"bundled_items":[{"bundled_item_id":2230,"product_id":143400,"menu_order":0,"quantity_min":1,"quantity_max":1,"quantity_default":1,"priced_individually":true,"shipped_individually":false,"override_title":false,"title":"Houston TX Field Class | Curso presencial de 40 horas | 20-23 marzo 2025","override_description":false,"description":"","optional":false,"hide_thumbnail":true,"discount":"18.889","override_variations":false,"allowed_variations":[],"override_default_variation_attributes":false,"default_variation_attributes":[],"single_product_visibility":"visible","cart_visibility":"hidden","order_visibility":"visible","single_product_price_visibility":"hidden","cart_price_visibility":"hidden","order_price_visibility":"visible","stock_status":"in_stock"},{"bundled_item_id":2227,"product_id":141683,"menu_order":1,"quantity_min":1,"quantity_max":1,"quantity_default":1,"priced_individually":true,"shipped_individually":false,"override_title":false,"title":"TX Online | Curso de 154 horas | En l\u00ednea","override_description":false,"description":"","optional":false,"hide_thumbnail":true,"discount":"","override_variations":false,"allowed_variations":[],"override_default_variation_attributes":false,"default_variation_attributes":[],"single_product_visibility":"visible","cart_visibility":"hidden","order_visibility":"visible","single_product_price_visibility":"visible","cart_price_visibility":"visible","order_price_visibility":"visible","stock_status":"in_stock"},{"bundled_item_id":2228,"product_id":138174,"menu_order":2,"quantity_min":1,"quantity_max":1,"quantity_default":1,"priced_individually":true,"shipped_individually":false,"override_title":false,"title":"Home Inspector Pro 3 meses de prueba","override_description":false,"description":"","optional":false,"hide_thumbnail":true,"discount":"","override_variations":false,"allowed_variations":[],"override_default_variation_attributes":false,"default_variation_attributes":[],"single_product_visibility":"visible","cart_visibility":"hidden","order_visibility":"visible","single_product_price_visibility":"visible","cart_price_visibility":"visible","order_price_visibility":"visible","stock_status":"in_stock"},{"bundled_item_id":2229,"product_id":36787,"menu_order":3,"quantity_min":1,"quantity_max":1,"quantity_default":1,"priced_individually":true,"shipped_individually":false,"override_title":false,"title":"Software","override_description":false,"description":"","optional":false,"hide_thumbnail":true,"discount":"","override_variations":false,"allowed_variations":[],"override_default_variation_attributes":false,"default_variation_attributes":[],"single_product_visibility":"visible","cart_visibility":"hidden","order_visibility":"visible","single_product_price_visibility":"visible","cart_price_visibility":"visible","order_price_visibility":"visible","stock_status":"in_stock"}],"bundle_sell_ids":[],"aioseo_notices":[],"jetpack_sharing_enabled":true,"_links":{"self":[{"href":"https:\/\/icaschool.com\/es\/wp-json\/wp\/v2\/product\/143402","targetHints":{"allow":["GET"]}}],"collection":[{"href":"https:\/\/icaschool.com\/es\/wp-json\/wp\/v2\/product"}],"about":[{"href":"https:\/\/icaschool.com\/es\/wp-json\/wp\/v2\/types\/product"}],"wp:attachment":[{"href":"https:\/\/icaschool.com\/es\/wp-json\/wp\/v2\/media?parent=143402"}],"wp:term":[{"taxonomy":"product_brand","embeddable":true,"href":"https:\/\/icaschool.com\/es\/wp-json\/wp\/v2\/product_brand?post=143402"},{"taxonomy":"product_cat","embeddable":true,"href":"https:\/\/icaschool.com\/es\/wp-json\/wp\/v2\/product_cat?post=143402"},{"taxonomy":"product_tag","embeddable":true,"href":"https:\/\/icaschool.com\/es\/wp-json\/wp\/v2\/product_tag?post=143402"}],"curies":[{"name":"wp","href":"https:\/\/api.w.org\/{rel}","templated":true}]}}