{"id":143873,"date":"2024-10-18T11:15:36","date_gmt":"2024-10-18T16:15:36","guid":{"rendered":"https:\/\/icaschool.com\/?post_type=product&#038;p=143873"},"modified":"2026-01-15T17:51:01","modified_gmt":"2026-01-15T23:51:01","slug":"curso-combinado-1-8-junio-2024-little-rock-ar-4","status":"publish","type":"product","link":"https:\/\/icaschool.com\/es\/product\/bundled-course-may-31-june-7-2025-little-rock-ar\/","title":{"rendered":"Curso combinado | 31 mayo-7 junio 2025 | Little Rock AR"},"content":{"rendered":"<ul>\n<li><i class=\"fa fa-check\" aria-hidden=\"true\"><\/i>\u00a0Curso presencial de 80 horas<\/li>\n<li><i class=\"fa fa-check\" aria-hidden=\"true\"><\/i>\u00a0Curso de certificaci\u00f3n de inspecci\u00f3n de viviendas en l\u00ednea<\/li>\n<li><i class=\"fa fa-check\" aria-hidden=\"true\"><\/i>\u00a0Cursos de preparaci\u00f3n para ex\u00e1menes estatales y nacionales<\/li>\n<li><i class=\"fa fa-check\" aria-hidden=\"true\"><\/i>\u00a0Acceso y asistencia de por vida<\/li>\n<li><i class=\"fa fa-check\" aria-hidden=\"true\"><\/i>\u00a0<a title=\"Ver cursos de bonificaci\u00f3n\" href=\"#bonuscourses_popup\">14 cursos adicionales<\/a>  incluyendo Marketing, Desarrollo de Negocio e Inspecci\u00f3n Avanzada<\/li>\n<li><i class=\"fa fa-check\" aria-hidden=\"true\"><\/i>\u00a0Curso de certificaci\u00f3n de inspecci\u00f3n comercial<\/li>\n<li><i class=\"fa fa-check\" aria-hidden=\"true\"><\/i>\u00a0Software de informes Pro Nitro (gratuito de por vida)<\/li>\n<\/ul>","protected":false},"excerpt":{"rendered":"<p>\u00a0Curso presencial de 80 horas Curso de certificaci\u00f3n de inspecci\u00f3n de viviendas en l\u00ednea Cursos de preparaci\u00f3n de ex\u00e1menes estatales y nacionales Acceso y asistencia de por vida 14 cursos adicionales, incluidos Marketing, Desarrollo empresarial e Inspecci\u00f3n avanzada Curso de certificaci\u00f3n de inspecci\u00f3n comercial Software de informes Pro Nitro (gratuito de por vida)<\/p>","protected":false},"featured_media":0,"template":"","meta":{"_angie_page":false,"content-type":""},"product_brand":[],"product_cat":[203,66],"product_tag":[],"class_list":{"0":"post-143873","1":"product","2":"type-product","3":"status-publish","5":"product_cat-foundation","6":"product_cat-arkansas","7":"description-off","9":"first","10":"instock","11":"sale","12":"sold-individually","13":"taxable","14":"shipping-taxable","15":"purchasable","16":"product-type-bundle"},"bundled_by":[],"bundle_stock_status":"instock","bundle_stock_quantity":"","bundle_virtual":false,"bundle_layout":"default","bundle_add_to_cart_form_location":"default","bundle_editable_in_cart":false,"bundle_sold_individually_context":"product","bundle_item_grouping":"parent","bundle_min_size":"","bundle_max_size":"","bundle_price":{"price":{"min":{"incl_tax":"1695","excl_tax":"1695"},"max":{"incl_tax":"1695","excl_tax":"1695"}},"regular_price":{"min":{"incl_tax":"1705","excl_tax":"1705"},"max":{"incl_tax":"1705","excl_tax":"1705"}}},"bundled_items":[{"bundled_item_id":2374,"product_id":143869,"menu_order":0,"quantity_min":1,"quantity_max":1,"quantity_default":1,"priced_individually":true,"shipped_individually":false,"override_title":false,"title":"Arkansas Live Course | 31 mayo-7 junio 2025 | Little Rock","override_description":false,"description":"","optional":false,"hide_thumbnail":true,"discount":"1.031","override_variations":false,"allowed_variations":[],"override_default_variation_attributes":false,"default_variation_attributes":[],"single_product_visibility":"visible","cart_visibility":"hidden","order_visibility":"visible","single_product_price_visibility":"hidden","cart_price_visibility":"hidden","order_price_visibility":"visible","stock_status":"in_stock"},{"bundled_item_id":2371,"product_id":6403,"menu_order":1,"quantity_min":1,"quantity_max":1,"quantity_default":1,"priced_individually":true,"shipped_individually":true,"override_title":false,"title":"Programa de certificaci\u00f3n en l\u00ednea de inspecci\u00f3n de viviendas","override_description":false,"description":"","optional":false,"hide_thumbnail":true,"discount":"","override_variations":false,"allowed_variations":[],"override_default_variation_attributes":false,"default_variation_attributes":[],"single_product_visibility":"visible","cart_visibility":"hidden","order_visibility":"visible","single_product_price_visibility":"hidden","cart_price_visibility":"hidden","order_price_visibility":"visible","stock_status":"in_stock"},{"bundled_item_id":2372,"product_id":36787,"menu_order":2,"quantity_min":1,"quantity_max":1,"quantity_default":1,"priced_individually":true,"shipped_individually":false,"override_title":false,"title":"Software","override_description":false,"description":"","optional":false,"hide_thumbnail":true,"discount":"","override_variations":false,"allowed_variations":[],"override_default_variation_attributes":false,"default_variation_attributes":[],"single_product_visibility":"visible","cart_visibility":"hidden","order_visibility":"visible","single_product_price_visibility":"hidden","cart_price_visibility":"hidden","order_price_visibility":"visible","stock_status":"in_stock"},{"bundled_item_id":2373,"product_id":138174,"menu_order":3,"quantity_min":1,"quantity_max":1,"quantity_default":1,"priced_individually":true,"shipped_individually":false,"override_title":false,"title":"Home Inspector Pro 3 meses de prueba","override_description":false,"description":"","optional":false,"hide_thumbnail":true,"discount":"","override_variations":false,"allowed_variations":[],"override_default_variation_attributes":false,"default_variation_attributes":[],"single_product_visibility":"visible","cart_visibility":"hidden","order_visibility":"visible","single_product_price_visibility":"hidden","cart_price_visibility":"hidden","order_price_visibility":"visible","stock_status":"in_stock"}],"bundle_sell_ids":[],"aioseo_notices":[],"jetpack_sharing_enabled":true,"_links":{"self":[{"href":"https:\/\/icaschool.com\/es\/wp-json\/wp\/v2\/product\/143873","targetHints":{"allow":["GET"]}}],"collection":[{"href":"https:\/\/icaschool.com\/es\/wp-json\/wp\/v2\/product"}],"about":[{"href":"https:\/\/icaschool.com\/es\/wp-json\/wp\/v2\/types\/product"}],"wp:attachment":[{"href":"https:\/\/icaschool.com\/es\/wp-json\/wp\/v2\/media?parent=143873"}],"wp:term":[{"taxonomy":"product_brand","embeddable":true,"href":"https:\/\/icaschool.com\/es\/wp-json\/wp\/v2\/product_brand?post=143873"},{"taxonomy":"product_cat","embeddable":true,"href":"https:\/\/icaschool.com\/es\/wp-json\/wp\/v2\/product_cat?post=143873"},{"taxonomy":"product_tag","embeddable":true,"href":"https:\/\/icaschool.com\/es\/wp-json\/wp\/v2\/product_tag?post=143873"}],"curies":[{"name":"wp","href":"https:\/\/api.w.org\/{rel}","templated":true}]}}