{"id":143884,"date":"2024-07-26T09:48:08","date_gmt":"2024-07-26T14:48:08","guid":{"rendered":"https:\/\/icaschool.com\/?post_type=product&#038;p=143884"},"modified":"2026-01-15T17:41:11","modified_gmt":"2026-01-15T23:41:11","slug":"webinar-combinado-curso-nocturno-3-de-marzo-9-de-abril-2025-washington","status":"publish","type":"product","link":"https:\/\/icaschool.com\/es\/product\/bundled-webinar-night-course-march-3-april-9-2025-washington\/","title":{"rendered":"Bundled Webinar Night Course | March 3-April 9 2025 | Washington"},"content":{"rendered":"<ul>\n<li><i class=\"fa fa-check\" aria-hidden=\"true\"><\/i> Curso webinar en directo de 120 horas<\/li>\n<li><i class=\"fa fa-check\" aria-hidden=\"true\"><\/i> Curso en l\u00ednea de inspecci\u00f3n de viviendas<\/li>\n<li><i class=\"fa fa-check\" aria-hidden=\"true\"><\/i> Curso de preparaci\u00f3n de ex\u00e1menes<\/li>\n<li><i class=\"fa fa-check\" aria-hidden=\"true\"><\/i> Acceso y asistencia de por vida<\/li>\n<li><i class=\"fa fa-check\" aria-hidden=\"true\"><\/i> Biblioteca de cursos adicionales<\/li>\n<li><i class=\"fa fa-check\" aria-hidden=\"true\"><\/i> Software de informes<\/li>\n<li><i class=\"fa fa-check\" aria-hidden=\"true\"><\/i> Prueba gratuita de 90 d\u00edas de Home Inspector Pro<\/li>\n<\/ul>","protected":false},"excerpt":{"rendered":"<p>Curso Webinar en vivo de 120 horas Curso Online de Inspecci\u00f3n de Viviendas Curso de Preparaci\u00f3n para Ex\u00e1menes Acceso y Soporte de por vida Curso de Bonificaci\u00f3n Biblioteca Software de Informes Home Inspector Pro 90 d\u00edas de prueba gratuita<\/p>","protected":false},"featured_media":0,"template":"","meta":{"_angie_page":false,"content-type":""},"product_brand":[],"product_cat":[203,194,195,105,67],"product_tag":[],"class_list":{"0":"post-143884","1":"product","2":"type-product","3":"status-publish","5":"product_cat-foundation","6":"product_cat-washington","7":"product_cat-washington-lc-bundle","8":"product_cat-live-class-bundle","9":"product_cat-live-courses","10":"description-off","12":"first","13":"instock","14":"sale","15":"sold-individually","16":"taxable","17":"shipping-taxable","18":"purchasable","19":"product-type-bundle"},"bundled_by":[],"bundle_stock_status":"instock","bundle_stock_quantity":"","bundle_virtual":false,"bundle_layout":"default","bundle_add_to_cart_form_location":"default","bundle_editable_in_cart":false,"bundle_sold_individually_context":"product","bundle_item_grouping":"parent","bundle_min_size":"","bundle_max_size":"","bundle_price":{"price":{"min":{"incl_tax":"2000","excl_tax":"2000"},"max":{"incl_tax":"2000","excl_tax":"2000"}},"regular_price":{"min":{"incl_tax":"2010","excl_tax":"2010"},"max":{"incl_tax":"2010","excl_tax":"2010"}}},"bundled_items":[{"bundled_item_id":2392,"product_id":143883,"menu_order":0,"quantity_min":1,"quantity_max":1,"quantity_default":1,"priced_individually":true,"shipped_individually":false,"override_title":false,"title":"Curso Webinar en directo | 3 marzo - 9 abril 2025 | Washington","override_description":false,"description":"","optional":false,"hide_thumbnail":true,"discount":"0.784","override_variations":false,"allowed_variations":[],"override_default_variation_attributes":false,"default_variation_attributes":[],"single_product_visibility":"visible","cart_visibility":"hidden","order_visibility":"visible","single_product_price_visibility":"hidden","cart_price_visibility":"hidden","order_price_visibility":"visible","stock_status":"in_stock"},{"bundled_item_id":2393,"product_id":6403,"menu_order":1,"quantity_min":1,"quantity_max":1,"quantity_default":1,"priced_individually":true,"shipped_individually":true,"override_title":false,"title":"Programa de certificaci\u00f3n en l\u00ednea de inspecci\u00f3n de viviendas","override_description":false,"description":"","optional":false,"hide_thumbnail":true,"discount":"","override_variations":false,"allowed_variations":[],"override_default_variation_attributes":false,"default_variation_attributes":[],"single_product_visibility":"visible","cart_visibility":"hidden","order_visibility":"visible","single_product_price_visibility":"hidden","cart_price_visibility":"hidden","order_price_visibility":"visible","stock_status":"in_stock"},{"bundled_item_id":2394,"product_id":138174,"menu_order":2,"quantity_min":1,"quantity_max":1,"quantity_default":1,"priced_individually":true,"shipped_individually":false,"override_title":false,"title":"Home Inspector Pro 3 meses de prueba","override_description":false,"description":"","optional":false,"hide_thumbnail":true,"discount":"","override_variations":false,"allowed_variations":[],"override_default_variation_attributes":false,"default_variation_attributes":[],"single_product_visibility":"visible","cart_visibility":"hidden","order_visibility":"visible","single_product_price_visibility":"hidden","cart_price_visibility":"hidden","order_price_visibility":"visible","stock_status":"in_stock"},{"bundled_item_id":2395,"product_id":15759,"menu_order":3,"quantity_min":1,"quantity_max":1,"quantity_default":1,"priced_individually":true,"shipped_individually":false,"override_title":false,"title":"Software","override_description":false,"description":"","optional":false,"hide_thumbnail":true,"discount":"","override_variations":false,"allowed_variations":[],"override_default_variation_attributes":false,"default_variation_attributes":[],"single_product_visibility":"visible","cart_visibility":"hidden","order_visibility":"visible","single_product_price_visibility":"hidden","cart_price_visibility":"hidden","order_price_visibility":"visible","stock_status":"in_stock"}],"bundle_sell_ids":[],"aioseo_notices":[],"jetpack_sharing_enabled":true,"_links":{"self":[{"href":"https:\/\/icaschool.com\/es\/wp-json\/wp\/v2\/product\/143884","targetHints":{"allow":["GET"]}}],"collection":[{"href":"https:\/\/icaschool.com\/es\/wp-json\/wp\/v2\/product"}],"about":[{"href":"https:\/\/icaschool.com\/es\/wp-json\/wp\/v2\/types\/product"}],"wp:attachment":[{"href":"https:\/\/icaschool.com\/es\/wp-json\/wp\/v2\/media?parent=143884"}],"wp:term":[{"taxonomy":"product_brand","embeddable":true,"href":"https:\/\/icaschool.com\/es\/wp-json\/wp\/v2\/product_brand?post=143884"},{"taxonomy":"product_cat","embeddable":true,"href":"https:\/\/icaschool.com\/es\/wp-json\/wp\/v2\/product_cat?post=143884"},{"taxonomy":"product_tag","embeddable":true,"href":"https:\/\/icaschool.com\/es\/wp-json\/wp\/v2\/product_tag?post=143884"}],"curies":[{"name":"wp","href":"https:\/\/api.w.org\/{rel}","templated":true}]}}