{"id":144106,"date":"2024-10-19T15:53:36","date_gmt":"2024-10-19T20:53:36","guid":{"rendered":"https:\/\/icaschool.com\/?post_type=product&#038;p=144106"},"modified":"2024-10-31T15:01:52","modified_gmt":"2024-10-31T20:01:52","slug":"curso-combinado-6-9-2024-junio-roanoke-va-4","status":"publish","type":"product","link":"https:\/\/icaschool.com\/es\/product\/bundled-course-april-24-26-2025-roanoke-va\/","title":{"rendered":"Curso combinado | 24-27 abril 2025 | Roanoke VA"},"content":{"rendered":"<ul>\n<li><i class=\"fa fa-check\" aria-hidden=\"true\"><\/i>\u00a0Curso presencial de 35 horas<\/li>\n<li><i class=\"fa fa-check\" aria-hidden=\"true\"><\/i>\u00a0Curso en l\u00ednea de inspecci\u00f3n de viviendas<\/li>\n<li><i class=\"fa fa-check\" aria-hidden=\"true\"><\/i>\u00a0Curso de preparaci\u00f3n de ex\u00e1menes<\/li>\n<li><i class=\"fa fa-check\" aria-hidden=\"true\"><\/i>\u00a0Acceso y asistencia de por vida<\/li>\n<li><i class=\"fa fa-check\" aria-hidden=\"true\"><\/i>\u00a0Biblioteca de cursos adicionales<\/li>\n<li><i class=\"fa fa-check\" aria-hidden=\"true\"><\/i>\u00a0Software de informes<\/li>\n<li><i class=\"fa fa-check\" aria-hidden=\"true\"><\/i>\u00a0Prueba gratuita de 90 d\u00edas de Home Inspector Pro<\/li>\n<\/ul>","protected":false},"excerpt":{"rendered":"<p>\u00a0Curso presencial de 35 horas Curso online de inspecci\u00f3n de viviendas Curso de preparaci\u00f3n de ex\u00e1menes Acceso y asistencia de por vida Biblioteca de cursos de bonificaci\u00f3n Software de informes Home Inspector Pro 90 d\u00edas de prueba gratuita<\/p>","protected":false},"featured_media":0,"template":"","meta":{"_angie_page":false,"content-type":""},"product_brand":[],"product_cat":[105,67,79],"product_tag":[],"class_list":{"0":"post-144106","1":"product","2":"type-product","3":"status-publish","5":"product_cat-live-class-bundle","6":"product_cat-live-courses","7":"product_cat-virginia","8":"description-off","10":"first","11":"instock","12":"sale","13":"sold-individually","14":"taxable","15":"shipping-taxable","16":"purchasable","17":"product-type-bundle"},"bundled_by":[],"bundle_stock_status":"instock","bundle_stock_quantity":"","bundle_virtual":false,"bundle_layout":"default","bundle_add_to_cart_form_location":"default","bundle_editable_in_cart":false,"bundle_sold_individually_context":"product","bundle_item_grouping":"parent","bundle_min_size":"","bundle_max_size":"","bundle_price":{"price":{"min":{"incl_tax":"1395","excl_tax":"1395"},"max":{"incl_tax":"1395","excl_tax":"1395"}},"regular_price":{"min":{"incl_tax":"1405","excl_tax":"1405"},"max":{"incl_tax":"1405","excl_tax":"1405"}}},"bundled_items":[{"bundled_item_id":2420,"product_id":144099,"menu_order":0,"quantity_min":1,"quantity_max":1,"quantity_default":1,"priced_individually":true,"shipped_individually":false,"override_title":false,"title":"Curso Virginia Live | 24-26 abril 2025 | Roanoke","override_description":false,"description":"","optional":false,"hide_thumbnail":true,"discount":"1.492","override_variations":false,"allowed_variations":[],"override_default_variation_attributes":false,"default_variation_attributes":[],"single_product_visibility":"visible","cart_visibility":"hidden","order_visibility":"visible","single_product_price_visibility":"hidden","cart_price_visibility":"hidden","order_price_visibility":"visible","stock_status":"in_stock"},{"bundled_item_id":2417,"product_id":6403,"menu_order":1,"quantity_min":1,"quantity_max":1,"quantity_default":1,"priced_individually":true,"shipped_individually":true,"override_title":false,"title":"Programa de certificaci\u00f3n en l\u00ednea de inspecci\u00f3n de viviendas","override_description":false,"description":"","optional":false,"hide_thumbnail":true,"discount":"","override_variations":false,"allowed_variations":[],"override_default_variation_attributes":false,"default_variation_attributes":[],"single_product_visibility":"visible","cart_visibility":"hidden","order_visibility":"visible","single_product_price_visibility":"hidden","cart_price_visibility":"hidden","order_price_visibility":"visible","stock_status":"in_stock"},{"bundled_item_id":2418,"product_id":138174,"menu_order":2,"quantity_min":1,"quantity_max":1,"quantity_default":1,"priced_individually":true,"shipped_individually":false,"override_title":false,"title":"Home Inspector Pro 3 meses de prueba","override_description":false,"description":"","optional":false,"hide_thumbnail":true,"discount":"","override_variations":false,"allowed_variations":[],"override_default_variation_attributes":false,"default_variation_attributes":[],"single_product_visibility":"visible","cart_visibility":"hidden","order_visibility":"visible","single_product_price_visibility":"hidden","cart_price_visibility":"hidden","order_price_visibility":"visible","stock_status":"in_stock"},{"bundled_item_id":2419,"product_id":15759,"menu_order":3,"quantity_min":1,"quantity_max":1,"quantity_default":1,"priced_individually":true,"shipped_individually":false,"override_title":false,"title":"Software","override_description":false,"description":"","optional":false,"hide_thumbnail":true,"discount":"","override_variations":false,"allowed_variations":[],"override_default_variation_attributes":false,"default_variation_attributes":[],"single_product_visibility":"visible","cart_visibility":"hidden","order_visibility":"visible","single_product_price_visibility":"hidden","cart_price_visibility":"hidden","order_price_visibility":"visible","stock_status":"in_stock"}],"bundle_sell_ids":[],"aioseo_notices":[],"jetpack_sharing_enabled":true,"_links":{"self":[{"href":"https:\/\/icaschool.com\/es\/wp-json\/wp\/v2\/product\/144106","targetHints":{"allow":["GET"]}}],"collection":[{"href":"https:\/\/icaschool.com\/es\/wp-json\/wp\/v2\/product"}],"about":[{"href":"https:\/\/icaschool.com\/es\/wp-json\/wp\/v2\/types\/product"}],"wp:attachment":[{"href":"https:\/\/icaschool.com\/es\/wp-json\/wp\/v2\/media?parent=144106"}],"wp:term":[{"taxonomy":"product_brand","embeddable":true,"href":"https:\/\/icaschool.com\/es\/wp-json\/wp\/v2\/product_brand?post=144106"},{"taxonomy":"product_cat","embeddable":true,"href":"https:\/\/icaschool.com\/es\/wp-json\/wp\/v2\/product_cat?post=144106"},{"taxonomy":"product_tag","embeddable":true,"href":"https:\/\/icaschool.com\/es\/wp-json\/wp\/v2\/product_tag?post=144106"}],"curies":[{"name":"wp","href":"https:\/\/api.w.org\/{rel}","templated":true}]}}