{"id":144142,"date":"2024-10-20T09:45:39","date_gmt":"2024-10-20T14:45:39","guid":{"rendered":"https:\/\/icaschool.com\/?post_type=product&#038;p=144142"},"modified":"2026-01-15T17:53:24","modified_gmt":"2026-01-15T23:53:24","slug":"curso-combinado-21-23-2024-junio-tinley-park-il-11","status":"publish","type":"product","link":"https:\/\/icaschool.com\/es\/producto\/curso-combinado-21-23-2024-junio-tinley-park-il-11\/","title":{"rendered":"Curso combinado | 21-23 marzo 2025 | Tinley Park IL"},"content":{"rendered":"<ul>\n<li><i class=\"fa fa-check\" aria-hidden=\"true\"><\/i> Curso de certificaci\u00f3n de inspecci\u00f3n de viviendas de 60 horas en l\u00ednea<\/li>\n<li><i class=\"fa fa-check\" aria-hidden=\"true\"><\/i>\u00a0Curso de formaci\u00f3n sobre el terreno de 3 d\u00edas<\/li>\n<li><i class=\"fa fa-check\" aria-hidden=\"true\"><\/i> Cursos de preparaci\u00f3n para ex\u00e1menes estatales y nacionales<\/li>\n<li><i class=\"fa fa-check\" aria-hidden=\"true\"><\/i> Acceso y asistencia de por vida<\/li>\n<li><i class=\"fa fa-check\" aria-hidden=\"true\"><\/i> <a href=\"#bonuscourses_popup\" title=\"Ver cursos de bonificaci\u00f3n\">14 cursos adicionales<\/a> incluyendo Marketing, Desarrollo de Negocio e Inspecci\u00f3n Avanzada<\/li>\n<li><i class=\"fa fa-check\" aria-hidden=\"true\"><\/i> Curso de certificaci\u00f3n de inspecci\u00f3n comercial<\/li>\n<li><i class=\"fa fa-check\" aria-hidden=\"true\"><\/i> Software de informes Pro Nitro (gratuito de por vida)<\/li>\n<\/ul>","protected":false},"excerpt":{"rendered":"<p>Curso de certificaci\u00f3n de inspecci\u00f3n de viviendas en l\u00ednea de 60 horas Curso de formaci\u00f3n sobre el terreno de 3 d\u00edas Cursos de preparaci\u00f3n de ex\u00e1menes estatales y nacionales Acceso y asistencia de por vida 14 cursos adicionales, incluidos los de marketing, desarrollo empresarial e inspecci\u00f3n avanzada Curso de certificaci\u00f3n de inspecci\u00f3n comercial Software de generaci\u00f3n de informes Pro Nitro (gratuito de por vida)<\/p>","protected":false},"featured_media":0,"template":"","meta":{"_angie_page":false,"content-type":""},"product_brand":[],"product_cat":[203,69,109,105,67],"product_tag":[],"class_list":{"0":"post-144142","1":"product","2":"type-product","3":"status-publish","5":"product_cat-foundation","6":"product_cat-illinois","7":"product_cat-il-live-class-bundle","8":"product_cat-live-class-bundle","9":"product_cat-live-courses","10":"description-off","12":"first","13":"instock","14":"sale","15":"virtual","16":"taxable","17":"purchasable","18":"product-type-bundle"},"bundled_by":[],"bundle_stock_status":"instock","bundle_stock_quantity":"","bundle_virtual":false,"bundle_layout":"default","bundle_add_to_cart_form_location":"default","bundle_editable_in_cart":false,"bundle_sold_individually_context":"product","bundle_item_grouping":"parent","bundle_min_size":"","bundle_max_size":"","bundle_price":{"price":{"min":{"incl_tax":"1495","excl_tax":"1495"},"max":{"incl_tax":"1495","excl_tax":"1495"}},"regular_price":{"min":{"incl_tax":"1505","excl_tax":"1505"},"max":{"incl_tax":"1505","excl_tax":"1505"}}},"bundled_items":[{"bundled_item_id":2463,"product_id":144131,"menu_order":0,"quantity_min":1,"quantity_max":1,"quantity_default":1,"priced_individually":true,"shipped_individually":false,"override_title":false,"title":"Illinois Live Course | 21-23 marzo 2025 | Tinley Park","override_description":false,"description":"","optional":false,"hide_thumbnail":true,"discount":"1.299","override_variations":false,"allowed_variations":[],"override_default_variation_attributes":false,"default_variation_attributes":[],"single_product_visibility":"visible","cart_visibility":"hidden","order_visibility":"visible","single_product_price_visibility":"hidden","cart_price_visibility":"hidden","order_price_visibility":"visible","stock_status":"in_stock"},{"bundled_item_id":2450,"product_id":6403,"menu_order":1,"quantity_min":1,"quantity_max":1,"quantity_default":1,"priced_individually":true,"shipped_individually":true,"override_title":false,"title":"Programa de certificaci\u00f3n en l\u00ednea de inspecci\u00f3n de viviendas","override_description":false,"description":"","optional":false,"hide_thumbnail":true,"discount":"","override_variations":false,"allowed_variations":[],"override_default_variation_attributes":false,"default_variation_attributes":[],"single_product_visibility":"visible","cart_visibility":"hidden","order_visibility":"visible","single_product_price_visibility":"hidden","cart_price_visibility":"hidden","order_price_visibility":"visible","stock_status":"in_stock"},{"bundled_item_id":2451,"product_id":138174,"menu_order":2,"quantity_min":1,"quantity_max":1,"quantity_default":1,"priced_individually":true,"shipped_individually":false,"override_title":false,"title":"Home Inspector Pro 3 meses de prueba","override_description":false,"description":"","optional":false,"hide_thumbnail":true,"discount":"","override_variations":false,"allowed_variations":[],"override_default_variation_attributes":false,"default_variation_attributes":[],"single_product_visibility":"visible","cart_visibility":"hidden","order_visibility":"visible","single_product_price_visibility":"hidden","cart_price_visibility":"hidden","order_price_visibility":"visible","stock_status":"in_stock"},{"bundled_item_id":2452,"product_id":15759,"menu_order":3,"quantity_min":1,"quantity_max":1,"quantity_default":1,"priced_individually":true,"shipped_individually":false,"override_title":false,"title":"Software","override_description":false,"description":"","optional":false,"hide_thumbnail":true,"discount":"","override_variations":false,"allowed_variations":[],"override_default_variation_attributes":false,"default_variation_attributes":[],"single_product_visibility":"visible","cart_visibility":"hidden","order_visibility":"visible","single_product_price_visibility":"hidden","cart_price_visibility":"hidden","order_price_visibility":"visible","stock_status":"in_stock"}],"bundle_sell_ids":[],"aioseo_notices":[],"jetpack_sharing_enabled":true,"_links":{"self":[{"href":"https:\/\/icaschool.com\/es\/wp-json\/wp\/v2\/product\/144142","targetHints":{"allow":["GET"]}}],"collection":[{"href":"https:\/\/icaschool.com\/es\/wp-json\/wp\/v2\/product"}],"about":[{"href":"https:\/\/icaschool.com\/es\/wp-json\/wp\/v2\/types\/product"}],"wp:attachment":[{"href":"https:\/\/icaschool.com\/es\/wp-json\/wp\/v2\/media?parent=144142"}],"wp:term":[{"taxonomy":"product_brand","embeddable":true,"href":"https:\/\/icaschool.com\/es\/wp-json\/wp\/v2\/product_brand?post=144142"},{"taxonomy":"product_cat","embeddable":true,"href":"https:\/\/icaschool.com\/es\/wp-json\/wp\/v2\/product_cat?post=144142"},{"taxonomy":"product_tag","embeddable":true,"href":"https:\/\/icaschool.com\/es\/wp-json\/wp\/v2\/product_tag?post=144142"}],"curies":[{"name":"wp","href":"https:\/\/api.w.org\/{rel}","templated":true}]}}