{"id":158002,"date":"2025-04-08T13:29:49","date_gmt":"2025-04-08T18:29:49","guid":{"rendered":"https:\/\/icaschool.com\/?post_type=product&#038;p=158002"},"modified":"2026-01-15T17:55:09","modified_gmt":"2026-01-15T23:55:09","slug":"webinar-nueva-york-curso-de-100-horas-en-directo-12-24-agosto-2025","status":"publish","type":"product","link":"https:\/\/icaschool.com\/es\/product\/webinar-new-york-100-hour-live-course-august-12-24-2025\/","title":{"rendered":"Webinar Nueva York | Curso en directo de 100 horas | 12-24 agosto 2025"},"content":{"rendered":"<ul>\n<li><i class=\"fa fa-check\" aria-hidden=\"true\"><\/i>Curso en directo de 100 horas<\/li>\n<li><i class=\"fa fa-check\" aria-hidden=\"true\"><\/i> Curso de certificaci\u00f3n de inspecci\u00f3n de viviendas en l\u00ednea<\/li>\n<li><i class=\"fa fa-check\" aria-hidden=\"true\"><\/i> Cursos de preparaci\u00f3n para ex\u00e1menes estatales y nacionales<\/li>\n<li><i class=\"fa fa-check\" aria-hidden=\"true\"><\/i> Acceso y asistencia de por vida<\/li>\n<li><i class=\"fa fa-check\" aria-hidden=\"true\"><\/i>\u00a0Acceso a <a href=\"https:\/\/icaschool.com\/es\/seguro-de-inspector-de-vivienda\/\" target=\"_blank\" rel=\"noopener\">P\u00f3liza de seguro de 90 d\u00edas de InspectorPro<\/a><\/li>\n<li><i class=\"fa fa-check\" aria-hidden=\"true\"><\/i> <a title=\"Ver cursos de bonificaci\u00f3n\" href=\"#bonuscourses_popup\">14 cursos adicionales<\/a> incluyendo Marketing, Desarrollo de Negocio e Inspecci\u00f3n Avanzada<\/li>\n<li><i class=\"fa fa-check\" aria-hidden=\"true\"><\/i> Software de informes Pro Nitro (gratuito de por vida)<\/li>\n<\/ul>","protected":false},"excerpt":{"rendered":"<p>100-Hour Live Course Online Home Inspection Certification Course State &amp; National Exam Prep Courses Lifetime Access and Support \u00a0Access to InspectorPro\u2019s 90-Day Insurance Policy 14 Bonus Courses including Marketing, Business Development and Advanced Inspection Pro Nitro Reporting Software (Free for Life)<\/p>","protected":false},"featured_media":0,"template":"","meta":{"_angie_page":false,"content-type":""},"product_brand":[],"product_cat":[203,134],"product_tag":[],"class_list":{"0":"post-158002","1":"product","2":"type-product","3":"status-publish","5":"product_cat-foundation","6":"product_cat-new-york-live-courses","7":"description-off","9":"first","10":"instock","11":"taxable","12":"shipping-taxable","13":"purchasable","14":"product-type-bundle"},"bundled_by":[],"bundle_stock_status":"instock","bundle_stock_quantity":"","bundle_virtual":false,"bundle_layout":"default","bundle_add_to_cart_form_location":"default","bundle_editable_in_cart":false,"bundle_sold_individually_context":"product","bundle_item_grouping":"parent","bundle_min_size":"","bundle_max_size":"","bundle_price":{"price":{"min":{"incl_tax":"1795","excl_tax":"1795"},"max":{"incl_tax":"1795","excl_tax":"1795"}},"regular_price":{"min":{"incl_tax":"1795","excl_tax":"1795"},"max":{"incl_tax":"1795","excl_tax":"1795"}}},"bundled_items":[{"bundled_item_id":2798,"product_id":36787,"menu_order":0,"quantity_min":1,"quantity_max":1,"quantity_default":1,"priced_individually":true,"shipped_individually":false,"override_title":false,"title":"Software","override_description":false,"description":"","optional":false,"hide_thumbnail":true,"discount":"","override_variations":false,"allowed_variations":[],"override_default_variation_attributes":false,"default_variation_attributes":[],"single_product_visibility":"visible","cart_visibility":"hidden","order_visibility":"visible","single_product_price_visibility":"hidden","cart_price_visibility":"hidden","order_price_visibility":"visible","stock_status":"in_stock"},{"bundled_item_id":2799,"product_id":138174,"menu_order":1,"quantity_min":1,"quantity_max":1,"quantity_default":1,"priced_individually":true,"shipped_individually":false,"override_title":false,"title":"Home Inspector Pro 3 meses de prueba","override_description":false,"description":"","optional":false,"hide_thumbnail":true,"discount":"","override_variations":false,"allowed_variations":[],"override_default_variation_attributes":false,"default_variation_attributes":[],"single_product_visibility":"visible","cart_visibility":"hidden","order_visibility":"visible","single_product_price_visibility":"hidden","cart_price_visibility":"hidden","order_price_visibility":"visible","stock_status":"in_stock"}],"bundle_sell_ids":[],"aioseo_notices":[],"jetpack_sharing_enabled":true,"_links":{"self":[{"href":"https:\/\/icaschool.com\/es\/wp-json\/wp\/v2\/product\/158002","targetHints":{"allow":["GET"]}}],"collection":[{"href":"https:\/\/icaschool.com\/es\/wp-json\/wp\/v2\/product"}],"about":[{"href":"https:\/\/icaschool.com\/es\/wp-json\/wp\/v2\/types\/product"}],"wp:attachment":[{"href":"https:\/\/icaschool.com\/es\/wp-json\/wp\/v2\/media?parent=158002"}],"wp:term":[{"taxonomy":"product_brand","embeddable":true,"href":"https:\/\/icaschool.com\/es\/wp-json\/wp\/v2\/product_brand?post=158002"},{"taxonomy":"product_cat","embeddable":true,"href":"https:\/\/icaschool.com\/es\/wp-json\/wp\/v2\/product_cat?post=158002"},{"taxonomy":"product_tag","embeddable":true,"href":"https:\/\/icaschool.com\/es\/wp-json\/wp\/v2\/product_tag?post=158002"}],"curies":[{"name":"wp","href":"https:\/\/api.w.org\/{rel}","templated":true}]}}