{"id":160164,"date":"2025-06-04T09:27:15","date_gmt":"2025-06-04T14:27:15","guid":{"rendered":"https:\/\/icaschool.com\/?post_type=product&#038;p=160164"},"modified":"2026-01-28T15:58:21","modified_gmt":"2026-01-28T21:58:21","slug":"curso-de-certificacion-comercial","status":"publish","type":"product","link":"https:\/\/icaschool.com\/es\/product\/commercial-certification-course\/","title":{"rendered":"Curso de certificaci\u00f3n comercial"},"content":{"rendered":"<p>El Curso de Certificaci\u00f3n Comercial de ICA proporciona una formaci\u00f3n completa dise\u00f1ada para equiparle con los conocimientos y habilidades necesarias para tener \u00e9xito como inspector de propiedades comerciales. Este programa en l\u00ednea a su propio ritmo se adhiere a la Gu\u00eda Est\u00e1ndar ASTM E2018-15 para Evaluaciones de Condici\u00f3n de Propiedades, asegurando que siga las mejores pr\u00e1cticas reconocidas por la industria con confianza.<\/p>\n<p>A\u00f1adir inspecciones comerciales a sus servicios existentes de inspecci\u00f3n de viviendas es una de las formas m\u00e1s accesibles y rentables de ampliar su negocio, sobre todo porque actualmente no existen requisitos de licencia a nivel nacional para los inspectores comerciales. Comience a aumentar sus ingresos y a hacer crecer su negocio con el curso de certificaci\u00f3n de confianza de ICA.<\/p>","protected":false},"excerpt":{"rendered":"<p>El Curso de Certificaci\u00f3n Comercial de ICA proporciona una formaci\u00f3n completa dise\u00f1ada para equiparle con los conocimientos y habilidades necesarias para tener \u00e9xito como inspector de propiedades comerciales.<\/p>","protected":false},"featured_media":2581,"template":"","meta":{"_angie_page":false,"content-type":""},"product_brand":[],"product_cat":[198,197],"product_tag":[],"class_list":{"0":"post-160164","1":"product","2":"type-product","3":"status-publish","4":"has-post-thumbnail","6":"product_cat-component","7":"product_cat-package","8":"description-off","10":"first","11":"instock","12":"virtual","13":"taxable","14":"purchasable","15":"product-type-simple"},"bundled_by":["159680","159643","142510","142509","141694","141685","138345","138343","138342","138331","138329","138327","138325","138308","138307","138304","138302","138300","138296","138285","138283","138280","138277","138274","138233","138176","168810","169088","170854"],"bundle_stock_status":"instock","bundle_stock_quantity":null,"bundle_virtual":false,"bundle_layout":"","bundle_add_to_cart_form_location":"","bundle_editable_in_cart":false,"bundle_sold_individually_context":"","bundle_item_grouping":"","bundle_min_size":"","bundle_max_size":"","bundle_price":[],"bundled_items":[],"bundle_sell_ids":[],"aioseo_notices":[],"jetpack_sharing_enabled":true,"_links":{"self":[{"href":"https:\/\/icaschool.com\/es\/wp-json\/wp\/v2\/product\/160164","targetHints":{"allow":["GET"]}}],"collection":[{"href":"https:\/\/icaschool.com\/es\/wp-json\/wp\/v2\/product"}],"about":[{"href":"https:\/\/icaschool.com\/es\/wp-json\/wp\/v2\/types\/product"}],"wp:featuredmedia":[{"embeddable":true,"href":"https:\/\/icaschool.com\/es\/wp-json\/wp\/v2\/media\/2581"}],"wp:attachment":[{"href":"https:\/\/icaschool.com\/es\/wp-json\/wp\/v2\/media?parent=160164"}],"wp:term":[{"taxonomy":"product_brand","embeddable":true,"href":"https:\/\/icaschool.com\/es\/wp-json\/wp\/v2\/product_brand?post=160164"},{"taxonomy":"product_cat","embeddable":true,"href":"https:\/\/icaschool.com\/es\/wp-json\/wp\/v2\/product_cat?post=160164"},{"taxonomy":"product_tag","embeddable":true,"href":"https:\/\/icaschool.com\/es\/wp-json\/wp\/v2\/product_tag?post=160164"}],"curies":[{"name":"wp","href":"https:\/\/api.w.org\/{rel}","templated":true}]}}