{"id":160907,"date":"2025-06-23T13:50:50","date_gmt":"2025-06-23T18:50:50","guid":{"rendered":"https:\/\/icaschool.com\/?post_type=product&#038;p=160907"},"modified":"2025-11-24T11:14:57","modified_gmt":"2025-11-24T17:14:57","slug":"paquete-elite-canada","status":"publish","type":"product","link":"https:\/\/icaschool.com\/es\/product\/elite-package-canada\/","title":{"rendered":"Elite Package Add-on (Canada)"},"content":{"rendered":"<p><strong>Incluye todo lo de los paquetes Foundation y Premier, y adem\u00e1s:<\/strong><\/p>\n<ul>\n<li><i class=\"fa fa-check\" aria-hidden=\"true\"><\/i>\u00a0Curso canadiense de certificaci\u00f3n de drones<\/li>\n<li><i class=\"fa fa-check\" aria-hidden=\"true\"><\/i>\u00a0Insignia Digital de Inspector de \u00c9lite de la ACI<\/li>\n<li><i class=\"fa fa-check\" aria-hidden=\"true\"><\/i> Afiliaci\u00f3n anual a InterNACHI<\/li>\n<li><i class=\"fa fa-check\" aria-hidden=\"true\"><\/i> <a style=\"color: #fff; text-decoration: underline;\" href=\"#edcelerate_popup\">Edcelerate powered by ICA Membership<\/a><\/li>\n<li><i class=\"fas fa-dollar-sign\" aria-hidden=\"true\"><\/i> <strong>Guardar $700<\/strong> compr\u00e1ndolo en paquete.<\/li>\n<\/ul>\n<p><img decoding=\"async\" class=\"aligncenter wp-image-159362\" src=\"https:\/\/icaschool.com\/wp-content\/uploads\/2025\/05\/internachi-logo-white-transparent.webp\" alt=\"InterNACHI\" width=\"123\" height=\"107\" srcset=\"https:\/\/icaschool.com\/wp-content\/uploads\/2025\/05\/internachi-logo-white-transparent.webp 429w, https:\/\/icaschool.com\/wp-content\/uploads\/2025\/05\/internachi-logo-white-transparent-300x260.webp 300w, https:\/\/icaschool.com\/wp-content\/uploads\/2025\/05\/internachi-logo-white-transparent-150x130.webp 150w, https:\/\/icaschool.com\/wp-content\/uploads\/2025\/05\/internachi-logo-white-transparent-14x12.webp 14w\" sizes=\"(max-width: 123px) 100vw, 123px\" \/><\/p>","protected":false},"excerpt":{"rendered":"<p>Includes everything in Foundation &amp; Premier Packages, plus: \u00a0Canadian Drone Certification Course \u00a0ICA Elite Inspector Digital Badge 1-Year InterNACHI Membership Edcelerate powered by ICA Membership Save $700 by buying it as a package!<\/p>","protected":false},"featured_media":0,"template":"","meta":{"_angie_page":false,"content-type":""},"product_brand":[],"product_cat":[232,231],"product_tag":[],"class_list":{"0":"post-160907","1":"product","2":"type-product","3":"status-publish","5":"product_cat-canada-elite-pkgs","6":"product_cat-canada-products","7":"description-off","9":"first","10":"instock","11":"sale","12":"virtual","13":"taxable","14":"purchasable","15":"product-type-bundle"},"bundled_by":[],"bundle_stock_status":"instock","bundle_stock_quantity":"","bundle_virtual":false,"bundle_layout":"default","bundle_add_to_cart_form_location":"default","bundle_editable_in_cart":false,"bundle_sold_individually_context":"product","bundle_item_grouping":"parent","bundle_min_size":"","bundle_max_size":"","bundle_price":{"price":{"min":{"incl_tax":"800","excl_tax":"800"},"max":{"incl_tax":"800","excl_tax":"800"}},"regular_price":{"min":{"incl_tax":"960","excl_tax":"960"},"max":{"incl_tax":"960","excl_tax":"960"}}},"bundled_items":[{"bundled_item_id":3211,"product_id":160904,"menu_order":0,"quantity_min":1,"quantity_max":1,"quantity_default":1,"priced_individually":true,"shipped_individually":true,"override_title":false,"title":"Afiliaci\u00f3n anual a la ACI 360 - Canad\u00e1","override_description":false,"description":"","optional":false,"hide_thumbnail":true,"discount":"","override_variations":false,"allowed_variations":[],"override_default_variation_attributes":false,"default_variation_attributes":[],"single_product_visibility":"hidden","cart_visibility":"hidden","order_visibility":"visible","single_product_price_visibility":"hidden","cart_price_visibility":"hidden","order_price_visibility":"visible","stock_status":"in_stock"},{"bundled_item_id":3212,"product_id":160901,"menu_order":1,"quantity_min":1,"quantity_max":1,"quantity_default":1,"priced_individually":true,"shipped_individually":false,"override_title":false,"title":"Curso de certificaci\u00f3n de inspecci\u00f3n de alcantarillado por c\u00e1mara - Canad\u00e1","override_description":false,"description":"","optional":false,"hide_thumbnail":true,"discount":"22.0538","override_variations":false,"allowed_variations":[],"override_default_variation_attributes":false,"default_variation_attributes":[],"single_product_visibility":"hidden","cart_visibility":"hidden","order_visibility":"visible","single_product_price_visibility":"hidden","cart_price_visibility":"hidden","order_price_visibility":"visible","stock_status":"in_stock"},{"bundled_item_id":3213,"product_id":160902,"menu_order":2,"quantity_min":1,"quantity_max":1,"quantity_default":1,"priced_individually":true,"shipped_individually":true,"override_title":false,"title":"Curso de certificaci\u00f3n de inspecci\u00f3n comercial - Canad\u00e1","override_description":false,"description":"","optional":false,"hide_thumbnail":true,"discount":"16.416","override_variations":false,"allowed_variations":[],"override_default_variation_attributes":false,"default_variation_attributes":[],"single_product_visibility":"hidden","cart_visibility":"hidden","order_visibility":"visible","single_product_price_visibility":"hidden","cart_price_visibility":"hidden","order_price_visibility":"visible","stock_status":"in_stock"},{"bundled_item_id":3214,"product_id":160899,"menu_order":3,"quantity_min":1,"quantity_max":1,"quantity_default":1,"priced_individually":true,"shipped_individually":false,"override_title":false,"title":"Curso canadiense de certificaci\u00f3n de drones","override_description":false,"description":"","optional":false,"hide_thumbnail":true,"discount":"","override_variations":false,"allowed_variations":[],"override_default_variation_attributes":false,"default_variation_attributes":[],"single_product_visibility":"hidden","cart_visibility":"hidden","order_visibility":"visible","single_product_price_visibility":"hidden","cart_price_visibility":"hidden","order_price_visibility":"visible","stock_status":"in_stock"},{"bundled_item_id":3321,"product_id":162115,"menu_order":4,"quantity_min":1,"quantity_max":1,"quantity_default":1,"priced_individually":true,"shipped_individually":true,"override_title":false,"title":"Edcelerate powered by ICA - CND","override_description":false,"description":"","optional":false,"hide_thumbnail":false,"discount":"22.4807","override_variations":false,"allowed_variations":[],"override_default_variation_attributes":false,"default_variation_attributes":[],"single_product_visibility":"hidden","cart_visibility":"hidden","order_visibility":"visible","single_product_price_visibility":"hidden","cart_price_visibility":"hidden","order_price_visibility":"visible","stock_status":"in_stock"},{"bundled_item_id":3416,"product_id":164590,"menu_order":5,"quantity_min":1,"quantity_max":1,"quantity_default":1,"priced_individually":true,"shipped_individually":true,"override_title":false,"title":"InterNACHI 1 Year Membership Canada Elite Package Version","override_description":false,"description":"","optional":false,"hide_thumbnail":false,"discount":"","override_variations":false,"allowed_variations":[],"override_default_variation_attributes":false,"default_variation_attributes":[],"single_product_visibility":"hidden","cart_visibility":"hidden","order_visibility":"visible","single_product_price_visibility":"hidden","cart_price_visibility":"hidden","order_price_visibility":"visible","stock_status":"in_stock"}],"bundle_sell_ids":[],"aioseo_notices":[],"jetpack_sharing_enabled":true,"_links":{"self":[{"href":"https:\/\/icaschool.com\/es\/wp-json\/wp\/v2\/product\/160907","targetHints":{"allow":["GET"]}}],"collection":[{"href":"https:\/\/icaschool.com\/es\/wp-json\/wp\/v2\/product"}],"about":[{"href":"https:\/\/icaschool.com\/es\/wp-json\/wp\/v2\/types\/product"}],"wp:attachment":[{"href":"https:\/\/icaschool.com\/es\/wp-json\/wp\/v2\/media?parent=160907"}],"wp:term":[{"taxonomy":"product_brand","embeddable":true,"href":"https:\/\/icaschool.com\/es\/wp-json\/wp\/v2\/product_brand?post=160907"},{"taxonomy":"product_cat","embeddable":true,"href":"https:\/\/icaschool.com\/es\/wp-json\/wp\/v2\/product_cat?post=160907"},{"taxonomy":"product_tag","embeddable":true,"href":"https:\/\/icaschool.com\/es\/wp-json\/wp\/v2\/product_tag?post=160907"}],"curies":[{"name":"wp","href":"https:\/\/api.w.org\/{rel}","templated":true}]}}