{"id":164139,"date":"2025-09-24T16:00:23","date_gmt":"2025-09-24T21:00:23","guid":{"rendered":"https:\/\/icaschool.com\/?post_type=product&#038;p=164139"},"modified":"2026-01-15T16:41:00","modified_gmt":"2026-01-15T22:41:00","slug":"curso-combinado-21-28-2026-febrero-wv-webinar","status":"publish","type":"product","link":"https:\/\/icaschool.com\/es\/product\/bundled-course-february-21-28-2026-wv-webinar\/","title":{"rendered":"Curso combinado | 21-28 febrero 2026 | WV Webinar"},"content":{"rendered":"<ul>\n<li><i class=\"fa fa-check\" aria-hidden=\"true\"><\/i>\u00a0Curso webinar en directo de 80 horas<\/li>\n<li><i class=\"fa fa-check\" aria-hidden=\"true\"><\/i>\u00a0Curso en l\u00ednea de inspecci\u00f3n de viviendas<\/li>\n<li><i class=\"fa fa-check\" aria-hidden=\"true\"><\/i>\u00a0Curso de preparaci\u00f3n de ex\u00e1menes<\/li>\n<li><i class=\"fa fa-check\" aria-hidden=\"true\"><\/i>\u00a0Acceso y asistencia de por vida<\/li>\n<li><i class=\"fa fa-check\" aria-hidden=\"true\"><\/i>\u00a0Acceso a <a href=\"https:\/\/icaschool.com\/es\/seguro-de-inspector-de-vivienda\/\" target=\"_blank\" rel=\"noopener\">P\u00f3liza de seguro de 90 d\u00edas de InspectorPro<\/a><\/li>\n<li><i class=\"fa fa-check\" aria-hidden=\"true\"><\/i>\u00a0Biblioteca de cursos adicionales<\/li>\n<li><i class=\"fa fa-check\" aria-hidden=\"true\"><\/i>\u00a0Software de informes<\/li>\n<li><i class=\"fa fa-check\" aria-hidden=\"true\"><\/i>\u00a0Prueba gratuita de 90 d\u00edas de Home Inspector Pro<\/li>\n<\/ul>","protected":false},"excerpt":{"rendered":"<p>\u00a080-hour Live Webinar Course \u00a0Online Home Inspection Course \u00a0Exam Prep Course \u00a0Lifetime Access and Support \u00a0Access to InspectorPro\u2019s 90-Day Insurance Policy \u00a0Bonus Course Library \u00a0Report Software \u00a0Home Inspector Pro 90-Day Free Trial<\/p>","protected":false},"featured_media":0,"template":"","meta":{"_angie_page":false,"content-type":""},"product_brand":[],"product_cat":[203,105,67,99,107],"product_tag":[],"class_list":{"0":"post-164139","1":"product","2":"type-product","3":"status-publish","5":"product_cat-foundation","6":"product_cat-live-class-bundle","7":"product_cat-live-courses","8":"product_cat-west-virginia","9":"product_cat-wv-live-class-bundle","10":"description-off","12":"first","13":"instock","14":"sold-individually","15":"taxable","16":"shipping-taxable","17":"purchasable","18":"product-type-bundle"},"bundled_by":[],"bundle_stock_status":"instock","bundle_stock_quantity":"","bundle_virtual":false,"bundle_layout":"default","bundle_add_to_cart_form_location":"default","bundle_editable_in_cart":false,"bundle_sold_individually_context":"product","bundle_item_grouping":"parent","bundle_min_size":"","bundle_max_size":"","bundle_price":{"price":{"min":{"incl_tax":"1495","excl_tax":"1495"},"max":{"incl_tax":"1495","excl_tax":"1495"}},"regular_price":{"min":{"incl_tax":"1495","excl_tax":"1495"},"max":{"incl_tax":"1495","excl_tax":"1495"}}},"bundled_items":[{"bundled_item_id":3383,"product_id":164140,"menu_order":0,"quantity_min":1,"quantity_max":1,"quantity_default":1,"priced_individually":true,"shipped_individually":false,"override_title":false,"title":"West Virginia Live Course | 21-28 febrero 2026 | Webinar","override_description":false,"description":"","optional":false,"hide_thumbnail":true,"discount":"","override_variations":false,"allowed_variations":[],"override_default_variation_attributes":false,"default_variation_attributes":[],"single_product_visibility":"visible","cart_visibility":"hidden","order_visibility":"visible","single_product_price_visibility":"hidden","cart_price_visibility":"hidden","order_price_visibility":"visible","stock_status":"in_stock"},{"bundled_item_id":3381,"product_id":36001,"menu_order":1,"quantity_min":1,"quantity_max":1,"quantity_default":1,"priced_individually":true,"shipped_individually":true,"override_title":false,"title":"Programa de certificaci\u00f3n en l\u00ednea de inspecci\u00f3n de viviendas","override_description":false,"description":"","optional":false,"hide_thumbnail":true,"discount":"","override_variations":false,"allowed_variations":[],"override_default_variation_attributes":false,"default_variation_attributes":[],"single_product_visibility":"visible","cart_visibility":"hidden","order_visibility":"visible","single_product_price_visibility":"hidden","cart_price_visibility":"hidden","order_price_visibility":"visible","stock_status":"in_stock"},{"bundled_item_id":3382,"product_id":36787,"menu_order":2,"quantity_min":1,"quantity_max":1,"quantity_default":1,"priced_individually":true,"shipped_individually":false,"override_title":false,"title":"Software","override_description":false,"description":"","optional":false,"hide_thumbnail":true,"discount":"","override_variations":false,"allowed_variations":[],"override_default_variation_attributes":false,"default_variation_attributes":[],"single_product_visibility":"visible","cart_visibility":"hidden","order_visibility":"visible","single_product_price_visibility":"hidden","cart_price_visibility":"hidden","order_price_visibility":"visible","stock_status":"in_stock"}],"bundle_sell_ids":[],"aioseo_notices":[],"jetpack_sharing_enabled":true,"_links":{"self":[{"href":"https:\/\/icaschool.com\/es\/wp-json\/wp\/v2\/product\/164139","targetHints":{"allow":["GET"]}}],"collection":[{"href":"https:\/\/icaschool.com\/es\/wp-json\/wp\/v2\/product"}],"about":[{"href":"https:\/\/icaschool.com\/es\/wp-json\/wp\/v2\/types\/product"}],"wp:attachment":[{"href":"https:\/\/icaschool.com\/es\/wp-json\/wp\/v2\/media?parent=164139"}],"wp:term":[{"taxonomy":"product_brand","embeddable":true,"href":"https:\/\/icaschool.com\/es\/wp-json\/wp\/v2\/product_brand?post=164139"},{"taxonomy":"product_cat","embeddable":true,"href":"https:\/\/icaschool.com\/es\/wp-json\/wp\/v2\/product_cat?post=164139"},{"taxonomy":"product_tag","embeddable":true,"href":"https:\/\/icaschool.com\/es\/wp-json\/wp\/v2\/product_tag?post=164139"}],"curies":[{"name":"wp","href":"https:\/\/api.w.org\/{rel}","templated":true}]}}