{"id":166492,"date":"2025-12-04T11:48:05","date_gmt":"2025-12-04T17:48:05","guid":{"rendered":"https:\/\/icaschool.com\/?post_type=product&#038;p=166492"},"modified":"2026-01-22T13:22:05","modified_gmt":"2026-01-22T19:22:05","slug":"bundled-course-june-27-28-2026-toronto-on","status":"publish","type":"product","link":"https:\/\/icaschool.com\/es\/product\/bundled-course-june-27-28-2026-toronto-on\/","title":{"rendered":"Bundled Course | June 13-14 2026 | Toronto ON"},"content":{"rendered":"<ul>\n<li><i class=\"fa fa-check\" aria-hidden=\"true\"><\/i> Curso de formaci\u00f3n sobre el terreno de 2 d\u00edas<\/li>\n<li><i class=\"fa fa-check\" aria-hidden=\"true\"><\/i> Curso de certificaci\u00f3n de inspecci\u00f3n de viviendas en l\u00ednea<\/li>\n<li><i class=\"fa fa-check\" aria-hidden=\"true\"><\/i> Curso de preparaci\u00f3n de ex\u00e1menes<\/li>\n<li><i class=\"fa fa-check\" aria-hidden=\"true\"><\/i> Acceso y asistencia de por vida<\/li>\n<li><i class=\"fa fa-check\" aria-hidden=\"true\"><\/i> <a title=\"Ver cursos de bonificaci\u00f3n\" href=\"#bonuscourses_popup\">14 cursos adicionales<\/a> incluidos cursos de negocios y t\u00e9cnicos<\/li>\n<li><i class=\"fa fa-check\" aria-hidden=\"true\"><\/i> Software de informes Pro Nitro (gratuito de por vida)<\/li>\n<li><i class=\"fa fa-check\" aria-hidden=\"true\"><\/i> $100 Descuento para miembros de InterNACHI<\/li>\n<\/ul>","protected":false},"excerpt":{"rendered":"<p>2-Day Field Training Course Online Home Inspection Certification Course Exam Prep Course Lifetime Access and Support 14 Bonus Courses including Business, and Technical Courses Pro Nitro Reporting Software (Free for Life) $100 InterNACHI Membership Discount<\/p>","protected":false},"featured_media":0,"template":"","meta":{"_angie_page":false,"content-type":""},"product_brand":[],"product_cat":[233,231],"product_tag":[],"class_list":{"0":"post-166492","1":"product","2":"type-product","3":"status-publish","5":"product_cat-canada-foundation-pkgs","6":"product_cat-canada-products","7":"description-off","9":"first","10":"instock","11":"sale","12":"virtual","13":"taxable","14":"purchasable","15":"product-type-bundle"},"bundled_by":[],"bundle_stock_status":"instock","bundle_stock_quantity":"","bundle_virtual":true,"bundle_layout":"default","bundle_add_to_cart_form_location":"default","bundle_editable_in_cart":false,"bundle_sold_individually_context":"product","bundle_item_grouping":"parent","bundle_min_size":"","bundle_max_size":"","bundle_price":{"price":{"min":{"incl_tax":"1295","excl_tax":"1295"},"max":{"incl_tax":"1295","excl_tax":"1295"}},"regular_price":{"min":{"incl_tax":"1335","excl_tax":"1335"},"max":{"incl_tax":"1335","excl_tax":"1335"}}},"bundled_items":[{"bundled_item_id":3904,"product_id":166493,"menu_order":0,"quantity_min":1,"quantity_max":1,"quantity_default":1,"priced_individually":true,"shipped_individually":true,"override_title":false,"title":"Ontario Live Course | June 13-14 2026 | Toronto","override_description":false,"description":"","optional":false,"hide_thumbnail":true,"discount":"","override_variations":false,"allowed_variations":[],"override_default_variation_attributes":false,"default_variation_attributes":[],"single_product_visibility":"visible","cart_visibility":"hidden","order_visibility":"visible","single_product_price_visibility":"hidden","cart_price_visibility":"hidden","order_price_visibility":"visible","stock_status":"in_stock"},{"bundled_item_id":3901,"product_id":20418,"menu_order":1,"quantity_min":1,"quantity_max":1,"quantity_default":1,"priced_individually":true,"shipped_individually":true,"override_title":false,"title":"Programa de certificaci\u00f3n en l\u00ednea de inspecci\u00f3n de viviendas - Canad\u00e1","override_description":false,"description":"","optional":false,"hide_thumbnail":true,"discount":"5.75539","override_variations":false,"allowed_variations":[],"override_default_variation_attributes":false,"default_variation_attributes":[],"single_product_visibility":"hidden","cart_visibility":"hidden","order_visibility":"visible","single_product_price_visibility":"hidden","cart_price_visibility":"hidden","order_price_visibility":"visible","stock_status":"in_stock"},{"bundled_item_id":3902,"product_id":160911,"menu_order":2,"quantity_min":1,"quantity_max":1,"quantity_default":1,"priced_individually":true,"shipped_individually":true,"override_title":false,"title":"Home Inspector Pro 3 meses de prueba - Canad\u00e1","override_description":false,"description":"","optional":false,"hide_thumbnail":true,"discount":"","override_variations":false,"allowed_variations":[],"override_default_variation_attributes":false,"default_variation_attributes":[],"single_product_visibility":"hidden","cart_visibility":"hidden","order_visibility":"visible","single_product_price_visibility":"hidden","cart_price_visibility":"hidden","order_price_visibility":"visible","stock_status":"in_stock"},{"bundled_item_id":3903,"product_id":160906,"menu_order":3,"quantity_min":1,"quantity_max":1,"quantity_default":1,"priced_individually":true,"shipped_individually":true,"override_title":false,"title":"Programas inform\u00e1ticos - Canad\u00e1","override_description":false,"description":"","optional":false,"hide_thumbnail":false,"discount":"","override_variations":false,"allowed_variations":[],"override_default_variation_attributes":false,"default_variation_attributes":[],"single_product_visibility":"hidden","cart_visibility":"hidden","order_visibility":"visible","single_product_price_visibility":"hidden","cart_price_visibility":"hidden","order_price_visibility":"visible","stock_status":"in_stock"}],"bundle_sell_ids":[],"aioseo_notices":[],"jetpack_sharing_enabled":true,"_links":{"self":[{"href":"https:\/\/icaschool.com\/es\/wp-json\/wp\/v2\/product\/166492","targetHints":{"allow":["GET"]}}],"collection":[{"href":"https:\/\/icaschool.com\/es\/wp-json\/wp\/v2\/product"}],"about":[{"href":"https:\/\/icaschool.com\/es\/wp-json\/wp\/v2\/types\/product"}],"wp:attachment":[{"href":"https:\/\/icaschool.com\/es\/wp-json\/wp\/v2\/media?parent=166492"}],"wp:term":[{"taxonomy":"product_brand","embeddable":true,"href":"https:\/\/icaschool.com\/es\/wp-json\/wp\/v2\/product_brand?post=166492"},{"taxonomy":"product_cat","embeddable":true,"href":"https:\/\/icaschool.com\/es\/wp-json\/wp\/v2\/product_cat?post=166492"},{"taxonomy":"product_tag","embeddable":true,"href":"https:\/\/icaschool.com\/es\/wp-json\/wp\/v2\/product_tag?post=166492"}],"curies":[{"name":"wp","href":"https:\/\/api.w.org\/{rel}","templated":true}]}}