{"id":25282,"date":"2022-02-08T13:27:55","date_gmt":"2022-02-08T19:27:55","guid":{"rendered":"https:\/\/icaschool.com\/?post_type=product&#038;p=25282"},"modified":"2024-05-08T14:08:44","modified_gmt":"2024-05-08T19:08:44","slug":"inspeccion-de-bombas-de-calor-y-aire-acondicionado-fl-ce","status":"publish","type":"product","link":"https:\/\/icaschool.com\/es\/product\/inspecting-heat-pumps-and-air-conditioning-fl-ce\/","title":{"rendered":"Inspecci\u00f3n de bombas de calor y aire acondicionado - FL CE"},"content":{"rendered":"<p><strong>Temas del curso:<\/strong> Inspecci\u00f3n de bombas de calor y aire acondicionado<br \/>\n<strong>N\u00famero de curso:<\/strong> 0001737<br \/>\n<strong>Horas CE:<\/strong> 5<\/p>\n<p>\u00bfTiene preguntas? Llame a uno de nuestros especialistas en formaci\u00f3n continua al 888-391-4359.<\/p>\n<p><strong>Descripci\u00f3n del curso<\/strong><br \/>\nIdentificar los defectos t\u00edpicos relacionados con la calefacci\u00f3n y la refrigeraci\u00f3n de la vivienda residencial, e informar sobre ellos con precisi\u00f3n.<\/p>","protected":false},"excerpt":{"rendered":"<p>Temas del curso: Inspecci\u00f3n de bombas de calor y aire acondicionado N\u00famero de curso: 0001737 Horas CE: 5 \u00bfPreguntas? Llame a uno de nuestros Especialistas en Educaci\u00f3n Continua al 888-391-4359. Descripci\u00f3n del curso Identificar los defectos t\u00edpicos relacionados con la calefacci\u00f3n y la refrigeraci\u00f3n del hogar residencial, e informar sobre ellos con precisi\u00f3n.<\/p>","protected":false},"featured_media":0,"template":"","meta":{"_angie_page":false,"content-type":""},"product_brand":[],"product_cat":[77,78],"product_tag":[],"class_list":{"0":"post-25282","1":"product","2":"type-product","3":"status-publish","5":"product_cat-continuing-education","6":"product_cat-florida-continuing-education","7":"description-off","9":"first","10":"instock","11":"taxable","12":"shipping-taxable","13":"purchasable","14":"product-type-simple"},"bundled_by":[],"bundle_stock_status":"instock","bundle_stock_quantity":null,"bundle_virtual":false,"bundle_layout":"","bundle_add_to_cart_form_location":"","bundle_editable_in_cart":false,"bundle_sold_individually_context":"","bundle_item_grouping":"","bundle_min_size":"","bundle_max_size":"","bundle_price":[],"bundled_items":[],"bundle_sell_ids":[],"aioseo_notices":[],"jetpack_sharing_enabled":true,"_links":{"self":[{"href":"https:\/\/icaschool.com\/es\/wp-json\/wp\/v2\/product\/25282","targetHints":{"allow":["GET"]}}],"collection":[{"href":"https:\/\/icaschool.com\/es\/wp-json\/wp\/v2\/product"}],"about":[{"href":"https:\/\/icaschool.com\/es\/wp-json\/wp\/v2\/types\/product"}],"wp:attachment":[{"href":"https:\/\/icaschool.com\/es\/wp-json\/wp\/v2\/media?parent=25282"}],"wp:term":[{"taxonomy":"product_brand","embeddable":true,"href":"https:\/\/icaschool.com\/es\/wp-json\/wp\/v2\/product_brand?post=25282"},{"taxonomy":"product_cat","embeddable":true,"href":"https:\/\/icaschool.com\/es\/wp-json\/wp\/v2\/product_cat?post=25282"},{"taxonomy":"product_tag","embeddable":true,"href":"https:\/\/icaschool.com\/es\/wp-json\/wp\/v2\/product_tag?post=25282"}],"curies":[{"name":"wp","href":"https:\/\/api.w.org\/{rel}","templated":true}]}}