{"id":27706,"date":"2022-03-29T13:32:17","date_gmt":"2022-03-29T18:32:17","guid":{"rendered":"https:\/\/icaschool.com\/?post_type=product&#038;p=27706"},"modified":"2024-05-06T15:20:39","modified_gmt":"2024-05-06T20:20:39","slug":"inspeccion-de-bombas-de-calor-y-aire-acondicionado-il-ce","status":"publish","type":"product","link":"https:\/\/icaschool.com\/es\/product\/inspecting-heat-pumps-and-air-conditioning-il-ce\/","title":{"rendered":"Inspecci\u00f3n de bombas de calor y aire acondicionado - IL - CE"},"content":{"rendered":"<p><strong>N\u00famero de curso:<\/strong> 454.000753<br \/>\n<strong>Horas CE:<\/strong> 3<\/p>\n<p>\u00bfTiene preguntas? Llame a uno de nuestros especialistas en formaci\u00f3n continua al 888-391-4359.<\/p>\n<p><strong>Detalles del curso<br \/>\n<\/strong>Curso de 3 horas CE de Inspection Certification Associates\u00a0<em>Inspecci\u00f3n de bombas de calor y aire acondicionado\u00a0<\/em>proporciona una comprensi\u00f3n del funcionamiento de la bomba de calor y del aire acondicionado, a la vez que cubre el proceso de inspecci\u00f3n de cada uno de ellos.<\/p>\n<p>Los alumnos identificar\u00e1n los defectos t\u00edpicos relacionados con la calefacci\u00f3n y la refrigeraci\u00f3n del hogar residencial e informar\u00e1n sobre ellos con precisi\u00f3n.<\/p>","protected":false},"excerpt":{"rendered":"<p>N\u00famero del curso: 454.000753 Horas CE: 3 \u00bfPreguntas? Llame a uno de nuestros Especialistas de Educaci\u00f3n Continua al 888-391-4359. Detalles del curso Inspecci\u00f3n de Certificaci\u00f3n Asociados '3 horas CE curso Inspecci\u00f3n de bombas de calor y aire acondicionado proporciona una comprensi\u00f3n de la bomba de calor y aire acondicionado operaci\u00f3n, mientras que tambi\u00e9n cubre el proceso de inspecci\u00f3n para cada uno. Los estudiantes identificar\u00e1n los defectos t\u00edpicos relacionados con la calefacci\u00f3n ...<\/p>","protected":false},"featured_media":0,"template":"","meta":{"_angie_page":false,"content-type":""},"product_brand":[],"product_cat":[77,93],"product_tag":[],"class_list":{"0":"post-27706","1":"product","2":"type-product","3":"status-publish","5":"product_cat-continuing-education","6":"product_cat-illinois-continuing-education","7":"description-off","9":"first","10":"instock","11":"sold-individually","12":"taxable","13":"shipping-taxable","14":"purchasable","15":"product-type-simple"},"bundled_by":[],"bundle_stock_status":"instock","bundle_stock_quantity":null,"bundle_virtual":false,"bundle_layout":"","bundle_add_to_cart_form_location":"","bundle_editable_in_cart":false,"bundle_sold_individually_context":"","bundle_item_grouping":"","bundle_min_size":"","bundle_max_size":"","bundle_price":[],"bundled_items":[],"bundle_sell_ids":[],"aioseo_notices":[],"jetpack_sharing_enabled":true,"_links":{"self":[{"href":"https:\/\/icaschool.com\/es\/wp-json\/wp\/v2\/product\/27706","targetHints":{"allow":["GET"]}}],"collection":[{"href":"https:\/\/icaschool.com\/es\/wp-json\/wp\/v2\/product"}],"about":[{"href":"https:\/\/icaschool.com\/es\/wp-json\/wp\/v2\/types\/product"}],"wp:attachment":[{"href":"https:\/\/icaschool.com\/es\/wp-json\/wp\/v2\/media?parent=27706"}],"wp:term":[{"taxonomy":"product_brand","embeddable":true,"href":"https:\/\/icaschool.com\/es\/wp-json\/wp\/v2\/product_brand?post=27706"},{"taxonomy":"product_cat","embeddable":true,"href":"https:\/\/icaschool.com\/es\/wp-json\/wp\/v2\/product_cat?post=27706"},{"taxonomy":"product_tag","embeddable":true,"href":"https:\/\/icaschool.com\/es\/wp-json\/wp\/v2\/product_tag?post=27706"}],"curies":[{"name":"wp","href":"https:\/\/api.w.org\/{rel}","templated":true}]}}