{"id":27745,"date":"2022-03-30T09:16:06","date_gmt":"2022-03-30T14:16:06","guid":{"rendered":"https:\/\/icaschool.com\/?post_type=product&#038;p=27745"},"modified":"2025-10-01T11:52:45","modified_gmt":"2025-10-01T16:52:45","slug":"engineered-lumber-nc-ce","status":"publish","type":"product","link":"https:\/\/icaschool.com\/es\/product\/engineered-lumber-nc-ce\/","title":{"rendered":"Madera de ingenier\u00eda - NC CE"},"content":{"rendered":"<p><strong>N\u00famero de curso:<\/strong> CEC695<br \/>\n<strong>Horas CE:<\/strong> 4<\/p>\n<p>\u00bfTiene preguntas? Llame a uno de nuestros especialistas en formaci\u00f3n continua al 888-391-4359.<\/p>\n<p><strong>Detalles del curso:<\/strong><br \/>\nEste curso de 4 horas de CE examina el uso (y el mal uso) de la madera de ingenier\u00eda en sistemas de entramado de suelos, paredes y tejados residenciales. Aborda los C\u00f3digos de Edificaci\u00f3n de Carolina del Norte para la Construcci\u00f3n Residencial y sus enmiendas; adem\u00e1s, considera las especificaciones y recomendaciones de los fabricantes. Se hace hincapi\u00e9 en el reconocimiento y la notificaci\u00f3n de defectos y da\u00f1os en los componentes de ingenier\u00eda, as\u00ed como en las medidas correctivas adecuadas.<\/p>\n<p>&gt;Comenzamos con un an\u00e1lisis de los distintos tipos de cargas que soportan las viviendas residenciales, incluido un examen de los elementos portantes. Tambi\u00e9n revisamos los materiales de construcci\u00f3n admisibles y las tensiones que experimentan.<\/p>\n<p>A continuaci\u00f3n hablaremos de la madera de ingenier\u00eda: primero en general, y despu\u00e9s en lo que se refiere espec\u00edficamente a los sistemas de forjados. El curso examina el entramado de forjados con madera de ingenier\u00eda y explora los agujeros, cortes y muescas, tanto los previstos como los que indican la necesidad de una reparaci\u00f3n (permitida).<\/p>\n<p>Cambiando de marcha, pasamos a los sistemas de cubierta, tocando primero las funciones de los componentes de una cubierta. A continuaci\u00f3n, el curso se centra de nuevo en la madera de construcci\u00f3n, revisando los componentes da\u00f1ados con frecuencia y las reparaciones permitidas antes de centrarse en el arriostramiento de las cerchas: tanto los requisitos como las \u00e1reas problem\u00e1ticas.<\/p>\n<p>Por \u00faltimo, dedicamos tiempo al reconocimiento de defectos y a la redacci\u00f3n de informes, a la vez que resumimos las ventajas e inconvenientes de utilizar componentes de ingenier\u00eda para los sistemas de suelos y cubiertas.<\/p>\n<p><b>Esquema del curso:<\/b><br \/>\nSecci\u00f3n 1: Sistemas de suelo<\/p>\n<ol>\n<li>Tipos de cargas en las viviendas\n<ol>\n<li>Cargas distribuidas frente a cargas concentradas<\/li>\n<li>Cargas verticales<\/li>\n<li>Cargas laterales<\/li>\n<\/ol>\n<\/li>\n<li>Elementos portantes\n<ol>\n<li>Vigas y viguetas<\/li>\n<li>Viguetas<\/li>\n<li>Cabrios<\/li>\n<li>Columnas<\/li>\n<li>Transferencias de carga entre miembros<\/li>\n<\/ol>\n<\/li>\n<li>Cuestionario 1<\/li>\n<li>Materiales y tensiones\n<ol>\n<li>C\u00f3digo Residencial de Carolina del Norte<\/li>\n<li>Muelle y columnas<\/li>\n<\/ol>\n<\/li>\n<li>Madera de ingenier\u00eda\n<ol>\n<li>Tipos\n<ol>\n<li>Calificaciones<\/li>\n<\/ol>\n<\/li>\n<li>Encuadre<\/li>\n<li>Agujeros, cortes y muescas\n<ol>\n<li>Planificado<\/li>\n<li>Reparaciones permitidas<\/li>\n<\/ol>\n<\/li>\n<\/ol>\n<\/li>\n<li>Cuestionario 2<\/li>\n<\/ol>\n<p>Secci\u00f3n 2: Sistemas de cubierta<\/p>\n<ol>\n<li>Funci\u00f3n de un tejado\n<ol>\n<li>C\u00f3digo Residencial de Carolina del Norte<\/li>\n<\/ol>\n<\/li>\n<li>Madera de ingenier\u00eda\n<ol>\n<li>Problemas de fabricaci\u00f3n<\/li>\n<li>Da\u00f1os\n<ol>\n<li>Placas de refuerzo<\/li>\n<li>Componentes de madera<\/li>\n<\/ol>\n<\/li>\n<\/ol>\n<\/li>\n<li>Prueba 3\n<ol>\n<li>Arriostramiento<\/li>\n<\/ol>\n<\/li>\n<li>Reconocimiento de los defectos del tejado y redacci\u00f3n de informes<\/li>\n<li>Resumen y conclusiones<\/li>\n<li>Cuestionario 4<\/li>\n<\/ol>\n<p>Examen final<\/p>","protected":false},"excerpt":{"rendered":"<p>N\u00famero de curso: CEC695 Horas CE: 4 \u00bfPreguntas? Llame a uno de nuestros Especialistas en Educaci\u00f3n Continua al 888-391-4359. Detalles del curso: Este curso de 4 horas CE examina el uso - y el mal uso - de la madera de ingenier\u00eda en sistemas de entramado de pisos, paredes y techos residenciales. Aborda los C\u00f3digos de Edificaci\u00f3n de Carolina del Norte para la Construcci\u00f3n Residencial y sus enmiendas; en...<\/p>","protected":false},"featured_media":0,"template":"","meta":{"_angie_page":false,"content-type":""},"product_brand":[],"product_cat":[77,85,90],"product_tag":[],"class_list":{"0":"post-27745","1":"product","2":"type-product","3":"status-publish","5":"product_cat-continuing-education","6":"product_cat-north-carolina-continuing-education","7":"product_cat-nc-ce-online","8":"description-off","10":"first","11":"instock","12":"sold-individually","13":"taxable","14":"shipping-taxable","15":"purchasable","16":"product-type-simple"},"bundled_by":[],"bundle_stock_status":"instock","bundle_stock_quantity":null,"bundle_virtual":false,"bundle_layout":"","bundle_add_to_cart_form_location":"","bundle_editable_in_cart":false,"bundle_sold_individually_context":"","bundle_item_grouping":"","bundle_min_size":"","bundle_max_size":"","bundle_price":[],"bundled_items":[],"bundle_sell_ids":[],"aioseo_notices":[],"jetpack_sharing_enabled":true,"_links":{"self":[{"href":"https:\/\/icaschool.com\/es\/wp-json\/wp\/v2\/product\/27745","targetHints":{"allow":["GET"]}}],"collection":[{"href":"https:\/\/icaschool.com\/es\/wp-json\/wp\/v2\/product"}],"about":[{"href":"https:\/\/icaschool.com\/es\/wp-json\/wp\/v2\/types\/product"}],"wp:attachment":[{"href":"https:\/\/icaschool.com\/es\/wp-json\/wp\/v2\/media?parent=27745"}],"wp:term":[{"taxonomy":"product_brand","embeddable":true,"href":"https:\/\/icaschool.com\/es\/wp-json\/wp\/v2\/product_brand?post=27745"},{"taxonomy":"product_cat","embeddable":true,"href":"https:\/\/icaschool.com\/es\/wp-json\/wp\/v2\/product_cat?post=27745"},{"taxonomy":"product_tag","embeddable":true,"href":"https:\/\/icaschool.com\/es\/wp-json\/wp\/v2\/product_tag?post=27745"}],"curies":[{"name":"wp","href":"https:\/\/api.w.org\/{rel}","templated":true}]}}