{"id":6427,"date":"2020-03-25T11:21:37","date_gmt":"2020-03-25T16:21:37","guid":{"rendered":"https:\/\/ica-school.xm0yhtel-liquidwebsites.com\/?post_type=product&#038;p=6427"},"modified":"2024-04-17T15:21:52","modified_gmt":"2024-04-17T20:21:52","slug":"viviendas-alternativas-fl","status":"publish","type":"product","link":"https:\/\/icaschool.com\/es\/product\/alternative-homes-fl\/","title":{"rendered":"Hogares alternativos - FL CE"},"content":{"rendered":"<p><strong>Temas del curso:<\/strong> Inspecci\u00f3n de casas prefabricadas, casas peque\u00f1as, casas modulares y casas de madera<br \/>\n<strong>N\u00famero de curso:<\/strong> 0001467<br \/>\n<strong>Horas CE:<\/strong> 4<\/p>\n<p>\u00bfTiene preguntas? Llame a uno de nuestros especialistas en formaci\u00f3n continua al 888-391-4359.<\/p>\n<p><strong>Detalles del curso<\/strong><br \/>\nEste curso prepara a los inspectores de viviendas para inspeccionar viviendas residenciales alternativas. Esto incluye casas prefabricadas, modulares, peque\u00f1as y de troncos. Los estudiantes evaluar\u00e1n las principales caracter\u00edsticas de construcci\u00f3n de casas alternativas, incluyendo: la envolvente del edificio; sistemas de piso, pared y techo; y cimientos. Adem\u00e1s, los estudiantes identificar\u00e1n los defectos t\u00edpicos relacionados con la humedad, los servicios p\u00fablicos y la seguridad contra incendios. El curso de 4 horas CE de Inspection Certification Associates Alternative Homes ense\u00f1a a los estudiantes c\u00f3mo realizar inspecciones en casas residenciales alternativas y ayudar\u00e1 a los inspectores a entregar un informe a sus clientes que sea espec\u00edfico para su residencia.<\/p>\n<p><strong>Resumen del curso<\/strong><\/p>\n<ol class=\"roman\">\n<li>Introducci\u00f3n<\/li>\n<li>Casas prefabricadas\n<ol class=\"letter\">\n<li>Caracter\u00edsticas<\/li>\n<li>Etiquetado<\/li>\n<li>Caracter\u00edsticas de la construcci\u00f3n principal<\/li>\n<li>Tipos de cimentaci\u00f3n<\/li>\n<li>Servicios<\/li>\n<li>Ventilaci\u00f3n<\/li>\n<li>Gesti\u00f3n de las aguas pluviales<\/li>\n<li>Informes de inspecci\u00f3n<\/li>\n<\/ol>\n<\/li>\n<li>Casas min\u00fasculas\n<ol class=\"letter\">\n<li>Criterios de inspecci\u00f3n<\/li>\n<li>Ayudas para peque\u00f1as viviendas<\/li>\n<li>THOWs (Peque\u00f1as casas sobre ruedas)<\/li>\n<li>Componentes estructurales<\/li>\n<li>Servicios<\/li>\n<li>Directrices del sitio<\/li>\n<\/ol>\n<\/li>\n<li>Casas modulares\n<ol class=\"letter\">\n<li>Normas para prefabricados<\/li>\n<li>Materiales limitados<\/li>\n<li>Fundaciones<\/li>\n<\/ol>\n<\/li>\n<li>Casas de troncos\n<ol class=\"letter\">\n<li>Cuestiones de conformidad<\/li>\n<li>Clasificaci\u00f3n de troncos<\/li>\n<li>Liquidaci\u00f3n<\/li>\n<li>Gesti\u00f3n de las aguas pluviales<\/li>\n<li>Informes de inspecci\u00f3n<\/li>\n<\/ol>\n<\/li>\n<li>Resumen<\/li>\n<\/ol>","protected":false},"excerpt":{"rendered":"<p>Temas del curso: Inspecci\u00f3n de casas prefabricadas, casas peque\u00f1as, casas modulares y casas de madera N\u00famero de curso: 0001467 Horas CE: 4 \u00bfPreguntas? Llame a uno de nuestros Especialistas de Educaci\u00f3n Continua al 888-391-4359. Detalles del curso Este curso prepara a los inspectores de viviendas para inspeccionar viviendas residenciales alternativas. Esto incluye casas prefabricadas, modulares, peque\u00f1as y de madera. Los estudiantes evaluar\u00e1n las principales caracter\u00edsticas de construcci\u00f3n...<\/p>","protected":false},"featured_media":0,"template":"","meta":{"_angie_page":false,"content-type":""},"product_brand":[],"product_cat":[77,78],"product_tag":[],"class_list":{"0":"post-6427","1":"product","2":"type-product","3":"status-publish","5":"product_cat-continuing-education","6":"product_cat-florida-continuing-education","7":"description-off","9":"first","10":"instock","11":"taxable","12":"shipping-taxable","13":"purchasable","14":"product-type-simple"},"bundled_by":[],"bundle_stock_status":"instock","bundle_stock_quantity":null,"bundle_virtual":false,"bundle_layout":"","bundle_add_to_cart_form_location":"","bundle_editable_in_cart":false,"bundle_sold_individually_context":"","bundle_item_grouping":"","bundle_min_size":"","bundle_max_size":"","bundle_price":[],"bundled_items":[],"bundle_sell_ids":[],"aioseo_notices":[],"jetpack_sharing_enabled":true,"_links":{"self":[{"href":"https:\/\/icaschool.com\/es\/wp-json\/wp\/v2\/product\/6427","targetHints":{"allow":["GET"]}}],"collection":[{"href":"https:\/\/icaschool.com\/es\/wp-json\/wp\/v2\/product"}],"about":[{"href":"https:\/\/icaschool.com\/es\/wp-json\/wp\/v2\/types\/product"}],"wp:attachment":[{"href":"https:\/\/icaschool.com\/es\/wp-json\/wp\/v2\/media?parent=6427"}],"wp:term":[{"taxonomy":"product_brand","embeddable":true,"href":"https:\/\/icaschool.com\/es\/wp-json\/wp\/v2\/product_brand?post=6427"},{"taxonomy":"product_cat","embeddable":true,"href":"https:\/\/icaschool.com\/es\/wp-json\/wp\/v2\/product_cat?post=6427"},{"taxonomy":"product_tag","embeddable":true,"href":"https:\/\/icaschool.com\/es\/wp-json\/wp\/v2\/product_tag?post=6427"}],"curies":[{"name":"wp","href":"https:\/\/api.w.org\/{rel}","templated":true}]}}