{"id":7201,"date":"2020-05-05T13:49:14","date_gmt":"2020-05-05T18:49:14","guid":{"rendered":"https:\/\/icaschool.com\/?post_type=product&#038;p=7201"},"modified":"2025-10-01T12:05:15","modified_gmt":"2025-10-01T17:05:15","slug":"inspecciones-de-pozos-y-fosas-septicas-nc","status":"publish","type":"product","link":"https:\/\/icaschool.com\/es\/product\/well-and-septic-inspections-nc\/","title":{"rendered":"Inspecciones de pozos y fosas s\u00e9pticas - NC CE"},"content":{"rendered":"<p><strong>N\u00famero de curso:<\/strong> CEC633<br \/>\n<strong>Horas CE:<\/strong> 2<\/p>\n<p>\u00bfTiene preguntas? Llame a uno de nuestros especialistas en formaci\u00f3n continua al 888-391-4359.<\/p>\n<p><strong>Detalles del curso<\/strong><br \/>\nNuestro curso de inspecci\u00f3n de pozos y fosas s\u00e9pticas es un programa de formaci\u00f3n en l\u00ednea que hemos desarrollado para ense\u00f1ar a los inspectores de viviendas las cuestiones de salud, seguridad y bienestar relacionadas con la inspecci\u00f3n de pozos y fosas s\u00e9pticas como parte del proceso de inspecci\u00f3n de viviendas. Los inspectores de viviendas que completen este curso aprender\u00e1n c\u00f3mo realizar pruebas de agua de pozo, los detalles que rodean los procedimientos de prueba de agua de pozo, y qu\u00e9 hacer si detecta la presencia de bacterias o contaminantes, mientras que la realizaci\u00f3n de su prueba de agua de pozo como parte de una inspecci\u00f3n de la casa. La formaci\u00f3n en inspecci\u00f3n de sistemas s\u00e9pticos es necesaria para aprender tanto los fundamentos como las \u00faltimas t\u00e9cnicas utilizadas para detectar problemas. La parte del curso dedicada a la inspecci\u00f3n de fosas s\u00e9pticas es una excelente oportunidad para que tanto los inspectores noveles como los experimentados profundicen en los entresijos de la inspecci\u00f3n de fosas s\u00e9pticas.<\/p>\n<p><strong>Resumen del curso<\/strong><\/p>\n<ol>\n<li>Primera parte, 5 minutos\n<ol class=\"letter\">\n<li>Inspecciones de pozos M\u00f3dulo uno\n<ol class=\"lroman\">\n<li>Geolog\u00eda\n<ol>\n<li>Pozos excavados\/perforados<\/li>\n<li>Pozos impulsados<\/li>\n<li>Pozos perforados<\/li>\n<\/ol>\n<\/li>\n<li>Tipos de fuentes de agua\n<ol>\n<li>Mesa del agua<\/li>\n<li>Acu\u00edfero no confinado<\/li>\n<li>Acu\u00edfero confinado<\/li>\n<\/ol>\n<\/li>\n<\/ol>\n<\/li>\n<li>Primera parte Cuestionario<\/li>\n<\/ol>\n<\/li>\n<li>Segunda parte, 5 minutos\n<ol class=\"letter\">\n<li>Inspecciones de pozos M\u00f3dulo dos\n<ol class=\"lroman\">\n<li>Ubicaci\u00f3n del pozo\n<ol>\n<li>Retirada de la fuente de contaminaci\u00f3n<\/li>\n<\/ol>\n<\/li>\n<li>Componentes del pozo<\/li>\n<\/ol>\n<\/li>\n<li>Segunda parte<\/li>\n<\/ol>\n<\/li>\n<li>Tercera parte, 10 minutos\n<ol class=\"letter\">\n<li>Inspecciones de pozos M\u00f3dulo tres 10 minutos\n<ol class=\"lroman\">\n<li>Tanque de almacenamiento<\/li>\n<li>Dimensionar una bomba de pozo<\/li>\n<li>C\u00f3mo resolver la escasez de agua<\/li>\n<li>Tipos de contaminaci\u00f3n<\/li>\n<\/ol>\n<\/li>\n<li>Tercera parte Cuestionario<\/li>\n<\/ol>\n<\/li>\n<li>Cuarta parte, 10 minutos\n<ol class=\"letter\">\n<li>Inspecciones de pozos M\u00f3dulo cuatro\n<ol class=\"lroman\">\n<li>Filtraci\u00f3n\n<ol>\n<li>Filtraci\u00f3n frente a tratamiento<\/li>\n<li>Lugares de filtraci\u00f3n<\/li>\n<li>Proceso de filtraci\u00f3n<\/li>\n<li>Tipos de membranas<\/li>\n<li>Destilaci\u00f3n<\/li>\n<li>Descalcificadores<\/li>\n<li>Desinfecci\u00f3n<\/li>\n<li>Oxidantes<\/li>\n<li>Luz ultravioleta<\/li>\n<\/ol>\n<\/li>\n<\/ol>\n<\/li>\n<li>Cuarta parte Cuestionario<\/li>\n<\/ol>\n<\/li>\n<li>Quinta parte, 15 minutos\n<ol class=\"letter\">\n<li>Inspecciones de pozos M\u00f3dulo cinco\n<ol class=\"lroman\">\n<li>Redacci\u00f3n de informes de inspecci\u00f3n de pozos\n<ol>\n<li>Informaci\u00f3n para el cliente<\/li>\n<li>Registro del pozo<\/li>\n<li>Historia del pozo<\/li>\n<li>Caracter\u00edsticas del emplazamiento<\/li>\n<li>Componentes del pozo<\/li>\n<li>Esquema del sistema<\/li>\n<li>An\u00e1lisis de la calidad del agua<\/li>\n<li>Pruebas de flujo y rendimiento<\/li>\n<li>Tratamiento FHA del agua y las termitas<\/li>\n<li>Pozos compartidos<\/li>\n<li>Requisitos nacionales de consumo primario de la EPA<\/li>\n<\/ol>\n<\/li>\n<\/ol>\n<\/li>\n<li>Quinta parte Cuestionario<\/li>\n<\/ol>\n<\/li>\n<li>Sexta parte, 25 minutos\n<ol class=\"letter\">\n<li>Inspecciones s\u00e9pticas M\u00f3dulo seis\n<ol class=\"lroman\">\n<li>Normas de pr\u00e1ctica en materia de fosas s\u00e9pticas<\/li>\n<li>Servicios auxiliares<\/li>\n<li>Tarifas<\/li>\n<li>C\u00f3digo \u00e9tico<\/li>\n<li>\u00bfPor qu\u00e9 es importante que un inspector de viviendas conozca los sistemas s\u00e9pticos?<\/li>\n<\/ol>\n<\/li>\n<li>Sexta parte Cuestionario<\/li>\n<\/ol>\n<\/li>\n<li>S\u00e9ptima parte, 15 minutos\n<ol class=\"letter\">\n<li>Inspecciones s\u00e9pticas M\u00f3dulo siete\n<ol class=\"lroman\">\n<li>\u00bfPor qu\u00e9 tener un sistema s\u00e9ptico?<\/li>\n<li>\u00bfC\u00f3mo funcionan los sistemas s\u00e9pticos?<\/li>\n<\/ol>\n<\/li>\n<li>S\u00e9ptima parte Cuestionario<\/li>\n<\/ol>\n<\/li>\n<li>Octava parte, 15 minutos\n<ol class=\"letter\">\n<li>Inspecciones s\u00e9pticas M\u00f3dulo Ocho\n<ol class=\"lroman\">\n<li>\u00bfQu\u00e9 debe incluir una inspecci\u00f3n del sistema s\u00e9ptico?<\/li>\n<li>Dos tipos de inspecciones:\n<ol>\n<li>Inspecci\u00f3n de mantenimiento en funcionamiento<\/li>\n<li>Inspecci\u00f3n rutinaria de mantenimiento<\/li>\n<\/ol>\n<\/li>\n<li>\u00bfQui\u00e9n puede solicitar una inspecci\u00f3n de fosas s\u00e9pticas?<\/li>\n<\/ol>\n<\/li>\n<li>Octava parte Cuestionario<\/li>\n<\/ol>\n<\/li>\n<\/ol>","protected":false},"excerpt":{"rendered":"<p>N\u00famero de curso: CEC633 Horas CE: 2 \u00bfPreguntas? Llame a uno de nuestros Especialistas en Educaci\u00f3n Continua al 888-391-4359. Detalles del curso Nuestro Curso de Inspecci\u00f3n de Pozos y Fosas S\u00e9pticas es un programa de capacitaci\u00f3n en l\u00ednea que hemos desarrollado para ense\u00f1ar a los inspectores de viviendas los temas de salud, seguridad y bienestar relacionados con la Inspecci\u00f3n de Pozos y Fosas S\u00e9pticas como parte del proceso de inspecci\u00f3n de viviendas. Inicio...<\/p>","protected":false},"featured_media":0,"template":"","meta":{"_angie_page":false,"content-type":""},"product_brand":[],"product_cat":[77,90,85],"product_tag":[],"class_list":{"0":"post-7201","1":"product","2":"type-product","3":"status-publish","5":"product_cat-continuing-education","6":"product_cat-nc-ce-online","7":"product_cat-north-carolina-continuing-education","8":"description-off","10":"first","11":"instock","12":"taxable","13":"shipping-taxable","14":"purchasable","15":"product-type-simple"},"bundled_by":[],"bundle_stock_status":"instock","bundle_stock_quantity":null,"bundle_virtual":false,"bundle_layout":"","bundle_add_to_cart_form_location":"","bundle_editable_in_cart":false,"bundle_sold_individually_context":"","bundle_item_grouping":"","bundle_min_size":"","bundle_max_size":"","bundle_price":[],"bundled_items":[],"bundle_sell_ids":[],"aioseo_notices":[],"jetpack_sharing_enabled":true,"_links":{"self":[{"href":"https:\/\/icaschool.com\/es\/wp-json\/wp\/v2\/product\/7201","targetHints":{"allow":["GET"]}}],"collection":[{"href":"https:\/\/icaschool.com\/es\/wp-json\/wp\/v2\/product"}],"about":[{"href":"https:\/\/icaschool.com\/es\/wp-json\/wp\/v2\/types\/product"}],"wp:attachment":[{"href":"https:\/\/icaschool.com\/es\/wp-json\/wp\/v2\/media?parent=7201"}],"wp:term":[{"taxonomy":"product_brand","embeddable":true,"href":"https:\/\/icaschool.com\/es\/wp-json\/wp\/v2\/product_brand?post=7201"},{"taxonomy":"product_cat","embeddable":true,"href":"https:\/\/icaschool.com\/es\/wp-json\/wp\/v2\/product_cat?post=7201"},{"taxonomy":"product_tag","embeddable":true,"href":"https:\/\/icaschool.com\/es\/wp-json\/wp\/v2\/product_tag?post=7201"}],"curies":[{"name":"wp","href":"https:\/\/api.w.org\/{rel}","templated":true}]}}