{"id":7239,"date":"2020-05-06T22:00:46","date_gmt":"2020-05-07T03:00:46","guid":{"rendered":"https:\/\/icaschool.com\/?post_type=product&#038;p=7239"},"modified":"2025-10-01T12:05:40","modified_gmt":"2025-10-01T17:05:40","slug":"aparatos-interiores-aislamiento-y-ventilacion-nc","status":"publish","type":"product","link":"https:\/\/icaschool.com\/es\/product\/interiors-appliances-insulation-and-ventilation-nc\/","title":{"rendered":"Aislamiento y ventilaci\u00f3n de aparatos interiores - NC CE"},"content":{"rendered":"<p><strong>N\u00famero de curso:<\/strong> CEC631<br \/>\n<strong>Horas CE:<\/strong> 4<\/p>\n<p>\u00bfTiene preguntas? Llame a uno de nuestros especialistas en formaci\u00f3n continua al 888-391-4359.<\/p>\n<p><strong>Detalles del curso<\/strong><br \/>\nEste curso de formaci\u00f3n continua de cuatro horas se divide en dos secciones. El prop\u00f3sito de la primera secci\u00f3n es proporcionar una comprensi\u00f3n de los requisitos y procedimientos de inspecci\u00f3n para el interior de una vivienda, incluidos los electrodom\u00e9sticos incorporados en la cocina. El prop\u00f3sito de la segunda secci\u00f3n de este curso es proporcionar una comprensi\u00f3n de los sistemas de aislamiento y ventilaci\u00f3n en un hogar.<\/p>\n<p><strong>Resumen del curso<\/strong><\/p>\n<ol>\n<li>Primera parte\n<ol class=\"letter\">\n<li>Normas pr\u00e1cticas y permisos, 10 minutos\n<ol class=\"lroman\">\n<li>Consulte las normas de pr\u00e1ctica de la NCHILB relativas al interior de una vivienda.<\/li>\n<\/ol>\n<\/li>\n<li>Inspecciones de habitaciones interiores, 10 minutos\n<ol class=\"lroman\">\n<li>Consulte el c\u00f3digo de construcci\u00f3n de Carolina del Norte que se aplica al proceso de inspecci\u00f3n de interiores.<\/li>\n<\/ol>\n<\/li>\n<li>Garajes, cocheras y medios de salida, 10 minutos<\/li>\n<li>Escaleras, contrahuellas y barandillas, 15 minutos<\/li>\n<li>Primera parte Cuestionario, 2 minutos<\/li>\n<\/ol>\n<\/li>\n<li>Segunda parte\n<ol class=\"letter\">\n<li>Detectores de humo y mon\u00f3xido de carbono, 5 minutos\n<ol class=\"lroman\">\n<li>Consulte el c\u00f3digo de construcci\u00f3n de Carolina del Norte que se aplica al proceso de inspecci\u00f3n de interiores.<\/li>\n<\/ol>\n<\/li>\n<li>Ventanas, puertas, paredes, techos y suelos, 15 minutos<\/li>\n<li>Electrodom\u00e9sticos de cocina empotrados, 20 minutos\n<ol class=\"lroman\">\n<li>Discutir el proceso de inspecci\u00f3n de los electrodom\u00e9sticos empotrados en la cocina.<\/li>\n<\/ol>\n<\/li>\n<li>Segunda parte Cuestionario, 2 minutos<\/li>\n<\/ol>\n<\/li>\n<li>Tercera parte\n<ol class=\"letter\">\n<li>Normas pr\u00e1cticas y tipos de aislamiento, 10 minutos\n<ol class=\"lroman\">\n<li>Consulta el c\u00f3digo de construcci\u00f3n de Carolina del Norte que se aplica al aislamiento.<\/li>\n<\/ol>\n<\/li>\n<li>El C\u00f3digo Energ\u00e9tico - Envolvente t\u00e9rmica del edificio, 25 minutos\n<ol class=\"lroman\">\n<li>Consulte el c\u00f3digo de construcci\u00f3n de Carolina del Norte que se aplica a la envolvente t\u00e9rmica del edificio.<\/li>\n<\/ol>\n<\/li>\n<li>Ventilaci\u00f3n - Consideraciones generales y el C\u00f3digo mec\u00e1nico de Carolina del Norte, 20 minutos\n<ol class=\"lroman\">\n<li>Mira el c\u00f3digo de construcci\u00f3n de Carolina del Norte que se aplica a la ventilaci\u00f3n.<\/li>\n<\/ol>\n<\/li>\n<li>Tercera parte Cuestionario, 3 minutos<\/li>\n<\/ol>\n<\/li>\n<li>Cuarta parte\n<ol class=\"letter\">\n<li>Sistemas de ventilaci\u00f3n equilibrada y ventilaci\u00f3n de espacios reducidos, 25 minutos<\/li>\n<li>Identificaci\u00f3n y notificaci\u00f3n de defectos, 35 minutos\n<ol class=\"lroman\">\n<li>Practicar la identificaci\u00f3n de defectos y c\u00f3mo notificarlos correctamente.<\/li>\n<\/ol>\n<\/li>\n<li>Cuarta parte Cuestionario, 3 minutos<\/li>\n<\/ol>\n<\/li>\n<\/ol>\n<p>Tiempo total: 200 minutos<\/p>","protected":false},"excerpt":{"rendered":"<p>N\u00famero de curso: CEC631 Horas CE: 4 \u00bfPreguntas? Llame a uno de nuestros especialistas en educaci\u00f3n continua al 888-391-4359. Detalles del curso Este curso de educaci\u00f3n continua de cuatro horas se divide en dos secciones. El prop\u00f3sito de la primera secci\u00f3n es proporcionar una comprensi\u00f3n de los requisitos y procedimientos de inspecci\u00f3n para el interior de una casa, incluyendo electrodom\u00e9sticos incorporados en la cocina. La...<\/p>","protected":false},"featured_media":0,"template":"","meta":{"_angie_page":false,"content-type":""},"product_brand":[],"product_cat":[77,85,90],"product_tag":[],"class_list":{"0":"post-7239","1":"product","2":"type-product","3":"status-publish","5":"product_cat-continuing-education","6":"product_cat-north-carolina-continuing-education","7":"product_cat-nc-ce-online","8":"description-off","10":"first","11":"instock","12":"taxable","13":"shipping-taxable","14":"purchasable","15":"product-type-simple"},"bundled_by":[],"bundle_stock_status":"instock","bundle_stock_quantity":null,"bundle_virtual":false,"bundle_layout":"","bundle_add_to_cart_form_location":"","bundle_editable_in_cart":false,"bundle_sold_individually_context":"","bundle_item_grouping":"","bundle_min_size":"","bundle_max_size":"","bundle_price":[],"bundled_items":[],"bundle_sell_ids":[],"aioseo_notices":[],"jetpack_sharing_enabled":true,"_links":{"self":[{"href":"https:\/\/icaschool.com\/es\/wp-json\/wp\/v2\/product\/7239","targetHints":{"allow":["GET"]}}],"collection":[{"href":"https:\/\/icaschool.com\/es\/wp-json\/wp\/v2\/product"}],"about":[{"href":"https:\/\/icaschool.com\/es\/wp-json\/wp\/v2\/types\/product"}],"wp:attachment":[{"href":"https:\/\/icaschool.com\/es\/wp-json\/wp\/v2\/media?parent=7239"}],"wp:term":[{"taxonomy":"product_brand","embeddable":true,"href":"https:\/\/icaschool.com\/es\/wp-json\/wp\/v2\/product_brand?post=7239"},{"taxonomy":"product_cat","embeddable":true,"href":"https:\/\/icaschool.com\/es\/wp-json\/wp\/v2\/product_cat?post=7239"},{"taxonomy":"product_tag","embeddable":true,"href":"https:\/\/icaschool.com\/es\/wp-json\/wp\/v2\/product_tag?post=7239"}],"curies":[{"name":"wp","href":"https:\/\/api.w.org\/{rel}","templated":true}]}}