{"id":8221,"date":"2020-06-23T20:45:41","date_gmt":"2020-06-24T01:45:41","guid":{"rendered":"https:\/\/icaschool.com\/?post_type=product&#038;p=8221"},"modified":"2026-01-15T18:25:20","modified_gmt":"2026-01-16T00:25:20","slug":"paquete-de-renovacion-illinois","status":"publish","type":"product","link":"https:\/\/icaschool.com\/es\/product\/illinois-renewal-bundle\/","title":{"rendered":"Paquete de renovaci\u00f3n de Illinois"},"content":{"rendered":"<p><strong>El paquete de renovaci\u00f3n de Illinois incluye:<\/strong><\/p>\n<ul>\n<li>Responsabilidades profesionales en la empresa y formaci\u00f3n en prevenci\u00f3n del acoso sexual: 454.000723.58 - 4 horas<\/li>\n<li>Inspecci\u00f3n de bombas de calor y aire acondicionado: 454.000753 - 3 horas<\/li>\n<li>Inspecci\u00f3n de construcciones no convencionales: 454.000752 - 6 horas<\/li>\n<\/ul>","protected":false},"excerpt":{"rendered":"<p>El paquete de renovaci\u00f3n de Illinois incluye: Responsabilidades Empresariales Profesionales y Formaci\u00f3n en Prevenci\u00f3n del Acoso Sexual: 454.000723.58 - 4 horas Inspecci\u00f3n de Bombas de Calor y Aire Acondicionado: 454.000753 - 3 horas Inspecci\u00f3n de Construcciones No Convencionales: 454.000752 - 6 horas<\/p>","protected":false},"featured_media":0,"template":"","meta":{"content-type":""},"product_brand":[],"product_cat":[77,93,80],"product_tag":[],"class_list":{"0":"post-8221","1":"product","2":"type-product","3":"status-publish","5":"product_cat-continuing-education","6":"product_cat-illinois-continuing-education","7":"product_cat-pass-the-test","8":"description-off","10":"first","11":"instock","12":"sold-individually","13":"taxable","14":"shipping-taxable","15":"purchasable","16":"product-type-simple"},"bundled_by":[],"bundle_stock_status":"instock","bundle_stock_quantity":null,"bundle_virtual":false,"bundle_layout":"","bundle_add_to_cart_form_location":"","bundle_editable_in_cart":false,"bundle_sold_individually_context":"","bundle_item_grouping":"","bundle_min_size":"","bundle_max_size":"","bundle_price":[],"bundled_items":[],"bundle_sell_ids":[],"aioseo_notices":[],"jetpack_sharing_enabled":true,"_links":{"self":[{"href":"https:\/\/icaschool.com\/es\/wp-json\/wp\/v2\/product\/8221","targetHints":{"allow":["GET"]}}],"collection":[{"href":"https:\/\/icaschool.com\/es\/wp-json\/wp\/v2\/product"}],"about":[{"href":"https:\/\/icaschool.com\/es\/wp-json\/wp\/v2\/types\/product"}],"wp:attachment":[{"href":"https:\/\/icaschool.com\/es\/wp-json\/wp\/v2\/media?parent=8221"}],"wp:term":[{"taxonomy":"product_brand","embeddable":true,"href":"https:\/\/icaschool.com\/es\/wp-json\/wp\/v2\/product_brand?post=8221"},{"taxonomy":"product_cat","embeddable":true,"href":"https:\/\/icaschool.com\/es\/wp-json\/wp\/v2\/product_cat?post=8221"},{"taxonomy":"product_tag","embeddable":true,"href":"https:\/\/icaschool.com\/es\/wp-json\/wp\/v2\/product_tag?post=8221"}],"curies":[{"name":"wp","href":"https:\/\/api.w.org\/{rel}","templated":true}]}}