{"id":9460,"date":"2020-08-11T12:03:43","date_gmt":"2020-08-11T17:03:43","guid":{"rendered":"https:\/\/icaschool.com\/?post_type=product&#038;p=9460"},"modified":"2025-10-01T12:06:09","modified_gmt":"2025-10-01T17:06:09","slug":"hechos-poco-conocidos-nc-ce","status":"publish","type":"product","link":"https:\/\/icaschool.com\/es\/product\/little-known-facts-nc-ce\/","title":{"rendered":"Hechos poco conocidos - NC CE"},"content":{"rendered":"<p><strong>N\u00famero de curso:<\/strong> CEC606<br \/>\n<strong>Horas CE:<\/strong> 4<\/p>\n<p>\u00bfTiene preguntas? Llame a uno de nuestros especialistas en formaci\u00f3n continua al 888-391-4359.<\/p>\n<p><strong>Detalles del curso<\/strong><br \/>\nEl prop\u00f3sito de esta sesi\u00f3n de formaci\u00f3n continua de 4 horas es examinar el proceso de inspecci\u00f3n de elementos tan comunes que muchas veces se dan por sentado que el inspector a veces no completa la inspecci\u00f3n con el grado adecuado de minuciosidad.<\/p>\n<p>La idea de este curso es \"Inspeccionar para lo inesperado\". Hace hincapi\u00e9 en lo f\u00e1cil que es:<\/p>\n<ol>\n<li>Ver un panorama general pero pasar por alto las peque\u00f1as cosas que pueden crear un problema mayor, un da\u00f1o o una queja.<\/li>\n<li>O c\u00f3mo el Inspector puede hacer muchas peque\u00f1as observaciones y ver s\u00edntomas menores, pero<br \/>\nno ven el gran problema.<\/li>\n<\/ol>\n<p>Estas \u00e1reas incluyen la inspecci\u00f3n de las paredes de los cimientos, grietas, entrada de agua, adiciones estructurales que crean un problema con otro sistema de la casa, las falacias y el fracaso de las aplicaciones de tapajuntas, puertas de garaje y abridores de puertas de garaje, componentes de madera de ingenier\u00eda, tensiones con tuber\u00edas de fontaner\u00eda PEX, peque\u00f1as \u00e1reas que a menudo se pasan por alto en las fugas de los conductos de HVAC, amortiguador de derivaci\u00f3n en los sistemas de combustible dual, barandillas, problemas de armarios, requisitos de espacio libre de microondas, y muchos m\u00e1s.<\/p>\n<p>El curso concluye con un caso pr\u00e1ctico de una casa antigua con m\u00faltiples problemas y un debate sobre c\u00f3mo abordar la pregunta de un cliente: \"\u00bfComprar\u00eda usted esta casa?\" y \"\u00bfQu\u00e9 otro consejo puede darme?\". Este debate incluye el riesgo de extralimitarnos en nuestro papel como inspectores de viviendas y el impacto que lo que digamos puede tener en la decisi\u00f3n del cliente.<\/p>\n<p><strong>Esquema del curso:<\/strong><\/p>\n<ol>\n<li>Primera parte\n<ol class=\"letter\">\n<li>Introducci\u00f3n<\/li>\n<li>Fundaciones\n<ol class=\"lroman\">\n<li>Drenaje<\/li>\n<li>Grietas<\/li>\n<li>Agua<\/li>\n<li>\u00c1rboles<\/li>\n<\/ol>\n<\/li>\n<li>Bloqueo de viguetas<\/li>\n<li>Inspecci\u00f3n de viviendas nuevas\n<ol class=\"lroman\">\n<li>Alba\u00f1iler\u00eda<\/li>\n<li>Tapajuntas<\/li>\n<li>Windows<\/li>\n<\/ol>\n<\/li>\n<li>Primera parte Cuestionario<\/li>\n<\/ol>\n<\/li>\n<li>Segunda parte\n<ol class=\"letter\">\n<li>Exteriores Continuaci\u00f3n\n<ol class=\"lroman\">\n<li>Tiras intermitentes<\/li>\n<li>Tapajuntas de escritorio<\/li>\n<\/ol>\n<\/li>\n<li>Puertas de entrada<\/li>\n<li>Suelos de losa de porche inclinados y hundidos<\/li>\n<li>Barandillas y guardarra\u00edles<\/li>\n<li>Garajes y cocheras<\/li>\n<li>Segunda parte<\/li>\n<\/ol>\n<\/li>\n<li>Tercera parte\n<ol class=\"letter\">\n<li>Tejados<\/li>\n<li>Tapajuntas<\/li>\n<li>Componente de techo de ingenier\u00eda<\/li>\n<li>Fontaner\u00eda PEX<\/li>\n<li>El\u00e9ctrico<\/li>\n<li>HVAC<\/li>\n<li>Tercera parte Cuestionario<\/li>\n<\/ol>\n<\/li>\n<li>Cuarta parte\n<ol class=\"letter\">\n<li>Interior\n<ol class=\"lroman\">\n<li>Suelos desnivelados<\/li>\n<li>Barandillas<\/li>\n<li>Problemas de armario<\/li>\n<li>Permisos de obras<\/li>\n<\/ol>\n<\/li>\n<li>Electrodom\u00e9sticos de cocina<\/li>\n<li>Aislamiento y ventilaci\u00f3n<\/li>\n<li>Estudio de caso<\/li>\n<li>Cuarta parte Cuestionario<\/li>\n<\/ol>\n<\/li>\n<\/ol>\n<p>Tiempo total: 200 minutos<\/p>","protected":false},"excerpt":{"rendered":"<p>N\u00famero de curso: CEC606 Horas CE: 4 \u00bfPreguntas? Llame a uno de nuestros Especialistas de Educaci\u00f3n Continua al 888-391-4359. Detalles del curso El prop\u00f3sito de esta sesi\u00f3n de educaci\u00f3n continua de 4 horas es examinar el proceso de inspecci\u00f3n para los elementos que son tan comunes que muchas veces se dan por sentado que el inspector a veces no...<\/p>","protected":false},"featured_media":0,"template":"","meta":{"_angie_page":false,"content-type":""},"product_brand":[],"product_cat":[77,90,85],"product_tag":[],"class_list":{"0":"post-9460","1":"product","2":"type-product","3":"status-publish","5":"product_cat-continuing-education","6":"product_cat-nc-ce-online","7":"product_cat-north-carolina-continuing-education","8":"description-off","10":"first","11":"instock","12":"sold-individually","13":"taxable","14":"shipping-taxable","15":"purchasable","16":"product-type-simple"},"bundled_by":[],"bundle_stock_status":"instock","bundle_stock_quantity":null,"bundle_virtual":false,"bundle_layout":"","bundle_add_to_cart_form_location":"","bundle_editable_in_cart":false,"bundle_sold_individually_context":"","bundle_item_grouping":"","bundle_min_size":"","bundle_max_size":"","bundle_price":[],"bundled_items":[],"bundle_sell_ids":[],"aioseo_notices":[],"jetpack_sharing_enabled":true,"_links":{"self":[{"href":"https:\/\/icaschool.com\/es\/wp-json\/wp\/v2\/product\/9460","targetHints":{"allow":["GET"]}}],"collection":[{"href":"https:\/\/icaschool.com\/es\/wp-json\/wp\/v2\/product"}],"about":[{"href":"https:\/\/icaschool.com\/es\/wp-json\/wp\/v2\/types\/product"}],"wp:attachment":[{"href":"https:\/\/icaschool.com\/es\/wp-json\/wp\/v2\/media?parent=9460"}],"wp:term":[{"taxonomy":"product_brand","embeddable":true,"href":"https:\/\/icaschool.com\/es\/wp-json\/wp\/v2\/product_brand?post=9460"},{"taxonomy":"product_cat","embeddable":true,"href":"https:\/\/icaschool.com\/es\/wp-json\/wp\/v2\/product_cat?post=9460"},{"taxonomy":"product_tag","embeddable":true,"href":"https:\/\/icaschool.com\/es\/wp-json\/wp\/v2\/product_tag?post=9460"}],"curies":[{"name":"wp","href":"https:\/\/api.w.org\/{rel}","templated":true}]}}