{"id":9461,"date":"2020-08-11T12:26:48","date_gmt":"2020-08-11T17:26:48","guid":{"rendered":"https:\/\/icaschool.com\/?post_type=product&#038;p=9461"},"modified":"2025-10-01T12:06:07","modified_gmt":"2025-10-01T17:06:07","slug":"inspeccion-del-exterior-nc-ce","status":"publish","type":"product","link":"https:\/\/icaschool.com\/es\/product\/inspecting-the-exterior-nc-ce\/","title":{"rendered":"Inspecci\u00f3n del exterior - NC CE"},"content":{"rendered":"<p><strong>N\u00famero de curso:<\/strong> CEC579<br \/>\n<strong>Horas CE:<\/strong> 4<\/p>\n<p>\u00bfTiene preguntas? Llame a uno de nuestros especialistas en formaci\u00f3n continua al 888-391-4359.<\/p>\n<p><strong>Detalles del curso:<\/strong><br \/>\nEl objetivo de esta sesi\u00f3n de formaci\u00f3n continua de 4 horas es examinar el proceso de inspecci\u00f3n de los exteriores de las viviendas. Se tratan las Normas de Pr\u00e1ctica Profesional (SOP) para el profesional de la inspecci\u00f3n de viviendas. Los materiales y el reconocimiento de defectos se discuten y estudios de casos ofrecen a los estudiantes la oportunidad de probar sus propias habilidades y conocimientos de resoluci\u00f3n de problemas \/ inspecci\u00f3n.<\/p>\n<p>La idea de este curso es explicar la importancia de todos los detalles que intervienen en la inspecci\u00f3n del exterior de una vivienda, as\u00ed como aprender a reconocer los problemas. El curso hace hincapi\u00e9 en:<\/p>\n<ol>\n<li>La importancia de comprender y cumplir las Normas de Pr\u00e1ctica Profesional (SOP) relacionadas con la inspecci\u00f3n exterior de viviendas.<\/li>\n<li>La importancia de ser capaz de explicar los problemas exteriores, saber describir los materiales utilizados en los exteriores de las viviendas, saber qu\u00e9 hay que comprobar para ver si funciona correctamente (puertas de garaje) y c\u00f3mo sondear los materiales exteriores para ver si est\u00e1n deteriorados.<\/li>\n<\/ol>\n<p><strong>Esquema del curso:<\/strong><\/p>\n<ol>\n<li>Primera parte\n<ol class=\"letter\">\n<li>Introducci\u00f3n<\/li>\n<li>Revisi\u00f3n del PNT para exteriores\n<ol class=\"lroman\">\n<li>Directrices para el inspector de viviendas<\/li>\n<\/ol>\n<\/li>\n<li>Declaraciones sugeridas por el Consejo\n<ol class=\"lroman\">\n<li>EIFS<\/li>\n<li>Chapa de piedra<\/li>\n<li>Conexiones de cubierta<\/li>\n<\/ol>\n<\/li>\n<li>Instalaci\u00f3n correcta del revestimiento de ladrillo\n<ol class=\"lroman\">\n<li>Requisitos<\/li>\n<li>Intermitente<\/li>\n<\/ol>\n<\/li>\n<li>Problemas comunes con el revestimiento de ladrillo\n<ol class=\"lroman\">\n<li>Reconocimiento de defectos<\/li>\n<li>Estudio de caso<\/li>\n<\/ol>\n<\/li>\n<li>Primera parte Cuestionario<\/li>\n<\/ol>\n<\/li>\n<li>Segunda parte\n<ol class=\"letter\">\n<li>Instalaci\u00f3n correcta del revestimiento de madera\n<ol class=\"lroman\">\n<li>Sistemas de revestimiento de fibrocemento<\/li>\n<li>Reconocimiento de defectos en el fibrocemento<\/li>\n<li>Estudio de caso<\/li>\n<\/ol>\n<\/li>\n<li>Instalaci\u00f3n correcta del sistema de revestimiento de tableros duros\n<ol class=\"lroman\">\n<li>Visi\u00f3n general\/Requisitos<\/li>\n<li>Hallazgos t\u00edpicos de los tableros duros<\/li>\n<li>Revestimiento Distancia al suelo\/Reconocimiento de defectos<\/li>\n<li>Problemas comunes del revestimiento de madera prensada<\/li>\n<\/ol>\n<\/li>\n<li>Revestimiento de madera\n<ol class=\"lroman\">\n<li>Visi\u00f3n general\/Requisitos<\/li>\n<li>Reconocimiento de defectos<\/li>\n<li>Problemas comunes de los revestimientos de madera<\/li>\n<\/ol>\n<\/li>\n<li>Revestimiento vin\u00edlico\n<ol class=\"lroman\">\n<li>Visi\u00f3n general\/Requisitos<\/li>\n<li>Recomendaciones del Vinyl Siding Institute<\/li>\n<li>Reconocimiento de defectos<\/li>\n<\/ol>\n<\/li>\n<li>Segunda parte<\/li>\n<\/ol>\n<\/li>\n<li>Tercera parte\n<ol class=\"letter\">\n<li>Instalaci\u00f3n correcta de estuco sint\u00e9tico - EIFS\n<ol class=\"lroman\">\n<li>Visi\u00f3n general\/Requisitos<\/li>\n<li>Reconocimiento de defectos<\/li>\n<li>Problemas comunes del estuco sint\u00e9tico<\/li>\n<\/ol>\n<\/li>\n<li>Cultura Sistemas de revestimiento de piedra\n<ol class=\"lroman\">\n<li>Visi\u00f3n general\/Requisitos<\/li>\n<li>Importancia de los detalles<\/li>\n<li>Ejemplos de fallos<\/li>\n<li>Nueva construcci\u00f3n<\/li>\n<li>Reparaciones<\/li>\n<li>Ejemplos de instalaci\u00f3n correcta<\/li>\n<li>Problemas comunes de los revestimientos de piedra<\/li>\n<\/ol>\n<\/li>\n<li>Tercera parte Cuestionario<\/li>\n<\/ol>\n<\/li>\n<li>Cuarta parte\n<ol class=\"letter\">\n<li>Interfaces exteriores\n<ol class=\"lroman\">\n<li>Tipos de ventanas<\/li>\n<li>Tipos de puertas<\/li>\n<\/ol>\n<\/li>\n<li>Conceptos de tapajuntas para exteriores\n<ol class=\"lroman\">\n<li>Ventanas y puertas<\/li>\n<li>Inspecci\u00f3n de ventanas exteriores<\/li>\n<li>Inspecci\u00f3n de puertas exteriores<\/li>\n<\/ol>\n<\/li>\n<li>Garaje\/Carport\n<ol class=\"lroman\">\n<li>Automatismos para puertas de garaje<\/li>\n<li>Inspecciones de puertas de garaje<\/li>\n<li>Suelos y drenaje de garajes y cocheras<\/li>\n<\/ol>\n<\/li>\n<li>Calzadas, Patios, Pasarelas\n<ol class=\"lroman\">\n<li>Aterrizaje Stoops<\/li>\n<li>Barandillas de escalera<\/li>\n<li>Pelda\u00f1os\/Escalones<\/li>\n<li>Barandillas<\/li>\n<li>Cubiertas\n<ol>\n<li>Zapatas<\/li>\n<li>Archivos adjuntos<\/li>\n<li>Admite<\/li>\n<li>Intermitente<\/li>\n<\/ol>\n<\/li>\n<li>Muros de contenci\u00f3n<\/li>\n<\/ol>\n<\/li>\n<li>Cuarta parte Cuestionario<\/li>\n<\/ol>\n<\/li>\n<\/ol>","protected":false},"excerpt":{"rendered":"<p>N\u00famero de curso: CEC579 Horas CE: 4 \u00bfPreguntas? Llame a uno de nuestros Especialistas en Educaci\u00f3n Continua al 888-391-4359. Detalles del Curso: El prop\u00f3sito de esta sesi\u00f3n de educaci\u00f3n continua de 4 horas es examinar el proceso de inspecci\u00f3n de exteriores de viviendas. Los Est\u00e1ndares de Pr\u00e1ctica (SOP) de inspecci\u00f3n de casas son cubiertos por el profesional de inspecci\u00f3n de casas. Materiales y reconocimiento de defectos son...<\/p>","protected":false},"featured_media":0,"template":"","meta":{"_angie_page":false,"content-type":""},"product_brand":[],"product_cat":[77,85,90],"product_tag":[],"class_list":{"0":"post-9461","1":"product","2":"type-product","3":"status-publish","5":"product_cat-continuing-education","6":"product_cat-north-carolina-continuing-education","7":"product_cat-nc-ce-online","8":"description-off","10":"first","11":"instock","12":"sold-individually","13":"taxable","14":"shipping-taxable","15":"purchasable","16":"product-type-simple"},"bundled_by":[],"bundle_stock_status":"instock","bundle_stock_quantity":null,"bundle_virtual":false,"bundle_layout":"","bundle_add_to_cart_form_location":"","bundle_editable_in_cart":false,"bundle_sold_individually_context":"","bundle_item_grouping":"","bundle_min_size":"","bundle_max_size":"","bundle_price":[],"bundled_items":[],"bundle_sell_ids":[],"aioseo_notices":[],"jetpack_sharing_enabled":true,"_links":{"self":[{"href":"https:\/\/icaschool.com\/es\/wp-json\/wp\/v2\/product\/9461","targetHints":{"allow":["GET"]}}],"collection":[{"href":"https:\/\/icaschool.com\/es\/wp-json\/wp\/v2\/product"}],"about":[{"href":"https:\/\/icaschool.com\/es\/wp-json\/wp\/v2\/types\/product"}],"wp:attachment":[{"href":"https:\/\/icaschool.com\/es\/wp-json\/wp\/v2\/media?parent=9461"}],"wp:term":[{"taxonomy":"product_brand","embeddable":true,"href":"https:\/\/icaschool.com\/es\/wp-json\/wp\/v2\/product_brand?post=9461"},{"taxonomy":"product_cat","embeddable":true,"href":"https:\/\/icaschool.com\/es\/wp-json\/wp\/v2\/product_cat?post=9461"},{"taxonomy":"product_tag","embeddable":true,"href":"https:\/\/icaschool.com\/es\/wp-json\/wp\/v2\/product_tag?post=9461"}],"curies":[{"name":"wp","href":"https:\/\/api.w.org\/{rel}","templated":true}]}}